{"id":13562,"date":"2021-09-10T23:23:35","date_gmt":"2021-09-10T21:23:35","guid":{"rendered":"https:\/\/ruckstuhlsport.ch\/a-propos-de-nous\/"},"modified":"2021-09-10T23:23:39","modified_gmt":"2021-09-10T21:23:39","slug":"a-propos-de-nous","status":"publish","type":"page","link":"https:\/\/ruckstuhlsport.ch\/fr\/a-propos-de-nous\/","title":{"rendered":"\u00c0 propos de nous"},"content":{"rendered":"\n<h1 class=\"ueber-uns wp-block-heading\">\u00c0 propos de nous<\/h1>\n\n<div class=\"wp-block-columns is-layout-flex wp-container-core-columns-is-layout-7387b849 wp-block-columns-is-layout-flex\">\n<div class=\"wp-block-column is-layout-flow wp-block-column-is-layout-flow\" style=\"flex-basis:66.66%\">\n<p class=\"wp-block-paragraph\">La Ruckstuhl Sport S\u00e0rl est votre fournisseur pour le mat\u00e9riel de terrain de sport et l&rsquo;\u00e9quipment d&rsquo;entra\u00eenement. Nous attachons une grande importance \u00e0 r\u00e9pondre \u00e0 vos demandes avec la plus grande satisfaction et sommes heureux de prendre du temps pour vous. En tant que client, vous \u00eates au centre de nos pr\u00e9occupations. Tout autour, nous veillons \u00e0 vous proposer le bon \u00e9quipement pour votre terrain de tennis ou de football \u00e0 un prix \u00e9quitable, sans n\u00e9gliger la qualit\u00e9. Notre entrep\u00f4t et notre atelier \u00e0 Zurich nous permettent de vous proposer des d\u00e9lais de livraison courts et des produits fabriqu\u00e9 dans notre propre production.<\/p>\n\n\n\n<p class=\"wp-block-paragraph\">Gr\u00e2ce \u00e0 de nombreuses ann\u00e9es de coop\u00e9ration avec nos fournisseurs, nous avons constitu\u00e9 une gamme de produits polyvalents. Outre les produits en version standard, nous pouvons \u00e9galement r\u00e9pondre aux souhaits individuels de nos clients et proposer ainsi une large gamme d&rsquo;articles personnalis\u00e9s. Nous nous r\u00e9jouissons d\u00e9j\u00e0 de pouvoir traiter votre demande personnelle. <\/p>\n<\/div>\n\n\n\n<div class=\"wp-block-column is-layout-flow wp-block-column-is-layout-flow\" style=\"flex-basis:20%\">\n<figure class=\"wp-block-image size-large is-style-default\"><img decoding=\"async\" width=\"1024\" height=\"1024\" src=\"http:\/\/ruckstuhlsport.ch\/wp-content\/uploads\/\/teamfoto-ruckstuhlsportgmbh-1024x1024.jpg\" alt=\"\" class=\"wp-image-10757\" srcset=\"https:\/\/ruckstuhlsport.ch\/wp-content\/uploads\/teamfoto-ruckstuhlsportgmbh-1024x1024.jpg 1024w, https:\/\/ruckstuhlsport.ch\/wp-content\/uploads\/teamfoto-ruckstuhlsportgmbh-300x300.jpg 300w, https:\/\/ruckstuhlsport.ch\/wp-content\/uploads\/teamfoto-ruckstuhlsportgmbh-100x100.jpg 100w, https:\/\/ruckstuhlsport.ch\/wp-content\/uploads\/teamfoto-ruckstuhlsportgmbh-600x600.jpg 600w, https:\/\/ruckstuhlsport.ch\/wp-content\/uploads\/teamfoto-ruckstuhlsportgmbh-64x64.jpg 64w, https:\/\/ruckstuhlsport.ch\/wp-content\/uploads\/teamfoto-ruckstuhlsportgmbh-150x150.jpg 150w, https:\/\/ruckstuhlsport.ch\/wp-content\/uploads\/teamfoto-ruckstuhlsportgmbh-768x768.jpg 768w, https:\/\/ruckstuhlsport.ch\/wp-content\/uploads\/teamfoto-ruckstuhlsportgmbh.jpg 1520w\" sizes=\"(max-width: 1024px) 100vw, 1024px\" \/><figcaption>Roger Kaufmann et Daniel Kaufmann <\/figcaption><\/figure><\/div>\n<\/div>\n\n<h2 class=\"wp-block-heading\">Gamme de produits<\/h2>\n\n<p class=\"wp-block-paragraph\">Dans notre gamme, vous trouverez un grand choix d&rsquo;accessoires pour les courts de tennis, les terrains de football et les installations sportives. Pour un entretien optimal des pelouses sportives, nous proposons des \u00e9quipements d&rsquo;entretien des espaces verts de haute qualit\u00e9 qui vous faciliteront les travaux. <\/p>\n\n<div class=\"wp-block-columns is-layout-flex wp-container-core-columns-is-layout-7387b849 wp-block-columns-is-layout-flex\">\n<div class=\"wp-block-column is-layout-flow wp-block-column-is-layout-flow\">\n<h3 class=\"wp-block-heading\">Fournitures pour courts de tennis<\/h3>\n\n\n\n<p class=\"wp-block-paragraph\">Que vous recherchiez un nouveau filet de tennis pour votre club de tennis ou un nettoyeur de chaussures. L&rsquo;assortiment pour les courts de tennis va du simple \u00e9quipement pour les courts de tennis aux outils d&rsquo;entretien et d&rsquo;irrigation en passant par les bancs de tennis. <\/p>\n<\/div>\n\n\n\n<div class=\"wp-block-column is-layout-flow wp-block-column-is-layout-flow\">\n<h3 class=\"wp-block-heading\">Equipement des terrains de football<\/h3>\n\n\n\n<p class=\"wp-block-paragraph\">L&rsquo;assortiment pour les clubs de football va des buts de football et des bancs de remplacement aux filets attrape-balles et aux panneaux de sponsors. <\/p>\n<\/div>\n<\/div>\n\n<div class=\"wp-block-columns is-layout-flex wp-container-core-columns-is-layout-7387b849 wp-block-columns-is-layout-flex\">\n<div class=\"wp-block-column is-layout-flow wp-block-column-is-layout-flow\">\n<h3 class=\"wp-block-heading\">Filets de sport<\/h3>\n\n\n\n<p class=\"wp-block-paragraph\">Le grand choix de filets de sport ne laisse rien \u00e0 d\u00e9sirer. Qu&rsquo;il s&rsquo;agisse de filets de badminton, de filets de tennis, de filets de football ou de filets pour attraper des balles. Nous pouvons \u00e9galement livrer des filets sur mesure dans un d\u00e9lai tr\u00e8s court. <\/p>\n<\/div>\n\n\n\n<div class=\"wp-block-column is-layout-flow wp-block-column-is-layout-flow\">\n<h3 class=\"wp-block-heading\">Mat\u00e9riel d&rsquo;entra\u00eenement<\/h3>\n\n\n\n<p class=\"wp-block-paragraph\">Rendre les sessions d&rsquo;entra\u00eenement diversifi\u00e9es est une t\u00e2che difficile pour tout formateur. Le bon \u00e9quipement d&rsquo;entra\u00eenement vous permet de varier suffisamment vos s\u00e9ances d&rsquo;entra\u00eenement.<\/p>\n<\/div>\n<\/div>\n\n<div class=\"wp-block-columns is-layout-flex wp-container-core-columns-is-layout-7387b849 wp-block-columns-is-layout-flex\">\n<div class=\"wp-block-column is-layout-flow wp-block-column-is-layout-flow\">\n<h3 class=\"wp-block-heading\"> Greenkeeping<\/h3>\n\n\n\n<p class=\"wp-block-paragraph\">Le travail des greenkeepers est de plus en plus difficile en raison des nouvelles r\u00e9glementations et interdictions. Mais parfois, ce sont de petits outils qui rendent le travail beaucoup plus facile. Les outils sp\u00e9ciaux de notre gamme proviennent de fabricants renomm\u00e9s qui fournissent l&rsquo;ensemble de l&rsquo;industrie du golf avec leurs produits. <\/p>\n<\/div>\n\n\n\n<div class=\"wp-block-column is-layout-flow wp-block-column-is-layout-flow\">\n<p class=\"wp-block-paragraph\"><\/p>\n\n\n\n<h3 class=\"wp-block-heading\">et bien plus encore&#8230;<\/h3>\n\n\n\n<p class=\"wp-block-paragraph\"><\/p>\n<\/div>\n<\/div>\n\n<p class=\"wp-block-paragraph\"><\/p>\n\n<p class=\"wp-block-paragraph\"><\/p>\n","protected":false},"excerpt":{"rendered":"<p>\u00c0 propos de nous La Ruckstuhl Sport S\u00e0rl est votre fournisseur pour le mat\u00e9riel de terrain de sport et l&rsquo;\u00e9quipment d&rsquo;entra\u00eenement. Nous attachons une grande importance \u00e0 r\u00e9pondre \u00e0 vos demandes avec la plus grande satisfaction et sommes heureux de prendre du temps pour vous. En tant que client, vous \u00eates au centre de nos pr\u00e9occupations. Tout autour, nous veillons \u00e0 vous proposer le bon \u00e9quipement pour votre terrain de tennis ou de football \u00e0 un prix \u00e9quitable, sans n\u00e9gliger la qualit\u00e9. Notre entrep\u00f4t et notre atelier \u00e0 Zurich nous permettent de vous proposer des d\u00e9lais de livraison courts et des [&hellip;]<\/p>\n","protected":false},"author":1,"featured_media":0,"parent":0,"menu_order":0,"comment_status":"closed","ping_status":"closed","template":"","meta":{"_crdt_document":"","_uag_custom_page_level_css":"","site-sidebar-layout":"no-sidebar","site-content-layout":"plain-container","ast-site-content-layout":"default","site-content-style":"default","site-sidebar-style":"default","ast-global-header-display":"","ast-banner-title-visibility":"","ast-main-header-display":"","ast-hfb-above-header-display":"","ast-hfb-below-header-display":"","ast-hfb-mobile-header-display":"","site-post-title":"disabled","ast-breadcrumbs-content":"","ast-featured-img":"","footer-sml-layout":"","ast-disable-related-posts":"","theme-transparent-header-meta":"default","adv-header-id-meta":"","stick-header-meta":"default","header-above-stick-meta":"","header-main-stick-meta":"","header-below-stick-meta":"","astra-migrate-meta-layouts":"default","ast-page-background-enabled":"default","ast-page-background-meta":{"desktop":{"background-color":"","background-image":"","background-repeat":"repeat","background-position":"center center","background-size":"auto","background-attachment":"scroll","background-type":"","background-media":"","overlay-type":"","overlay-color":"","overlay-opacity":"","overlay-gradient":""},"tablet":{"background-color":"","background-image":"","background-repeat":"repeat","background-position":"center center","background-size":"auto","background-attachment":"scroll","background-type":"","background-media":"","overlay-type":"","overlay-color":"","overlay-opacity":"","overlay-gradient":""},"mobile":{"background-color":"","background-image":"","background-repeat":"repeat","background-position":"center center","background-size":"auto","background-attachment":"scroll","background-type":"","background-media":"","overlay-type":"","overlay-color":"","overlay-opacity":"","overlay-gradient":""}},"ast-content-background-meta":{"desktop":{"background-color":"var(--ast-global-color-5)","background-image":"","background-repeat":"repeat","background-position":"center center","background-size":"auto","background-attachment":"scroll","background-type":"","background-media":"","overlay-type":"","overlay-color":"","overlay-opacity":"","overlay-gradient":""},"tablet":{"background-color":"var(--ast-global-color-5)","background-image":"","background-repeat":"repeat","background-position":"center center","background-size":"auto","background-attachment":"scroll","background-type":"","background-media":"","overlay-type":"","overlay-color":"","overlay-opacity":"","overlay-gradient":""},"mobile":{"background-color":"var(--ast-global-color-5)","background-image":"","background-repeat":"repeat","background-position":"center center","background-size":"auto","background-attachment":"scroll","background-type":"","background-media":"","overlay-type":"","overlay-color":"","overlay-opacity":"","overlay-gradient":""}},"footnotes":""},"class_list":["post-13562","page","type-page","status-publish","hentry"],"uagb_featured_image_src":{"full":false,"thumbnail":false,"medium":false,"medium_large":false,"large":false,"1536x1536":false,"2048x2048":false,"woocommerce_thumbnail":false,"woocommerce_single":false,"woocommerce_gallery_thumbnail":false,"wc_order_status_icon":false,"dgwt-wcas-product-suggestion":false},"uagb_author_info":{"display_name":"admin","author_link":"https:\/\/ruckstuhlsport.ch\/fr\/author\/rogerruck\/"},"uagb_comment_info":0,"uagb_excerpt":"\u00c0 propos de nous La Ruckstuhl Sport S\u00e0rl est votre fournisseur pour le mat\u00e9riel de terrain de sport et l&rsquo;\u00e9quipment d&rsquo;entra\u00eenement. Nous attachons une grande importance \u00e0 r\u00e9pondre \u00e0 vos demandes avec la plus grande satisfaction et sommes heureux de prendre du temps pour vous. En tant que client, vous \u00eates au centre de nos\u2026","_links":{"self":[{"href":"https:\/\/ruckstuhlsport.ch\/fr\/wp-json\/wp\/v2\/pages\/13562","targetHints":{"allow":["GET"]}}],"collection":[{"href":"https:\/\/ruckstuhlsport.ch\/fr\/wp-json\/wp\/v2\/pages"}],"about":[{"href":"https:\/\/ruckstuhlsport.ch\/fr\/wp-json\/wp\/v2\/types\/page"}],"author":[{"embeddable":true,"href":"https:\/\/ruckstuhlsport.ch\/fr\/wp-json\/wp\/v2\/users\/1"}],"replies":[{"embeddable":true,"href":"https:\/\/ruckstuhlsport.ch\/fr\/wp-json\/wp\/v2\/comments?post=13562"}],"version-history":[{"count":0,"href":"https:\/\/ruckstuhlsport.ch\/fr\/wp-json\/wp\/v2\/pages\/13562\/revisions"}],"wp:attachment":[{"href":"https:\/\/ruckstuhlsport.ch\/fr\/wp-json\/wp\/v2\/media?parent=13562"}],"curies":[{"name":"wp","href":"https:\/\/api.w.org\/{rel}","templated":true}]}}