{"id":17932,"date":"2024-01-01T17:40:12","date_gmt":"2024-01-01T16:40:12","guid":{"rendered":"https:\/\/ruckstuhlsport.ch\/wingfield-demo\/"},"modified":"2024-05-28T12:50:57","modified_gmt":"2024-05-28T10:50:57","slug":"wingfield-demo","status":"publish","type":"page","link":"https:\/\/ruckstuhlsport.ch\/fr\/wingfield-demo\/","title":{"rendered":"Wingfield Demo"},"content":{"rendered":"\n<div class=\"wp-block-uagb-container uagb-block-44e17156 alignfull uagb-is-root-container\">\n<div class=\"wp-block-uagb-container uagb-block-ab8e1029\">\n<div class=\"wp-block-uagb-container uagb-block-ae76ac71\">\n<figure class=\"wp-block-image size-medium is-resized wingfield-logo\"><img decoding=\"async\" width=\"300\" height=\"163\" src=\"https:\/\/ruckstuhlsport.ch\/wp-content\/uploads\/\/wingfield-logo-300x163.png\" alt=\"\" class=\"wp-image-17500\" style=\"width:180px\" srcset=\"https:\/\/ruckstuhlsport.ch\/wp-content\/uploads\/\/wingfield-logo-300x163.png 300w, https:\/\/ruckstuhlsport.ch\/wp-content\/uploads\/\/wingfield-logo-64x35.png 64w, https:\/\/ruckstuhlsport.ch\/wp-content\/uploads\/\/wingfield-logo.png 441w\" sizes=\"(max-width: 300px) 100vw, 300px\" \/><\/figure>\n<\/div>\n\n\n<style id=\"wpforms-css-vars-18800-block-2c3f0bb7-a6c2-470a-89ab-3d98ff7b9748\">\n\t\t\t\t#wpforms-18800.wpforms-block-2c3f0bb7-a6c2-470a-89ab-3d98ff7b9748 {\n\t\t\t\t--wpforms-label-color: #000000;\n--wpforms-label-sublabel-color: #6a6a6a;\n--wpforms-label-error-color: #e80000;\n--wpforms-page-break-color: #ae0120;\n--wpforms-field-border-size: 3px;\n--wpforms-field-border-radius: 22px;\n--wpforms-field-background-color: rgba(255, 255, 255, 0.20);\n--wpforms-field-border-color: rgba(61, 0, 0, 0.15);\n--wpforms-field-border-color-spare: rgba(61, 0, 0, 0.15);\n--wpforms-field-text-color: #000000;\n--wpforms-field-menu-color: var(--ast-global-color-5);\n--wpforms-container-padding: 40px;\n--wpforms-container-border-style: solid;\n--wpforms-container-border-width: 10px;\n--wpforms-container-border-color: rgba(253, 237, 237, 0.70);\n--wpforms-container-border-radius: 35px;\n--wpforms-button-border-radius: 50px;\n--wpforms-button-background-color: #cf2e2e;\n--wpforms-button-border-color: #ae0120;\n--wpforms-background-position: bottom center;\n--wpforms-background-color: var(--ast-global-color-5);\n--wpforms-field-size-input-height: 43px;\n--wpforms-field-size-input-spacing: 15px;\n--wpforms-field-size-font-size: 16px;\n--wpforms-field-size-line-height: 19px;\n--wpforms-field-size-padding-h: 14px;\n--wpforms-field-size-checkbox-size: 16px;\n--wpforms-field-size-sublabel-spacing: 5px;\n--wpforms-field-size-icon-size: 1;\n--wpforms-label-size-font-size: 16px;\n--wpforms-label-size-line-height: 19px;\n--wpforms-label-size-sublabel-font-size: 14px;\n--wpforms-label-size-sublabel-line-height: 17px;\n--wpforms-button-size-font-size: 17px;\n--wpforms-button-size-height: 41px;\n--wpforms-button-size-padding-h: 15px;\n--wpforms-button-size-margin-top: 10px;\n--wpforms-container-shadow-size-box-shadow: 0px 10px 20px 0px rgba(0, 0, 0, 0.1);\n\t\t\t}\n\t\t\t<\/style><div class=\"wpforms-container wpforms-container-full wpforms-block wpforms-block-2c3f0bb7-a6c2-470a-89ab-3d98ff7b9748 wpforms-render-modern\" id=\"wpforms-18800\"><form id=\"wpforms-form-18800\" class=\"wpforms-validate wpforms-form wpforms-ajax-form\" data-formid=\"18800\" method=\"post\" enctype=\"multipart\/form-data\" action=\"\/fr\/wp-json\/wp\/v2\/pages\/17932\" data-token=\"93b3b6fd396086ff941880105d3fd2c2\" data-token-time=\"1776559961\"><noscript class=\"wpforms-error-noscript\">Veuillez activer JavaScript dans votre navigateur pour remplir ce formulaire.<\/noscript><div id=\"wpforms-error-noscript\" style=\"display: none;\">Veuillez activer JavaScript dans votre navigateur pour remplir ce formulaire.<\/div><div class=\"wpforms-page-indicator circles\" data-indicator=\"circles\" data-indicator-color=\"#c00205\" data-scroll=\"0\" role=\"progressbar\" aria-valuenow=\"1\" aria-valuemin=\"1\" aria-valuemax=\"5\" tabindex=\"-1\"><div class=\"wpforms-page-indicator-page active wpforms-page-indicator-page-1\" data-page=\"1\"><span class=\"wpforms-page-indicator-page-number\" style=\"background-color:#c00205\" data-page=\"1\">1<\/span><\/div><div class=\"wpforms-page-indicator-page  wpforms-page-indicator-page-2\" data-page=\"2\"><span class=\"wpforms-page-indicator-page-number\"  data-page=\"2\">2<\/span><\/div><div class=\"wpforms-page-indicator-page  wpforms-page-indicator-page-3\" data-page=\"3\"><span class=\"wpforms-page-indicator-page-number\"  data-page=\"3\">3<\/span><\/div><div class=\"wpforms-page-indicator-page  wpforms-page-indicator-page-4\" data-page=\"4\"><span class=\"wpforms-page-indicator-page-number\"  data-page=\"4\">4<\/span><\/div><div class=\"wpforms-page-indicator-page  wpforms-page-indicator-page-5\" data-page=\"5\"><span class=\"wpforms-page-indicator-page-number\"  data-page=\"5\">5<\/span><\/div><\/div><div class=\"wpforms-field-container\"><div class=\"wpforms-page wpforms-page-1 \" data-page=\"1\"><div id=\"wpforms-18800-field_3-container\" class=\"wpforms-field wpforms-field-pagebreak\" data-field-id=\"3\"><\/div><div id=\"wpforms-18800-field_6-container\" class=\"wpforms-field wpforms-field-html\" data-field-id=\"6\"><div id=\"wpforms-18800-field_6\" aria-errormessage=\"wpforms-18800-field_6-error\"><h1>R\u00e9server une d\u00e9monstration gratuite de Wingfield sur ton court de tennis<\/h1> <p class=\u00ab form-intro \u00bb> Demande d\u00e8s maintenant une date pour une d\u00e9monstration gratuite du syst\u00e8me Wingfield Pro sur ton court de tennis. Choisis au moins 3 dates dans l&rsquo;\u00e9tape suivante et nous examinerons la possibilit\u00e9 d&rsquo;effectuer la d\u00e9monstration \u00e0 l&rsquo;une de ces dates. Nous te contacterons dans les 48 heures pour confirmer l&rsquo;une des dates.<\/p><\/div><\/div><div id=\"wpforms-18800-field_2-container\" class=\"wpforms-field wpforms-field-pagebreak\" data-field-id=\"2\"><div class=\"wpforms-clear wpforms-pagebreak-center\"><button class=\"wpforms-page-button wpforms-page-next wpforms-disabled\"\n\t\t\t\t\tdata-action=\"next\" data-page=\"1\" data-formid=\"18800\" aria-disabled=\"true\" aria-describedby=\"wpforms-error-noscript\">Weiter<\/button><\/div><\/div><\/div><div class=\"wpforms-page wpforms-page-2  \" data-page=\"2\" style=\"display:none;\"><div id=\"wpforms-18800-field_7-container\" class=\"wpforms-field wpforms-field-html\" data-field-id=\"7\"><div id=\"wpforms-18800-field_7\" aria-errormessage=\"wpforms-18800-field_7-error\"><h2>Conditions requises pour une d\u00e9mo Wingfield<\/h2> <div class=\"conditions form-intro\">En tant que distributeur officiel suisse de Wingfield, nous nous ferons un plaisir de vous montrer gratuitement cette technologie unique sur votre court de tennis. Pour que la d\u00e9monstration fonctionne correctement, les conditions suivantes doivent \u00eatre remplies :\n<ul>\n<li>Acc\u00e8s \u00e0 un r\u00e9seau WLAN stable (pas de hotspot mobile)<\/li>\n<li>Branchement \u00e9lectrique \u00e0 20 m\u00e8tres maximum de l&#8217;emplacement pr\u00e9vu<\/li>\n<\/ul>\n<\/div><\/div><\/div><div id=\"wpforms-18800-field_9-container\" class=\"wpforms-field wpforms-field-checkbox\" data-field-id=\"9\"><fieldset><legend class=\"wpforms-field-label wpforms-label-hide\" aria-hidden=\"false\">Checkboxen <span class=\"wpforms-required-label\" aria-hidden=\"true\">*<\/span><\/legend><ul id=\"wpforms-18800-field_9\" class=\"wpforms-field-required\"><li class=\"choice-1 depth-1\"><input type=\"checkbox\" id=\"wpforms-18800-field_9_1\" name=\"wpforms[fields][9][]\" value=\"Je confirme que les pr\u00e9paratifs n\u00e9cessaires seront effectu\u00e9s avant le rendez-vous.\" aria-errormessage=\"wpforms-18800-field_9_1-error\" required ><label class=\"wpforms-field-label-inline\" for=\"wpforms-18800-field_9_1\">Je confirme que les pr\u00e9paratifs n\u00e9cessaires seront effectu\u00e9s avant le rendez-vous.<\/label><\/li><\/ul><\/fieldset><\/div><div id=\"wpforms-18800-field_10-container\" class=\"wpforms-field wpforms-field-pagebreak\" data-field-id=\"10\"><div class=\"wpforms-clear wpforms-pagebreak-center\"><button class=\"wpforms-page-button wpforms-page-next wpforms-disabled\"\n\t\t\t\t\tdata-action=\"next\" data-page=\"2\" data-formid=\"18800\" aria-disabled=\"true\" aria-describedby=\"wpforms-error-noscript\">Suivant<\/button><\/div><\/div><\/div><div class=\"wpforms-page wpforms-page-3  \" data-page=\"3\" style=\"display:none;\"><div id=\"wpforms-18800-field_11-container\" class=\"wpforms-field wpforms-field-date-time\" data-field-id=\"11\"><label class=\"wpforms-field-label\" for=\"wpforms-18800-field_11\"> Proposition de date 1 <span class=\"wpforms-required-label\" aria-hidden=\"true\">*<\/span><\/label><div class=\"wpforms-datepicker-wrap\"><input type=\"text\" id=\"wpforms-18800-field_11\" class=\"wpforms-field-date-time-date wpforms-datepicker wpforms-field-required wpforms-field-medium\" data-date-format=\"d\/m\/Y\" data-limit-days=\"mon,tue,wed,thu,fri\" data-disable-past-dates=\"1\" data-disable-todays-date=\"0\" data-input=\"true\" name=\"wpforms[fields][11][date]\" aria-errormessage=\"wpforms-18800-field_11-error\" required><a title=\"Effacer la date\" data-clear role=\"button\" tabindex=\"0\" class=\"wpforms-datepicker-clear\" aria-label=\"Effacer la date\" style=\"display:none;\"><\/a><\/div><\/div><div id=\"wpforms-18800-field_12-container\" class=\"wpforms-field wpforms-field-date-time\" data-field-id=\"12\"><label class=\"wpforms-field-label\" for=\"wpforms-18800-field_12\"> Proposition de date 2 <span class=\"wpforms-required-label\" aria-hidden=\"true\">*<\/span><\/label><div class=\"wpforms-datepicker-wrap\"><input type=\"text\" id=\"wpforms-18800-field_12\" class=\"wpforms-field-date-time-date wpforms-datepicker wpforms-field-required wpforms-field-medium\" data-date-format=\"d\/m\/Y\" data-limit-days=\"mon,tue,wed,thu,fri\" data-disable-past-dates=\"1\" data-disable-todays-date=\"0\" data-input=\"true\" name=\"wpforms[fields][12][date]\" aria-errormessage=\"wpforms-18800-field_12-error\" required><a title=\"Effacer la date\" data-clear role=\"button\" tabindex=\"0\" class=\"wpforms-datepicker-clear\" aria-label=\"Effacer la date\" style=\"display:none;\"><\/a><\/div><\/div><div id=\"wpforms-18800-field_13-container\" class=\"wpforms-field wpforms-field-date-time\" data-field-id=\"13\"><label class=\"wpforms-field-label\" for=\"wpforms-18800-field_13\"> Proposition de date 3 <span class=\"wpforms-required-label\" aria-hidden=\"true\">*<\/span><\/label><div class=\"wpforms-datepicker-wrap\"><input type=\"text\" id=\"wpforms-18800-field_13\" class=\"wpforms-field-date-time-date wpforms-datepicker wpforms-field-required wpforms-field-medium\" data-date-format=\"d\/m\/Y\" data-limit-days=\"mon,tue,wed,thu,fri\" data-disable-past-dates=\"1\" data-disable-todays-date=\"0\" data-input=\"true\" name=\"wpforms[fields][13][date]\" aria-errormessage=\"wpforms-18800-field_13-error\" required><a title=\"Effacer la date\" data-clear role=\"button\" tabindex=\"0\" class=\"wpforms-datepicker-clear\" aria-label=\"Effacer la date\" style=\"display:none;\"><\/a><\/div><\/div><div id=\"wpforms-18800-field_14-container\" class=\"wpforms-field wpforms-field-pagebreak\" data-field-id=\"14\"><div class=\"wpforms-clear wpforms-pagebreak-center\"><button class=\"wpforms-page-button wpforms-page-next wpforms-disabled\"\n\t\t\t\t\tdata-action=\"next\" data-page=\"3\" data-formid=\"18800\" aria-disabled=\"true\" aria-describedby=\"wpforms-error-noscript\">Suivant<\/button><\/div><\/div><\/div><div class=\"wpforms-page wpforms-page-4  \" data-page=\"4\" style=\"display:none;\"><div id=\"wpforms-18800-field_22-container\" class=\"wpforms-field wpforms-field-radio\" data-field-id=\"22\"><fieldset><legend class=\"wpforms-field-label\">Moment pr\u00e9f\u00e9r\u00e9 pour la d\u00e9monstration de Wingfield\n <span class=\"wpforms-required-label\" aria-hidden=\"true\">*<\/span><\/legend><ul id=\"wpforms-18800-field_22\" class=\"wpforms-field-required\"><li class=\"choice-1 depth-1\"><input type=\"radio\" id=\"wpforms-18800-field_22_1\" name=\"wpforms[fields][22]\" value=\"Matin\" aria-errormessage=\"wpforms-18800-field_22_1-error\" required ><label class=\"wpforms-field-label-inline\" for=\"wpforms-18800-field_22_1\">Matin<\/label><\/li><li class=\"choice-2 depth-1\"><input type=\"radio\" id=\"wpforms-18800-field_22_2\" name=\"wpforms[fields][22]\" value=\"Apr\u00e8s-midi\" aria-errormessage=\"wpforms-18800-field_22_2-error\" required ><label class=\"wpforms-field-label-inline\" for=\"wpforms-18800-field_22_2\">Apr\u00e8s-midi<\/label><\/li><li class=\"choice-3 depth-1\"><input type=\"radio\" id=\"wpforms-18800-field_22_3\" name=\"wpforms[fields][22]\" value=\"Pas de pr\u00e9f\u00e9rence\" aria-errormessage=\"wpforms-18800-field_22_3-error\" required ><label class=\"wpforms-field-label-inline\" for=\"wpforms-18800-field_22_3\">Pas de pr\u00e9f\u00e9rence<\/label><\/li><\/ul><\/fieldset><\/div><div id=\"wpforms-18800-field_21-container\" class=\"wpforms-field wpforms-field-pagebreak\" data-field-id=\"21\"><div class=\"wpforms-clear wpforms-pagebreak-center\"><button class=\"wpforms-page-button wpforms-page-next wpforms-disabled\"\n\t\t\t\t\tdata-action=\"next\" data-page=\"4\" data-formid=\"18800\" aria-disabled=\"true\" aria-describedby=\"wpforms-error-noscript\">Suivant<\/button><\/div><\/div><\/div><div class=\"wpforms-page wpforms-page-5 last \" data-page=\"5\" style=\"display:none;\"><div id=\"wpforms-18800-field_18-container\" class=\"wpforms-field wpforms-field-text\" data-field-id=\"18\"><label class=\"wpforms-field-label\" for=\"wpforms-18800-field_18\">Nom du club <span class=\"wpforms-required-label\" aria-hidden=\"true\">*<\/span><\/label><input type=\"text\" id=\"wpforms-18800-field_18\" class=\"wpforms-field-medium wpforms-field-required\" name=\"wpforms[fields][18]\" aria-errormessage=\"wpforms-18800-field_18-error\" required><\/div><div id=\"wpforms-18800-field_15-container\" class=\"wpforms-field wpforms-field-name\" data-field-id=\"15\"><fieldset><legend class=\"wpforms-field-label\">Nom <span class=\"wpforms-required-label\" aria-hidden=\"true\">*<\/span><\/legend><div class=\"wpforms-field-row wpforms-field-medium\"><div class=\"wpforms-field-row-block wpforms-first wpforms-one-half\"><input type=\"text\" id=\"wpforms-18800-field_15\" class=\"wpforms-field-name-first wpforms-field-required\" name=\"wpforms[fields][15][first]\" aria-errormessage=\"wpforms-18800-field_15-error\" required><label for=\"wpforms-18800-field_15\" class=\"wpforms-field-sublabel after\">Vorname<\/label><\/div><div class=\"wpforms-field-row-block wpforms-one-half\"><input type=\"text\" id=\"wpforms-18800-field_15-last\" class=\"wpforms-field-name-last wpforms-field-required\" name=\"wpforms[fields][15][last]\" aria-errormessage=\"wpforms-18800-field_15-last-error\" required><label for=\"wpforms-18800-field_15-last\" class=\"wpforms-field-sublabel after\">Nachname<\/label><\/div><\/div><\/fieldset><\/div><div id=\"wpforms-18800-field_17-container\" class=\"wpforms-field wpforms-field-phone\" data-field-id=\"17\"><label class=\"wpforms-field-label\" for=\"wpforms-18800-field_17\">T\u00e9l\u00e9phone <span class=\"wpforms-required-label\" aria-hidden=\"true\">*<\/span><\/label><input type=\"tel\" id=\"wpforms-18800-field_17\" class=\"wpforms-field-medium wpforms-field-required wpforms-smart-phone-field\" data-rule-smart-phone-field=\"true\" name=\"wpforms[fields][17]\" aria-label=\"T\u00e9l\u00e9phone\" aria-errormessage=\"wpforms-18800-field_17-error\" required><\/div><div id=\"wpforms-18800-field_16-container\" class=\"wpforms-field wpforms-field-email\" data-field-id=\"16\"><label class=\"wpforms-field-label\" for=\"wpforms-18800-field_16\">Mail <span class=\"wpforms-required-label\" aria-hidden=\"true\">*<\/span><\/label><input type=\"email\" id=\"wpforms-18800-field_16\" class=\"wpforms-field-medium wpforms-field-required\" name=\"wpforms[fields][16]\" spellcheck=\"false\" aria-errormessage=\"wpforms-18800-field_16-error\" required><\/div><div id=\"wpforms-18800-field_4-container\" class=\"wpforms-field wpforms-field-pagebreak\" data-field-id=\"4\"><\/div><\/div><\/div><!-- .wpforms-field-container --><div class=\"wpforms-submit-container\" style=\"display:none;\"><input type=\"hidden\" name=\"wpforms[id]\" value=\"18800\"><input type=\"hidden\" name=\"page_title\" value=\"\"><input type=\"hidden\" name=\"page_url\" value=\"https:\/\/ruckstuhlsport.ch\/fr\/wp-json\/wp\/v2\/pages\/17932\"><input type=\"hidden\" name=\"url_referer\" value=\"\"><button type=\"submit\" name=\"wpforms[submit]\" id=\"wpforms-submit-18800\" class=\"wpforms-submit\" data-alt-text=\"Demande en cours d&#039;envoi...\" data-submit-text=\"Envoyer la demande\" aria-live=\"assertive\" value=\"wpforms-submit\">Envoyer la demande<\/button><img decoding=\"async\" src=\"https:\/\/ruckstuhlsport.ch\/wp-content\/plugins\/wpforms\/assets\/images\/submit-spin.svg\" class=\"wpforms-submit-spinner\" style=\"display: none;\" width=\"26\" height=\"26\" alt=\"Chargement en cours\"><\/div><\/form><\/div>  <!-- .wpforms-container --><\/div>\n\n\n\n<div class=\"wp-block-uagb-container uagb-block-e16b364d\">\n<figure class=\"wp-block-video alignfull\" style=\"padding-top:0%;padding-right:0%;padding-bottom:0%;padding-left:0%\"><video height=\"720\" style=\"aspect-ratio: 1280 \/ 720;\" width=\"1280\" autoplay loop muted src=\"https:\/\/ruckstuhlsport.ch\/wp-content\/uploads\/landing_moods_horizontal_720p.m4v\" playsinline><\/video><\/figure>\n<\/div>\n<\/div>\n\n\n\n<div class=\"wp-block-uagb-marketing-button uagb-marketing-btn__align-center uagb-marketing-btn__align-text-center uagb-marketing-btn__icon-before uagb-block-6440a44a wp-block-button\" id=\"wingfield\"><a href=\"#wingfield\" class=\"uagb-marketing-btn__link wp-block-button__link\" target=\"\" rel=\"noopener noreferrer\"><svg xmlns=\"https:\/\/www.w3.org\/2000\/svg\" viewBox=\"0 0 384 512\"><path d=\"M374.6 310.6l-160 160C208.4 476.9 200.2 480 192 480s-16.38-3.125-22.62-9.375l-160-160c-12.5-12.5-12.5-32.75 0-45.25s32.75-12.5 45.25 0L160 370.8V64c0-17.69 14.33-31.1 31.1-31.1S224 46.31 224 64v306.8l105.4-105.4c12.5-12.5 32.75-12.5 45.25 0S387.1 298.1 374.6 310.6z\"><\/path><\/svg><span class=\"uagb-marketing-btn__title\">En savoir plus sur Wingfield<\/span><\/a><\/div>\n\n\n\n<div data-aos= \"slide-up\" data-aos-duration=\"400\" data-aos-delay=\"0\" data-aos-easing=\"ease\" data-aos-once=\"true\" class=\"wp-block-uagb-container uagb-block-13d21cd9 alignfull uagb-is-root-container\"><div class=\"uagb-container-inner-blocks-wrap\">\n<div class=\"wp-block-uagb-container uagb-block-e84f6087\">\n<figure class=\"wp-block-image\"><img decoding=\"async\" src=\"https:\/\/www.wingfield.io\/_next\/image?url=%2F_next%2Fstatic%2Fmedia%2Fbox_impulse.54307f46.png&amp;w=1080&amp;q=75\" alt=\"\"><\/figure>\n<\/div>\n\n\n\n<div class=\"wp-block-uagb-container uagb-block-208e5e0d\">\n<div class=\"wp-block-group is-layout-constrained wp-block-group-is-layout-constrained wp-container-1 is-position-sticky\"><div class=\"wp-block-group__inner-container\">\n<h2 class=\"wp-block-heading\">Qu&rsquo;est-ce que Wingfield<\/h2>\n\n\n\n<p class=\"wp-block-paragraph\">Wingfield transforme les courts de tennis traditionnels en terrains de jeu intelligents et donne acc\u00e8s \u00e0 l&rsquo;exp\u00e9rience de jeu la plus interactive de tous les temps. La technologie de suivi bas\u00e9e sur l&rsquo;IA est d\u00e9sormais abordable pour chaque club amateur !<\/p>\n\n\n\n<p class=\"wp-block-paragraph\">Des proc\u00e9d\u00e9s innovants d&rsquo;IA suivent toutes les facettes de ton jeu et te fournissent les insights les plus importants dans ton compte d&rsquo;utilisateur. Wingfield te donne un feedback sur un exercice alors que tu es encore sur le terrain, ouvre des formats de coaching totalement nouveaux et interactifs et \u00e9value les matchs dans les f\u00e9d\u00e9rations participantes pour ton classement national.<\/p>\n<\/div><\/div>\n\n\n\n<div class=\"wp-block-uagb-marketing-button uagb-marketing-btn__align-center uagb-marketing-btn__align-text-center uagb-marketing-btn__icon-after uagb-block-62eb7e2e wp-block-button\"><a href=\"https:\/\/ruckstuhlsport.ch\/wingfield\/\" class=\"uagb-marketing-btn__link wp-block-button__link\" target=\"\" rel=\"noopener noreferrer\"><span class=\"uagb-marketing-btn__title\">Plus des informations<\/span><\/a><\/div>\n<\/div>\n<\/div><\/div>\n","protected":false},"excerpt":{"rendered":"<p>Qu&rsquo;est-ce que Wingfield Wingfield transforme les courts de tennis traditionnels en terrains de jeu intelligents et donne acc\u00e8s \u00e0 l&rsquo;exp\u00e9rience de jeu la plus interactive de tous les temps. La technologie de suivi bas\u00e9e sur l&rsquo;IA est d\u00e9sormais abordable pour chaque club amateur ! Des proc\u00e9d\u00e9s innovants d&rsquo;IA suivent toutes les facettes de ton jeu [&hellip;]<\/p>\n","protected":false},"author":1,"featured_media":0,"parent":0,"menu_order":0,"comment_status":"closed","ping_status":"closed","template":"","meta":{"_crdt_document":"","_uag_custom_page_level_css":"","site-sidebar-layout":"default","site-content-layout":"","ast-site-content-layout":"full-width-container","site-content-style":"default","site-sidebar-style":"default","ast-global-header-display":"disabled","ast-banner-title-visibility":"disabled","ast-main-header-display":"","ast-hfb-above-header-display":"","ast-hfb-below-header-display":"","ast-hfb-mobile-header-display":"","site-post-title":"disabled","ast-breadcrumbs-content":"","ast-featured-img":"","footer-sml-layout":"","ast-disable-related-posts":"","theme-transparent-header-meta":"","adv-header-id-meta":"","stick-header-meta":"","header-above-stick-meta":"","header-main-stick-meta":"","header-below-stick-meta":"","astra-migrate-meta-layouts":"set","ast-page-background-enabled":"default","ast-page-background-meta":{"desktop":{"background-color":"","background-image":"","background-repeat":"repeat","background-position":"center center","background-size":"auto","background-attachment":"scroll","background-type":"","background-media":"","overlay-type":"","overlay-color":"","overlay-opacity":"","overlay-gradient":""},"tablet":{"background-color":"","background-image":"","background-repeat":"repeat","background-position":"center center","background-size":"auto","background-attachment":"scroll","background-type":"","background-media":"","overlay-type":"","overlay-color":"","overlay-opacity":"","overlay-gradient":""},"mobile":{"background-color":"","background-image":"","background-repeat":"repeat","background-position":"center center","background-size":"auto","background-attachment":"scroll","background-type":"","background-media":"","overlay-type":"","overlay-color":"","overlay-opacity":"","overlay-gradient":""}},"ast-content-background-meta":{"desktop":{"background-color":"var(--ast-global-color-5)","background-image":"","background-repeat":"repeat","background-position":"center center","background-size":"auto","background-attachment":"scroll","background-type":"","background-media":"","overlay-type":"","overlay-color":"","overlay-opacity":"","overlay-gradient":""},"tablet":{"background-color":"var(--ast-global-color-5)","background-image":"","background-repeat":"repeat","background-position":"center center","background-size":"auto","background-attachment":"scroll","background-type":"","background-media":"","overlay-type":"","overlay-color":"","overlay-opacity":"","overlay-gradient":""},"mobile":{"background-color":"var(--ast-global-color-5)","background-image":"","background-repeat":"repeat","background-position":"center center","background-size":"auto","background-attachment":"scroll","background-type":"","background-media":"","overlay-type":"","overlay-color":"","overlay-opacity":"","overlay-gradient":""}},"footnotes":""},"class_list":["post-17932","page","type-page","status-publish","hentry"],"uagb_featured_image_src":{"full":false,"thumbnail":false,"medium":false,"medium_large":false,"large":false,"1536x1536":false,"2048x2048":false,"woocommerce_thumbnail":false,"woocommerce_single":false,"woocommerce_gallery_thumbnail":false,"wc_order_status_icon":false,"dgwt-wcas-product-suggestion":false},"uagb_author_info":{"display_name":"admin","author_link":"https:\/\/ruckstuhlsport.ch\/fr\/author\/rogerruck\/"},"uagb_comment_info":0,"uagb_excerpt":"Qu&rsquo;est-ce que Wingfield Wingfield transforme les courts de tennis traditionnels en terrains de jeu intelligents et donne acc\u00e8s \u00e0 l&rsquo;exp\u00e9rience de jeu la plus interactive de tous les temps. La technologie de suivi bas\u00e9e sur l&rsquo;IA est d\u00e9sormais abordable pour chaque club amateur ! Des proc\u00e9d\u00e9s innovants d&rsquo;IA suivent toutes les facettes de ton jeu\u2026","_links":{"self":[{"href":"https:\/\/ruckstuhlsport.ch\/fr\/wp-json\/wp\/v2\/pages\/17932","targetHints":{"allow":["GET"]}}],"collection":[{"href":"https:\/\/ruckstuhlsport.ch\/fr\/wp-json\/wp\/v2\/pages"}],"about":[{"href":"https:\/\/ruckstuhlsport.ch\/fr\/wp-json\/wp\/v2\/types\/page"}],"author":[{"embeddable":true,"href":"https:\/\/ruckstuhlsport.ch\/fr\/wp-json\/wp\/v2\/users\/1"}],"replies":[{"embeddable":true,"href":"https:\/\/ruckstuhlsport.ch\/fr\/wp-json\/wp\/v2\/comments?post=17932"}],"version-history":[{"count":0,"href":"https:\/\/ruckstuhlsport.ch\/fr\/wp-json\/wp\/v2\/pages\/17932\/revisions"}],"wp:attachment":[{"href":"https:\/\/ruckstuhlsport.ch\/fr\/wp-json\/wp\/v2\/media?parent=17932"}],"curies":[{"name":"wp","href":"https:\/\/api.w.org\/{rel}","templated":true}]}}