{"id":11935,"date":"2020-07-23T09:23:24","date_gmt":"2020-07-23T07:23:24","guid":{"rendered":"https:\/\/ruckstuhlsport.ch\/non%20class\u00e9\/filet-de-but-de-football-5-15-x-2-05-m-1-00-1-00-m\/"},"modified":"2026-03-09T01:35:46","modified_gmt":"2026-03-09T00:35:46","slug":"filet-de-but-de-football-515x205cm-100-100cm-2","status":"publish","type":"product","link":"https:\/\/ruckstuhlsport.ch\/fr\/football\/equipement-terrain-foot\/filets-de-but\/filet-football-buts-juniors\/filet-de-but-de-football-515x205cm-100-100cm-2\/","title":{"rendered":"Filet de but de football <br> 5.15 x 2.05 m, 1.00\/1.00 m"},"content":{"rendered":"<p>Les filets avec n\u0153uds sont fabriqu\u00e9s \u00e0 partir de fils torsad\u00e9s ou tress\u00e9s et ont environ 25 % de r\u00e9sistance en plus que les filets sans n\u0153uds utilisant le m\u00eame mat\u00e9riau !<\/p>\n<p>Nos filets nou\u00e9s sont ind\u00e9formables. Cette m\u00e9thode de traitement permet les charges les plus \u00e9lev\u00e9es.<\/p>\n<p>Ils s&rsquo;\u00e9tirent moins que les filets sans n\u0153uds et ont donc une meilleure stabilit\u00e9 de surface. Par cons\u00e9quence, nos filets en PE nou\u00e9s d&rsquo;une \u00e9paisseur de 4 mm atteignent une r\u00e9sistance nettement sup\u00e9rieure \u00e0 nos filets en PP sans n\u0153uds de la m\u00eame \u00e9paisseur de mat\u00e9riau.<\/p>\n","protected":false},"excerpt":{"rendered":"<ul>\n<li>Dimensions: 5.15 x 2.05 m (L x H)<\/li>\n<li>Profondeur en haut: 1.00 m<\/li>\n<li>Profondeur en bas: 1.00 m<\/li>\n<li>Mat\u00e9riau : <strong>poly\u00e9thyl\u00e8ne extra r\u00e9sistant<\/strong> (PE)<\/li>\n<li>\u00c9paisseur du mat\u00e9riau : environ 4 mm<\/li>\n<li>Qualit\u00e9: avec n\u0153uds<\/li>\n<li>Mailles: 120 mm selon DIN EN 748<\/li>\n<li>Couleur: vert<\/li>\n<li>avec bords renforc\u00e9s et une corde de tension \u00f8 6 mm int\u00e9gr\u00e9 dans le toit<\/li>\n<\/ul>\n","protected":false},"featured_media":14763,"template":"","meta":{"_crdt_document":"","_uag_custom_page_level_css":"","site-sidebar-layout":"default","site-content-layout":"default","ast-site-content-layout":"default","site-content-style":"default","site-sidebar-style":"default","ast-global-header-display":"","ast-banner-title-visibility":"","ast-main-header-display":"","ast-hfb-above-header-display":"","ast-hfb-below-header-display":"","ast-hfb-mobile-header-display":"","site-post-title":"","ast-breadcrumbs-content":"","ast-featured-img":"","footer-sml-layout":"","ast-disable-related-posts":"","theme-transparent-header-meta":"default","adv-header-id-meta":"","stick-header-meta":"default","header-above-stick-meta":"","header-main-stick-meta":"","header-below-stick-meta":"","astra-migrate-meta-layouts":"default","ast-page-background-enabled":"default","ast-page-background-meta":{"desktop":{"background-color":"","background-image":"","background-repeat":"repeat","background-position":"center center","background-size":"auto","background-attachment":"scroll","background-type":"","background-media":"","overlay-type":"","overlay-color":"","overlay-opacity":"","overlay-gradient":""},"tablet":{"background-color":"","background-image":"","background-repeat":"repeat","background-position":"center center","background-size":"auto","background-attachment":"scroll","background-type":"","background-media":"","overlay-type":"","overlay-color":"","overlay-opacity":"","overlay-gradient":""},"mobile":{"background-color":"","background-image":"","background-repeat":"repeat","background-position":"center center","background-size":"auto","background-attachment":"scroll","background-type":"","background-media":"","overlay-type":"","overlay-color":"","overlay-opacity":"","overlay-gradient":""}},"ast-content-background-meta":{"desktop":{"background-color":"var(--ast-global-color-5)","background-image":"","background-repeat":"repeat","background-position":"center center","background-size":"auto","background-attachment":"scroll","background-type":"","background-media":"","overlay-type":"","overlay-color":"","overlay-opacity":"","overlay-gradient":""},"tablet":{"background-color":"var(--ast-global-color-5)","background-image":"","background-repeat":"repeat","background-position":"center center","background-size":"auto","background-attachment":"scroll","background-type":"","background-media":"","overlay-type":"","overlay-color":"","overlay-opacity":"","overlay-gradient":""},"mobile":{"background-color":"var(--ast-global-color-5)","background-image":"","background-repeat":"repeat","background-position":"center center","background-size":"auto","background-attachment":"scroll","background-type":"","background-media":"","overlay-type":"","overlay-color":"","overlay-opacity":"","overlay-gradient":""}}},"product_brand":[],"product_cat":[991,932,989,990],"product_tag":[],"class_list":{"0":"post-11935","1":"product","2":"type-product","3":"status-publish","4":"has-post-thumbnail","6":"product_cat-filet-football-buts-juniors","7":"product_cat-football","8":"product_cat-equipement-terrain-foot","9":"product_cat-filets-de-but","10":"product_shipping_class-defaut","11":"pa_farbe-vert","12":"pa_groesse-5-15-x-2-05-m-fr","13":"pa_maschenform-carre","14":"pa_maschenweite-120-mm-fr","15":"pa_material-polyethylene-pe","16":"pa_materialstaerke-4-0-mm-fr","17":"pa_qualitaet-avec-noeuds","18":"pa_tiefe-1-00-1-00-m-fr","19":"desktop-align-center","20":"tablet-align-center","21":"mobile-align-center","22":"ast-product-gallery-layout-horizontal","23":"ast-product-tabs-layout-horizontal","25":"first","26":"onbackorder","27":"taxable","28":"shipping-taxable","29":"purchasable","30":"product-type-simple"},"uagb_featured_image_src":{"full":["https:\/\/ruckstuhlsport.ch\/wp-content\/uploads\/fussball-tornetz-500x200-100x100-einfarbig-gruen-quadrat-PE-4mm.jpg",1000,1000,false],"thumbnail":["https:\/\/ruckstuhlsport.ch\/wp-content\/uploads\/fussball-tornetz-500x200-100x100-einfarbig-gruen-quadrat-PE-4mm-150x150.jpg",150,150,true],"medium":["https:\/\/ruckstuhlsport.ch\/wp-content\/uploads\/fussball-tornetz-500x200-100x100-einfarbig-gruen-quadrat-PE-4mm-300x300.jpg",300,300,true],"medium_large":["https:\/\/ruckstuhlsport.ch\/wp-content\/uploads\/fussball-tornetz-500x200-100x100-einfarbig-gruen-quadrat-PE-4mm-768x768.jpg",768,768,true],"large":["https:\/\/ruckstuhlsport.ch\/wp-content\/uploads\/fussball-tornetz-500x200-100x100-einfarbig-gruen-quadrat-PE-4mm.jpg",1000,1000,false],"1536x1536":["https:\/\/ruckstuhlsport.ch\/wp-content\/uploads\/fussball-tornetz-500x200-100x100-einfarbig-gruen-quadrat-PE-4mm.jpg",1000,1000,false],"2048x2048":["https:\/\/ruckstuhlsport.ch\/wp-content\/uploads\/fussball-tornetz-500x200-100x100-einfarbig-gruen-quadrat-PE-4mm.jpg",1000,1000,false],"woocommerce_thumbnail":["https:\/\/ruckstuhlsport.ch\/wp-content\/uploads\/fussball-tornetz-500x200-100x100-einfarbig-gruen-quadrat-PE-4mm-300x300.jpg",300,300,true],"woocommerce_single":["https:\/\/ruckstuhlsport.ch\/wp-content\/uploads\/fussball-tornetz-500x200-100x100-einfarbig-gruen-quadrat-PE-4mm-600x600.jpg",600,600,true],"woocommerce_gallery_thumbnail":["https:\/\/ruckstuhlsport.ch\/wp-content\/uploads\/fussball-tornetz-500x200-100x100-einfarbig-gruen-quadrat-PE-4mm-100x100.jpg",100,100,true],"wc_order_status_icon":["https:\/\/ruckstuhlsport.ch\/wp-content\/uploads\/fussball-tornetz-500x200-100x100-einfarbig-gruen-quadrat-PE-4mm.jpg",32,32,false],"dgwt-wcas-product-suggestion":["https:\/\/ruckstuhlsport.ch\/wp-content\/uploads\/fussball-tornetz-500x200-100x100-einfarbig-gruen-quadrat-PE-4mm-64x64.jpg",64,64,true]},"uagb_author_info":{"display_name":"admin","author_link":"https:\/\/ruckstuhlsport.ch\/fr\/author\/"},"uagb_comment_info":0,"uagb_excerpt":"Dimensions: 5.15 x 2.05 m (L x H) Profondeur en haut: 1.00 m Profondeur en bas: 1.00 m Mat\u00e9riau : poly\u00e9thyl\u00e8ne extra r\u00e9sistant (PE) \u00c9paisseur du mat\u00e9riau : environ 4 mm Qualit\u00e9: avec n\u0153uds Mailles: 120 mm selon DIN EN 748 Couleur: vert avec bords renforc\u00e9s et une corde de tension \u00f8 6 mm int\u00e9gr\u00e9\u2026","_links":{"self":[{"href":"https:\/\/ruckstuhlsport.ch\/fr\/wp-json\/wp\/v2\/product\/11935","targetHints":{"allow":["GET"]}}],"collection":[{"href":"https:\/\/ruckstuhlsport.ch\/fr\/wp-json\/wp\/v2\/product"}],"about":[{"href":"https:\/\/ruckstuhlsport.ch\/fr\/wp-json\/wp\/v2\/types\/product"}],"wp:featuredmedia":[{"embeddable":true,"href":"https:\/\/ruckstuhlsport.ch\/fr\/wp-json\/wp\/v2\/media\/14763"}],"wp:attachment":[{"href":"https:\/\/ruckstuhlsport.ch\/fr\/wp-json\/wp\/v2\/media?parent=11935"}],"wp:term":[{"taxonomy":"product_brand","embeddable":true,"href":"https:\/\/ruckstuhlsport.ch\/fr\/wp-json\/wp\/v2\/product_brand?post=11935"},{"taxonomy":"product_cat","embeddable":true,"href":"https:\/\/ruckstuhlsport.ch\/fr\/wp-json\/wp\/v2\/product_cat?post=11935"},{"taxonomy":"product_tag","embeddable":true,"href":"https:\/\/ruckstuhlsport.ch\/fr\/wp-json\/wp\/v2\/product_tag?post=11935"}],"curies":[{"name":"wp","href":"https:\/\/api.w.org\/{rel}","templated":true}]}}