{"id":11985,"date":"2021-08-06T08:30:12","date_gmt":"2021-08-06T06:30:12","guid":{"rendered":"https:\/\/ruckstuhlsport.ch\/non%20class\u00e9\/filet-de-mini-but-de-football-1-80-x-1-20-m-0-30-0-60-m\/"},"modified":"2025-09-19T09:00:22","modified_gmt":"2025-09-19T07:00:22","slug":"filet-de-mini-but-180x120m-030-060cm","status":"publish","type":"product","link":"https:\/\/ruckstuhlsport.ch\/fr\/football\/equipement-terrain-foot\/filets-de-but\/filets-mini-buts-football\/filet-de-mini-but-180x120m-030-060cm\/","title":{"rendered":"Filet de but de football mini 1.80 x 1.20 m, 0.30\/0.60 m"},"content":{"rendered":"","protected":false},"excerpt":{"rendered":"<ul>\n<li>Dimensions: 1.80 x 1.20 m (L x H)<\/li>\n<li>Profondeur en haut: 0.60 m<\/li>\n<li>Profondeur en bas: 0.30 m<\/li>\n<li>Mat\u00e9riau: poly\u00e9thyl\u00e8ne (PE)<\/li>\n<li>\u00c9paisseur du mat\u00e9riau : environ 3 mm<\/li>\n<li>Qualit\u00e9: avec n\u0153uds<\/li>\n<li>Mailles: 45 mm<\/li>\n<li>Forme de mailles: carr\u00e9<\/li>\n<li>Couleur: vert<\/li>\n<li>avec bords renforc\u00e9s et une corde de tension \u00f8 6 mm int\u00e9gr\u00e9 dans le toit<\/li>\n<\/ul>\n","protected":false},"featured_media":4662,"template":"","meta":{"_crdt_document":"","_uag_custom_page_level_css":"","site-sidebar-layout":"default","site-content-layout":"default","ast-site-content-layout":"default","site-content-style":"default","site-sidebar-style":"default","ast-global-header-display":"","ast-banner-title-visibility":"","ast-main-header-display":"","ast-hfb-above-header-display":"","ast-hfb-below-header-display":"","ast-hfb-mobile-header-display":"","site-post-title":"","ast-breadcrumbs-content":"","ast-featured-img":"","footer-sml-layout":"","ast-disable-related-posts":"","theme-transparent-header-meta":"default","adv-header-id-meta":"","stick-header-meta":"default","header-above-stick-meta":"","header-main-stick-meta":"","header-below-stick-meta":"","astra-migrate-meta-layouts":"default","ast-page-background-enabled":"default","ast-page-background-meta":{"desktop":{"background-color":"","background-image":"","background-repeat":"repeat","background-position":"center center","background-size":"auto","background-attachment":"scroll","background-type":"","background-media":"","overlay-type":"","overlay-color":"","overlay-opacity":"","overlay-gradient":""},"tablet":{"background-color":"","background-image":"","background-repeat":"repeat","background-position":"center center","background-size":"auto","background-attachment":"scroll","background-type":"","background-media":"","overlay-type":"","overlay-color":"","overlay-opacity":"","overlay-gradient":""},"mobile":{"background-color":"","background-image":"","background-repeat":"repeat","background-position":"center center","background-size":"auto","background-attachment":"scroll","background-type":"","background-media":"","overlay-type":"","overlay-color":"","overlay-opacity":"","overlay-gradient":""}},"ast-content-background-meta":{"desktop":{"background-color":"var(--ast-global-color-5)","background-image":"","background-repeat":"repeat","background-position":"center center","background-size":"auto","background-attachment":"scroll","background-type":"","background-media":"","overlay-type":"","overlay-color":"","overlay-opacity":"","overlay-gradient":""},"tablet":{"background-color":"var(--ast-global-color-5)","background-image":"","background-repeat":"repeat","background-position":"center center","background-size":"auto","background-attachment":"scroll","background-type":"","background-media":"","overlay-type":"","overlay-color":"","overlay-opacity":"","overlay-gradient":""},"mobile":{"background-color":"var(--ast-global-color-5)","background-image":"","background-repeat":"repeat","background-position":"center center","background-size":"auto","background-attachment":"scroll","background-type":"","background-media":"","overlay-type":"","overlay-color":"","overlay-opacity":"","overlay-gradient":""}}},"product_brand":[],"product_cat":[1008,932,989,990],"product_tag":[],"class_list":{"0":"post-11985","1":"product","2":"type-product","3":"status-publish","4":"has-post-thumbnail","6":"product_cat-filets-mini-buts-football","7":"product_cat-football","8":"product_cat-equipement-terrain-foot","9":"product_cat-filets-de-but","10":"product_shipping_class-defaut","11":"pa_farbe-vert","12":"pa_maschenform-carre","13":"pa_maschenweite-45-mm-fr","14":"pa_material-polyethylene-pe","15":"pa_qualitaet-avec-noeuds","16":"pa_tiefe-0-60-0-30-m-fr","17":"desktop-align-center","18":"tablet-align-center","19":"mobile-align-center","20":"ast-product-gallery-layout-horizontal","21":"ast-product-gallery-with-no-image","22":"ast-product-tabs-layout-horizontal","24":"first","25":"instock","26":"taxable","27":"shipping-taxable","28":"purchasable","29":"product-type-simple"},"uagb_featured_image_src":{"full":["https:\/\/ruckstuhlsport.ch\/wp-content\/uploads\/trennnetz-detail-PE-3mm.jpg",600,600,false],"thumbnail":["https:\/\/ruckstuhlsport.ch\/wp-content\/uploads\/trennnetz-detail-PE-3mm-150x150.jpg",150,150,true],"medium":["https:\/\/ruckstuhlsport.ch\/wp-content\/uploads\/trennnetz-detail-PE-3mm-300x300.jpg",300,300,true],"medium_large":["https:\/\/ruckstuhlsport.ch\/wp-content\/uploads\/trennnetz-detail-PE-3mm.jpg",600,600,false],"large":["https:\/\/ruckstuhlsport.ch\/wp-content\/uploads\/trennnetz-detail-PE-3mm.jpg",600,600,false],"1536x1536":["https:\/\/ruckstuhlsport.ch\/wp-content\/uploads\/trennnetz-detail-PE-3mm.jpg",600,600,false],"2048x2048":["https:\/\/ruckstuhlsport.ch\/wp-content\/uploads\/trennnetz-detail-PE-3mm.jpg",600,600,false],"woocommerce_thumbnail":["https:\/\/ruckstuhlsport.ch\/wp-content\/uploads\/trennnetz-detail-PE-3mm-300x300.jpg",300,300,true],"woocommerce_single":["https:\/\/ruckstuhlsport.ch\/wp-content\/uploads\/trennnetz-detail-PE-3mm.jpg",600,600,false],"woocommerce_gallery_thumbnail":["https:\/\/ruckstuhlsport.ch\/wp-content\/uploads\/trennnetz-detail-PE-3mm-100x100.jpg",100,100,true],"wc_order_status_icon":["https:\/\/ruckstuhlsport.ch\/wp-content\/uploads\/trennnetz-detail-PE-3mm.jpg",32,32,false],"dgwt-wcas-product-suggestion":["https:\/\/ruckstuhlsport.ch\/wp-content\/uploads\/trennnetz-detail-PE-3mm-64x64.jpg",64,64,true]},"uagb_author_info":{"display_name":"admin","author_link":"https:\/\/ruckstuhlsport.ch\/fr\/author\/"},"uagb_comment_info":0,"uagb_excerpt":"Dimensions: 1.80 x 1.20 m (L x H) Profondeur en haut: 0.60 m Profondeur en bas: 0.30 m Mat\u00e9riau: poly\u00e9thyl\u00e8ne (PE) \u00c9paisseur du mat\u00e9riau : environ 3 mm Qualit\u00e9: avec n\u0153uds Mailles: 45 mm Forme de mailles: carr\u00e9 Couleur: vert avec bords renforc\u00e9s et une corde de tension \u00f8 6 mm int\u00e9gr\u00e9 dans le toit","_links":{"self":[{"href":"https:\/\/ruckstuhlsport.ch\/fr\/wp-json\/wp\/v2\/product\/11985","targetHints":{"allow":["GET"]}}],"collection":[{"href":"https:\/\/ruckstuhlsport.ch\/fr\/wp-json\/wp\/v2\/product"}],"about":[{"href":"https:\/\/ruckstuhlsport.ch\/fr\/wp-json\/wp\/v2\/types\/product"}],"wp:featuredmedia":[{"embeddable":true,"href":"https:\/\/ruckstuhlsport.ch\/fr\/wp-json\/wp\/v2\/media\/4662"}],"wp:attachment":[{"href":"https:\/\/ruckstuhlsport.ch\/fr\/wp-json\/wp\/v2\/media?parent=11985"}],"wp:term":[{"taxonomy":"product_brand","embeddable":true,"href":"https:\/\/ruckstuhlsport.ch\/fr\/wp-json\/wp\/v2\/product_brand?post=11985"},{"taxonomy":"product_cat","embeddable":true,"href":"https:\/\/ruckstuhlsport.ch\/fr\/wp-json\/wp\/v2\/product_cat?post=11985"},{"taxonomy":"product_tag","embeddable":true,"href":"https:\/\/ruckstuhlsport.ch\/fr\/wp-json\/wp\/v2\/product_tag?post=11985"}],"curies":[{"name":"wp","href":"https:\/\/api.w.org\/{rel}","templated":true}]}}