{"id":12019,"date":"2020-07-24T14:19:28","date_gmt":"2020-07-24T12:19:28","guid":{"rendered":"https:\/\/ruckstuhlsport.ch\/non%20class\u00e9\/filet-de-mini-but-de-football-1-30-x-0-90-m-0-70-0-70-m\/"},"modified":"2026-03-09T01:35:50","modified_gmt":"2026-03-09T00:35:50","slug":"filet-de-mini-but-130x090cm-070-070cm-2","status":"publish","type":"product","link":"https:\/\/ruckstuhlsport.ch\/fr\/football\/equipement-terrain-foot\/filets-de-but\/filets-mini-buts-football\/filet-de-mini-but-130x090cm-070-070cm-2\/","title":{"rendered":"Filet de but de football mini 1.30 x 0.90 m, 0.70\/0.70 m"},"content":{"rendered":"","protected":false},"excerpt":{"rendered":"<ul>\n<li>Dimensions: 1.30 x 0.90 m (L x H)<\/li>\n<li>Profondeur en haut: 0.70 m<\/li>\n<li>Profondeur en bas: 0.70 m<\/li>\n<li>Mat\u00e9riau : polypropyl\u00e8ne (PP)<\/li>\n<li>\u00c9paisseur du mat\u00e9riau : environ 2.3 mm<\/li>\n<li>Qualit\u00e9: sans n\u0153uds<\/li>\n<li>Mailles: 100 mm<\/li>\n<li>Forme de mailles: carr\u00e9<\/li>\n<li>Couleur: vert<\/li>\n<li>avec bords renforc\u00e9s et une corde de tension \u00f8 6 mm int\u00e9gr\u00e9 dans le toit<\/li>\n<\/ul>\n","protected":false},"featured_media":14867,"template":"","meta":{"_crdt_document":"","_uag_custom_page_level_css":"","site-sidebar-layout":"default","site-content-layout":"default","ast-site-content-layout":"default","site-content-style":"default","site-sidebar-style":"default","ast-global-header-display":"","ast-banner-title-visibility":"","ast-main-header-display":"","ast-hfb-above-header-display":"","ast-hfb-below-header-display":"","ast-hfb-mobile-header-display":"","site-post-title":"","ast-breadcrumbs-content":"","ast-featured-img":"","footer-sml-layout":"","ast-disable-related-posts":"","theme-transparent-header-meta":"default","adv-header-id-meta":"","stick-header-meta":"default","header-above-stick-meta":"","header-main-stick-meta":"","header-below-stick-meta":"","astra-migrate-meta-layouts":"default","ast-page-background-enabled":"default","ast-page-background-meta":{"desktop":{"background-color":"","background-image":"","background-repeat":"repeat","background-position":"center center","background-size":"auto","background-attachment":"scroll","background-type":"","background-media":"","overlay-type":"","overlay-color":"","overlay-opacity":"","overlay-gradient":""},"tablet":{"background-color":"","background-image":"","background-repeat":"repeat","background-position":"center center","background-size":"auto","background-attachment":"scroll","background-type":"","background-media":"","overlay-type":"","overlay-color":"","overlay-opacity":"","overlay-gradient":""},"mobile":{"background-color":"","background-image":"","background-repeat":"repeat","background-position":"center center","background-size":"auto","background-attachment":"scroll","background-type":"","background-media":"","overlay-type":"","overlay-color":"","overlay-opacity":"","overlay-gradient":""}},"ast-content-background-meta":{"desktop":{"background-color":"var(--ast-global-color-5)","background-image":"","background-repeat":"repeat","background-position":"center center","background-size":"auto","background-attachment":"scroll","background-type":"","background-media":"","overlay-type":"","overlay-color":"","overlay-opacity":"","overlay-gradient":""},"tablet":{"background-color":"var(--ast-global-color-5)","background-image":"","background-repeat":"repeat","background-position":"center center","background-size":"auto","background-attachment":"scroll","background-type":"","background-media":"","overlay-type":"","overlay-color":"","overlay-opacity":"","overlay-gradient":""},"mobile":{"background-color":"var(--ast-global-color-5)","background-image":"","background-repeat":"repeat","background-position":"center center","background-size":"auto","background-attachment":"scroll","background-type":"","background-media":"","overlay-type":"","overlay-color":"","overlay-opacity":"","overlay-gradient":""}}},"product_brand":[],"product_cat":[1008,932,989,990],"product_tag":[],"class_list":{"0":"post-12019","1":"product","2":"type-product","3":"status-publish","4":"has-post-thumbnail","6":"product_cat-filets-mini-buts-football","7":"product_cat-football","8":"product_cat-equipement-terrain-foot","9":"product_cat-filets-de-but","10":"product_shipping_class-defaut","11":"pa_farbe-vert","12":"pa_groesse-1-30-x-0-90-m-fr","13":"pa_maschenform-carre","14":"pa_maschenweite-100-mm-fr","15":"pa_material-polypropylene-pp","16":"pa_materialstaerke-2-3-mm-fr","17":"pa_qualitaet-sans-noeuds","18":"pa_tiefe-0-70-0-70-m-fr","19":"desktop-align-center","20":"tablet-align-center","21":"mobile-align-center","22":"ast-product-gallery-layout-horizontal","23":"ast-product-tabs-layout-horizontal","25":"first","26":"instock","27":"taxable","28":"shipping-taxable","29":"purchasable","30":"product-type-simple"},"uagb_featured_image_src":{"full":["https:\/\/ruckstuhlsport.ch\/wp-content\/uploads\/fussball-tornetz-130x90-70x70-einfarbig-gruen-quadrat-PP-2-3mm-100MW.jpg",1000,1000,false],"thumbnail":["https:\/\/ruckstuhlsport.ch\/wp-content\/uploads\/fussball-tornetz-130x90-70x70-einfarbig-gruen-quadrat-PP-2-3mm-100MW-150x150.jpg",150,150,true],"medium":["https:\/\/ruckstuhlsport.ch\/wp-content\/uploads\/fussball-tornetz-130x90-70x70-einfarbig-gruen-quadrat-PP-2-3mm-100MW-300x300.jpg",300,300,true],"medium_large":["https:\/\/ruckstuhlsport.ch\/wp-content\/uploads\/fussball-tornetz-130x90-70x70-einfarbig-gruen-quadrat-PP-2-3mm-100MW-768x768.jpg",768,768,true],"large":["https:\/\/ruckstuhlsport.ch\/wp-content\/uploads\/fussball-tornetz-130x90-70x70-einfarbig-gruen-quadrat-PP-2-3mm-100MW.jpg",1000,1000,false],"1536x1536":["https:\/\/ruckstuhlsport.ch\/wp-content\/uploads\/fussball-tornetz-130x90-70x70-einfarbig-gruen-quadrat-PP-2-3mm-100MW.jpg",1000,1000,false],"2048x2048":["https:\/\/ruckstuhlsport.ch\/wp-content\/uploads\/fussball-tornetz-130x90-70x70-einfarbig-gruen-quadrat-PP-2-3mm-100MW.jpg",1000,1000,false],"woocommerce_thumbnail":["https:\/\/ruckstuhlsport.ch\/wp-content\/uploads\/fussball-tornetz-130x90-70x70-einfarbig-gruen-quadrat-PP-2-3mm-100MW-300x300.jpg",300,300,true],"woocommerce_single":["https:\/\/ruckstuhlsport.ch\/wp-content\/uploads\/fussball-tornetz-130x90-70x70-einfarbig-gruen-quadrat-PP-2-3mm-100MW-600x600.jpg",600,600,true],"woocommerce_gallery_thumbnail":["https:\/\/ruckstuhlsport.ch\/wp-content\/uploads\/fussball-tornetz-130x90-70x70-einfarbig-gruen-quadrat-PP-2-3mm-100MW-100x100.jpg",100,100,true],"wc_order_status_icon":["https:\/\/ruckstuhlsport.ch\/wp-content\/uploads\/fussball-tornetz-130x90-70x70-einfarbig-gruen-quadrat-PP-2-3mm-100MW.jpg",32,32,false],"dgwt-wcas-product-suggestion":["https:\/\/ruckstuhlsport.ch\/wp-content\/uploads\/fussball-tornetz-130x90-70x70-einfarbig-gruen-quadrat-PP-2-3mm-100MW-64x64.jpg",64,64,true]},"uagb_author_info":{"display_name":"admin","author_link":"https:\/\/ruckstuhlsport.ch\/fr\/author\/"},"uagb_comment_info":0,"uagb_excerpt":"Dimensions: 1.30 x 0.90 m (L x H) Profondeur en haut: 0.70 m Profondeur en bas: 0.70 m Mat\u00e9riau : polypropyl\u00e8ne (PP) \u00c9paisseur du mat\u00e9riau : environ 2.3 mm Qualit\u00e9: sans n\u0153uds Mailles: 100 mm Forme de mailles: carr\u00e9 Couleur: vert avec bords renforc\u00e9s et une corde de tension \u00f8 6 mm int\u00e9gr\u00e9 dans le\u2026","_links":{"self":[{"href":"https:\/\/ruckstuhlsport.ch\/fr\/wp-json\/wp\/v2\/product\/12019","targetHints":{"allow":["GET"]}}],"collection":[{"href":"https:\/\/ruckstuhlsport.ch\/fr\/wp-json\/wp\/v2\/product"}],"about":[{"href":"https:\/\/ruckstuhlsport.ch\/fr\/wp-json\/wp\/v2\/types\/product"}],"wp:featuredmedia":[{"embeddable":true,"href":"https:\/\/ruckstuhlsport.ch\/fr\/wp-json\/wp\/v2\/media\/14867"}],"wp:attachment":[{"href":"https:\/\/ruckstuhlsport.ch\/fr\/wp-json\/wp\/v2\/media?parent=12019"}],"wp:term":[{"taxonomy":"product_brand","embeddable":true,"href":"https:\/\/ruckstuhlsport.ch\/fr\/wp-json\/wp\/v2\/product_brand?post=12019"},{"taxonomy":"product_cat","embeddable":true,"href":"https:\/\/ruckstuhlsport.ch\/fr\/wp-json\/wp\/v2\/product_cat?post=12019"},{"taxonomy":"product_tag","embeddable":true,"href":"https:\/\/ruckstuhlsport.ch\/fr\/wp-json\/wp\/v2\/product_tag?post=12019"}],"curies":[{"name":"wp","href":"https:\/\/api.w.org\/{rel}","templated":true}]}}