{"id":12028,"date":"2020-07-24T13:31:35","date_gmt":"2020-07-24T11:31:35","guid":{"rendered":"https:\/\/ruckstuhlsport.ch\/non%20class\u00e9\/filet-de-but-de-football-7-50-x-2-50-m-2-00-2-00-m\/"},"modified":"2026-03-09T01:35:48","modified_gmt":"2026-03-09T00:35:48","slug":"filet-de-but-de-football-750x250cm-200-200cm-4","status":"publish","type":"product","link":"https:\/\/ruckstuhlsport.ch\/fr\/football\/equipement-terrain-foot\/filets-de-but\/filets-buts-football-adulte\/filet-de-but-de-football-750x250cm-200-200cm-4\/","title":{"rendered":"Filet de but de football<br> 7.50 x 2.50 m, 2.00\/2.00 m"},"content":{"rendered":"","protected":false},"excerpt":{"rendered":"\n<ul>\n<li>Dimensions: 7.50 x 2.50 m (L x H)<\/li>\n<li>Profondeur en haut: 2.00 m<\/li>\n<li>Profondeur en bas: 2.00 m<\/li>\n<li>Mat\u00e9riau: poly\u00e9thyl\u00e8ne (PE)<\/li>\n<li>\u00c9paisseur du mat\u00e9riau: environ 4 mm<\/li>\n<li>Qualit\u00e9: avec n\u0153uds<\/li>\n<li>Mailles: 120 mm selon DIN EN 748<\/li>\n<li>Couleur: vert<\/li>\n<li>avec bords renforc\u00e9s et une corde de tension \u00f8 6 mm int\u00e9gr\u00e9 dans le toit<\/li>\n<\/ul>\n","protected":false},"featured_media":14006,"template":"","meta":{"_crdt_document":"","_uag_custom_page_level_css":"","site-sidebar-layout":"default","site-content-layout":"default","ast-site-content-layout":"default","site-content-style":"default","site-sidebar-style":"default","ast-global-header-display":"","ast-banner-title-visibility":"","ast-main-header-display":"","ast-hfb-above-header-display":"","ast-hfb-below-header-display":"","ast-hfb-mobile-header-display":"","site-post-title":"","ast-breadcrumbs-content":"","ast-featured-img":"","footer-sml-layout":"","ast-disable-related-posts":"","theme-transparent-header-meta":"default","adv-header-id-meta":"","stick-header-meta":"default","header-above-stick-meta":"","header-main-stick-meta":"","header-below-stick-meta":"","astra-migrate-meta-layouts":"default","ast-page-background-enabled":"default","ast-page-background-meta":{"desktop":{"background-color":"","background-image":"","background-repeat":"repeat","background-position":"center center","background-size":"auto","background-attachment":"scroll","background-type":"","background-media":"","overlay-type":"","overlay-color":"","overlay-opacity":"","overlay-gradient":""},"tablet":{"background-color":"","background-image":"","background-repeat":"repeat","background-position":"center center","background-size":"auto","background-attachment":"scroll","background-type":"","background-media":"","overlay-type":"","overlay-color":"","overlay-opacity":"","overlay-gradient":""},"mobile":{"background-color":"","background-image":"","background-repeat":"repeat","background-position":"center center","background-size":"auto","background-attachment":"scroll","background-type":"","background-media":"","overlay-type":"","overlay-color":"","overlay-opacity":"","overlay-gradient":""}},"ast-content-background-meta":{"desktop":{"background-color":"var(--ast-global-color-5)","background-image":"","background-repeat":"repeat","background-position":"center center","background-size":"auto","background-attachment":"scroll","background-type":"","background-media":"","overlay-type":"","overlay-color":"","overlay-opacity":"","overlay-gradient":""},"tablet":{"background-color":"var(--ast-global-color-5)","background-image":"","background-repeat":"repeat","background-position":"center center","background-size":"auto","background-attachment":"scroll","background-type":"","background-media":"","overlay-type":"","overlay-color":"","overlay-opacity":"","overlay-gradient":""},"mobile":{"background-color":"var(--ast-global-color-5)","background-image":"","background-repeat":"repeat","background-position":"center center","background-size":"auto","background-attachment":"scroll","background-type":"","background-media":"","overlay-type":"","overlay-color":"","overlay-opacity":"","overlay-gradient":""}}},"product_brand":[],"product_cat":[1001,932,989,990],"product_tag":[],"class_list":{"0":"post-12028","1":"product","2":"type-product","3":"status-publish","4":"has-post-thumbnail","6":"product_cat-filets-buts-football-adulte","7":"product_cat-football","8":"product_cat-equipement-terrain-foot","9":"product_cat-filets-de-but","10":"product_shipping_class-defaut","11":"pa_farbe-vert","12":"pa_groesse-7-50-x-2-50-m-fr","13":"pa_maschenform-carre","14":"pa_maschenweite-120-mm-fr","15":"pa_material-acier-galvanise","16":"pa_material-acier-inoxydable","17":"pa_material-bois","18":"pa_material-metal","19":"pa_material-nylon-fr","20":"pa_material-plastique","21":"pa_material-polyester-pes-fr","22":"pa_material-polyethylene-pe","23":"pa_material-polypropylene-pp","24":"pa_materialstaerke-4-0-mm-fr","25":"pa_qualitaet-avec-noeuds","26":"pa_tiefe-2-00-2-00-m-fr","27":"desktop-align-center","28":"tablet-align-center","29":"mobile-align-center","30":"ast-product-gallery-layout-horizontal","31":"ast-product-gallery-with-no-image","32":"ast-product-tabs-layout-horizontal","34":"first","35":"onbackorder","36":"taxable","37":"shipping-taxable","38":"purchasable","39":"product-type-simple"},"uagb_featured_image_src":{"full":["https:\/\/ruckstuhlsport.ch\/wp-content\/uploads\/fussball-tornetz-750x250-200x200-einfarbig-gruen-quadrat-PE.jpg",1000,1000,false],"thumbnail":["https:\/\/ruckstuhlsport.ch\/wp-content\/uploads\/fussball-tornetz-750x250-200x200-einfarbig-gruen-quadrat-PE-150x150.jpg",150,150,true],"medium":["https:\/\/ruckstuhlsport.ch\/wp-content\/uploads\/fussball-tornetz-750x250-200x200-einfarbig-gruen-quadrat-PE-300x300.jpg",300,300,true],"medium_large":["https:\/\/ruckstuhlsport.ch\/wp-content\/uploads\/fussball-tornetz-750x250-200x200-einfarbig-gruen-quadrat-PE-768x768.jpg",768,768,true],"large":["https:\/\/ruckstuhlsport.ch\/wp-content\/uploads\/fussball-tornetz-750x250-200x200-einfarbig-gruen-quadrat-PE.jpg",1000,1000,false],"1536x1536":["https:\/\/ruckstuhlsport.ch\/wp-content\/uploads\/fussball-tornetz-750x250-200x200-einfarbig-gruen-quadrat-PE.jpg",1000,1000,false],"2048x2048":["https:\/\/ruckstuhlsport.ch\/wp-content\/uploads\/fussball-tornetz-750x250-200x200-einfarbig-gruen-quadrat-PE.jpg",1000,1000,false],"woocommerce_thumbnail":["https:\/\/ruckstuhlsport.ch\/wp-content\/uploads\/fussball-tornetz-750x250-200x200-einfarbig-gruen-quadrat-PE-300x300.jpg",300,300,true],"woocommerce_single":["https:\/\/ruckstuhlsport.ch\/wp-content\/uploads\/fussball-tornetz-750x250-200x200-einfarbig-gruen-quadrat-PE-600x600.jpg",600,600,true],"woocommerce_gallery_thumbnail":["https:\/\/ruckstuhlsport.ch\/wp-content\/uploads\/fussball-tornetz-750x250-200x200-einfarbig-gruen-quadrat-PE-100x100.jpg",100,100,true],"wc_order_status_icon":["https:\/\/ruckstuhlsport.ch\/wp-content\/uploads\/fussball-tornetz-750x250-200x200-einfarbig-gruen-quadrat-PE.jpg",32,32,false],"dgwt-wcas-product-suggestion":["https:\/\/ruckstuhlsport.ch\/wp-content\/uploads\/fussball-tornetz-750x250-200x200-einfarbig-gruen-quadrat-PE-64x64.jpg",64,64,true]},"uagb_author_info":{"display_name":"admin","author_link":"https:\/\/ruckstuhlsport.ch\/fr\/author\/"},"uagb_comment_info":0,"uagb_excerpt":"Dimensions: 7.50 x 2.50 m (L x H) Profondeur en haut: 2.00 m Profondeur en bas: 2.00 m Mat\u00e9riau: poly\u00e9thyl\u00e8ne (PE) \u00c9paisseur du mat\u00e9riau: environ 4 mm Qualit\u00e9: avec n\u0153uds Mailles: 120 mm selon DIN EN 748 Couleur: vert avec bords renforc\u00e9s et une corde de tension \u00f8 6 mm int\u00e9gr\u00e9 dans le toit","_links":{"self":[{"href":"https:\/\/ruckstuhlsport.ch\/fr\/wp-json\/wp\/v2\/product\/12028","targetHints":{"allow":["GET"]}}],"collection":[{"href":"https:\/\/ruckstuhlsport.ch\/fr\/wp-json\/wp\/v2\/product"}],"about":[{"href":"https:\/\/ruckstuhlsport.ch\/fr\/wp-json\/wp\/v2\/types\/product"}],"wp:featuredmedia":[{"embeddable":true,"href":"https:\/\/ruckstuhlsport.ch\/fr\/wp-json\/wp\/v2\/media\/14006"}],"wp:attachment":[{"href":"https:\/\/ruckstuhlsport.ch\/fr\/wp-json\/wp\/v2\/media?parent=12028"}],"wp:term":[{"taxonomy":"product_brand","embeddable":true,"href":"https:\/\/ruckstuhlsport.ch\/fr\/wp-json\/wp\/v2\/product_brand?post=12028"},{"taxonomy":"product_cat","embeddable":true,"href":"https:\/\/ruckstuhlsport.ch\/fr\/wp-json\/wp\/v2\/product_cat?post=12028"},{"taxonomy":"product_tag","embeddable":true,"href":"https:\/\/ruckstuhlsport.ch\/fr\/wp-json\/wp\/v2\/product_tag?post=12028"}],"curies":[{"name":"wp","href":"https:\/\/api.w.org\/{rel}","templated":true}]}}