{"id":12040,"date":"2019-11-21T17:56:36","date_gmt":"2021-08-31T20:48:25","guid":{"rendered":"https:\/\/ruckstuhlsport.ch\/non%20class\u00e9\/haie-dentrainement-soft-junior\/"},"modified":"2023-12-30T10:38:38","modified_gmt":"2023-12-30T09:38:38","slug":"haie-entrainement-soft-junior","status":"publish","type":"product","link":"https:\/\/ruckstuhlsport.ch\/fr\/materiel-dentrainement\/entrainement-a-la-course\/haies-dentrainement\/haie-entrainement-soft-junior\/","title":{"rendered":"Haie d&rsquo;entra\u00eenement Soft Junior"},"content":{"rendered":"","protected":false},"excerpt":{"rendered":"<p>Gr\u00e2ce \u00e0 la traverse flexible (en caoutchouc), la haie r\u00e9duit consid\u00e9rablement le risque de blessure.<\/p>\n<ul>\n<li>barre transversale jaune fluo en caoutchouc<\/li>\n<li>jaune<\/li>\n<\/ul>\n","protected":false},"featured_media":6692,"template":"","meta":{"_crdt_document":"","_uag_custom_page_level_css":"","site-sidebar-layout":"default","site-content-layout":"default","ast-site-content-layout":"default","site-content-style":"default","site-sidebar-style":"default","ast-global-header-display":"","ast-banner-title-visibility":"","ast-main-header-display":"","ast-hfb-above-header-display":"","ast-hfb-below-header-display":"","ast-hfb-mobile-header-display":"","site-post-title":"","ast-breadcrumbs-content":"","ast-featured-img":"","footer-sml-layout":"","ast-disable-related-posts":"","theme-transparent-header-meta":"default","adv-header-id-meta":"","stick-header-meta":"default","header-above-stick-meta":"","header-main-stick-meta":"","header-below-stick-meta":"","astra-migrate-meta-layouts":"default","ast-page-background-enabled":"default","ast-page-background-meta":{"desktop":{"background-color":"","background-image":"","background-repeat":"repeat","background-position":"center center","background-size":"auto","background-attachment":"scroll","background-type":"","background-media":"","overlay-type":"","overlay-color":"","overlay-opacity":"","overlay-gradient":""},"tablet":{"background-color":"","background-image":"","background-repeat":"repeat","background-position":"center center","background-size":"auto","background-attachment":"scroll","background-type":"","background-media":"","overlay-type":"","overlay-color":"","overlay-opacity":"","overlay-gradient":""},"mobile":{"background-color":"","background-image":"","background-repeat":"repeat","background-position":"center center","background-size":"auto","background-attachment":"scroll","background-type":"","background-media":"","overlay-type":"","overlay-color":"","overlay-opacity":"","overlay-gradient":""}},"ast-content-background-meta":{"desktop":{"background-color":"var(--ast-global-color-5)","background-image":"","background-repeat":"repeat","background-position":"center center","background-size":"auto","background-attachment":"scroll","background-type":"","background-media":"","overlay-type":"","overlay-color":"","overlay-opacity":"","overlay-gradient":""},"tablet":{"background-color":"var(--ast-global-color-5)","background-image":"","background-repeat":"repeat","background-position":"center center","background-size":"auto","background-attachment":"scroll","background-type":"","background-media":"","overlay-type":"","overlay-color":"","overlay-opacity":"","overlay-gradient":""},"mobile":{"background-color":"var(--ast-global-color-5)","background-image":"","background-repeat":"repeat","background-position":"center center","background-size":"auto","background-attachment":"scroll","background-type":"","background-media":"","overlay-type":"","overlay-color":"","overlay-opacity":"","overlay-gradient":""}}},"product_brand":[],"product_cat":[932,933,937,969,938,940,941,942,943,1026,934,935,936],"product_tag":[],"class_list":{"0":"post-12040","1":"product","2":"type-product","3":"status-publish","4":"has-post-thumbnail","6":"product_cat-football","7":"product_cat-materiel-dentrainement-de-football","8":"product_cat-entrainement-de-course","9":"product_cat-haies-entrainement","10":"product_cat-handball","11":"product_cat-entrainement-de-handball","12":"product_cat-entrainement-de-course-handball","13":"product_cat-materiel-dentrainement","14":"product_cat-entrainement-a-la-course","15":"product_cat-haies-dentrainement","16":"product_cat-tennis","17":"product_cat-materiel-dentrainement-tennis","18":"product_cat-coordination","19":"product_shipping_class-defaut","20":"pa_ausfuehrung-seul","21":"pa_eigenschaft-barre-transversale-souple","22":"pa_hoehe-10-cm-fr","23":"pa_hoehe-20-cm-fr","24":"pa_hoehe-30-cm-fr","25":"desktop-align-center","26":"tablet-align-center","27":"mobile-align-center","28":"ast-product-gallery-layout-horizontal","29":"ast-product-gallery-with-no-image","30":"ast-product-single-variable","31":"ast-product-tabs-layout-horizontal","33":"first","34":"onbackorder","35":"taxable","36":"shipping-taxable","37":"purchasable","38":"product-type-variable"},"uagb_featured_image_src":{"full":["https:\/\/ruckstuhlsport.ch\/wp-content\/uploads\/trainingshuerden-set-soft-junior.jpg",600,398,false],"thumbnail":["https:\/\/ruckstuhlsport.ch\/wp-content\/uploads\/trainingshuerden-set-soft-junior-150x150.jpg",150,150,true],"medium":["https:\/\/ruckstuhlsport.ch\/wp-content\/uploads\/trainingshuerden-set-soft-junior-300x199.jpg",300,199,true],"medium_large":["https:\/\/ruckstuhlsport.ch\/wp-content\/uploads\/trainingshuerden-set-soft-junior.jpg",600,398,false],"large":["https:\/\/ruckstuhlsport.ch\/wp-content\/uploads\/trainingshuerden-set-soft-junior.jpg",600,398,false],"1536x1536":["https:\/\/ruckstuhlsport.ch\/wp-content\/uploads\/trainingshuerden-set-soft-junior.jpg",600,398,false],"2048x2048":["https:\/\/ruckstuhlsport.ch\/wp-content\/uploads\/trainingshuerden-set-soft-junior.jpg",600,398,false],"woocommerce_thumbnail":["https:\/\/ruckstuhlsport.ch\/wp-content\/uploads\/trainingshuerden-set-soft-junior-300x199.jpg",300,199,true],"woocommerce_single":["https:\/\/ruckstuhlsport.ch\/wp-content\/uploads\/trainingshuerden-set-soft-junior.jpg",600,398,false],"woocommerce_gallery_thumbnail":["https:\/\/ruckstuhlsport.ch\/wp-content\/uploads\/trainingshuerden-set-soft-junior-100x100.jpg",100,100,true],"wc_order_status_icon":["https:\/\/ruckstuhlsport.ch\/wp-content\/uploads\/trainingshuerden-set-soft-junior.jpg",32,21,false],"dgwt-wcas-product-suggestion":["https:\/\/ruckstuhlsport.ch\/wp-content\/uploads\/trainingshuerden-set-soft-junior-64x42.jpg",64,42,true]},"uagb_author_info":{"display_name":"admin","author_link":"https:\/\/ruckstuhlsport.ch\/fr\/author\/"},"uagb_comment_info":0,"uagb_excerpt":"Gr\u00e2ce \u00e0 la traverse flexible (en caoutchouc), la haie r\u00e9duit consid\u00e9rablement le risque de blessure. barre transversale jaune fluo en caoutchouc jaune","_links":{"self":[{"href":"https:\/\/ruckstuhlsport.ch\/fr\/wp-json\/wp\/v2\/product\/12040","targetHints":{"allow":["GET"]}}],"collection":[{"href":"https:\/\/ruckstuhlsport.ch\/fr\/wp-json\/wp\/v2\/product"}],"about":[{"href":"https:\/\/ruckstuhlsport.ch\/fr\/wp-json\/wp\/v2\/types\/product"}],"wp:featuredmedia":[{"embeddable":true,"href":"https:\/\/ruckstuhlsport.ch\/fr\/wp-json\/wp\/v2\/media\/6692"}],"wp:attachment":[{"href":"https:\/\/ruckstuhlsport.ch\/fr\/wp-json\/wp\/v2\/media?parent=12040"}],"wp:term":[{"taxonomy":"product_brand","embeddable":true,"href":"https:\/\/ruckstuhlsport.ch\/fr\/wp-json\/wp\/v2\/product_brand?post=12040"},{"taxonomy":"product_cat","embeddable":true,"href":"https:\/\/ruckstuhlsport.ch\/fr\/wp-json\/wp\/v2\/product_cat?post=12040"},{"taxonomy":"product_tag","embeddable":true,"href":"https:\/\/ruckstuhlsport.ch\/fr\/wp-json\/wp\/v2\/product_tag?post=12040"}],"curies":[{"name":"wp","href":"https:\/\/api.w.org\/{rel}","templated":true}]}}