{"id":12054,"date":"2019-11-21T17:33:56","date_gmt":"2019-11-21T16:33:56","guid":{"rendered":"https:\/\/ruckstuhlsport.ch\/non%20class\u00e9\/lot-haies-entrainement-soft-junior\/"},"modified":"2023-12-30T10:19:34","modified_gmt":"2023-12-30T09:19:34","slug":"lot-haies-entrainemnet-soft-junior","status":"publish","type":"product","link":"https:\/\/ruckstuhlsport.ch\/fr\/materiel-dentrainement\/entrainement-a-la-course\/haies-dentrainement\/lot-haies-entrainemnet-soft-junior\/","title":{"rendered":"lot-haies-entrainement-Soft-Junior"},"content":{"rendered":"<p>La particularit\u00e9 des haies d&rsquo;entra\u00eenement Soft Junior est la barre transversale souple en caoutchouc. Dans le cas de produits similaires, il s&rsquo;agit g\u00e9n\u00e9ralement de PVC dur. Comme il arrive que quelqu&rsquo;un tr\u00e9buche sur les haies lors d&rsquo;exercices de course \u00e0 pied, cela peut entra\u00eener des blessures. En utilisant les haies d&rsquo;entra\u00eenement Soft Junior, vous pouvez <strong>r\u00e9duire consid\u00e9rablement le risque de blessure<\/strong> .<\/p>\n<p>Les haies de la s\u00e9rie Soft Junior sont disponibles en <strong>hauteurs de 10cm, 20cm et 30cm<\/strong> . Avec cet kit, vous obtenez deux haies par hauteur et disposez ainsi d&rsquo;une bonne base pour le prochain entra\u00eenement de course \u00e0 pied. Si vous n&rsquo;avez besoin que d&rsquo;une seule hauteur, vous pouvez commander la <a href=\"https:\/\/ruckstuhlsport.ch\/fussball-platzausstattung-trainingsmaterial\/trainingshuerde-soft-junior\/\">haie d&rsquo;entra\u00eenement Soft Junior<\/a> individuellement dans la taille souhait\u00e9e.<\/p>\n","protected":false},"excerpt":{"rendered":"<p>Gr\u00e2ce \u00e0 la traverse flexible (en caoutchouc), la haie r\u00e9duit consid\u00e9rablement le risque de blessure.<\/p>\n<ul>\n<li>2 haies d&rsquo;entra\u00eenement par hauteur (10cm, 20cm, 30cm)<\/li>\n<li>barre transversale jaune fluo en caoutchouc<\/li>\n<li>\u00e9galement disponible \u00e0 l&rsquo;unit\u00e9 : <a href=\"https:\/\/ruckstuhlsport.ch\/fussball-platzausstattung-trainingsmaterial\/trainingshuerde-soft-junior\/\">haie d&rsquo;entra\u00eenement Soft Junior<\/a><\/li>\n<\/ul>\n","protected":false},"featured_media":6692,"template":"","meta":{"_crdt_document":"","_uag_custom_page_level_css":"","site-sidebar-layout":"default","site-content-layout":"default","ast-site-content-layout":"default","site-content-style":"default","site-sidebar-style":"default","ast-global-header-display":"","ast-banner-title-visibility":"","ast-main-header-display":"","ast-hfb-above-header-display":"","ast-hfb-below-header-display":"","ast-hfb-mobile-header-display":"","site-post-title":"","ast-breadcrumbs-content":"","ast-featured-img":"","footer-sml-layout":"","ast-disable-related-posts":"","theme-transparent-header-meta":"default","adv-header-id-meta":"","stick-header-meta":"default","header-above-stick-meta":"","header-main-stick-meta":"","header-below-stick-meta":"","astra-migrate-meta-layouts":"default","ast-page-background-enabled":"default","ast-page-background-meta":{"desktop":{"background-color":"","background-image":"","background-repeat":"repeat","background-position":"center center","background-size":"auto","background-attachment":"scroll","background-type":"","background-media":"","overlay-type":"","overlay-color":"","overlay-opacity":"","overlay-gradient":""},"tablet":{"background-color":"","background-image":"","background-repeat":"repeat","background-position":"center center","background-size":"auto","background-attachment":"scroll","background-type":"","background-media":"","overlay-type":"","overlay-color":"","overlay-opacity":"","overlay-gradient":""},"mobile":{"background-color":"","background-image":"","background-repeat":"repeat","background-position":"center center","background-size":"auto","background-attachment":"scroll","background-type":"","background-media":"","overlay-type":"","overlay-color":"","overlay-opacity":"","overlay-gradient":""}},"ast-content-background-meta":{"desktop":{"background-color":"var(--ast-global-color-5)","background-image":"","background-repeat":"repeat","background-position":"center center","background-size":"auto","background-attachment":"scroll","background-type":"","background-media":"","overlay-type":"","overlay-color":"","overlay-opacity":"","overlay-gradient":""},"tablet":{"background-color":"var(--ast-global-color-5)","background-image":"","background-repeat":"repeat","background-position":"center center","background-size":"auto","background-attachment":"scroll","background-type":"","background-media":"","overlay-type":"","overlay-color":"","overlay-opacity":"","overlay-gradient":""},"mobile":{"background-color":"var(--ast-global-color-5)","background-image":"","background-repeat":"repeat","background-position":"center center","background-size":"auto","background-attachment":"scroll","background-type":"","background-media":"","overlay-type":"","overlay-color":"","overlay-opacity":"","overlay-gradient":""}}},"product_brand":[],"product_cat":[1026,932,933,937,969,938,940,941,942,943,934,935,936],"product_tag":[],"class_list":{"0":"post-12054","1":"product","2":"type-product","3":"status-publish","4":"has-post-thumbnail","6":"product_cat-haies-dentrainement","7":"product_cat-football","8":"product_cat-materiel-dentrainement-de-football","9":"product_cat-entrainement-de-course","10":"product_cat-haies-entrainement","11":"product_cat-handball","12":"product_cat-entrainement-de-handball","13":"product_cat-entrainement-de-course-handball","14":"product_cat-materiel-dentrainement","15":"product_cat-entrainement-a-la-course","16":"product_cat-tennis","17":"product_cat-materiel-dentrainement-tennis","18":"product_cat-coordination","19":"product_shipping_class-defaut","20":"pa_ausfuehrung-kit","21":"pa_eigenschaft-barre-transversale-souple","22":"pa_hoehe-10-30-cm-fr","23":"desktop-align-center","24":"tablet-align-center","25":"mobile-align-center","26":"ast-product-gallery-layout-horizontal","27":"ast-product-gallery-with-no-image","28":"ast-product-tabs-layout-horizontal","30":"first","31":"onbackorder","32":"taxable","33":"shipping-taxable","34":"purchasable","35":"product-type-simple"},"uagb_featured_image_src":{"full":["https:\/\/ruckstuhlsport.ch\/wp-content\/uploads\/trainingshuerden-set-soft-junior.jpg",600,398,false],"thumbnail":["https:\/\/ruckstuhlsport.ch\/wp-content\/uploads\/trainingshuerden-set-soft-junior-150x150.jpg",150,150,true],"medium":["https:\/\/ruckstuhlsport.ch\/wp-content\/uploads\/trainingshuerden-set-soft-junior-300x199.jpg",300,199,true],"medium_large":["https:\/\/ruckstuhlsport.ch\/wp-content\/uploads\/trainingshuerden-set-soft-junior.jpg",600,398,false],"large":["https:\/\/ruckstuhlsport.ch\/wp-content\/uploads\/trainingshuerden-set-soft-junior.jpg",600,398,false],"1536x1536":["https:\/\/ruckstuhlsport.ch\/wp-content\/uploads\/trainingshuerden-set-soft-junior.jpg",600,398,false],"2048x2048":["https:\/\/ruckstuhlsport.ch\/wp-content\/uploads\/trainingshuerden-set-soft-junior.jpg",600,398,false],"woocommerce_thumbnail":["https:\/\/ruckstuhlsport.ch\/wp-content\/uploads\/trainingshuerden-set-soft-junior-300x199.jpg",300,199,true],"woocommerce_single":["https:\/\/ruckstuhlsport.ch\/wp-content\/uploads\/trainingshuerden-set-soft-junior.jpg",600,398,false],"woocommerce_gallery_thumbnail":["https:\/\/ruckstuhlsport.ch\/wp-content\/uploads\/trainingshuerden-set-soft-junior-100x100.jpg",100,100,true],"wc_order_status_icon":["https:\/\/ruckstuhlsport.ch\/wp-content\/uploads\/trainingshuerden-set-soft-junior.jpg",32,21,false],"dgwt-wcas-product-suggestion":["https:\/\/ruckstuhlsport.ch\/wp-content\/uploads\/trainingshuerden-set-soft-junior-64x42.jpg",64,42,true]},"uagb_author_info":{"display_name":"admin","author_link":"https:\/\/ruckstuhlsport.ch\/fr\/author\/"},"uagb_comment_info":0,"uagb_excerpt":"Gr\u00e2ce \u00e0 la traverse flexible (en caoutchouc), la haie r\u00e9duit consid\u00e9rablement le risque de blessure. 2 haies d'entra\u00eenement par hauteur (10cm, 20cm, 30cm) barre transversale jaune fluo en caoutchouc \u00e9galement disponible \u00e0 l'unit\u00e9 : haie d'entra\u00eenement Soft Junior","_links":{"self":[{"href":"https:\/\/ruckstuhlsport.ch\/fr\/wp-json\/wp\/v2\/product\/12054","targetHints":{"allow":["GET"]}}],"collection":[{"href":"https:\/\/ruckstuhlsport.ch\/fr\/wp-json\/wp\/v2\/product"}],"about":[{"href":"https:\/\/ruckstuhlsport.ch\/fr\/wp-json\/wp\/v2\/types\/product"}],"wp:featuredmedia":[{"embeddable":true,"href":"https:\/\/ruckstuhlsport.ch\/fr\/wp-json\/wp\/v2\/media\/6692"}],"wp:attachment":[{"href":"https:\/\/ruckstuhlsport.ch\/fr\/wp-json\/wp\/v2\/media?parent=12054"}],"wp:term":[{"taxonomy":"product_brand","embeddable":true,"href":"https:\/\/ruckstuhlsport.ch\/fr\/wp-json\/wp\/v2\/product_brand?post=12054"},{"taxonomy":"product_cat","embeddable":true,"href":"https:\/\/ruckstuhlsport.ch\/fr\/wp-json\/wp\/v2\/product_cat?post=12054"},{"taxonomy":"product_tag","embeddable":true,"href":"https:\/\/ruckstuhlsport.ch\/fr\/wp-json\/wp\/v2\/product_tag?post=12054"}],"curies":[{"name":"wp","href":"https:\/\/api.w.org\/{rel}","templated":true}]}}