{"id":12062,"date":"2019-11-21T17:33:56","date_gmt":"2019-11-21T16:33:56","guid":{"rendered":"https:\/\/ruckstuhlsport.ch\/non%20class\u00e9\/lot-de-haies-dentrainement-soft\/"},"modified":"2023-12-30T10:19:42","modified_gmt":"2023-12-30T09:19:42","slug":"lot-haies-entrainement-soft","status":"publish","type":"product","link":"https:\/\/ruckstuhlsport.ch\/fr\/materiel-dentrainement\/entrainement-a-la-course\/haies-dentrainement\/lot-haies-entrainement-soft\/","title":{"rendered":"Lot de haies d&rsquo;entra\u00eenement Soft"},"content":{"rendered":"<p>Les haies d&rsquo;entra\u00eenement Soft ont une barre transversale en caoutchouc. Cela minimise le risque de blessure par rapport aux haies conventionnelles qui ont une barre transversale en PVC. Si quelqu&rsquo;un tombe par-dessus la haie pendant les exercices de saut, il n&rsquo;y a ni douleur ni blessure.<\/p>\n<p>Les haies de la s\u00e9rie Soft sont disponible dans le<strong> Hauteurs 10cm, 20cm, 30cm, 40cm, 50cm et 60cm<\/strong>. Avec cet kit, vous obtenez deux haies par hauteur et disposez ainsi d&rsquo;une bonne base pour le prochain entra\u00eenement de course \u00e0 pied. Comme alternative, vous pouvez \u00e9galement commander des hauteurs individuelles de la<a href=\"https:\/\/ruckstuhlsport.ch\/fussball-platzausstattung-trainingsmaterial\/trainingshuerde-soft\/\"> Haie d&rsquo;entra\u00eenement Soft<\/a>.<\/p>\n","protected":false},"excerpt":{"rendered":"<p>Gr\u00e2ce \u00e0 la barre transversale flexible de cette haie, le risque de blessure est consid\u00e9rablement r\u00e9duit.<\/p>\n<ul>\n<li>2 haies d&rsquo;entra\u00eenement par hauteur (10cm, 20cm, 30cm, 40cm, 50cm, 60cm)<\/li>\n<li>barre transversale jaune fluo en caoutchouc<\/li>\n<li>\u00e9galement disponible \u00e0 l&rsquo;unit\u00e9 :<a href=\"https:\/\/ruckstuhlsport.ch\/fussball-platzausstattung-trainingsmaterial\/trainingshuerde-soft\/\"> Haie d&rsquo;entra\u00eenement douce<\/a><\/li>\n<\/ul>\n","protected":false},"featured_media":4007,"template":"","meta":{"_crdt_document":"","_uag_custom_page_level_css":"","site-sidebar-layout":"default","site-content-layout":"default","ast-site-content-layout":"default","site-content-style":"default","site-sidebar-style":"default","ast-global-header-display":"","ast-banner-title-visibility":"","ast-main-header-display":"","ast-hfb-above-header-display":"","ast-hfb-below-header-display":"","ast-hfb-mobile-header-display":"","site-post-title":"","ast-breadcrumbs-content":"","ast-featured-img":"","footer-sml-layout":"","ast-disable-related-posts":"","theme-transparent-header-meta":"default","adv-header-id-meta":"","stick-header-meta":"default","header-above-stick-meta":"","header-main-stick-meta":"","header-below-stick-meta":"","astra-migrate-meta-layouts":"default","ast-page-background-enabled":"default","ast-page-background-meta":{"desktop":{"background-color":"","background-image":"","background-repeat":"repeat","background-position":"center center","background-size":"auto","background-attachment":"scroll","background-type":"","background-media":"","overlay-type":"","overlay-color":"","overlay-opacity":"","overlay-gradient":""},"tablet":{"background-color":"","background-image":"","background-repeat":"repeat","background-position":"center center","background-size":"auto","background-attachment":"scroll","background-type":"","background-media":"","overlay-type":"","overlay-color":"","overlay-opacity":"","overlay-gradient":""},"mobile":{"background-color":"","background-image":"","background-repeat":"repeat","background-position":"center center","background-size":"auto","background-attachment":"scroll","background-type":"","background-media":"","overlay-type":"","overlay-color":"","overlay-opacity":"","overlay-gradient":""}},"ast-content-background-meta":{"desktop":{"background-color":"var(--ast-global-color-5)","background-image":"","background-repeat":"repeat","background-position":"center center","background-size":"auto","background-attachment":"scroll","background-type":"","background-media":"","overlay-type":"","overlay-color":"","overlay-opacity":"","overlay-gradient":""},"tablet":{"background-color":"var(--ast-global-color-5)","background-image":"","background-repeat":"repeat","background-position":"center center","background-size":"auto","background-attachment":"scroll","background-type":"","background-media":"","overlay-type":"","overlay-color":"","overlay-opacity":"","overlay-gradient":""},"mobile":{"background-color":"var(--ast-global-color-5)","background-image":"","background-repeat":"repeat","background-position":"center center","background-size":"auto","background-attachment":"scroll","background-type":"","background-media":"","overlay-type":"","overlay-color":"","overlay-opacity":"","overlay-gradient":""}}},"product_brand":[],"product_cat":[1026,932,933,937,969,938,940,941,942,943,934,935,936],"product_tag":[],"class_list":{"0":"post-12062","1":"product","2":"type-product","3":"status-publish","4":"has-post-thumbnail","6":"product_cat-haies-dentrainement","7":"product_cat-football","8":"product_cat-materiel-dentrainement-de-football","9":"product_cat-entrainement-de-course","10":"product_cat-haies-entrainement","11":"product_cat-handball","12":"product_cat-entrainement-de-handball","13":"product_cat-entrainement-de-course-handball","14":"product_cat-materiel-dentrainement","15":"product_cat-entrainement-a-la-course","16":"product_cat-tennis","17":"product_cat-materiel-dentrainement-tennis","18":"product_cat-coordination","19":"product_shipping_class-defaut","20":"pa_ausfuehrung-kit","21":"pa_hoehe-10-60-cm-fr","22":"desktop-align-center","23":"tablet-align-center","24":"mobile-align-center","25":"ast-product-gallery-layout-horizontal","26":"ast-product-gallery-with-no-image","27":"ast-product-tabs-layout-horizontal","29":"first","30":"onbackorder","31":"taxable","32":"shipping-taxable","33":"purchasable","34":"product-type-simple"},"uagb_featured_image_src":{"full":["https:\/\/ruckstuhlsport.ch\/wp-content\/uploads\/trainingshuerde-set-soft-1-TEF3810.jpg",600,600,false],"thumbnail":["https:\/\/ruckstuhlsport.ch\/wp-content\/uploads\/trainingshuerde-set-soft-1-TEF3810-150x150.jpg",150,150,true],"medium":["https:\/\/ruckstuhlsport.ch\/wp-content\/uploads\/trainingshuerde-set-soft-1-TEF3810-300x300.jpg",300,300,true],"medium_large":["https:\/\/ruckstuhlsport.ch\/wp-content\/uploads\/trainingshuerde-set-soft-1-TEF3810.jpg",600,600,false],"large":["https:\/\/ruckstuhlsport.ch\/wp-content\/uploads\/trainingshuerde-set-soft-1-TEF3810.jpg",600,600,false],"1536x1536":["https:\/\/ruckstuhlsport.ch\/wp-content\/uploads\/trainingshuerde-set-soft-1-TEF3810.jpg",600,600,false],"2048x2048":["https:\/\/ruckstuhlsport.ch\/wp-content\/uploads\/trainingshuerde-set-soft-1-TEF3810.jpg",600,600,false],"woocommerce_thumbnail":["https:\/\/ruckstuhlsport.ch\/wp-content\/uploads\/trainingshuerde-set-soft-1-TEF3810-300x300.jpg",300,300,true],"woocommerce_single":["https:\/\/ruckstuhlsport.ch\/wp-content\/uploads\/trainingshuerde-set-soft-1-TEF3810.jpg",600,600,false],"woocommerce_gallery_thumbnail":["https:\/\/ruckstuhlsport.ch\/wp-content\/uploads\/trainingshuerde-set-soft-1-TEF3810-100x100.jpg",100,100,true],"wc_order_status_icon":["https:\/\/ruckstuhlsport.ch\/wp-content\/uploads\/trainingshuerde-set-soft-1-TEF3810.jpg",32,32,false],"dgwt-wcas-product-suggestion":["https:\/\/ruckstuhlsport.ch\/wp-content\/uploads\/trainingshuerde-set-soft-1-TEF3810-64x64.jpg",64,64,true]},"uagb_author_info":{"display_name":"admin","author_link":"https:\/\/ruckstuhlsport.ch\/fr\/author\/"},"uagb_comment_info":0,"uagb_excerpt":"Gr\u00e2ce \u00e0 la barre transversale flexible de cette haie, le risque de blessure est consid\u00e9rablement r\u00e9duit. 2 haies d'entra\u00eenement par hauteur (10cm, 20cm, 30cm, 40cm, 50cm, 60cm) barre transversale jaune fluo en caoutchouc \u00e9galement disponible \u00e0 l'unit\u00e9 : Haie d'entra\u00eenement douce","_links":{"self":[{"href":"https:\/\/ruckstuhlsport.ch\/fr\/wp-json\/wp\/v2\/product\/12062","targetHints":{"allow":["GET"]}}],"collection":[{"href":"https:\/\/ruckstuhlsport.ch\/fr\/wp-json\/wp\/v2\/product"}],"about":[{"href":"https:\/\/ruckstuhlsport.ch\/fr\/wp-json\/wp\/v2\/types\/product"}],"wp:featuredmedia":[{"embeddable":true,"href":"https:\/\/ruckstuhlsport.ch\/fr\/wp-json\/wp\/v2\/media\/4007"}],"wp:attachment":[{"href":"https:\/\/ruckstuhlsport.ch\/fr\/wp-json\/wp\/v2\/media?parent=12062"}],"wp:term":[{"taxonomy":"product_brand","embeddable":true,"href":"https:\/\/ruckstuhlsport.ch\/fr\/wp-json\/wp\/v2\/product_brand?post=12062"},{"taxonomy":"product_cat","embeddable":true,"href":"https:\/\/ruckstuhlsport.ch\/fr\/wp-json\/wp\/v2\/product_cat?post=12062"},{"taxonomy":"product_tag","embeddable":true,"href":"https:\/\/ruckstuhlsport.ch\/fr\/wp-json\/wp\/v2\/product_tag?post=12062"}],"curies":[{"name":"wp","href":"https:\/\/api.w.org\/{rel}","templated":true}]}}