{"id":12140,"date":"2021-03-31T11:35:52","date_gmt":"2021-03-31T09:35:52","guid":{"rendered":"https:\/\/ruckstuhlsport.ch\/unkategorisiert\/poubelle-pro-35-litres-bleu\/"},"modified":"2026-02-11T12:37:39","modified_gmt":"2026-02-11T11:37:39","slug":"poubelle-pro-35litres-bleu","status":"publish","type":"product","link":"https:\/\/ruckstuhlsport.ch\/fr\/football\/equipment-installations-foot\/poubelles\/poubelle-pro-35litres-bleu\/","title":{"rendered":"Poubelle Pro, 35 litres, bleu"},"content":{"rendered":"","protected":false},"excerpt":{"rendered":"<ul>\n<li>poubelle robuste et r\u00e9sistante aux chocs<\/li>\n<li>R\u00e9sistant aux UV<\/li>\n<li>peut \u00eatre combin\u00e9 avec diverses options de montage<\/li>\n<li>diff\u00e9rents couvercles disponible en option<\/li>\n<li>permet une vidange facile<\/li>\n<\/ul>\n","protected":false},"featured_media":10300,"template":"","meta":{"_crdt_document":"","_uag_custom_page_level_css":"","site-sidebar-layout":"default","site-content-layout":"default","ast-site-content-layout":"default","site-content-style":"default","site-sidebar-style":"default","ast-global-header-display":"","ast-banner-title-visibility":"","ast-main-header-display":"","ast-hfb-above-header-display":"","ast-hfb-below-header-display":"","ast-hfb-mobile-header-display":"","site-post-title":"","ast-breadcrumbs-content":"","ast-featured-img":"","footer-sml-layout":"","ast-disable-related-posts":"","theme-transparent-header-meta":"default","adv-header-id-meta":"","stick-header-meta":"default","header-above-stick-meta":"","header-main-stick-meta":"","header-below-stick-meta":"","astra-migrate-meta-layouts":"default","ast-page-background-enabled":"default","ast-page-background-meta":{"desktop":{"background-color":"","background-image":"","background-repeat":"repeat","background-position":"center center","background-size":"auto","background-attachment":"scroll","background-type":"","background-media":"","overlay-type":"","overlay-color":"","overlay-opacity":"","overlay-gradient":""},"tablet":{"background-color":"","background-image":"","background-repeat":"repeat","background-position":"center center","background-size":"auto","background-attachment":"scroll","background-type":"","background-media":"","overlay-type":"","overlay-color":"","overlay-opacity":"","overlay-gradient":""},"mobile":{"background-color":"","background-image":"","background-repeat":"repeat","background-position":"center center","background-size":"auto","background-attachment":"scroll","background-type":"","background-media":"","overlay-type":"","overlay-color":"","overlay-opacity":"","overlay-gradient":""}},"ast-content-background-meta":{"desktop":{"background-color":"var(--ast-global-color-5)","background-image":"","background-repeat":"repeat","background-position":"center center","background-size":"auto","background-attachment":"scroll","background-type":"","background-media":"","overlay-type":"","overlay-color":"","overlay-opacity":"","overlay-gradient":""},"tablet":{"background-color":"var(--ast-global-color-5)","background-image":"","background-repeat":"repeat","background-position":"center center","background-size":"auto","background-attachment":"scroll","background-type":"","background-media":"","overlay-type":"","overlay-color":"","overlay-opacity":"","overlay-gradient":""},"mobile":{"background-color":"var(--ast-global-color-5)","background-image":"","background-repeat":"repeat","background-position":"center center","background-size":"auto","background-attachment":"scroll","background-type":"","background-media":"","overlay-type":"","overlay-color":"","overlay-opacity":"","overlay-gradient":""}}},"product_brand":[],"product_cat":[960,932,1045,934,1046,1047],"product_tag":[],"class_list":{"0":"post-12140","1":"product","2":"type-product","3":"status-publish","4":"has-post-thumbnail","6":"product_cat-poubelles","7":"product_cat-football","8":"product_cat-equipment-installations-foot","9":"product_cat-tennis","10":"product_cat-equipment-installations-sportives-fr","11":"product_cat-poubelles-installations-sportives","12":"product_shipping_class-defaut","13":"pa_befestigungsset-montage-mural","14":"pa_befestigungsset-montage-sur-poteau","15":"pa_befestigungsset-support","16":"pa_befestigungsset-sans","17":"pa_deckeloeffnung-dechets","18":"pa_deckeloeffnung-ferme","19":"pa_deckeloeffnung-pet-fr","20":"pa_deckeloeffnung-sans-couvercle","21":"pa_farbe-allemagne","22":"pa_farbe-alu-fr","23":"pa_farbe-anodise","24":"pa_farbe-anthracite","25":"pa_farbe-aspect-bois","26":"pa_farbe-beige-fr","27":"pa_farbe-blanc","28":"pa_farbe-blanc-fr","29":"pa_farbe-blanc-bleu","30":"pa_farbe-blanc-noir","31":"pa_farbe-blanc-rouge","32":"pa_farbe-blanc-vert","33":"pa_farbe-blanc-rouge-fr","34":"pa_farbe-bleu","35":"pa_farbe-bleu-fr","36":"pa_farbe-bleu-blanc","37":"pa_farbe-bleu-jaune","38":"pa_farbe-bleu-jaune-blanc-orange","39":"pa_farbe-bleu-rouge","40":"pa_farbe-bleu-vert","41":"pa_farbe-bleu-clair","42":"pa_farbe-bleu-fonce-fr","43":"pa_farbe-bleu-fonce","44":"pa_farbe-brun","45":"pa_farbe-danemark","46":"pa_farbe-en-acier","47":"pa_farbe-finlande","48":"pa_farbe-galvanise","49":"pa_farbe-gris-fr","50":"pa_farbe-gris","51":"pa_farbe-jaune-fr","52":"pa_farbe-jaune","53":"pa_farbe-jaune-noir","54":"pa_farbe-jaune-orange","55":"pa_farbe-jaune-rouge","56":"pa_farbe-jaune-rouge-blanc-bleu","57":"pa_farbe-jaune-fluo","58":"pa_farbe-jaune-fonce","59":"pa_farbe-noir-fr","60":"pa_farbe-noir","61":"pa_farbe-noir-blanc","62":"pa_farbe-noir-gris","63":"pa_farbe-orange-fr","64":"pa_farbe-orange-blanc","65":"pa_farbe-orange-jaune","66":"pa_farbe-orange-fluo","67":"pa_farbe-rose","68":"pa_farbe-rose-fr","69":"pa_farbe-rose-fluo","70":"pa_farbe-rouge","71":"pa_farbe-rouge-fr","72":"pa_farbe-rouge-blanc","73":"pa_farbe-rouge-noir","74":"pa_farbe-rouge-fonce","75":"pa_farbe-rouge-blanc-fr","76":"pa_farbe-rouge-orange-fluo","77":"pa_farbe-suedois","78":"pa_farbe-suisse","79":"pa_farbe-vert","80":"pa_farbe-vert-fr","81":"pa_farbe-vert-blanc","82":"pa_farbe-vert-fluorescent","83":"pa_farbe-vert-fonce","84":"pa_farbe-violet","85":"pa_kapazitaet-35-litres","86":"pa_material-plastique","87":"desktop-align-center","88":"tablet-align-center","89":"mobile-align-center","90":"ast-product-gallery-layout-horizontal","91":"ast-product-gallery-with-no-image","92":"ast-product-single-variable","93":"ast-product-tabs-layout-horizontal","95":"first","96":"onbackorder","97":"taxable","98":"shipping-taxable","99":"purchasable","100":"product-type-variable"},"uagb_featured_image_src":{"full":["https:\/\/ruckstuhlsport.ch\/wp-content\/uploads\/abfalleimer-pro-35-liter-blau.jpg",600,600,false],"thumbnail":["https:\/\/ruckstuhlsport.ch\/wp-content\/uploads\/abfalleimer-pro-35-liter-blau-150x150.jpg",150,150,true],"medium":["https:\/\/ruckstuhlsport.ch\/wp-content\/uploads\/abfalleimer-pro-35-liter-blau-300x300.jpg",300,300,true],"medium_large":["https:\/\/ruckstuhlsport.ch\/wp-content\/uploads\/abfalleimer-pro-35-liter-blau.jpg",600,600,false],"large":["https:\/\/ruckstuhlsport.ch\/wp-content\/uploads\/abfalleimer-pro-35-liter-blau.jpg",600,600,false],"1536x1536":["https:\/\/ruckstuhlsport.ch\/wp-content\/uploads\/abfalleimer-pro-35-liter-blau.jpg",600,600,false],"2048x2048":["https:\/\/ruckstuhlsport.ch\/wp-content\/uploads\/abfalleimer-pro-35-liter-blau.jpg",600,600,false],"woocommerce_thumbnail":["https:\/\/ruckstuhlsport.ch\/wp-content\/uploads\/abfalleimer-pro-35-liter-blau-300x300.jpg",300,300,true],"woocommerce_single":["https:\/\/ruckstuhlsport.ch\/wp-content\/uploads\/abfalleimer-pro-35-liter-blau.jpg",600,600,false],"woocommerce_gallery_thumbnail":["https:\/\/ruckstuhlsport.ch\/wp-content\/uploads\/abfalleimer-pro-35-liter-blau-100x100.jpg",100,100,true],"wc_order_status_icon":["https:\/\/ruckstuhlsport.ch\/wp-content\/uploads\/abfalleimer-pro-35-liter-blau.jpg",32,32,false],"dgwt-wcas-product-suggestion":["https:\/\/ruckstuhlsport.ch\/wp-content\/uploads\/abfalleimer-pro-35-liter-blau-64x64.jpg",64,64,true]},"uagb_author_info":{"display_name":"admin","author_link":"https:\/\/ruckstuhlsport.ch\/fr\/author\/"},"uagb_comment_info":0,"uagb_excerpt":"poubelle robuste et r\u00e9sistante aux chocs R\u00e9sistant aux UV peut \u00eatre combin\u00e9 avec diverses options de montage diff\u00e9rents couvercles disponible en option permet une vidange facile","_links":{"self":[{"href":"https:\/\/ruckstuhlsport.ch\/fr\/wp-json\/wp\/v2\/product\/12140","targetHints":{"allow":["GET"]}}],"collection":[{"href":"https:\/\/ruckstuhlsport.ch\/fr\/wp-json\/wp\/v2\/product"}],"about":[{"href":"https:\/\/ruckstuhlsport.ch\/fr\/wp-json\/wp\/v2\/types\/product"}],"wp:featuredmedia":[{"embeddable":true,"href":"https:\/\/ruckstuhlsport.ch\/fr\/wp-json\/wp\/v2\/media\/10300"}],"wp:attachment":[{"href":"https:\/\/ruckstuhlsport.ch\/fr\/wp-json\/wp\/v2\/media?parent=12140"}],"wp:term":[{"taxonomy":"product_brand","embeddable":true,"href":"https:\/\/ruckstuhlsport.ch\/fr\/wp-json\/wp\/v2\/product_brand?post=12140"},{"taxonomy":"product_cat","embeddable":true,"href":"https:\/\/ruckstuhlsport.ch\/fr\/wp-json\/wp\/v2\/product_cat?post=12140"},{"taxonomy":"product_tag","embeddable":true,"href":"https:\/\/ruckstuhlsport.ch\/fr\/wp-json\/wp\/v2\/product_tag?post=12140"}],"curies":[{"name":"wp","href":"https:\/\/api.w.org\/{rel}","templated":true}]}}