{"id":12166,"date":"2020-09-17T13:29:11","date_gmt":"2020-09-17T11:29:11","guid":{"rendered":"https:\/\/ruckstuhlsport.ch\/unkategorisiert\/poubelle-76-l\/"},"modified":"2023-12-30T10:39:07","modified_gmt":"2023-12-30T09:39:07","slug":"poubelle-76l","status":"publish","type":"product","link":"https:\/\/ruckstuhlsport.ch\/fr\/football\/equipment-installations-foot\/poubelles\/poubelle-76l\/","title":{"rendered":"Poubelle, 76 L"},"content":{"rendered":"","protected":false},"excerpt":{"rendered":"<ul>\n<li>Poubelle en m\u00e9tal avec une capacit\u00e9 de 76 litres<\/li>\n<li>Disponible avec une pointe ou une base ronde<\/li>\n<li><a href=\"https:\/\/ruckstuhlsport.ch\/shop\/unkategorisiert\/abfallkorb-34-l\/#zubehoer-anchor\">Couvercle et couvercle \u00e0 d\u00e9chets<\/a> vendus s\u00e9par\u00e9ment<\/li>\n<\/ul>\n","protected":false},"featured_media":9515,"template":"","meta":{"_crdt_document":"","_uag_custom_page_level_css":"","site-sidebar-layout":"default","site-content-layout":"default","ast-site-content-layout":"default","site-content-style":"default","site-sidebar-style":"default","ast-global-header-display":"","ast-banner-title-visibility":"","ast-main-header-display":"","ast-hfb-above-header-display":"","ast-hfb-below-header-display":"","ast-hfb-mobile-header-display":"","site-post-title":"","ast-breadcrumbs-content":"","ast-featured-img":"","footer-sml-layout":"","ast-disable-related-posts":"","theme-transparent-header-meta":"default","adv-header-id-meta":"","stick-header-meta":"default","header-above-stick-meta":"","header-main-stick-meta":"","header-below-stick-meta":"","astra-migrate-meta-layouts":"default","ast-page-background-enabled":"default","ast-page-background-meta":{"desktop":{"background-color":"","background-image":"","background-repeat":"repeat","background-position":"center center","background-size":"auto","background-attachment":"scroll","background-type":"","background-media":"","overlay-type":"","overlay-color":"","overlay-opacity":"","overlay-gradient":""},"tablet":{"background-color":"","background-image":"","background-repeat":"repeat","background-position":"center center","background-size":"auto","background-attachment":"scroll","background-type":"","background-media":"","overlay-type":"","overlay-color":"","overlay-opacity":"","overlay-gradient":""},"mobile":{"background-color":"","background-image":"","background-repeat":"repeat","background-position":"center center","background-size":"auto","background-attachment":"scroll","background-type":"","background-media":"","overlay-type":"","overlay-color":"","overlay-opacity":"","overlay-gradient":""}},"ast-content-background-meta":{"desktop":{"background-color":"var(--ast-global-color-5)","background-image":"","background-repeat":"repeat","background-position":"center center","background-size":"auto","background-attachment":"scroll","background-type":"","background-media":"","overlay-type":"","overlay-color":"","overlay-opacity":"","overlay-gradient":""},"tablet":{"background-color":"var(--ast-global-color-5)","background-image":"","background-repeat":"repeat","background-position":"center center","background-size":"auto","background-attachment":"scroll","background-type":"","background-media":"","overlay-type":"","overlay-color":"","overlay-opacity":"","overlay-gradient":""},"mobile":{"background-color":"var(--ast-global-color-5)","background-image":"","background-repeat":"repeat","background-position":"center center","background-size":"auto","background-attachment":"scroll","background-type":"","background-media":"","overlay-type":"","overlay-color":"","overlay-opacity":"","overlay-gradient":""}}},"product_brand":[],"product_cat":[960,932,1045,934,1046,1047],"product_tag":[],"class_list":{"0":"post-12166","1":"product","2":"type-product","3":"status-publish","4":"has-post-thumbnail","6":"product_cat-poubelles","7":"product_cat-football","8":"product_cat-equipment-installations-foot","9":"product_cat-tennis","10":"product_cat-equipment-installations-sportives-fr","11":"product_cat-poubelles-installations-sportives","12":"pa_befestigung-ancre-au-sol","13":"pa_befestigung-embase","14":"pa_farbe-bleu","15":"pa_farbe-noir","16":"pa_farbe-rouge","17":"pa_farbe-vert","18":"pa_kapazitaet-76-litres","19":"pa_material-metal","20":"desktop-align-center","21":"tablet-align-center","22":"mobile-align-center","23":"ast-product-gallery-layout-horizontal","24":"ast-product-gallery-with-no-image","25":"ast-product-single-variable","26":"ast-product-tabs-layout-horizontal","28":"first","29":"onbackorder","30":"taxable","31":"shipping-taxable","32":"purchasable","33":"product-type-variable"},"uagb_featured_image_src":{"full":["https:\/\/ruckstuhlsport.ch\/wp-content\/uploads\/abfallkorb-76l-gruen.jpg",600,600,false],"thumbnail":["https:\/\/ruckstuhlsport.ch\/wp-content\/uploads\/abfallkorb-76l-gruen-150x150.jpg",150,150,true],"medium":["https:\/\/ruckstuhlsport.ch\/wp-content\/uploads\/abfallkorb-76l-gruen-300x300.jpg",300,300,true],"medium_large":["https:\/\/ruckstuhlsport.ch\/wp-content\/uploads\/abfallkorb-76l-gruen.jpg",600,600,false],"large":["https:\/\/ruckstuhlsport.ch\/wp-content\/uploads\/abfallkorb-76l-gruen.jpg",600,600,false],"1536x1536":["https:\/\/ruckstuhlsport.ch\/wp-content\/uploads\/abfallkorb-76l-gruen.jpg",600,600,false],"2048x2048":["https:\/\/ruckstuhlsport.ch\/wp-content\/uploads\/abfallkorb-76l-gruen.jpg",600,600,false],"woocommerce_thumbnail":["https:\/\/ruckstuhlsport.ch\/wp-content\/uploads\/abfallkorb-76l-gruen-300x300.jpg",300,300,true],"woocommerce_single":["https:\/\/ruckstuhlsport.ch\/wp-content\/uploads\/abfallkorb-76l-gruen.jpg",600,600,false],"woocommerce_gallery_thumbnail":["https:\/\/ruckstuhlsport.ch\/wp-content\/uploads\/abfallkorb-76l-gruen-100x100.jpg",100,100,true],"wc_order_status_icon":["https:\/\/ruckstuhlsport.ch\/wp-content\/uploads\/abfallkorb-76l-gruen.jpg",32,32,false],"dgwt-wcas-product-suggestion":["https:\/\/ruckstuhlsport.ch\/wp-content\/uploads\/abfallkorb-76l-gruen-64x64.jpg",64,64,true]},"uagb_author_info":{"display_name":"admin","author_link":"https:\/\/ruckstuhlsport.ch\/fr\/author\/"},"uagb_comment_info":0,"uagb_excerpt":"Poubelle en m\u00e9tal avec une capacit\u00e9 de 76 litres Disponible avec une pointe ou une base ronde Couvercle et couvercle \u00e0 d\u00e9chets vendus s\u00e9par\u00e9ment","_links":{"self":[{"href":"https:\/\/ruckstuhlsport.ch\/fr\/wp-json\/wp\/v2\/product\/12166","targetHints":{"allow":["GET"]}}],"collection":[{"href":"https:\/\/ruckstuhlsport.ch\/fr\/wp-json\/wp\/v2\/product"}],"about":[{"href":"https:\/\/ruckstuhlsport.ch\/fr\/wp-json\/wp\/v2\/types\/product"}],"wp:featuredmedia":[{"embeddable":true,"href":"https:\/\/ruckstuhlsport.ch\/fr\/wp-json\/wp\/v2\/media\/9515"}],"wp:attachment":[{"href":"https:\/\/ruckstuhlsport.ch\/fr\/wp-json\/wp\/v2\/media?parent=12166"}],"wp:term":[{"taxonomy":"product_brand","embeddable":true,"href":"https:\/\/ruckstuhlsport.ch\/fr\/wp-json\/wp\/v2\/product_brand?post=12166"},{"taxonomy":"product_cat","embeddable":true,"href":"https:\/\/ruckstuhlsport.ch\/fr\/wp-json\/wp\/v2\/product_cat?post=12166"},{"taxonomy":"product_tag","embeddable":true,"href":"https:\/\/ruckstuhlsport.ch\/fr\/wp-json\/wp\/v2\/product_tag?post=12166"}],"curies":[{"name":"wp","href":"https:\/\/api.w.org\/{rel}","templated":true}]}}