{"id":12221,"date":"2021-02-10T13:38:56","date_gmt":"2021-09-02T06:29:23","guid":{"rendered":"https:\/\/ruckstuhlsport.ch\/non%20class\u00e9\/nettoyeur-de-chaussures-heavy\/"},"modified":"2025-09-19T07:54:40","modified_gmt":"2025-09-19T05:54:40","slug":"nettoyeur-chaussures-avec-grille-heavy","status":"publish","type":"product","link":"https:\/\/ruckstuhlsport.ch\/fr\/football\/equipment-installations-foot\/nettoyeurs-de-chaussures-football\/nettoyeur-chaussures-avec-grille-heavy\/","title":{"rendered":"Nettoyeur de chaussures Heavy"},"content":{"rendered":"","protected":false},"excerpt":{"rendered":"<p>Le caillebotis galvanis\u00e9, de 57 x 30 x 20 cm (L x l x h), offre une solution robuste et durable pour le nettoyage en profondeur des chaussures.<\/p>\n<ul>\n<li>Cr\u00e9ez votre propre nettoyeur de chaussures<\/li>\n<li>Grille galvanis\u00e9e pour une stabilit\u00e9 maximale<\/li>\n<li>Peut \u00eatre viss\u00e9 au sol pour une s\u00e9curit\u00e9 accrue<\/li>\n<li>Version extra-lourde d&rsquo;un poids d&rsquo;environ 9,5 kg<\/li>\n<\/ul>\n<p>Id\u00e9al pour les personnes qui accordent de l&rsquo;importance \u00e0 la qualit\u00e9 et \u00e0 la fonctionnalit\u00e9. Le nettoyeur de chaussures Heavy est un outil indispensable pour garder vos installations sportives propres et bien entretenues. <\/p>\n","protected":false},"featured_media":9039,"template":"","meta":{"_crdt_document":"","_uag_custom_page_level_css":"","site-sidebar-layout":"default","site-content-layout":"default","ast-site-content-layout":"default","site-content-style":"default","site-sidebar-style":"default","ast-global-header-display":"","ast-banner-title-visibility":"","ast-main-header-display":"","ast-hfb-above-header-display":"","ast-hfb-below-header-display":"","ast-hfb-mobile-header-display":"","site-post-title":"","ast-breadcrumbs-content":"","ast-featured-img":"","footer-sml-layout":"","ast-disable-related-posts":"","theme-transparent-header-meta":"default","adv-header-id-meta":"","stick-header-meta":"default","header-above-stick-meta":"","header-main-stick-meta":"","header-below-stick-meta":"","astra-migrate-meta-layouts":"set","ast-page-background-enabled":"default","ast-page-background-meta":{"desktop":{"background-color":"","background-image":"","background-repeat":"repeat","background-position":"center center","background-size":"auto","background-attachment":"scroll","background-type":"","background-media":"","overlay-type":"","overlay-color":"","overlay-opacity":"","overlay-gradient":""},"tablet":{"background-color":"","background-image":"","background-repeat":"repeat","background-position":"center center","background-size":"auto","background-attachment":"scroll","background-type":"","background-media":"","overlay-type":"","overlay-color":"","overlay-opacity":"","overlay-gradient":""},"mobile":{"background-color":"","background-image":"","background-repeat":"repeat","background-position":"center center","background-size":"auto","background-attachment":"scroll","background-type":"","background-media":"","overlay-type":"","overlay-color":"","overlay-opacity":"","overlay-gradient":""}},"ast-content-background-meta":{"desktop":{"background-color":"var(--ast-global-color-5)","background-image":"","background-repeat":"repeat","background-position":"center center","background-size":"auto","background-attachment":"scroll","background-type":"","background-media":"","overlay-type":"","overlay-color":"","overlay-opacity":"","overlay-gradient":""},"tablet":{"background-color":"var(--ast-global-color-5)","background-image":"","background-repeat":"repeat","background-position":"center center","background-size":"auto","background-attachment":"scroll","background-type":"","background-media":"","overlay-type":"","overlay-color":"","overlay-opacity":"","overlay-gradient":""},"mobile":{"background-color":"var(--ast-global-color-5)","background-image":"","background-repeat":"repeat","background-position":"center center","background-size":"auto","background-attachment":"scroll","background-type":"","background-media":"","overlay-type":"","overlay-color":"","overlay-opacity":"","overlay-gradient":""}}},"product_brand":[],"product_cat":[964,932,1045,934,1135],"product_tag":[],"class_list":{"0":"post-12221","1":"product","2":"type-product","3":"status-publish","4":"has-post-thumbnail","6":"product_cat-nettoyeurs-de-chaussures-football","7":"product_cat-football","8":"product_cat-equipment-installations-foot","9":"product_cat-tennis","10":"product_cat-nettoyeurs-de-chaussures-tennis","11":"product_shipping_class-defaut","12":"pa_bodenbuerste2-blanc","13":"pa_bodenbuerste2-bleu","14":"pa_bodenbuerste2-bleu-blanc","15":"pa_bodenbuerste2-bleu-blanc-bleu","16":"pa_bodenbuerste2-bleu-jaune","17":"pa_bodenbuerste2-bleu-jaune-bleu","18":"pa_bodenbuerste2-bleu-rouge","19":"pa_bodenbuerste2-bleu-rouge-bleu","20":"pa_bodenbuerste2-danemark","21":"pa_bodenbuerste2-finlande","22":"pa_bodenbuerste2-jaune","23":"pa_bodenbuerste2-noir","24":"pa_bodenbuerste2-noir-vert-clair","25":"pa_bodenbuerste2-noir-blanc","26":"pa_bodenbuerste2-noir-jaune","27":"pa_bodenbuerste2-noir-jaune-noir","28":"pa_bodenbuerste2-noir-orange","29":"pa_bodenbuerste2-noir-rouge","30":"pa_bodenbuerste2-orange-fr","31":"pa_bodenbuerste2-orange-blanc","32":"pa_bodenbuerste2-orange-blanc-orange","33":"pa_bodenbuerste2-orange-noir-orange","34":"pa_bodenbuerste2-rouge","35":"pa_bodenbuerste2-rouge-blanc","36":"pa_bodenbuerste2-rouge-blanc-rouge","37":"pa_bodenbuerste2-suede","38":"pa_bodenbuerste2-suisse","39":"pa_bodenbuerste2-vert-clair","40":"pa_bodenbuerste2-vert-clair-blanc","41":"pa_bodenbuerste2-vert-clair-blanc-vert-clair","42":"pa_bodenbuerste2-vert-fonce","43":"pa_bodenbuerste2-violet","44":"pa_bodenbuerste2-violet-blanc","45":"pa_bodenbuerste2-violet-blanc-violet","46":"pa_seitenbuerste-blanc","47":"pa_seitenbuerste-bleu","48":"pa_seitenbuerste-bleu-blanc","49":"pa_seitenbuerste-bleu-blanc-bleu","50":"pa_seitenbuerste-bleu-jaune","51":"pa_seitenbuerste-bleu-jaune-bleu","52":"pa_seitenbuerste-bleu-rouge","53":"pa_seitenbuerste-bleu-rouge-bleu","54":"pa_seitenbuerste-danemark","55":"pa_seitenbuerste-finlande","56":"pa_seitenbuerste-jaune","57":"pa_seitenbuerste-noir","58":"pa_seitenbuerste-noir-vert-clair","59":"pa_seitenbuerste-noir-blanc","60":"pa_seitenbuerste-noir-jaune","61":"pa_seitenbuerste-noir-jaune-noir","62":"pa_seitenbuerste-noir-orange","63":"pa_seitenbuerste-noir-rouge","64":"pa_seitenbuerste-orange-fr","65":"pa_seitenbuerste-orange-blanc","66":"pa_seitenbuerste-orange-blanc-orange","67":"pa_seitenbuerste-orange-noir-orange","68":"pa_seitenbuerste-rouge","69":"pa_seitenbuerste-rouge-blanc","70":"pa_seitenbuerste-rouge-blanc-rouge","71":"pa_seitenbuerste-suede","72":"pa_seitenbuerste-suisse","73":"pa_seitenbuerste-vert-clair","74":"pa_seitenbuerste-vert-clair-blanc","75":"pa_seitenbuerste-vert-clair-blanc-vert-clair","76":"pa_seitenbuerste-vert-fonce","77":"pa_seitenbuerste-violet","78":"pa_seitenbuerste-violet-blanc","79":"pa_seitenbuerste-violet-blanc-violet","80":"pa_typ-nettoyeurs-de-chaussures-simple","81":"desktop-align-center","82":"tablet-align-center","83":"mobile-align-center","84":"ast-product-gallery-layout-horizontal","85":"ast-product-gallery-with-no-image","86":"ast-product-single-variable","87":"ast-product-tabs-layout-horizontal","89":"first","90":"onbackorder","91":"taxable","92":"shipping-taxable","93":"purchasable","94":"product-type-variable"},"uagb_featured_image_src":{"full":["https:\/\/ruckstuhlsport.ch\/wp-content\/uploads\/schuhreiniger-heavy-schwarz.jpg",800,650,false],"thumbnail":["https:\/\/ruckstuhlsport.ch\/wp-content\/uploads\/schuhreiniger-heavy-schwarz-150x150.jpg",150,150,true],"medium":["https:\/\/ruckstuhlsport.ch\/wp-content\/uploads\/schuhreiniger-heavy-schwarz-300x244.jpg",300,244,true],"medium_large":["https:\/\/ruckstuhlsport.ch\/wp-content\/uploads\/schuhreiniger-heavy-schwarz-768x624.jpg",768,624,true],"large":["https:\/\/ruckstuhlsport.ch\/wp-content\/uploads\/schuhreiniger-heavy-schwarz.jpg",800,650,false],"1536x1536":["https:\/\/ruckstuhlsport.ch\/wp-content\/uploads\/schuhreiniger-heavy-schwarz.jpg",800,650,false],"2048x2048":["https:\/\/ruckstuhlsport.ch\/wp-content\/uploads\/schuhreiniger-heavy-schwarz.jpg",800,650,false],"woocommerce_thumbnail":["https:\/\/ruckstuhlsport.ch\/wp-content\/uploads\/schuhreiniger-heavy-schwarz-300x244.jpg",300,244,true],"woocommerce_single":["https:\/\/ruckstuhlsport.ch\/wp-content\/uploads\/schuhreiniger-heavy-schwarz-600x488.jpg",600,488,true],"woocommerce_gallery_thumbnail":["https:\/\/ruckstuhlsport.ch\/wp-content\/uploads\/schuhreiniger-heavy-schwarz-100x100.jpg",100,100,true],"wc_order_status_icon":["https:\/\/ruckstuhlsport.ch\/wp-content\/uploads\/schuhreiniger-heavy-schwarz.jpg",32,26,false],"dgwt-wcas-product-suggestion":["https:\/\/ruckstuhlsport.ch\/wp-content\/uploads\/schuhreiniger-heavy-schwarz-64x52.jpg",64,52,true]},"uagb_author_info":{"display_name":"admin","author_link":"https:\/\/ruckstuhlsport.ch\/fr\/author\/"},"uagb_comment_info":0,"uagb_excerpt":"Le caillebotis galvanis\u00e9, de 57 x 30 x 20 cm (L x l x h), offre une solution robuste et durable pour le nettoyage en profondeur des chaussures. Cr\u00e9ez votre propre nettoyeur de chaussures Grille galvanis\u00e9e pour une stabilit\u00e9 maximale Peut \u00eatre viss\u00e9 au sol pour une s\u00e9curit\u00e9 accrue Version extra-lourde d'un poids d'environ 9,5\u2026","_links":{"self":[{"href":"https:\/\/ruckstuhlsport.ch\/fr\/wp-json\/wp\/v2\/product\/12221","targetHints":{"allow":["GET"]}}],"collection":[{"href":"https:\/\/ruckstuhlsport.ch\/fr\/wp-json\/wp\/v2\/product"}],"about":[{"href":"https:\/\/ruckstuhlsport.ch\/fr\/wp-json\/wp\/v2\/types\/product"}],"wp:featuredmedia":[{"embeddable":true,"href":"https:\/\/ruckstuhlsport.ch\/fr\/wp-json\/wp\/v2\/media\/9039"}],"wp:attachment":[{"href":"https:\/\/ruckstuhlsport.ch\/fr\/wp-json\/wp\/v2\/media?parent=12221"}],"wp:term":[{"taxonomy":"product_brand","embeddable":true,"href":"https:\/\/ruckstuhlsport.ch\/fr\/wp-json\/wp\/v2\/product_brand?post=12221"},{"taxonomy":"product_cat","embeddable":true,"href":"https:\/\/ruckstuhlsport.ch\/fr\/wp-json\/wp\/v2\/product_cat?post=12221"},{"taxonomy":"product_tag","embeddable":true,"href":"https:\/\/ruckstuhlsport.ch\/fr\/wp-json\/wp\/v2\/product_tag?post=12221"}],"curies":[{"name":"wp","href":"https:\/\/api.w.org\/{rel}","templated":true}]}}