{"id":12297,"date":"2023-03-20T12:30:51","date_gmt":"2023-03-20T11:30:51","guid":{"rendered":"https:\/\/ruckstuhlsport.ch\/non%20class\u00e9\/nettoyeur-de-chaussures-classic\/"},"modified":"2025-12-10T11:46:24","modified_gmt":"2025-12-10T10:46:24","slug":"nettoyeur-chaussures-classic","status":"publish","type":"product","link":"https:\/\/ruckstuhlsport.ch\/fr\/football\/equipment-installations-foot\/nettoyeurs-de-chaussures-football\/nettoyeur-chaussures-classic\/","title":{"rendered":"Nettoyeur de chaussures Classic"},"content":{"rendered":"","protected":false},"excerpt":{"rendered":"<p>Am\u00e9liorez la propret\u00e9 et l&rsquo;entretien de vos installations sportives avec le nettoyeur de chaussures Classic. D\u00e9velopp\u00e9 pour une utilisation exigeante sur les installations sportives, ce produit s\u00e9duit par sa conception et sa fonctionnalit\u00e9 bien pens\u00e9es. <\/p>\n<ul>\n<li>3 larges brosses en plastique assurent un nettoyage en profondeur des semelles et des c\u00f4t\u00e9s des chaussures.<\/li>\n<li>Le caillebotis galvanis\u00e9 (49 x 29 cm) offre une base stable et r\u00e9sistante \u00e0 la corrosion.<\/li>\n<li>Les nouvelles brosses lat\u00e9rales noires permettent de nettoyer efficacement les bords des chaussures.<\/li>\n<\/ul>\n<p>Cet outil est le choix id\u00e9al pour un nettoyage rapide et efficace des chaussures afin de garder l&rsquo;installation propre.<\/p>\n","protected":false},"featured_media":16483,"template":"","meta":{"_crdt_document":"","_uag_custom_page_level_css":"","site-sidebar-layout":"default","site-content-layout":"default","ast-site-content-layout":"default","site-content-style":"default","site-sidebar-style":"default","ast-global-header-display":"","ast-banner-title-visibility":"","ast-main-header-display":"","ast-hfb-above-header-display":"","ast-hfb-below-header-display":"","ast-hfb-mobile-header-display":"","site-post-title":"","ast-breadcrumbs-content":"","ast-featured-img":"","footer-sml-layout":"","ast-disable-related-posts":"","theme-transparent-header-meta":"default","adv-header-id-meta":"","stick-header-meta":"default","header-above-stick-meta":"","header-main-stick-meta":"","header-below-stick-meta":"","astra-migrate-meta-layouts":"default","ast-page-background-enabled":"default","ast-page-background-meta":{"desktop":{"background-color":"","background-image":"","background-repeat":"repeat","background-position":"center center","background-size":"auto","background-attachment":"scroll","background-type":"","background-media":"","overlay-type":"","overlay-color":"","overlay-opacity":"","overlay-gradient":""},"tablet":{"background-color":"","background-image":"","background-repeat":"repeat","background-position":"center center","background-size":"auto","background-attachment":"scroll","background-type":"","background-media":"","overlay-type":"","overlay-color":"","overlay-opacity":"","overlay-gradient":""},"mobile":{"background-color":"","background-image":"","background-repeat":"repeat","background-position":"center center","background-size":"auto","background-attachment":"scroll","background-type":"","background-media":"","overlay-type":"","overlay-color":"","overlay-opacity":"","overlay-gradient":""}},"ast-content-background-meta":{"desktop":{"background-color":"var(--ast-global-color-5)","background-image":"","background-repeat":"repeat","background-position":"center center","background-size":"auto","background-attachment":"scroll","background-type":"","background-media":"","overlay-type":"","overlay-color":"","overlay-opacity":"","overlay-gradient":""},"tablet":{"background-color":"var(--ast-global-color-5)","background-image":"","background-repeat":"repeat","background-position":"center center","background-size":"auto","background-attachment":"scroll","background-type":"","background-media":"","overlay-type":"","overlay-color":"","overlay-opacity":"","overlay-gradient":""},"mobile":{"background-color":"var(--ast-global-color-5)","background-image":"","background-repeat":"repeat","background-position":"center center","background-size":"auto","background-attachment":"scroll","background-type":"","background-media":"","overlay-type":"","overlay-color":"","overlay-opacity":"","overlay-gradient":""}}},"product_brand":[],"product_cat":[964,932,1045,934,1046,1135],"product_tag":[],"class_list":{"0":"post-12297","1":"product","2":"type-product","3":"status-publish","4":"has-post-thumbnail","6":"product_cat-nettoyeurs-de-chaussures-football","7":"product_cat-football","8":"product_cat-equipment-installations-foot","9":"product_cat-tennis","10":"product_cat-equipment-installations-sportives-fr","11":"product_cat-nettoyeurs-de-chaussures-tennis","12":"product_shipping_class-defaut","13":"pa_typ-nettoyeurs-de-chaussures-simple","14":"desktop-align-center","15":"tablet-align-center","16":"mobile-align-center","17":"ast-product-gallery-layout-horizontal","18":"ast-product-gallery-with-no-image","19":"ast-product-tabs-layout-horizontal","21":"first","22":"onbackorder","23":"taxable","24":"shipping-taxable","25":"purchasable","26":"product-type-simple"},"uagb_featured_image_src":{"full":["https:\/\/ruckstuhlsport.ch\/wp-content\/uploads\/schuhreiniger-classic-neu-schwarze-buersten-1.png",1080,1080,false],"thumbnail":["https:\/\/ruckstuhlsport.ch\/wp-content\/uploads\/schuhreiniger-classic-neu-schwarze-buersten-1-150x150.png",150,150,true],"medium":["https:\/\/ruckstuhlsport.ch\/wp-content\/uploads\/schuhreiniger-classic-neu-schwarze-buersten-1-300x300.png",300,300,true],"medium_large":["https:\/\/ruckstuhlsport.ch\/wp-content\/uploads\/schuhreiniger-classic-neu-schwarze-buersten-1-768x768.png",768,768,true],"large":["https:\/\/ruckstuhlsport.ch\/wp-content\/uploads\/schuhreiniger-classic-neu-schwarze-buersten-1-1024x1024.png",1024,1024,true],"1536x1536":["https:\/\/ruckstuhlsport.ch\/wp-content\/uploads\/schuhreiniger-classic-neu-schwarze-buersten-1.png",1080,1080,false],"2048x2048":["https:\/\/ruckstuhlsport.ch\/wp-content\/uploads\/schuhreiniger-classic-neu-schwarze-buersten-1.png",1080,1080,false],"woocommerce_thumbnail":["https:\/\/ruckstuhlsport.ch\/wp-content\/uploads\/schuhreiniger-classic-neu-schwarze-buersten-1-300x300.png",300,300,true],"woocommerce_single":["https:\/\/ruckstuhlsport.ch\/wp-content\/uploads\/schuhreiniger-classic-neu-schwarze-buersten-1-600x600.png",600,600,true],"woocommerce_gallery_thumbnail":["https:\/\/ruckstuhlsport.ch\/wp-content\/uploads\/schuhreiniger-classic-neu-schwarze-buersten-1-100x100.png",100,100,true],"wc_order_status_icon":["https:\/\/ruckstuhlsport.ch\/wp-content\/uploads\/schuhreiniger-classic-neu-schwarze-buersten-1-32x32.png",32,32,true],"dgwt-wcas-product-suggestion":["https:\/\/ruckstuhlsport.ch\/wp-content\/uploads\/schuhreiniger-classic-neu-schwarze-buersten-1-64x64.png",64,64,true]},"uagb_author_info":{"display_name":"admin","author_link":"https:\/\/ruckstuhlsport.ch\/fr\/author\/"},"uagb_comment_info":0,"uagb_excerpt":"Am\u00e9liorez la propret\u00e9 et l'entretien de vos installations sportives avec le nettoyeur de chaussures Classic. D\u00e9velopp\u00e9 pour une utilisation exigeante sur les installations sportives, ce produit s\u00e9duit par sa conception et sa fonctionnalit\u00e9 bien pens\u00e9es. 3 larges brosses en plastique assurent un nettoyage en profondeur des semelles et des c\u00f4t\u00e9s des chaussures. Le caillebotis galvanis\u00e9\u2026","_links":{"self":[{"href":"https:\/\/ruckstuhlsport.ch\/fr\/wp-json\/wp\/v2\/product\/12297","targetHints":{"allow":["GET"]}}],"collection":[{"href":"https:\/\/ruckstuhlsport.ch\/fr\/wp-json\/wp\/v2\/product"}],"about":[{"href":"https:\/\/ruckstuhlsport.ch\/fr\/wp-json\/wp\/v2\/types\/product"}],"wp:featuredmedia":[{"embeddable":true,"href":"https:\/\/ruckstuhlsport.ch\/fr\/wp-json\/wp\/v2\/media\/16483"}],"wp:attachment":[{"href":"https:\/\/ruckstuhlsport.ch\/fr\/wp-json\/wp\/v2\/media?parent=12297"}],"wp:term":[{"taxonomy":"product_brand","embeddable":true,"href":"https:\/\/ruckstuhlsport.ch\/fr\/wp-json\/wp\/v2\/product_brand?post=12297"},{"taxonomy":"product_cat","embeddable":true,"href":"https:\/\/ruckstuhlsport.ch\/fr\/wp-json\/wp\/v2\/product_cat?post=12297"},{"taxonomy":"product_tag","embeddable":true,"href":"https:\/\/ruckstuhlsport.ch\/fr\/wp-json\/wp\/v2\/product_tag?post=12297"}],"curies":[{"name":"wp","href":"https:\/\/api.w.org\/{rel}","templated":true}]}}