{"id":12319,"date":"2019-11-01T16:18:51","date_gmt":"2019-11-01T16:18:51","guid":{"rendered":"https:\/\/ruckstuhlsport.ch\/unkategorisiert\/machine-de-nettoyage-de-chaussures-master\/"},"modified":"2025-08-14T16:17:58","modified_gmt":"2025-08-14T14:17:58","slug":"machine-nettoyage-chaussures-master","status":"publish","type":"product","link":"https:\/\/ruckstuhlsport.ch\/fr\/football\/equipment-installations-foot\/nettoyeurs-de-chaussures-football\/machine-nettoyage-chaussures-master\/","title":{"rendered":"Machine de nettoyage de chaussures Master"},"content":{"rendered":"","protected":false},"excerpt":{"rendered":"<p>Con\u00e7u pour une utilisation professionnelle sur les terrains de sport et dans les entreprises, le nettoyeur de chaussures Master offre un nettoyage en profondeur et efficace pour tous les types de chaussures. Cette machine compacte et puissante est id\u00e9ale pour une utilisation intensive et redonne \u00e0 vos chaussures leur meilleure forme en un rien de temps. <\/p>\n<p>Gr\u00e2ce au tiroir \u00e0 salet\u00e9s int\u00e9gr\u00e9, la surface autour de la cireuse \u00e0 chaussures reste toujours propre et ordonn\u00e9e. Les pieds r\u00e9glables assurent une stabilit\u00e9 et une flexibilit\u00e9 maximales. La brosse rempla\u00e7able garantit une longue dur\u00e9e de vie.  <\/p>\n<p>Ses dimensions de 49 x 45 x 107 cm s&rsquo;int\u00e8grent parfaitement dans n&rsquo;importe quel espace d&rsquo;\u00e9quipement sans prendre beaucoup de place.<\/p>\n<ul>\n<li>Machine de nettoyage de chaussures compacte et puissante<\/li>\n<li>Avec tiroir \u00e0 salet\u00e9s<\/li>\n<li>Pieds r\u00e9glables<\/li>\n<li>Brosse rempla\u00e7able<\/li>\n<li>230V<\/li>\n<li>49 x 45 x 107 cm (B x P x H)<\/li>\n<\/ul>\n","protected":false},"featured_media":3492,"template":"","meta":{"_crdt_document":"","_uag_custom_page_level_css":"","site-sidebar-layout":"default","site-content-layout":"default","ast-site-content-layout":"default","site-content-style":"default","site-sidebar-style":"default","ast-global-header-display":"","ast-banner-title-visibility":"","ast-main-header-display":"","ast-hfb-above-header-display":"","ast-hfb-below-header-display":"","ast-hfb-mobile-header-display":"","site-post-title":"","ast-breadcrumbs-content":"","ast-featured-img":"","footer-sml-layout":"","ast-disable-related-posts":"","theme-transparent-header-meta":"default","adv-header-id-meta":"","stick-header-meta":"default","header-above-stick-meta":"","header-main-stick-meta":"","header-below-stick-meta":"","astra-migrate-meta-layouts":"default","ast-page-background-enabled":"default","ast-page-background-meta":{"desktop":{"background-color":"","background-image":"","background-repeat":"repeat","background-position":"center center","background-size":"auto","background-attachment":"scroll","background-type":"","background-media":"","overlay-type":"","overlay-color":"","overlay-opacity":"","overlay-gradient":""},"tablet":{"background-color":"","background-image":"","background-repeat":"repeat","background-position":"center center","background-size":"auto","background-attachment":"scroll","background-type":"","background-media":"","overlay-type":"","overlay-color":"","overlay-opacity":"","overlay-gradient":""},"mobile":{"background-color":"","background-image":"","background-repeat":"repeat","background-position":"center center","background-size":"auto","background-attachment":"scroll","background-type":"","background-media":"","overlay-type":"","overlay-color":"","overlay-opacity":"","overlay-gradient":""}},"ast-content-background-meta":{"desktop":{"background-color":"var(--ast-global-color-5)","background-image":"","background-repeat":"repeat","background-position":"center center","background-size":"auto","background-attachment":"scroll","background-type":"","background-media":"","overlay-type":"","overlay-color":"","overlay-opacity":"","overlay-gradient":""},"tablet":{"background-color":"var(--ast-global-color-5)","background-image":"","background-repeat":"repeat","background-position":"center center","background-size":"auto","background-attachment":"scroll","background-type":"","background-media":"","overlay-type":"","overlay-color":"","overlay-opacity":"","overlay-gradient":""},"mobile":{"background-color":"var(--ast-global-color-5)","background-image":"","background-repeat":"repeat","background-position":"center center","background-size":"auto","background-attachment":"scroll","background-type":"","background-media":"","overlay-type":"","overlay-color":"","overlay-opacity":"","overlay-gradient":""}}},"product_brand":[],"product_cat":[964,932,1045,934,1046,1135],"product_tag":[],"class_list":{"0":"post-12319","1":"product","2":"type-product","3":"status-publish","4":"has-post-thumbnail","6":"product_cat-nettoyeurs-de-chaussures-football","7":"product_cat-football","8":"product_cat-equipment-installations-foot","9":"product_cat-tennis","10":"product_cat-equipment-installations-sportives-fr","11":"product_cat-nettoyeurs-de-chaussures-tennis","12":"product_shipping_class-marchandise-volumineuse","13":"pa_farbe-vert","14":"pa_typ-nettoyeurs-de-chaussures-electriques","15":"desktop-align-center","16":"tablet-align-center","17":"mobile-align-center","18":"ast-product-gallery-layout-horizontal","19":"ast-product-gallery-with-no-image","20":"ast-product-tabs-layout-horizontal","22":"first","23":"onbackorder","24":"taxable","25":"shipping-taxable","26":"purchasable","27":"product-type-simple"},"uagb_featured_image_src":{"full":["https:\/\/ruckstuhlsport.ch\/wp-content\/uploads\/Schuhputzmaschine-KS12101.jpg",600,600,false],"thumbnail":["https:\/\/ruckstuhlsport.ch\/wp-content\/uploads\/Schuhputzmaschine-KS12101-150x150.jpg",150,150,true],"medium":["https:\/\/ruckstuhlsport.ch\/wp-content\/uploads\/Schuhputzmaschine-KS12101-300x300.jpg",300,300,true],"medium_large":["https:\/\/ruckstuhlsport.ch\/wp-content\/uploads\/Schuhputzmaschine-KS12101.jpg",600,600,false],"large":["https:\/\/ruckstuhlsport.ch\/wp-content\/uploads\/Schuhputzmaschine-KS12101.jpg",600,600,false],"1536x1536":["https:\/\/ruckstuhlsport.ch\/wp-content\/uploads\/Schuhputzmaschine-KS12101.jpg",600,600,false],"2048x2048":["https:\/\/ruckstuhlsport.ch\/wp-content\/uploads\/Schuhputzmaschine-KS12101.jpg",600,600,false],"woocommerce_thumbnail":["https:\/\/ruckstuhlsport.ch\/wp-content\/uploads\/Schuhputzmaschine-KS12101-300x300.jpg",300,300,true],"woocommerce_single":["https:\/\/ruckstuhlsport.ch\/wp-content\/uploads\/Schuhputzmaschine-KS12101-600x600.jpg",600,600,true],"woocommerce_gallery_thumbnail":["https:\/\/ruckstuhlsport.ch\/wp-content\/uploads\/Schuhputzmaschine-KS12101-100x100.jpg",100,100,true],"wc_order_status_icon":["https:\/\/ruckstuhlsport.ch\/wp-content\/uploads\/Schuhputzmaschine-KS12101.jpg",32,32,false],"dgwt-wcas-product-suggestion":["https:\/\/ruckstuhlsport.ch\/wp-content\/uploads\/Schuhputzmaschine-KS12101-64x64.jpg",64,64,true]},"uagb_author_info":{"display_name":"admin","author_link":"https:\/\/ruckstuhlsport.ch\/fr\/author\/"},"uagb_comment_info":0,"uagb_excerpt":"Con\u00e7u pour une utilisation professionnelle sur les terrains de sport et dans les entreprises, le nettoyeur de chaussures Master offre un nettoyage en profondeur et efficace pour tous les types de chaussures. Cette machine compacte et puissante est id\u00e9ale pour une utilisation intensive et redonne \u00e0 vos chaussures leur meilleure forme en un rien de\u2026","_links":{"self":[{"href":"https:\/\/ruckstuhlsport.ch\/fr\/wp-json\/wp\/v2\/product\/12319","targetHints":{"allow":["GET"]}}],"collection":[{"href":"https:\/\/ruckstuhlsport.ch\/fr\/wp-json\/wp\/v2\/product"}],"about":[{"href":"https:\/\/ruckstuhlsport.ch\/fr\/wp-json\/wp\/v2\/types\/product"}],"wp:featuredmedia":[{"embeddable":true,"href":"https:\/\/ruckstuhlsport.ch\/fr\/wp-json\/wp\/v2\/media\/3492"}],"wp:attachment":[{"href":"https:\/\/ruckstuhlsport.ch\/fr\/wp-json\/wp\/v2\/media?parent=12319"}],"wp:term":[{"taxonomy":"product_brand","embeddable":true,"href":"https:\/\/ruckstuhlsport.ch\/fr\/wp-json\/wp\/v2\/product_brand?post=12319"},{"taxonomy":"product_cat","embeddable":true,"href":"https:\/\/ruckstuhlsport.ch\/fr\/wp-json\/wp\/v2\/product_cat?post=12319"},{"taxonomy":"product_tag","embeddable":true,"href":"https:\/\/ruckstuhlsport.ch\/fr\/wp-json\/wp\/v2\/product_tag?post=12319"}],"curies":[{"name":"wp","href":"https:\/\/api.w.org\/{rel}","templated":true}]}}