{"id":12324,"date":"2020-09-16T16:09:54","date_gmt":"2020-09-16T14:09:54","guid":{"rendered":"https:\/\/ruckstuhlsport.ch\/unkategorisiert\/horloge-murale-station-o-40-cm\/"},"modified":"2023-12-30T10:21:05","modified_gmt":"2023-12-30T09:21:05","slug":"horloge-mural-staion-40cm","status":"publish","type":"product","link":"https:\/\/ruckstuhlsport.ch\/fr\/football\/equipment-installations-foot\/montres\/horloge-mural-staion-40cm\/","title":{"rendered":"Horloge murale \u00ab\u00a0Station\u00a0\u00bb, \u00f8 40 cm"},"content":{"rendered":"","protected":false},"excerpt":{"rendered":"<ul>\n<li>Horloge radio \u00e9l\u00e9gant dans un bo\u00eetier en aluminium<\/li>\n<li>affichage double face<\/li>\n<li>r\u00e9glage automatique de l&rsquo;heure<\/li>\n<li>incl. 2 piles AA<\/li>\n<li>cette horloge n&rsquo;est pas \u00e9tanche et doit \u00eatre install\u00e9e dans un endroit abrit\u00e9<\/li>\n<\/ul>\n","protected":false},"featured_media":6195,"template":"","meta":{"_crdt_document":"","_uag_custom_page_level_css":"","site-sidebar-layout":"default","site-content-layout":"default","ast-site-content-layout":"default","site-content-style":"default","site-sidebar-style":"default","ast-global-header-display":"","ast-banner-title-visibility":"","ast-main-header-display":"","ast-hfb-above-header-display":"","ast-hfb-below-header-display":"","ast-hfb-mobile-header-display":"","site-post-title":"","ast-breadcrumbs-content":"","ast-featured-img":"","footer-sml-layout":"","ast-disable-related-posts":"","theme-transparent-header-meta":"default","adv-header-id-meta":"","stick-header-meta":"default","header-above-stick-meta":"","header-main-stick-meta":"","header-below-stick-meta":"","astra-migrate-meta-layouts":"default","ast-page-background-enabled":"default","ast-page-background-meta":{"desktop":{"background-color":"","background-image":"","background-repeat":"repeat","background-position":"center center","background-size":"auto","background-attachment":"scroll","background-type":"","background-media":"","overlay-type":"","overlay-color":"","overlay-opacity":"","overlay-gradient":""},"tablet":{"background-color":"","background-image":"","background-repeat":"repeat","background-position":"center center","background-size":"auto","background-attachment":"scroll","background-type":"","background-media":"","overlay-type":"","overlay-color":"","overlay-opacity":"","overlay-gradient":""},"mobile":{"background-color":"","background-image":"","background-repeat":"repeat","background-position":"center center","background-size":"auto","background-attachment":"scroll","background-type":"","background-media":"","overlay-type":"","overlay-color":"","overlay-opacity":"","overlay-gradient":""}},"ast-content-background-meta":{"desktop":{"background-color":"var(--ast-global-color-5)","background-image":"","background-repeat":"repeat","background-position":"center center","background-size":"auto","background-attachment":"scroll","background-type":"","background-media":"","overlay-type":"","overlay-color":"","overlay-opacity":"","overlay-gradient":""},"tablet":{"background-color":"var(--ast-global-color-5)","background-image":"","background-repeat":"repeat","background-position":"center center","background-size":"auto","background-attachment":"scroll","background-type":"","background-media":"","overlay-type":"","overlay-color":"","overlay-opacity":"","overlay-gradient":""},"mobile":{"background-color":"var(--ast-global-color-5)","background-image":"","background-repeat":"repeat","background-position":"center center","background-size":"auto","background-attachment":"scroll","background-type":"","background-media":"","overlay-type":"","overlay-color":"","overlay-opacity":"","overlay-gradient":""}}},"product_brand":[],"product_cat":[965,932,1045,934,1046,1175],"product_tag":[],"class_list":{"0":"post-12324","1":"product","2":"type-product","3":"status-publish","4":"has-post-thumbnail","6":"product_cat-montres","7":"product_cat-football","8":"product_cat-equipment-installations-foot","9":"product_cat-tennis","10":"product_cat-equipment-installations-sportives-fr","11":"product_cat-horloges","12":"product_shipping_class-marchandise-volumineuse","13":"desktop-align-center","14":"tablet-align-center","15":"mobile-align-center","16":"ast-product-gallery-layout-horizontal","17":"ast-product-gallery-with-no-image","18":"ast-product-tabs-layout-horizontal","20":"first","21":"onbackorder","22":"taxable","23":"shipping-taxable","24":"purchasable","25":"product-type-simple"},"uagb_featured_image_src":{"full":["https:\/\/ruckstuhlsport.ch\/wp-content\/uploads\/wanduhr-station.jpg",600,600,false],"thumbnail":["https:\/\/ruckstuhlsport.ch\/wp-content\/uploads\/wanduhr-station-150x150.jpg",150,150,true],"medium":["https:\/\/ruckstuhlsport.ch\/wp-content\/uploads\/wanduhr-station-300x300.jpg",300,300,true],"medium_large":["https:\/\/ruckstuhlsport.ch\/wp-content\/uploads\/wanduhr-station.jpg",600,600,false],"large":["https:\/\/ruckstuhlsport.ch\/wp-content\/uploads\/wanduhr-station.jpg",600,600,false],"1536x1536":["https:\/\/ruckstuhlsport.ch\/wp-content\/uploads\/wanduhr-station.jpg",600,600,false],"2048x2048":["https:\/\/ruckstuhlsport.ch\/wp-content\/uploads\/wanduhr-station.jpg",600,600,false],"woocommerce_thumbnail":["https:\/\/ruckstuhlsport.ch\/wp-content\/uploads\/wanduhr-station-300x300.jpg",300,300,true],"woocommerce_single":["https:\/\/ruckstuhlsport.ch\/wp-content\/uploads\/wanduhr-station.jpg",600,600,false],"woocommerce_gallery_thumbnail":["https:\/\/ruckstuhlsport.ch\/wp-content\/uploads\/wanduhr-station-100x100.jpg",100,100,true],"wc_order_status_icon":["https:\/\/ruckstuhlsport.ch\/wp-content\/uploads\/wanduhr-station.jpg",32,32,false],"dgwt-wcas-product-suggestion":["https:\/\/ruckstuhlsport.ch\/wp-content\/uploads\/wanduhr-station-64x64.jpg",64,64,true]},"uagb_author_info":{"display_name":"admin","author_link":"https:\/\/ruckstuhlsport.ch\/fr\/author\/"},"uagb_comment_info":0,"uagb_excerpt":"Horloge radio \u00e9l\u00e9gant dans un bo\u00eetier en aluminium affichage double face r\u00e9glage automatique de l'heure incl. 2 piles AA cette horloge n'est pas \u00e9tanche et doit \u00eatre install\u00e9e dans un endroit abrit\u00e9","_links":{"self":[{"href":"https:\/\/ruckstuhlsport.ch\/fr\/wp-json\/wp\/v2\/product\/12324","targetHints":{"allow":["GET"]}}],"collection":[{"href":"https:\/\/ruckstuhlsport.ch\/fr\/wp-json\/wp\/v2\/product"}],"about":[{"href":"https:\/\/ruckstuhlsport.ch\/fr\/wp-json\/wp\/v2\/types\/product"}],"wp:featuredmedia":[{"embeddable":true,"href":"https:\/\/ruckstuhlsport.ch\/fr\/wp-json\/wp\/v2\/media\/6195"}],"wp:attachment":[{"href":"https:\/\/ruckstuhlsport.ch\/fr\/wp-json\/wp\/v2\/media?parent=12324"}],"wp:term":[{"taxonomy":"product_brand","embeddable":true,"href":"https:\/\/ruckstuhlsport.ch\/fr\/wp-json\/wp\/v2\/product_brand?post=12324"},{"taxonomy":"product_cat","embeddable":true,"href":"https:\/\/ruckstuhlsport.ch\/fr\/wp-json\/wp\/v2\/product_cat?post=12324"},{"taxonomy":"product_tag","embeddable":true,"href":"https:\/\/ruckstuhlsport.ch\/fr\/wp-json\/wp\/v2\/product_tag?post=12324"}],"curies":[{"name":"wp","href":"https:\/\/api.w.org\/{rel}","templated":true}]}}