{"id":12329,"date":"2021-04-13T10:10:36","date_gmt":"2021-04-13T08:10:36","guid":{"rendered":"https:\/\/ruckstuhlsport.ch\/unkategorisiert\/balai-poussoir-1-5-m-brosses-en-fil-dacier\/"},"modified":"2026-02-11T12:37:43","modified_gmt":"2026-02-11T11:37:43","slug":"balai-poussoir-150cm-fil-acier","status":"publish","type":"product","link":"https:\/\/ruckstuhlsport.ch\/fr\/tennis\/maintenance-de-courts\/balais-poussoir\/balai-poussoir-150cm-fil-acier\/","title":{"rendered":"Balai poussoir 1.5 m, brosses en fil d&rsquo;acier"},"content":{"rendered":"","protected":false},"excerpt":{"rendered":"<ul>\n<li>Poils en fil d&rsquo;acier pour rendre les surfaces l\u00e9g\u00e8rement rugueuses et \u00e9liminer la mousse<\/li>\n<li>2 brosses de 0.75 m x 43 mm<\/li>\n<li>poign\u00e9e en D en plastique<\/li>\n<li>avec poign\u00e9e en aluminium r\u00e9glable en hauteur<\/li>\n<\/ul>\n","protected":false},"featured_media":10685,"template":"","meta":{"_crdt_document":"","_uag_custom_page_level_css":"","site-sidebar-layout":"default","site-content-layout":"default","ast-site-content-layout":"default","site-content-style":"default","site-sidebar-style":"default","ast-global-header-display":"","ast-banner-title-visibility":"","ast-main-header-display":"","ast-hfb-above-header-display":"","ast-hfb-below-header-display":"","ast-hfb-mobile-header-display":"","site-post-title":"","ast-breadcrumbs-content":"","ast-featured-img":"","footer-sml-layout":"","ast-disable-related-posts":"","theme-transparent-header-meta":"default","adv-header-id-meta":"","stick-header-meta":"default","header-above-stick-meta":"","header-main-stick-meta":"","header-below-stick-meta":"","astra-migrate-meta-layouts":"default","ast-page-background-enabled":"default","ast-page-background-meta":{"desktop":{"background-color":"","background-image":"","background-repeat":"repeat","background-position":"center center","background-size":"auto","background-attachment":"scroll","background-type":"","background-media":"","overlay-type":"","overlay-color":"","overlay-opacity":"","overlay-gradient":""},"tablet":{"background-color":"","background-image":"","background-repeat":"repeat","background-position":"center center","background-size":"auto","background-attachment":"scroll","background-type":"","background-media":"","overlay-type":"","overlay-color":"","overlay-opacity":"","overlay-gradient":""},"mobile":{"background-color":"","background-image":"","background-repeat":"repeat","background-position":"center center","background-size":"auto","background-attachment":"scroll","background-type":"","background-media":"","overlay-type":"","overlay-color":"","overlay-opacity":"","overlay-gradient":""}},"ast-content-background-meta":{"desktop":{"background-color":"var(--ast-global-color-5)","background-image":"","background-repeat":"repeat","background-position":"center center","background-size":"auto","background-attachment":"scroll","background-type":"","background-media":"","overlay-type":"","overlay-color":"","overlay-opacity":"","overlay-gradient":""},"tablet":{"background-color":"var(--ast-global-color-5)","background-image":"","background-repeat":"repeat","background-position":"center center","background-size":"auto","background-attachment":"scroll","background-type":"","background-media":"","overlay-type":"","overlay-color":"","overlay-opacity":"","overlay-gradient":""},"mobile":{"background-color":"var(--ast-global-color-5)","background-image":"","background-repeat":"repeat","background-position":"center center","background-size":"auto","background-attachment":"scroll","background-type":"","background-media":"","overlay-type":"","overlay-color":"","overlay-opacity":"","overlay-gradient":""}}},"product_brand":[],"product_cat":[1180,934,1179],"product_tag":[],"class_list":{"0":"post-12329","1":"product","2":"type-product","3":"status-publish","4":"has-post-thumbnail","6":"product_cat-balais-poussoir","7":"product_cat-tennis","8":"product_cat-maintenance-de-courts","9":"product_shipping_class-marchandise-volumineuse","10":"pa_arbeitsbreite-1-50-m-fr","11":"pa_borstenmaterial-fil-dacier","12":"pa_typ-balais-poussoir","13":"desktop-align-center","14":"tablet-align-center","15":"mobile-align-center","16":"ast-product-gallery-layout-horizontal","17":"ast-product-tabs-layout-horizontal","19":"first","20":"onbackorder","21":"taxable","22":"shipping-taxable","23":"purchasable","24":"product-type-simple"},"uagb_featured_image_src":{"full":["https:\/\/ruckstuhlsport.ch\/wp-content\/uploads\/stossbesen-1.5m-stahldrahtborsten.jpg",800,800,false],"thumbnail":["https:\/\/ruckstuhlsport.ch\/wp-content\/uploads\/stossbesen-1.5m-stahldrahtborsten-150x150.jpg",150,150,true],"medium":["https:\/\/ruckstuhlsport.ch\/wp-content\/uploads\/stossbesen-1.5m-stahldrahtborsten-300x300.jpg",300,300,true],"medium_large":["https:\/\/ruckstuhlsport.ch\/wp-content\/uploads\/stossbesen-1.5m-stahldrahtborsten-768x768.jpg",768,768,true],"large":["https:\/\/ruckstuhlsport.ch\/wp-content\/uploads\/stossbesen-1.5m-stahldrahtborsten.jpg",800,800,false],"1536x1536":["https:\/\/ruckstuhlsport.ch\/wp-content\/uploads\/stossbesen-1.5m-stahldrahtborsten.jpg",800,800,false],"2048x2048":["https:\/\/ruckstuhlsport.ch\/wp-content\/uploads\/stossbesen-1.5m-stahldrahtborsten.jpg",800,800,false],"woocommerce_thumbnail":["https:\/\/ruckstuhlsport.ch\/wp-content\/uploads\/stossbesen-1.5m-stahldrahtborsten-300x300.jpg",300,300,true],"woocommerce_single":["https:\/\/ruckstuhlsport.ch\/wp-content\/uploads\/stossbesen-1.5m-stahldrahtborsten-600x600.jpg",600,600,true],"woocommerce_gallery_thumbnail":["https:\/\/ruckstuhlsport.ch\/wp-content\/uploads\/stossbesen-1.5m-stahldrahtborsten-100x100.jpg",100,100,true],"wc_order_status_icon":["https:\/\/ruckstuhlsport.ch\/wp-content\/uploads\/stossbesen-1.5m-stahldrahtborsten.jpg",32,32,false],"dgwt-wcas-product-suggestion":["https:\/\/ruckstuhlsport.ch\/wp-content\/uploads\/stossbesen-1.5m-stahldrahtborsten-64x64.jpg",64,64,true]},"uagb_author_info":{"display_name":"admin","author_link":"https:\/\/ruckstuhlsport.ch\/fr\/author\/"},"uagb_comment_info":0,"uagb_excerpt":"Poils en fil d'acier pour rendre les surfaces l\u00e9g\u00e8rement rugueuses et \u00e9liminer la mousse 2 brosses de 0.75 m x 43 mm poign\u00e9e en D en plastique avec poign\u00e9e en aluminium r\u00e9glable en hauteur","_links":{"self":[{"href":"https:\/\/ruckstuhlsport.ch\/fr\/wp-json\/wp\/v2\/product\/12329","targetHints":{"allow":["GET"]}}],"collection":[{"href":"https:\/\/ruckstuhlsport.ch\/fr\/wp-json\/wp\/v2\/product"}],"about":[{"href":"https:\/\/ruckstuhlsport.ch\/fr\/wp-json\/wp\/v2\/types\/product"}],"wp:featuredmedia":[{"embeddable":true,"href":"https:\/\/ruckstuhlsport.ch\/fr\/wp-json\/wp\/v2\/media\/10685"}],"wp:attachment":[{"href":"https:\/\/ruckstuhlsport.ch\/fr\/wp-json\/wp\/v2\/media?parent=12329"}],"wp:term":[{"taxonomy":"product_brand","embeddable":true,"href":"https:\/\/ruckstuhlsport.ch\/fr\/wp-json\/wp\/v2\/product_brand?post=12329"},{"taxonomy":"product_cat","embeddable":true,"href":"https:\/\/ruckstuhlsport.ch\/fr\/wp-json\/wp\/v2\/product_cat?post=12329"},{"taxonomy":"product_tag","embeddable":true,"href":"https:\/\/ruckstuhlsport.ch\/fr\/wp-json\/wp\/v2\/product_tag?post=12329"}],"curies":[{"name":"wp","href":"https:\/\/api.w.org\/{rel}","templated":true}]}}