{"id":12384,"date":"2019-11-03T06:49:28","date_gmt":"2021-09-02T11:03:38","guid":{"rendered":"https:\/\/ruckstuhlsport.ch\/non%20class\u00e9\/tuyau-deau-pro-o-25-mm-1\/"},"modified":"2023-12-30T10:39:54","modified_gmt":"2023-12-30T09:39:54","slug":"tuyau-eau-pro-25mm","status":"publish","type":"product","link":"https:\/\/ruckstuhlsport.ch\/fr\/tennis\/maintenance-de-courts\/tennis-irrigation\/tuyaux-deau\/tuyau-eau-pro-25mm\/","title":{"rendered":"Tuyau d&rsquo;eau Pro \u00f8 25 mm (1&Prime;)"},"content":{"rendered":"","protected":false},"excerpt":{"rendered":"<ul>\n<li>extr\u00eamement r\u00e9sistant \u00e0 la pression et ind\u00e9formable<\/li>\n<li>tr\u00e8s bonne prise en main<\/li>\n<li>pour une utilisation continue intensive<\/li>\n<li>Pas de torsion ou d&rsquo;entortillement<\/li>\n<\/ul>\n","protected":false},"featured_media":2623,"template":"","meta":{"_crdt_document":"","_uag_custom_page_level_css":"","site-sidebar-layout":"default","site-content-layout":"default","ast-site-content-layout":"default","site-content-style":"default","site-sidebar-style":"default","ast-global-header-display":"","ast-banner-title-visibility":"","ast-main-header-display":"","ast-hfb-above-header-display":"","ast-hfb-below-header-display":"","ast-hfb-mobile-header-display":"","site-post-title":"","ast-breadcrumbs-content":"","ast-featured-img":"","footer-sml-layout":"","ast-disable-related-posts":"","theme-transparent-header-meta":"default","adv-header-id-meta":"","stick-header-meta":"default","header-above-stick-meta":"","header-main-stick-meta":"","header-below-stick-meta":"","astra-migrate-meta-layouts":"default","ast-page-background-enabled":"default","ast-page-background-meta":{"desktop":{"background-color":"","background-image":"","background-repeat":"repeat","background-position":"center center","background-size":"auto","background-attachment":"scroll","background-type":"","background-media":"","overlay-type":"","overlay-color":"","overlay-opacity":"","overlay-gradient":""},"tablet":{"background-color":"","background-image":"","background-repeat":"repeat","background-position":"center center","background-size":"auto","background-attachment":"scroll","background-type":"","background-media":"","overlay-type":"","overlay-color":"","overlay-opacity":"","overlay-gradient":""},"mobile":{"background-color":"","background-image":"","background-repeat":"repeat","background-position":"center center","background-size":"auto","background-attachment":"scroll","background-type":"","background-media":"","overlay-type":"","overlay-color":"","overlay-opacity":"","overlay-gradient":""}},"ast-content-background-meta":{"desktop":{"background-color":"var(--ast-global-color-5)","background-image":"","background-repeat":"repeat","background-position":"center center","background-size":"auto","background-attachment":"scroll","background-type":"","background-media":"","overlay-type":"","overlay-color":"","overlay-opacity":"","overlay-gradient":""},"tablet":{"background-color":"var(--ast-global-color-5)","background-image":"","background-repeat":"repeat","background-position":"center center","background-size":"auto","background-attachment":"scroll","background-type":"","background-media":"","overlay-type":"","overlay-color":"","overlay-opacity":"","overlay-gradient":""},"mobile":{"background-color":"var(--ast-global-color-5)","background-image":"","background-repeat":"repeat","background-position":"center center","background-size":"auto","background-attachment":"scroll","background-type":"","background-media":"","overlay-type":"","overlay-color":"","overlay-opacity":"","overlay-gradient":""}}},"product_brand":[],"product_cat":[906,1199,934,1179,1198,1208],"product_tag":[],"class_list":{"0":"post-12384","1":"product","2":"type-product","3":"status-publish","4":"has-post-thumbnail","6":"product_cat-greenkeeping","7":"product_cat-greenkeeping-irrigation","8":"product_cat-tennis","9":"product_cat-maintenance-de-courts","10":"product_cat-tennis-irrigation","11":"product_cat-tuyaux-deau","12":"product_shipping_class-defaut","13":"pa_durchmesser-25mm-1-fr","14":"pa_laenge-100-m-fr","15":"pa_laenge-25-m-fr","16":"pa_laenge-50-m-fr","17":"desktop-align-center","18":"tablet-align-center","19":"mobile-align-center","20":"ast-product-gallery-layout-horizontal","21":"ast-product-gallery-with-no-image","22":"ast-product-single-variable","23":"ast-product-tabs-layout-horizontal","25":"first","26":"onbackorder","27":"taxable","28":"shipping-taxable","29":"purchasable","30":"product-type-variable"},"uagb_featured_image_src":{"full":["https:\/\/ruckstuhlsport.ch\/wp-content\/uploads\/schlauch-turboflex-e1603877178141.jpg",600,405,false],"thumbnail":["https:\/\/ruckstuhlsport.ch\/wp-content\/uploads\/schlauch-turboflex-e1603877178141-150x150.jpg",150,150,true],"medium":["https:\/\/ruckstuhlsport.ch\/wp-content\/uploads\/schlauch-turboflex-e1603877178141-300x203.jpg",300,203,true],"medium_large":["https:\/\/ruckstuhlsport.ch\/wp-content\/uploads\/schlauch-turboflex-e1603877178141.jpg",600,405,false],"large":["https:\/\/ruckstuhlsport.ch\/wp-content\/uploads\/schlauch-turboflex-e1603877178141.jpg",600,405,false],"1536x1536":["https:\/\/ruckstuhlsport.ch\/wp-content\/uploads\/schlauch-turboflex-e1603877178141.jpg",600,405,false],"2048x2048":["https:\/\/ruckstuhlsport.ch\/wp-content\/uploads\/schlauch-turboflex-e1603877178141.jpg",600,405,false],"woocommerce_thumbnail":["https:\/\/ruckstuhlsport.ch\/wp-content\/uploads\/schlauch-turboflex-e1603877178141-300x203.jpg",300,203,true],"woocommerce_single":["https:\/\/ruckstuhlsport.ch\/wp-content\/uploads\/schlauch-turboflex-e1603877178141.jpg",600,405,false],"woocommerce_gallery_thumbnail":["https:\/\/ruckstuhlsport.ch\/wp-content\/uploads\/schlauch-turboflex-e1603877178141-100x100.jpg",100,100,true],"wc_order_status_icon":["https:\/\/ruckstuhlsport.ch\/wp-content\/uploads\/schlauch-turboflex-e1603877178141.jpg",32,22,false],"dgwt-wcas-product-suggestion":["https:\/\/ruckstuhlsport.ch\/wp-content\/uploads\/schlauch-turboflex-e1603877178141-64x43.jpg",64,43,true]},"uagb_author_info":{"display_name":"admin","author_link":"https:\/\/ruckstuhlsport.ch\/fr\/author\/"},"uagb_comment_info":0,"uagb_excerpt":"extr\u00eamement r\u00e9sistant \u00e0 la pression et ind\u00e9formable tr\u00e8s bonne prise en main pour une utilisation continue intensive Pas de torsion ou d'entortillement","_links":{"self":[{"href":"https:\/\/ruckstuhlsport.ch\/fr\/wp-json\/wp\/v2\/product\/12384","targetHints":{"allow":["GET"]}}],"collection":[{"href":"https:\/\/ruckstuhlsport.ch\/fr\/wp-json\/wp\/v2\/product"}],"about":[{"href":"https:\/\/ruckstuhlsport.ch\/fr\/wp-json\/wp\/v2\/types\/product"}],"wp:featuredmedia":[{"embeddable":true,"href":"https:\/\/ruckstuhlsport.ch\/fr\/wp-json\/wp\/v2\/media\/2623"}],"wp:attachment":[{"href":"https:\/\/ruckstuhlsport.ch\/fr\/wp-json\/wp\/v2\/media?parent=12384"}],"wp:term":[{"taxonomy":"product_brand","embeddable":true,"href":"https:\/\/ruckstuhlsport.ch\/fr\/wp-json\/wp\/v2\/product_brand?post=12384"},{"taxonomy":"product_cat","embeddable":true,"href":"https:\/\/ruckstuhlsport.ch\/fr\/wp-json\/wp\/v2\/product_cat?post=12384"},{"taxonomy":"product_tag","embeddable":true,"href":"https:\/\/ruckstuhlsport.ch\/fr\/wp-json\/wp\/v2\/product_tag?post=12384"}],"curies":[{"name":"wp","href":"https:\/\/api.w.org\/{rel}","templated":true}]}}