{"id":12405,"date":"2019-11-03T06:49:26","date_gmt":"2021-09-02T11:49:49","guid":{"rendered":"https:\/\/ruckstuhlsport.ch\/non%20class\u00e9\/lance-deau-unifighter-c10\/"},"modified":"2026-04-22T13:19:01","modified_gmt":"2026-04-22T11:19:01","slug":"lance-eau-unifighter-c10","status":"publish","type":"product","link":"https:\/\/ruckstuhlsport.ch\/fr\/tennis\/maintenance-de-courts\/tennis-irrigation\/buses-darrosage\/lance-eau-unifighter-c10\/","title":{"rendered":"Lance d&rsquo;eau Unifighter C10"},"content":{"rendered":"","protected":false},"excerpt":{"rendered":"<p>Le Unifighter vous offre tout ce que vous attendez d&rsquo;une buse \u00e0 eau. Gr\u00e2ce au jet d&rsquo;eau r\u00e9glable, cette buse est id\u00e9ale pour tous les travaux.<\/p>\n<ul>\n<li>150l\/min \u00e0 6 bar \u2013 jet de 11 m \u00e0 22 m, avec raccordement GEKA 3\/4&Prime;<\/li>\n<\/ul>\n","protected":false},"featured_media":4353,"template":"","meta":{"_crdt_document":"","_uag_custom_page_level_css":"","site-sidebar-layout":"default","site-content-layout":"default","ast-site-content-layout":"default","site-content-style":"default","site-sidebar-style":"default","ast-global-header-display":"","ast-banner-title-visibility":"","ast-main-header-display":"","ast-hfb-above-header-display":"","ast-hfb-below-header-display":"","ast-hfb-mobile-header-display":"","site-post-title":"","ast-breadcrumbs-content":"","ast-featured-img":"","footer-sml-layout":"","ast-disable-related-posts":"","theme-transparent-header-meta":"default","adv-header-id-meta":"","stick-header-meta":"default","header-above-stick-meta":"","header-main-stick-meta":"","header-below-stick-meta":"","astra-migrate-meta-layouts":"default","ast-page-background-enabled":"default","ast-page-background-meta":{"desktop":{"background-color":"","background-image":"","background-repeat":"repeat","background-position":"center center","background-size":"auto","background-attachment":"scroll","background-type":"","background-media":"","overlay-type":"","overlay-color":"","overlay-opacity":"","overlay-gradient":""},"tablet":{"background-color":"","background-image":"","background-repeat":"repeat","background-position":"center center","background-size":"auto","background-attachment":"scroll","background-type":"","background-media":"","overlay-type":"","overlay-color":"","overlay-opacity":"","overlay-gradient":""},"mobile":{"background-color":"","background-image":"","background-repeat":"repeat","background-position":"center center","background-size":"auto","background-attachment":"scroll","background-type":"","background-media":"","overlay-type":"","overlay-color":"","overlay-opacity":"","overlay-gradient":""}},"ast-content-background-meta":{"desktop":{"background-color":"var(--ast-global-color-5)","background-image":"","background-repeat":"repeat","background-position":"center center","background-size":"auto","background-attachment":"scroll","background-type":"","background-media":"","overlay-type":"","overlay-color":"","overlay-opacity":"","overlay-gradient":""},"tablet":{"background-color":"var(--ast-global-color-5)","background-image":"","background-repeat":"repeat","background-position":"center center","background-size":"auto","background-attachment":"scroll","background-type":"","background-media":"","overlay-type":"","overlay-color":"","overlay-opacity":"","overlay-gradient":""},"mobile":{"background-color":"var(--ast-global-color-5)","background-image":"","background-repeat":"repeat","background-position":"center center","background-size":"auto","background-attachment":"scroll","background-type":"","background-media":"","overlay-type":"","overlay-color":"","overlay-opacity":"","overlay-gradient":""}}},"product_brand":[],"product_cat":[906,1199,934,1179,1198,1209],"product_tag":[],"class_list":{"0":"post-12405","1":"product","2":"type-product","3":"status-publish","4":"has-post-thumbnail","6":"product_cat-greenkeeping","7":"product_cat-greenkeeping-irrigation","8":"product_cat-tennis","9":"product_cat-maintenance-de-courts","10":"product_cat-tennis-irrigation","11":"product_cat-buses-darrosage","12":"product_shipping_class-defaut","13":"pa_ausfuehrung-avec-raccord-tuyau","14":"pa_ausfuehrung-avec-raccordement-geka","15":"desktop-align-center","16":"tablet-align-center","17":"mobile-align-center","18":"ast-product-gallery-layout-horizontal","19":"ast-product-gallery-with-no-image","20":"ast-product-single-variable","21":"ast-product-tabs-layout-horizontal","23":"first","24":"onbackorder","25":"taxable","26":"shipping-taxable","27":"purchasable","28":"product-type-variable"},"uagb_featured_image_src":{"full":["https:\/\/ruckstuhlsport.ch\/wp-content\/uploads\/wasserduese-unifighter-c10-geka-kupplung-2-TE-e1603870764932.jpg",600,484,false],"thumbnail":["https:\/\/ruckstuhlsport.ch\/wp-content\/uploads\/wasserduese-unifighter-c10-geka-kupplung-2-TE-e1603870764932-150x150.jpg",150,150,true],"medium":["https:\/\/ruckstuhlsport.ch\/wp-content\/uploads\/wasserduese-unifighter-c10-geka-kupplung-2-TE-e1603870764932-300x242.jpg",300,242,true],"medium_large":["https:\/\/ruckstuhlsport.ch\/wp-content\/uploads\/wasserduese-unifighter-c10-geka-kupplung-2-TE-e1603870764932.jpg",600,484,false],"large":["https:\/\/ruckstuhlsport.ch\/wp-content\/uploads\/wasserduese-unifighter-c10-geka-kupplung-2-TE-e1603870764932.jpg",600,484,false],"1536x1536":["https:\/\/ruckstuhlsport.ch\/wp-content\/uploads\/wasserduese-unifighter-c10-geka-kupplung-2-TE-e1603870764932.jpg",600,484,false],"2048x2048":["https:\/\/ruckstuhlsport.ch\/wp-content\/uploads\/wasserduese-unifighter-c10-geka-kupplung-2-TE-e1603870764932.jpg",600,484,false],"woocommerce_thumbnail":["https:\/\/ruckstuhlsport.ch\/wp-content\/uploads\/wasserduese-unifighter-c10-geka-kupplung-2-TE-e1603870764932-300x242.jpg",300,242,true],"woocommerce_single":["https:\/\/ruckstuhlsport.ch\/wp-content\/uploads\/wasserduese-unifighter-c10-geka-kupplung-2-TE-e1603870764932.jpg",600,484,false],"woocommerce_gallery_thumbnail":["https:\/\/ruckstuhlsport.ch\/wp-content\/uploads\/wasserduese-unifighter-c10-geka-kupplung-2-TE-e1603870764932-100x100.jpg",100,100,true],"wc_order_status_icon":["https:\/\/ruckstuhlsport.ch\/wp-content\/uploads\/wasserduese-unifighter-c10-geka-kupplung-2-TE-e1603870764932.jpg",32,26,false],"dgwt-wcas-product-suggestion":["https:\/\/ruckstuhlsport.ch\/wp-content\/uploads\/wasserduese-unifighter-c10-geka-kupplung-2-TE-e1603870764932-64x52.jpg",64,52,true]},"uagb_author_info":{"display_name":"admin","author_link":"https:\/\/ruckstuhlsport.ch\/fr\/author\/"},"uagb_comment_info":0,"uagb_excerpt":"Le Unifighter vous offre tout ce que vous attendez d'une buse \u00e0 eau. Gr\u00e2ce au jet d'eau r\u00e9glable, cette buse est id\u00e9ale pour tous les travaux. 150l\/min \u00e0 6 bar \u2013 jet de 11 m \u00e0 22 m, avec raccordement GEKA 3\/4\"","_links":{"self":[{"href":"https:\/\/ruckstuhlsport.ch\/fr\/wp-json\/wp\/v2\/product\/12405","targetHints":{"allow":["GET"]}}],"collection":[{"href":"https:\/\/ruckstuhlsport.ch\/fr\/wp-json\/wp\/v2\/product"}],"about":[{"href":"https:\/\/ruckstuhlsport.ch\/fr\/wp-json\/wp\/v2\/types\/product"}],"wp:featuredmedia":[{"embeddable":true,"href":"https:\/\/ruckstuhlsport.ch\/fr\/wp-json\/wp\/v2\/media\/4353"}],"wp:attachment":[{"href":"https:\/\/ruckstuhlsport.ch\/fr\/wp-json\/wp\/v2\/media?parent=12405"}],"wp:term":[{"taxonomy":"product_brand","embeddable":true,"href":"https:\/\/ruckstuhlsport.ch\/fr\/wp-json\/wp\/v2\/product_brand?post=12405"},{"taxonomy":"product_cat","embeddable":true,"href":"https:\/\/ruckstuhlsport.ch\/fr\/wp-json\/wp\/v2\/product_cat?post=12405"},{"taxonomy":"product_tag","embeddable":true,"href":"https:\/\/ruckstuhlsport.ch\/fr\/wp-json\/wp\/v2\/product_tag?post=12405"}],"curies":[{"name":"wp","href":"https:\/\/api.w.org\/{rel}","templated":true}]}}