{"id":12410,"date":"2019-10-30T15:39:17","date_gmt":"2019-10-30T15:39:17","guid":{"rendered":"https:\/\/ruckstuhlsport.ch\/non%20class\u00e9\/tuyau-deau-ultra-max\/"},"modified":"2023-12-30T10:40:05","modified_gmt":"2023-12-30T09:40:05","slug":"tuyau-eau-ultra-max","status":"publish","type":"product","link":"https:\/\/ruckstuhlsport.ch\/fr\/greenkeeping\/greenkeeping-irrigation\/tuyau-eau-ultra-max\/","title":{"rendered":"Tuyau d&rsquo;eau Ultra Max"},"content":{"rendered":"","protected":false},"excerpt":{"rendered":"<ul>\n<li>tuyau de haute qualit\u00e9 de qualit\u00e9 professionnelle pour les exigences les plus \u00e9lev\u00e9es<\/li>\n<li>avec fil press\u00e9 des deux c\u00f4t\u00e9s<\/li>\n<li>souple et r\u00e9sistant \u00e0 l&rsquo;abrasion<\/li>\n<li>jusqu&rsquo;\u00e0 45 % plus l\u00e9ger que les tuyaux de qualit\u00e9 standard<\/li>\n<\/ul>\n","protected":false},"featured_media":2320,"template":"","meta":{"_crdt_document":"","_uag_custom_page_level_css":"","site-sidebar-layout":"default","site-content-layout":"default","ast-site-content-layout":"default","site-content-style":"default","site-sidebar-style":"default","ast-global-header-display":"","ast-banner-title-visibility":"","ast-main-header-display":"","ast-hfb-above-header-display":"","ast-hfb-below-header-display":"","ast-hfb-mobile-header-display":"","site-post-title":"","ast-breadcrumbs-content":"","ast-featured-img":"","footer-sml-layout":"","ast-disable-related-posts":"","theme-transparent-header-meta":"default","adv-header-id-meta":"","stick-header-meta":"default","header-above-stick-meta":"","header-main-stick-meta":"","header-below-stick-meta":"","astra-migrate-meta-layouts":"default","ast-page-background-enabled":"default","ast-page-background-meta":{"desktop":{"background-color":"","background-image":"","background-repeat":"repeat","background-position":"center center","background-size":"auto","background-attachment":"scroll","background-type":"","background-media":"","overlay-type":"","overlay-color":"","overlay-opacity":"","overlay-gradient":""},"tablet":{"background-color":"","background-image":"","background-repeat":"repeat","background-position":"center center","background-size":"auto","background-attachment":"scroll","background-type":"","background-media":"","overlay-type":"","overlay-color":"","overlay-opacity":"","overlay-gradient":""},"mobile":{"background-color":"","background-image":"","background-repeat":"repeat","background-position":"center center","background-size":"auto","background-attachment":"scroll","background-type":"","background-media":"","overlay-type":"","overlay-color":"","overlay-opacity":"","overlay-gradient":""}},"ast-content-background-meta":{"desktop":{"background-color":"var(--ast-global-color-5)","background-image":"","background-repeat":"repeat","background-position":"center center","background-size":"auto","background-attachment":"scroll","background-type":"","background-media":"","overlay-type":"","overlay-color":"","overlay-opacity":"","overlay-gradient":""},"tablet":{"background-color":"var(--ast-global-color-5)","background-image":"","background-repeat":"repeat","background-position":"center center","background-size":"auto","background-attachment":"scroll","background-type":"","background-media":"","overlay-type":"","overlay-color":"","overlay-opacity":"","overlay-gradient":""},"mobile":{"background-color":"var(--ast-global-color-5)","background-image":"","background-repeat":"repeat","background-position":"center center","background-size":"auto","background-attachment":"scroll","background-type":"","background-media":"","overlay-type":"","overlay-color":"","overlay-opacity":"","overlay-gradient":""}}},"product_brand":[],"product_cat":[1199,906,934,1198,1208],"product_tag":[],"class_list":{"0":"post-12410","1":"product","2":"type-product","3":"status-publish","4":"has-post-thumbnail","6":"product_cat-greenkeeping-irrigation","7":"product_cat-greenkeeping","8":"product_cat-tennis","9":"product_cat-tennis-irrigation","10":"product_cat-tuyaux-deau","11":"product_shipping_class-defaut","12":"pa_durchmesser-19-mm-3-4-fr","13":"pa_durchmesser-25mm-1-fr","14":"pa_schlauchlaenge-19-5-m-fr","15":"pa_schlauchlaenge-24-5-m-fr","16":"desktop-align-center","17":"tablet-align-center","18":"mobile-align-center","19":"ast-product-gallery-layout-horizontal","20":"ast-product-gallery-with-no-image","21":"ast-product-single-variable","22":"ast-product-tabs-layout-horizontal","24":"first","25":"instock","26":"taxable","27":"shipping-taxable","28":"purchasable","29":"product-type-variable"},"uagb_featured_image_src":{"full":["https:\/\/ruckstuhlsport.ch\/wp-content\/uploads\/2019\/10\/wasserschlauch-ultra-max-underhill-e1603882599320.jpg",600,520,false],"thumbnail":["https:\/\/ruckstuhlsport.ch\/wp-content\/uploads\/2019\/10\/wasserschlauch-ultra-max-underhill-e1603882599320-150x150.jpg",150,150,true],"medium":["https:\/\/ruckstuhlsport.ch\/wp-content\/uploads\/2019\/10\/wasserschlauch-ultra-max-underhill-e1603882599320-300x260.jpg",300,260,true],"medium_large":["https:\/\/ruckstuhlsport.ch\/wp-content\/uploads\/2019\/10\/wasserschlauch-ultra-max-underhill-e1603882599320.jpg",600,520,false],"large":["https:\/\/ruckstuhlsport.ch\/wp-content\/uploads\/2019\/10\/wasserschlauch-ultra-max-underhill-e1603882599320.jpg",600,520,false],"1536x1536":["https:\/\/ruckstuhlsport.ch\/wp-content\/uploads\/2019\/10\/wasserschlauch-ultra-max-underhill-e1603882599320.jpg",600,520,false],"2048x2048":["https:\/\/ruckstuhlsport.ch\/wp-content\/uploads\/2019\/10\/wasserschlauch-ultra-max-underhill-e1603882599320.jpg",600,520,false],"woocommerce_thumbnail":["https:\/\/ruckstuhlsport.ch\/wp-content\/uploads\/2019\/10\/wasserschlauch-ultra-max-underhill-e1603882599320-300x260.jpg",300,260,true],"woocommerce_single":["https:\/\/ruckstuhlsport.ch\/wp-content\/uploads\/2019\/10\/wasserschlauch-ultra-max-underhill-e1603882599320.jpg",600,520,false],"woocommerce_gallery_thumbnail":["https:\/\/ruckstuhlsport.ch\/wp-content\/uploads\/2019\/10\/wasserschlauch-ultra-max-underhill-e1603882599320-100x100.jpg",100,100,true],"wc_order_status_icon":["https:\/\/ruckstuhlsport.ch\/wp-content\/uploads\/2019\/10\/wasserschlauch-ultra-max-underhill-e1603882599320.jpg",32,28,false],"dgwt-wcas-product-suggestion":["https:\/\/ruckstuhlsport.ch\/wp-content\/uploads\/2019\/10\/wasserschlauch-ultra-max-underhill-e1603882599320-64x55.jpg",64,55,true]},"uagb_author_info":{"display_name":"admin","author_link":"https:\/\/ruckstuhlsport.ch\/fr\/author\/"},"uagb_comment_info":0,"uagb_excerpt":"tuyau de haute qualit\u00e9 de qualit\u00e9 professionnelle pour les exigences les plus \u00e9lev\u00e9es avec fil press\u00e9 des deux c\u00f4t\u00e9s souple et r\u00e9sistant \u00e0 l'abrasion jusqu'\u00e0 45 % plus l\u00e9ger que les tuyaux de qualit\u00e9 standard","_links":{"self":[{"href":"https:\/\/ruckstuhlsport.ch\/fr\/wp-json\/wp\/v2\/product\/12410","targetHints":{"allow":["GET"]}}],"collection":[{"href":"https:\/\/ruckstuhlsport.ch\/fr\/wp-json\/wp\/v2\/product"}],"about":[{"href":"https:\/\/ruckstuhlsport.ch\/fr\/wp-json\/wp\/v2\/types\/product"}],"wp:featuredmedia":[{"embeddable":true,"href":"https:\/\/ruckstuhlsport.ch\/fr\/wp-json\/wp\/v2\/media\/2320"}],"wp:attachment":[{"href":"https:\/\/ruckstuhlsport.ch\/fr\/wp-json\/wp\/v2\/media?parent=12410"}],"wp:term":[{"taxonomy":"product_brand","embeddable":true,"href":"https:\/\/ruckstuhlsport.ch\/fr\/wp-json\/wp\/v2\/product_brand?post=12410"},{"taxonomy":"product_cat","embeddable":true,"href":"https:\/\/ruckstuhlsport.ch\/fr\/wp-json\/wp\/v2\/product_cat?post=12410"},{"taxonomy":"product_tag","embeddable":true,"href":"https:\/\/ruckstuhlsport.ch\/fr\/wp-json\/wp\/v2\/product_tag?post=12410"}],"curies":[{"name":"wp","href":"https:\/\/api.w.org\/{rel}","templated":true}]}}