{"id":12419,"date":"2019-10-30T15:39:10","date_gmt":"2021-09-02T11:57:36","guid":{"rendered":"https:\/\/ruckstuhlsport.ch\/non%20class\u00e9\/buse-de-drainage-drain-blaster\/"},"modified":"2023-12-30T10:40:06","modified_gmt":"2023-12-30T09:40:06","slug":"buse-drainage-drain-blaster","status":"publish","type":"product","link":"https:\/\/ruckstuhlsport.ch\/fr\/tennis\/maintenance-de-courts\/tennis-irrigation\/buse-drainage-drain-blaster\/","title":{"rendered":"Buse de drainage Drain Blaster"},"content":{"rendered":"","protected":false},"excerpt":{"rendered":"<ul>\n<li>buse id\u00e9ale pour nettoyer les drainages<\/li>\n<li>t\u00eate de buse massive en acier chrom\u00e9<\/li>\n<li>l&rsquo;eau \u00e9clabousse des c\u00f4t\u00e9s et de l&rsquo;avant<\/li>\n<li>pression d&rsquo;eau recommand\u00e9e 4,8 bar<\/li>\n<\/ul>\n","protected":false},"featured_media":2564,"template":"","meta":{"_crdt_document":"","_uag_custom_page_level_css":"","site-sidebar-layout":"default","site-content-layout":"default","ast-site-content-layout":"default","site-content-style":"default","site-sidebar-style":"default","ast-global-header-display":"","ast-banner-title-visibility":"","ast-main-header-display":"","ast-hfb-above-header-display":"","ast-hfb-below-header-display":"","ast-hfb-mobile-header-display":"","site-post-title":"","ast-breadcrumbs-content":"","ast-featured-img":"","footer-sml-layout":"","ast-disable-related-posts":"","theme-transparent-header-meta":"default","adv-header-id-meta":"","stick-header-meta":"default","header-above-stick-meta":"","header-main-stick-meta":"","header-below-stick-meta":"","astra-migrate-meta-layouts":"default","ast-page-background-enabled":"default","ast-page-background-meta":{"desktop":{"background-color":"","background-image":"","background-repeat":"repeat","background-position":"center center","background-size":"auto","background-attachment":"scroll","background-type":"","background-media":"","overlay-type":"","overlay-color":"","overlay-opacity":"","overlay-gradient":""},"tablet":{"background-color":"","background-image":"","background-repeat":"repeat","background-position":"center center","background-size":"auto","background-attachment":"scroll","background-type":"","background-media":"","overlay-type":"","overlay-color":"","overlay-opacity":"","overlay-gradient":""},"mobile":{"background-color":"","background-image":"","background-repeat":"repeat","background-position":"center center","background-size":"auto","background-attachment":"scroll","background-type":"","background-media":"","overlay-type":"","overlay-color":"","overlay-opacity":"","overlay-gradient":""}},"ast-content-background-meta":{"desktop":{"background-color":"var(--ast-global-color-5)","background-image":"","background-repeat":"repeat","background-position":"center center","background-size":"auto","background-attachment":"scroll","background-type":"","background-media":"","overlay-type":"","overlay-color":"","overlay-opacity":"","overlay-gradient":""},"tablet":{"background-color":"var(--ast-global-color-5)","background-image":"","background-repeat":"repeat","background-position":"center center","background-size":"auto","background-attachment":"scroll","background-type":"","background-media":"","overlay-type":"","overlay-color":"","overlay-opacity":"","overlay-gradient":""},"mobile":{"background-color":"var(--ast-global-color-5)","background-image":"","background-repeat":"repeat","background-position":"center center","background-size":"auto","background-attachment":"scroll","background-type":"","background-media":"","overlay-type":"","overlay-color":"","overlay-opacity":"","overlay-gradient":""}}},"product_brand":[],"product_cat":[906,1199,934,1198],"product_tag":[],"class_list":{"0":"post-12419","1":"product","2":"type-product","3":"status-publish","4":"has-post-thumbnail","6":"product_cat-greenkeeping","7":"product_cat-greenkeeping-irrigation","8":"product_cat-tennis","9":"product_cat-tennis-irrigation","10":"product_shipping_class-defaut","11":"pa_groesse-19-mm-3-4-fr","12":"pa_groesse-25-mm-1-fr","13":"desktop-align-center","14":"tablet-align-center","15":"mobile-align-center","16":"ast-product-gallery-layout-horizontal","17":"ast-product-single-variable","18":"ast-product-tabs-layout-horizontal","20":"first","21":"onbackorder","22":"taxable","23":"shipping-taxable","24":"purchasable","25":"product-type-variable"},"uagb_featured_image_src":{"full":["https:\/\/ruckstuhlsport.ch\/wp-content\/uploads\/drainblaster1-underhill-UDN-75-e1603878065287.jpg",600,411,false],"thumbnail":["https:\/\/ruckstuhlsport.ch\/wp-content\/uploads\/drainblaster1-underhill-UDN-75-e1603878065287-150x150.jpg",150,150,true],"medium":["https:\/\/ruckstuhlsport.ch\/wp-content\/uploads\/drainblaster1-underhill-UDN-75-e1603878065287-300x206.jpg",300,206,true],"medium_large":["https:\/\/ruckstuhlsport.ch\/wp-content\/uploads\/drainblaster1-underhill-UDN-75-e1603878065287.jpg",600,411,false],"large":["https:\/\/ruckstuhlsport.ch\/wp-content\/uploads\/drainblaster1-underhill-UDN-75-e1603878065287.jpg",600,411,false],"1536x1536":["https:\/\/ruckstuhlsport.ch\/wp-content\/uploads\/drainblaster1-underhill-UDN-75-e1603878065287.jpg",600,411,false],"2048x2048":["https:\/\/ruckstuhlsport.ch\/wp-content\/uploads\/drainblaster1-underhill-UDN-75-e1603878065287.jpg",600,411,false],"woocommerce_thumbnail":["https:\/\/ruckstuhlsport.ch\/wp-content\/uploads\/drainblaster1-underhill-UDN-75-e1603878065287-300x206.jpg",300,206,true],"woocommerce_single":["https:\/\/ruckstuhlsport.ch\/wp-content\/uploads\/drainblaster1-underhill-UDN-75-e1603878065287.jpg",600,411,false],"woocommerce_gallery_thumbnail":["https:\/\/ruckstuhlsport.ch\/wp-content\/uploads\/drainblaster1-underhill-UDN-75-e1603878065287-100x100.jpg",100,100,true],"wc_order_status_icon":["https:\/\/ruckstuhlsport.ch\/wp-content\/uploads\/drainblaster1-underhill-UDN-75-e1603878065287.jpg",32,22,false],"dgwt-wcas-product-suggestion":["https:\/\/ruckstuhlsport.ch\/wp-content\/uploads\/drainblaster1-underhill-UDN-75-e1603878065287-64x44.jpg",64,44,true]},"uagb_author_info":{"display_name":"admin","author_link":"https:\/\/ruckstuhlsport.ch\/fr\/author\/"},"uagb_comment_info":0,"uagb_excerpt":"buse id\u00e9ale pour nettoyer les drainages t\u00eate de buse massive en acier chrom\u00e9 l'eau \u00e9clabousse des c\u00f4t\u00e9s et de l'avant pression d'eau recommand\u00e9e 4,8 bar","_links":{"self":[{"href":"https:\/\/ruckstuhlsport.ch\/fr\/wp-json\/wp\/v2\/product\/12419","targetHints":{"allow":["GET"]}}],"collection":[{"href":"https:\/\/ruckstuhlsport.ch\/fr\/wp-json\/wp\/v2\/product"}],"about":[{"href":"https:\/\/ruckstuhlsport.ch\/fr\/wp-json\/wp\/v2\/types\/product"}],"wp:featuredmedia":[{"embeddable":true,"href":"https:\/\/ruckstuhlsport.ch\/fr\/wp-json\/wp\/v2\/media\/2564"}],"wp:attachment":[{"href":"https:\/\/ruckstuhlsport.ch\/fr\/wp-json\/wp\/v2\/media?parent=12419"}],"wp:term":[{"taxonomy":"product_brand","embeddable":true,"href":"https:\/\/ruckstuhlsport.ch\/fr\/wp-json\/wp\/v2\/product_brand?post=12419"},{"taxonomy":"product_cat","embeddable":true,"href":"https:\/\/ruckstuhlsport.ch\/fr\/wp-json\/wp\/v2\/product_cat?post=12419"},{"taxonomy":"product_tag","embeddable":true,"href":"https:\/\/ruckstuhlsport.ch\/fr\/wp-json\/wp\/v2\/product_tag?post=12419"}],"curies":[{"name":"wp","href":"https:\/\/api.w.org\/{rel}","templated":true}]}}