{"id":12426,"date":"2019-10-30T15:32:34","date_gmt":"2019-10-30T15:32:34","guid":{"rendered":"https:\/\/ruckstuhlsport.ch\/non%20class\u00e9\/arroseur-mobile-roller-pro\/"},"modified":"2026-02-11T12:37:36","modified_gmt":"2026-02-11T11:37:36","slug":"arroseur-mobile-roller-pro","status":"publish","type":"product","link":"https:\/\/ruckstuhlsport.ch\/fr\/greenkeeping\/greenkeeping-irrigation\/arroseur-mobile-roller-pro\/","title":{"rendered":"Arroseur mobile Roller Pro"},"content":{"rendered":"","protected":false},"excerpt":{"rendered":"<p>Parfait pour l&rsquo;arrosage efficace des terrains de sport et des espaces verts. L&rsquo;arroseur mobile Roller Pro offre une largeur de 56 cm et une ouverture de 25 mm pour un d\u00e9bit d&rsquo;eau optimal. <\/p>\n<ul>\n<li>56 cm de large pour une stabilit\u00e9 parfaite<\/li>\n<li>ouverture de 25 mm<\/li>\n<li>Connexion de 19 mm pour une int\u00e9gration facile dans les syst\u00e8mes existants<\/li>\n<li>Rouleau en acier pour un suivi sans effort du sprinkleur<\/li>\n<li><span style=\"text-decoration: underline;\"><strong>Arroseur non compris<\/strong><\/span><\/li>\n<\/ul>\n<p>Am\u00e9liorez l&rsquo;efficacit\u00e9 de votre arrosage et garantissez des surfaces de jeu arros\u00e9es de mani\u00e8re uniforme.<\/p>\n","protected":false},"featured_media":2445,"template":"","meta":{"_crdt_document":"","_uag_custom_page_level_css":"","site-sidebar-layout":"default","site-content-layout":"default","ast-site-content-layout":"default","site-content-style":"default","site-sidebar-style":"default","ast-global-header-display":"","ast-banner-title-visibility":"","ast-main-header-display":"","ast-hfb-above-header-display":"","ast-hfb-below-header-display":"","ast-hfb-mobile-header-display":"","site-post-title":"","ast-breadcrumbs-content":"","ast-featured-img":"","footer-sml-layout":"","ast-disable-related-posts":"","theme-transparent-header-meta":"default","adv-header-id-meta":"","stick-header-meta":"default","header-above-stick-meta":"","header-main-stick-meta":"","header-below-stick-meta":"","astra-migrate-meta-layouts":"default","ast-page-background-enabled":"default","ast-page-background-meta":{"desktop":{"background-color":"","background-image":"","background-repeat":"repeat","background-position":"center center","background-size":"auto","background-attachment":"scroll","background-type":"","background-media":"","overlay-type":"","overlay-color":"","overlay-opacity":"","overlay-gradient":""},"tablet":{"background-color":"","background-image":"","background-repeat":"repeat","background-position":"center center","background-size":"auto","background-attachment":"scroll","background-type":"","background-media":"","overlay-type":"","overlay-color":"","overlay-opacity":"","overlay-gradient":""},"mobile":{"background-color":"","background-image":"","background-repeat":"repeat","background-position":"center center","background-size":"auto","background-attachment":"scroll","background-type":"","background-media":"","overlay-type":"","overlay-color":"","overlay-opacity":"","overlay-gradient":""}},"ast-content-background-meta":{"desktop":{"background-color":"var(--ast-global-color-5)","background-image":"","background-repeat":"repeat","background-position":"center center","background-size":"auto","background-attachment":"scroll","background-type":"","background-media":"","overlay-type":"","overlay-color":"","overlay-opacity":"","overlay-gradient":""},"tablet":{"background-color":"var(--ast-global-color-5)","background-image":"","background-repeat":"repeat","background-position":"center center","background-size":"auto","background-attachment":"scroll","background-type":"","background-media":"","overlay-type":"","overlay-color":"","overlay-opacity":"","overlay-gradient":""},"mobile":{"background-color":"var(--ast-global-color-5)","background-image":"","background-repeat":"repeat","background-position":"center center","background-size":"auto","background-attachment":"scroll","background-type":"","background-media":"","overlay-type":"","overlay-color":"","overlay-opacity":"","overlay-gradient":""}}},"product_brand":[],"product_cat":[1199,906,934,1198,1200],"product_tag":[],"class_list":{"0":"post-12426","1":"product","2":"type-product","3":"status-publish","4":"has-post-thumbnail","6":"product_cat-greenkeeping-irrigation","7":"product_cat-greenkeeping","8":"product_cat-tennis","9":"product_cat-tennis-irrigation","10":"product_cat-accessoire-pour-irrigation","11":"product_shipping_class-defaut","12":"desktop-align-center","13":"tablet-align-center","14":"mobile-align-center","15":"ast-product-gallery-layout-horizontal","16":"ast-product-tabs-layout-horizontal","18":"first","19":"onbackorder","20":"taxable","21":"shipping-taxable","22":"purchasable","23":"product-type-simple"},"uagb_featured_image_src":{"full":["https:\/\/ruckstuhlsport.ch\/wp-content\/uploads\/sprinkler-rollerpro-underhill-UA-RP221.jpg",600,600,false],"thumbnail":["https:\/\/ruckstuhlsport.ch\/wp-content\/uploads\/sprinkler-rollerpro-underhill-UA-RP221-150x150.jpg",150,150,true],"medium":["https:\/\/ruckstuhlsport.ch\/wp-content\/uploads\/sprinkler-rollerpro-underhill-UA-RP221-300x300.jpg",300,300,true],"medium_large":["https:\/\/ruckstuhlsport.ch\/wp-content\/uploads\/sprinkler-rollerpro-underhill-UA-RP221.jpg",600,600,false],"large":["https:\/\/ruckstuhlsport.ch\/wp-content\/uploads\/sprinkler-rollerpro-underhill-UA-RP221.jpg",600,600,false],"1536x1536":["https:\/\/ruckstuhlsport.ch\/wp-content\/uploads\/sprinkler-rollerpro-underhill-UA-RP221.jpg",600,600,false],"2048x2048":["https:\/\/ruckstuhlsport.ch\/wp-content\/uploads\/sprinkler-rollerpro-underhill-UA-RP221.jpg",600,600,false],"woocommerce_thumbnail":["https:\/\/ruckstuhlsport.ch\/wp-content\/uploads\/sprinkler-rollerpro-underhill-UA-RP221-300x300.jpg",300,300,true],"woocommerce_single":["https:\/\/ruckstuhlsport.ch\/wp-content\/uploads\/sprinkler-rollerpro-underhill-UA-RP221-600x600.jpg",600,600,true],"woocommerce_gallery_thumbnail":["https:\/\/ruckstuhlsport.ch\/wp-content\/uploads\/sprinkler-rollerpro-underhill-UA-RP221-100x100.jpg",100,100,true],"wc_order_status_icon":["https:\/\/ruckstuhlsport.ch\/wp-content\/uploads\/sprinkler-rollerpro-underhill-UA-RP221.jpg",32,32,false],"dgwt-wcas-product-suggestion":["https:\/\/ruckstuhlsport.ch\/wp-content\/uploads\/sprinkler-rollerpro-underhill-UA-RP221-64x64.jpg",64,64,true]},"uagb_author_info":{"display_name":"admin","author_link":"https:\/\/ruckstuhlsport.ch\/fr\/author\/"},"uagb_comment_info":0,"uagb_excerpt":"Parfait pour l'arrosage efficace des terrains de sport et des espaces verts. L'arroseur mobile Roller Pro offre une largeur de 56 cm et une ouverture de 25 mm pour un d\u00e9bit d'eau optimal. 56 cm de large pour une stabilit\u00e9 parfaite ouverture de 25 mm Connexion de 19 mm pour une int\u00e9gration facile dans les\u2026","_links":{"self":[{"href":"https:\/\/ruckstuhlsport.ch\/fr\/wp-json\/wp\/v2\/product\/12426","targetHints":{"allow":["GET"]}}],"collection":[{"href":"https:\/\/ruckstuhlsport.ch\/fr\/wp-json\/wp\/v2\/product"}],"about":[{"href":"https:\/\/ruckstuhlsport.ch\/fr\/wp-json\/wp\/v2\/types\/product"}],"wp:featuredmedia":[{"embeddable":true,"href":"https:\/\/ruckstuhlsport.ch\/fr\/wp-json\/wp\/v2\/media\/2445"}],"wp:attachment":[{"href":"https:\/\/ruckstuhlsport.ch\/fr\/wp-json\/wp\/v2\/media?parent=12426"}],"wp:term":[{"taxonomy":"product_brand","embeddable":true,"href":"https:\/\/ruckstuhlsport.ch\/fr\/wp-json\/wp\/v2\/product_brand?post=12426"},{"taxonomy":"product_cat","embeddable":true,"href":"https:\/\/ruckstuhlsport.ch\/fr\/wp-json\/wp\/v2\/product_cat?post=12426"},{"taxonomy":"product_tag","embeddable":true,"href":"https:\/\/ruckstuhlsport.ch\/fr\/wp-json\/wp\/v2\/product_tag?post=12426"}],"curies":[{"name":"wp","href":"https:\/\/api.w.org\/{rel}","templated":true}]}}