{"id":12464,"date":"2021-01-29T15:49:36","date_gmt":"2021-01-29T14:49:36","guid":{"rendered":"https:\/\/ruckstuhlsport.ch\/non%20class\u00e9\/eponge-de-remplacement-pour-rouleau-eponge\/"},"modified":"2025-09-19T08:46:12","modified_gmt":"2025-09-19T06:46:12","slug":"eponge-rouleau-eponge","status":"publish","type":"product","link":"https:\/\/ruckstuhlsport.ch\/fr\/tennis\/maintenance-de-courts\/eponges\/eponge-rouleau-eponge\/","title":{"rendered":"Eponge de remplacement pour rouleau \u00e9ponge"},"content":{"rendered":"","protected":false},"excerpt":{"rendered":"<p><span style=\"font-size: 16px;\">Profitez d&rsquo;un entretien de qualit\u00e9 avec notre \u00e9ponge de rechange pour le rouleau \u00e9ponge Reri. Parfaitement adapt\u00e9e \u00e0 votre rouleau \u00e9ponge, cette \u00e9ponge de rechange de haute qualit\u00e9 permet d&rsquo;absorber et d&rsquo;\u00e9vacuer efficacement l&rsquo;exc\u00e8s d&rsquo;eau sur les courts de tennis. <\/span><\/p>\n<ul>\n<li>Adapt\u00e9 au <a href=\"https:\/\/ruckstuhlsport.ch\/tennis\/platzpflege\/saugwalzen\/schwammroller-rolling-sponge\/\">rouleau \u00e9ponge<\/a><\/li>\n<li>Mat\u00e9riau tr\u00e8s absorbant pour une absorption maximale de l&rsquo;eau<\/li>\n<li>Une qualit\u00e9 durable pour une utilisation \u00e0 long terme<\/li>\n<li>Remplacement facile pour une utilisation imm\u00e9diate<\/li>\n<\/ul>\n<p>Optimisez l&rsquo;entretien de votre terrain avec cet accessoire indispensable.<\/p>\n","protected":false},"featured_media":8662,"template":"","meta":{"_crdt_document":"","_uag_custom_page_level_css":"","site-sidebar-layout":"default","site-content-layout":"default","ast-site-content-layout":"default","site-content-style":"default","site-sidebar-style":"default","ast-global-header-display":"","ast-banner-title-visibility":"","ast-main-header-display":"","ast-hfb-above-header-display":"","ast-hfb-below-header-display":"","ast-hfb-mobile-header-display":"","site-post-title":"","ast-breadcrumbs-content":"","ast-featured-img":"","footer-sml-layout":"","ast-disable-related-posts":"","theme-transparent-header-meta":"default","adv-header-id-meta":"","stick-header-meta":"default","header-above-stick-meta":"","header-main-stick-meta":"","header-below-stick-meta":"","astra-migrate-meta-layouts":"default","ast-page-background-enabled":"default","ast-page-background-meta":{"desktop":{"background-color":"","background-image":"","background-repeat":"repeat","background-position":"center center","background-size":"auto","background-attachment":"scroll","background-type":"","background-media":"","overlay-type":"","overlay-color":"","overlay-opacity":"","overlay-gradient":""},"tablet":{"background-color":"","background-image":"","background-repeat":"repeat","background-position":"center center","background-size":"auto","background-attachment":"scroll","background-type":"","background-media":"","overlay-type":"","overlay-color":"","overlay-opacity":"","overlay-gradient":""},"mobile":{"background-color":"","background-image":"","background-repeat":"repeat","background-position":"center center","background-size":"auto","background-attachment":"scroll","background-type":"","background-media":"","overlay-type":"","overlay-color":"","overlay-opacity":"","overlay-gradient":""}},"ast-content-background-meta":{"desktop":{"background-color":"var(--ast-global-color-5)","background-image":"","background-repeat":"repeat","background-position":"center center","background-size":"auto","background-attachment":"scroll","background-type":"","background-media":"","overlay-type":"","overlay-color":"","overlay-opacity":"","overlay-gradient":""},"tablet":{"background-color":"var(--ast-global-color-5)","background-image":"","background-repeat":"repeat","background-position":"center center","background-size":"auto","background-attachment":"scroll","background-type":"","background-media":"","overlay-type":"","overlay-color":"","overlay-opacity":"","overlay-gradient":""},"mobile":{"background-color":"var(--ast-global-color-5)","background-image":"","background-repeat":"repeat","background-position":"center center","background-size":"auto","background-attachment":"scroll","background-type":"","background-media":"","overlay-type":"","overlay-color":"","overlay-opacity":"","overlay-gradient":""}}},"product_brand":[],"product_cat":[1231,934,1179],"product_tag":[],"class_list":{"0":"post-12464","1":"product","2":"type-product","3":"status-publish","4":"has-post-thumbnail","6":"product_cat-eponges","7":"product_cat-tennis","8":"product_cat-maintenance-de-courts","9":"product_shipping_class-defaut","10":"desktop-align-center","11":"tablet-align-center","12":"mobile-align-center","13":"ast-product-gallery-layout-horizontal","14":"ast-product-gallery-with-no-image","15":"ast-product-tabs-layout-horizontal","17":"first","18":"instock","19":"taxable","20":"shipping-taxable","21":"purchasable","22":"product-type-simple"},"uagb_featured_image_src":{"full":["https:\/\/ruckstuhlsport.ch\/wp-content\/uploads\/ersatzschwamm-schwammroller.jpg",600,400,false],"thumbnail":["https:\/\/ruckstuhlsport.ch\/wp-content\/uploads\/ersatzschwamm-schwammroller-150x150.jpg",150,150,true],"medium":["https:\/\/ruckstuhlsport.ch\/wp-content\/uploads\/ersatzschwamm-schwammroller-300x200.jpg",300,200,true],"medium_large":["https:\/\/ruckstuhlsport.ch\/wp-content\/uploads\/ersatzschwamm-schwammroller.jpg",600,400,false],"large":["https:\/\/ruckstuhlsport.ch\/wp-content\/uploads\/ersatzschwamm-schwammroller.jpg",600,400,false],"1536x1536":["https:\/\/ruckstuhlsport.ch\/wp-content\/uploads\/ersatzschwamm-schwammroller.jpg",600,400,false],"2048x2048":["https:\/\/ruckstuhlsport.ch\/wp-content\/uploads\/ersatzschwamm-schwammroller.jpg",600,400,false],"woocommerce_thumbnail":["https:\/\/ruckstuhlsport.ch\/wp-content\/uploads\/ersatzschwamm-schwammroller-300x200.jpg",300,200,true],"woocommerce_single":["https:\/\/ruckstuhlsport.ch\/wp-content\/uploads\/ersatzschwamm-schwammroller.jpg",600,400,false],"woocommerce_gallery_thumbnail":["https:\/\/ruckstuhlsport.ch\/wp-content\/uploads\/ersatzschwamm-schwammroller-100x100.jpg",100,100,true],"wc_order_status_icon":["https:\/\/ruckstuhlsport.ch\/wp-content\/uploads\/ersatzschwamm-schwammroller.jpg",32,21,false],"dgwt-wcas-product-suggestion":["https:\/\/ruckstuhlsport.ch\/wp-content\/uploads\/ersatzschwamm-schwammroller-64x43.jpg",64,43,true]},"uagb_author_info":{"display_name":"admin","author_link":"https:\/\/ruckstuhlsport.ch\/fr\/author\/"},"uagb_comment_info":0,"uagb_excerpt":"Profitez d'un entretien de qualit\u00e9 avec notre \u00e9ponge de rechange pour le rouleau \u00e9ponge Reri. Parfaitement adapt\u00e9e \u00e0 votre rouleau \u00e9ponge, cette \u00e9ponge de rechange de haute qualit\u00e9 permet d'absorber et d'\u00e9vacuer efficacement l'exc\u00e8s d'eau sur les courts de tennis. Adapt\u00e9 au rouleau \u00e9ponge Mat\u00e9riau tr\u00e8s absorbant pour une absorption maximale de l'eau Une qualit\u00e9\u2026","_links":{"self":[{"href":"https:\/\/ruckstuhlsport.ch\/fr\/wp-json\/wp\/v2\/product\/12464","targetHints":{"allow":["GET"]}}],"collection":[{"href":"https:\/\/ruckstuhlsport.ch\/fr\/wp-json\/wp\/v2\/product"}],"about":[{"href":"https:\/\/ruckstuhlsport.ch\/fr\/wp-json\/wp\/v2\/types\/product"}],"wp:featuredmedia":[{"embeddable":true,"href":"https:\/\/ruckstuhlsport.ch\/fr\/wp-json\/wp\/v2\/media\/8662"}],"wp:attachment":[{"href":"https:\/\/ruckstuhlsport.ch\/fr\/wp-json\/wp\/v2\/media?parent=12464"}],"wp:term":[{"taxonomy":"product_brand","embeddable":true,"href":"https:\/\/ruckstuhlsport.ch\/fr\/wp-json\/wp\/v2\/product_brand?post=12464"},{"taxonomy":"product_cat","embeddable":true,"href":"https:\/\/ruckstuhlsport.ch\/fr\/wp-json\/wp\/v2\/product_cat?post=12464"},{"taxonomy":"product_tag","embeddable":true,"href":"https:\/\/ruckstuhlsport.ch\/fr\/wp-json\/wp\/v2\/product_tag?post=12464"}],"curies":[{"name":"wp","href":"https:\/\/api.w.org\/{rel}","templated":true}]}}