{"id":12470,"date":"2021-04-29T08:42:57","date_gmt":"2021-04-29T06:42:57","guid":{"rendered":"https:\/\/ruckstuhlsport.ch\/non%20class\u00e9\/mur-de-coup-franc-soft\/"},"modified":"2025-09-19T08:49:47","modified_gmt":"2025-09-19T06:49:47","slug":"mur-coup-franc-soft","status":"publish","type":"product","link":"https:\/\/ruckstuhlsport.ch\/fr\/football\/materiel-dentrainement-de-football\/murs-de-coup-franc\/mur-coup-franc-soft\/","title":{"rendered":"Mur de coup franc Soft"},"content":{"rendered":"","protected":false},"excerpt":{"rendered":"<p>Am\u00e9liorez la qualit\u00e9 de l&rsquo;entra\u00eenement sur votre terrain de sport avec notre set de mur de coup franc Soft. Ces mannequins de football de haute qualit\u00e9 sont fabriqu\u00e9s en plastique r\u00e9sistant aux chocs et aux UV dans une couleur jaune frappante et offrent une durabilit\u00e9 exceptionnelle. <\/p>\n<ul>\n<li>Hauteur ajustable de 175 \u00e0 195 cm<\/li>\n<li>Corps flexible pour des situations de jeu r\u00e9alistes<\/li>\n<li>\u00c9quip\u00e9 d&rsquo;un crampon pour une bonne stabilit\u00e9<\/li>\n<li>Set de 5 pi\u00e8ces pour des possibilit\u00e9s de formation compl\u00e8tes<\/li>\n<\/ul>\n<p>Id\u00e9al pour les entra\u00eeneurs professionnels qui recherchent une qualit\u00e9 et une fonctionnalit\u00e9 optimales.<\/p>\n","protected":false},"featured_media":11187,"template":"","meta":{"_crdt_document":"","_uag_custom_page_level_css":"","site-sidebar-layout":"default","site-content-layout":"default","ast-site-content-layout":"default","site-content-style":"default","site-sidebar-style":"default","ast-global-header-display":"","ast-banner-title-visibility":"","ast-main-header-display":"","ast-hfb-above-header-display":"","ast-hfb-below-header-display":"","ast-hfb-mobile-header-display":"","site-post-title":"","ast-breadcrumbs-content":"","ast-featured-img":"","footer-sml-layout":"","ast-disable-related-posts":"","theme-transparent-header-meta":"default","adv-header-id-meta":"","stick-header-meta":"default","header-above-stick-meta":"","header-main-stick-meta":"","header-below-stick-meta":"","astra-migrate-meta-layouts":"default","ast-page-background-enabled":"default","ast-page-background-meta":{"desktop":{"background-color":"","background-image":"","background-repeat":"repeat","background-position":"center center","background-size":"auto","background-attachment":"scroll","background-type":"","background-media":"","overlay-type":"","overlay-color":"","overlay-opacity":"","overlay-gradient":""},"tablet":{"background-color":"","background-image":"","background-repeat":"repeat","background-position":"center center","background-size":"auto","background-attachment":"scroll","background-type":"","background-media":"","overlay-type":"","overlay-color":"","overlay-opacity":"","overlay-gradient":""},"mobile":{"background-color":"","background-image":"","background-repeat":"repeat","background-position":"center center","background-size":"auto","background-attachment":"scroll","background-type":"","background-media":"","overlay-type":"","overlay-color":"","overlay-opacity":"","overlay-gradient":""}},"ast-content-background-meta":{"desktop":{"background-color":"var(--ast-global-color-5)","background-image":"","background-repeat":"repeat","background-position":"center center","background-size":"auto","background-attachment":"scroll","background-type":"","background-media":"","overlay-type":"","overlay-color":"","overlay-opacity":"","overlay-gradient":""},"tablet":{"background-color":"var(--ast-global-color-5)","background-image":"","background-repeat":"repeat","background-position":"center center","background-size":"auto","background-attachment":"scroll","background-type":"","background-media":"","overlay-type":"","overlay-color":"","overlay-opacity":"","overlay-gradient":""},"mobile":{"background-color":"var(--ast-global-color-5)","background-image":"","background-repeat":"repeat","background-position":"center center","background-size":"auto","background-attachment":"scroll","background-type":"","background-media":"","overlay-type":"","overlay-color":"","overlay-opacity":"","overlay-gradient":""}}},"product_brand":[],"product_cat":[967,932,933],"product_tag":[],"class_list":{"0":"post-12470","1":"product","2":"type-product","3":"status-publish","4":"has-post-thumbnail","6":"product_cat-murs-de-coup-franc","7":"product_cat-football","8":"product_cat-materiel-dentrainement-de-football","9":"product_shipping_class-marchandise-volumineuse","10":"pa_ausfuehrung-kit","11":"pa_farbe-jaune","12":"pa_farbe-rouge","13":"pa_hoehe-175-195cm-fr","14":"desktop-align-center","15":"tablet-align-center","16":"mobile-align-center","17":"ast-product-gallery-layout-horizontal","18":"ast-product-gallery-with-no-image","19":"ast-product-tabs-layout-horizontal","21":"first","22":"onbackorder","23":"taxable","24":"shipping-taxable","25":"purchasable","26":"product-type-simple"},"uagb_featured_image_src":{"full":["https:\/\/ruckstuhlsport.ch\/wp-content\/uploads\/freistossmauer-set-soft-fix-gelb.jpg",565,375,false],"thumbnail":["https:\/\/ruckstuhlsport.ch\/wp-content\/uploads\/freistossmauer-set-soft-fix-gelb-150x150.jpg",150,150,true],"medium":["https:\/\/ruckstuhlsport.ch\/wp-content\/uploads\/freistossmauer-set-soft-fix-gelb-300x199.jpg",300,199,true],"medium_large":["https:\/\/ruckstuhlsport.ch\/wp-content\/uploads\/freistossmauer-set-soft-fix-gelb.jpg",565,375,false],"large":["https:\/\/ruckstuhlsport.ch\/wp-content\/uploads\/freistossmauer-set-soft-fix-gelb.jpg",565,375,false],"1536x1536":["https:\/\/ruckstuhlsport.ch\/wp-content\/uploads\/freistossmauer-set-soft-fix-gelb.jpg",565,375,false],"2048x2048":["https:\/\/ruckstuhlsport.ch\/wp-content\/uploads\/freistossmauer-set-soft-fix-gelb.jpg",565,375,false],"woocommerce_thumbnail":["https:\/\/ruckstuhlsport.ch\/wp-content\/uploads\/freistossmauer-set-soft-fix-gelb-300x199.jpg",300,199,true],"woocommerce_single":["https:\/\/ruckstuhlsport.ch\/wp-content\/uploads\/freistossmauer-set-soft-fix-gelb.jpg",565,375,false],"woocommerce_gallery_thumbnail":["https:\/\/ruckstuhlsport.ch\/wp-content\/uploads\/freistossmauer-set-soft-fix-gelb-100x100.jpg",100,100,true],"wc_order_status_icon":["https:\/\/ruckstuhlsport.ch\/wp-content\/uploads\/freistossmauer-set-soft-fix-gelb.jpg",32,21,false],"dgwt-wcas-product-suggestion":["https:\/\/ruckstuhlsport.ch\/wp-content\/uploads\/freistossmauer-set-soft-fix-gelb-64x42.jpg",64,42,true]},"uagb_author_info":{"display_name":"admin","author_link":"https:\/\/ruckstuhlsport.ch\/fr\/author\/"},"uagb_comment_info":0,"uagb_excerpt":"Am\u00e9liorez la qualit\u00e9 de l'entra\u00eenement sur votre terrain de sport avec notre set de mur de coup franc Soft. Ces mannequins de football de haute qualit\u00e9 sont fabriqu\u00e9s en plastique r\u00e9sistant aux chocs et aux UV dans une couleur jaune frappante et offrent une durabilit\u00e9 exceptionnelle. Hauteur ajustable de 175 \u00e0 195 cm Corps flexible\u2026","_links":{"self":[{"href":"https:\/\/ruckstuhlsport.ch\/fr\/wp-json\/wp\/v2\/product\/12470","targetHints":{"allow":["GET"]}}],"collection":[{"href":"https:\/\/ruckstuhlsport.ch\/fr\/wp-json\/wp\/v2\/product"}],"about":[{"href":"https:\/\/ruckstuhlsport.ch\/fr\/wp-json\/wp\/v2\/types\/product"}],"wp:featuredmedia":[{"embeddable":true,"href":"https:\/\/ruckstuhlsport.ch\/fr\/wp-json\/wp\/v2\/media\/11187"}],"wp:attachment":[{"href":"https:\/\/ruckstuhlsport.ch\/fr\/wp-json\/wp\/v2\/media?parent=12470"}],"wp:term":[{"taxonomy":"product_brand","embeddable":true,"href":"https:\/\/ruckstuhlsport.ch\/fr\/wp-json\/wp\/v2\/product_brand?post=12470"},{"taxonomy":"product_cat","embeddable":true,"href":"https:\/\/ruckstuhlsport.ch\/fr\/wp-json\/wp\/v2\/product_cat?post=12470"},{"taxonomy":"product_tag","embeddable":true,"href":"https:\/\/ruckstuhlsport.ch\/fr\/wp-json\/wp\/v2\/product_tag?post=12470"}],"curies":[{"name":"wp","href":"https:\/\/api.w.org\/{rel}","templated":true}]}}