{"id":12491,"date":"2019-11-21T17:33:46","date_gmt":"2019-11-21T16:33:46","guid":{"rendered":"https:\/\/ruckstuhlsport.ch\/unkategorisiert\/tennis-ballon-pro-mini-3-00-x-0-80m\/"},"modified":"2023-12-30T10:22:43","modified_gmt":"2023-12-30T09:22:43","slug":"tennis-ballon-pro-mini-300x80cm","status":"publish","type":"product","link":"https:\/\/ruckstuhlsport.ch\/fr\/football\/materiel-dentrainement-de-football\/tennis-ballon\/tennis-ballon-pro-mini-300x80cm\/","title":{"rendered":"Filet tennis-ballon Pro Mini 3.00 x 0.80m"},"content":{"rendered":"","protected":false},"excerpt":{"rendered":"<p>Petite installation de tennis-ballon pour une surface solide.<\/p>\n<ul>\n<li>Filet avec ourlet<\/li>\n<li>Tiges de support (\u00f8 50mm)<\/li>\n<li>avec des pieds en fer<\/li>\n<li>convient aux terrains en gazon synth\u00e9tique ou \u00e0 la salle<\/li>\n<\/ul>\n","protected":false},"featured_media":6772,"template":"","meta":{"_crdt_document":"","_uag_custom_page_level_css":"","site-sidebar-layout":"default","site-content-layout":"default","ast-site-content-layout":"default","site-content-style":"default","site-sidebar-style":"default","ast-global-header-display":"","ast-banner-title-visibility":"","ast-main-header-display":"","ast-hfb-above-header-display":"","ast-hfb-below-header-display":"","ast-hfb-mobile-header-display":"","site-post-title":"","ast-breadcrumbs-content":"","ast-featured-img":"","footer-sml-layout":"","ast-disable-related-posts":"","theme-transparent-header-meta":"default","adv-header-id-meta":"","stick-header-meta":"default","header-above-stick-meta":"","header-main-stick-meta":"","header-below-stick-meta":"","astra-migrate-meta-layouts":"default","ast-page-background-enabled":"default","ast-page-background-meta":{"desktop":{"background-color":"","background-image":"","background-repeat":"repeat","background-position":"center center","background-size":"auto","background-attachment":"scroll","background-type":"","background-media":"","overlay-type":"","overlay-color":"","overlay-opacity":"","overlay-gradient":""},"tablet":{"background-color":"","background-image":"","background-repeat":"repeat","background-position":"center center","background-size":"auto","background-attachment":"scroll","background-type":"","background-media":"","overlay-type":"","overlay-color":"","overlay-opacity":"","overlay-gradient":""},"mobile":{"background-color":"","background-image":"","background-repeat":"repeat","background-position":"center center","background-size":"auto","background-attachment":"scroll","background-type":"","background-media":"","overlay-type":"","overlay-color":"","overlay-opacity":"","overlay-gradient":""}},"ast-content-background-meta":{"desktop":{"background-color":"var(--ast-global-color-5)","background-image":"","background-repeat":"repeat","background-position":"center center","background-size":"auto","background-attachment":"scroll","background-type":"","background-media":"","overlay-type":"","overlay-color":"","overlay-opacity":"","overlay-gradient":""},"tablet":{"background-color":"var(--ast-global-color-5)","background-image":"","background-repeat":"repeat","background-position":"center center","background-size":"auto","background-attachment":"scroll","background-type":"","background-media":"","overlay-type":"","overlay-color":"","overlay-opacity":"","overlay-gradient":""},"mobile":{"background-color":"var(--ast-global-color-5)","background-image":"","background-repeat":"repeat","background-position":"center center","background-size":"auto","background-attachment":"scroll","background-type":"","background-media":"","overlay-type":"","overlay-color":"","overlay-opacity":"","overlay-gradient":""}}},"product_brand":[],"product_cat":[968,932,933],"product_tag":[],"class_list":{"0":"post-12491","1":"product","2":"type-product","3":"status-publish","4":"has-post-thumbnail","6":"product_cat-tennis-ballon","7":"product_cat-football","8":"product_cat-materiel-dentrainement-de-football","9":"product_shipping_class-marchandise-volumineuse","10":"pa_groesse-3-00-x-0-80-m-fr","11":"desktop-align-center","12":"tablet-align-center","13":"mobile-align-center","14":"ast-product-gallery-layout-horizontal","15":"ast-product-gallery-with-no-image","16":"ast-product-tabs-layout-horizontal","18":"first","19":"onbackorder","20":"taxable","21":"shipping-taxable","22":"purchasable","23":"product-type-simple"},"uagb_featured_image_src":{"full":["https:\/\/ruckstuhlsport.ch\/wp-content\/uploads\/fussballtennis-pro-mini.jpg",600,398,false],"thumbnail":["https:\/\/ruckstuhlsport.ch\/wp-content\/uploads\/fussballtennis-pro-mini-150x150.jpg",150,150,true],"medium":["https:\/\/ruckstuhlsport.ch\/wp-content\/uploads\/fussballtennis-pro-mini-300x199.jpg",300,199,true],"medium_large":["https:\/\/ruckstuhlsport.ch\/wp-content\/uploads\/fussballtennis-pro-mini.jpg",600,398,false],"large":["https:\/\/ruckstuhlsport.ch\/wp-content\/uploads\/fussballtennis-pro-mini.jpg",600,398,false],"1536x1536":["https:\/\/ruckstuhlsport.ch\/wp-content\/uploads\/fussballtennis-pro-mini.jpg",600,398,false],"2048x2048":["https:\/\/ruckstuhlsport.ch\/wp-content\/uploads\/fussballtennis-pro-mini.jpg",600,398,false],"woocommerce_thumbnail":["https:\/\/ruckstuhlsport.ch\/wp-content\/uploads\/fussballtennis-pro-mini-300x199.jpg",300,199,true],"woocommerce_single":["https:\/\/ruckstuhlsport.ch\/wp-content\/uploads\/fussballtennis-pro-mini.jpg",600,398,false],"woocommerce_gallery_thumbnail":["https:\/\/ruckstuhlsport.ch\/wp-content\/uploads\/fussballtennis-pro-mini-100x100.jpg",100,100,true],"wc_order_status_icon":["https:\/\/ruckstuhlsport.ch\/wp-content\/uploads\/fussballtennis-pro-mini.jpg",32,21,false],"dgwt-wcas-product-suggestion":["https:\/\/ruckstuhlsport.ch\/wp-content\/uploads\/fussballtennis-pro-mini-64x42.jpg",64,42,true]},"uagb_author_info":{"display_name":"admin","author_link":"https:\/\/ruckstuhlsport.ch\/fr\/author\/"},"uagb_comment_info":0,"uagb_excerpt":"Petite installation de tennis-ballon pour une surface solide. Filet avec ourlet Tiges de support (\u00f8 50mm) avec des pieds en fer convient aux terrains en gazon synth\u00e9tique ou \u00e0 la salle","_links":{"self":[{"href":"https:\/\/ruckstuhlsport.ch\/fr\/wp-json\/wp\/v2\/product\/12491","targetHints":{"allow":["GET"]}}],"collection":[{"href":"https:\/\/ruckstuhlsport.ch\/fr\/wp-json\/wp\/v2\/product"}],"about":[{"href":"https:\/\/ruckstuhlsport.ch\/fr\/wp-json\/wp\/v2\/types\/product"}],"wp:featuredmedia":[{"embeddable":true,"href":"https:\/\/ruckstuhlsport.ch\/fr\/wp-json\/wp\/v2\/media\/6772"}],"wp:attachment":[{"href":"https:\/\/ruckstuhlsport.ch\/fr\/wp-json\/wp\/v2\/media?parent=12491"}],"wp:term":[{"taxonomy":"product_brand","embeddable":true,"href":"https:\/\/ruckstuhlsport.ch\/fr\/wp-json\/wp\/v2\/product_brand?post=12491"},{"taxonomy":"product_cat","embeddable":true,"href":"https:\/\/ruckstuhlsport.ch\/fr\/wp-json\/wp\/v2\/product_cat?post=12491"},{"taxonomy":"product_tag","embeddable":true,"href":"https:\/\/ruckstuhlsport.ch\/fr\/wp-json\/wp\/v2\/product_tag?post=12491"}],"curies":[{"name":"wp","href":"https:\/\/api.w.org\/{rel}","templated":true}]}}