{"id":12607,"date":"2021-03-14T09:07:01","date_gmt":"2021-03-14T08:07:01","guid":{"rendered":"https:\/\/ruckstuhlsport.ch\/non%20class\u00e9\/drapeau-de-corner-avec-logo-du-club\/"},"modified":"2025-09-19T08:46:04","modified_gmt":"2025-09-19T06:46:04","slug":"drapeau-corner-logo-club","status":"publish","type":"product","link":"https:\/\/ruckstuhlsport.ch\/fr\/football\/equipement-terrain-foot\/poteaux-de-corner-drapeaux\/drapeaux-de-corner\/drapeau-corner-logo-club\/","title":{"rendered":"Drapeau de corner avec logo du club"},"content":{"rendered":"<h2><strong>Drapeau de corner avec le logo individuel du club &#8211; Une personnalisation parfaite pour votre terrain de football<\/strong><\/h2>\n<p>Nos <strong>drapeaux de corner avec le logo du club<\/strong> sont une excellente fa\u00e7on de donner \u00e0 votre terrain de sport une touche individuelle et professionnelle. Avec l&rsquo;option de placer le logo de votre club sur les drapeaux, vous assurez une apparence unique tout en augmentant l&rsquo;identification de votre \u00e9quipe et de vos supporters avec votre club. <\/p>\n<h3><strong>Mat\u00e9riaux et finition de haute qualit\u00e9<\/strong><\/h3>\n<p>Les drapeaux de corner sont fabriqu\u00e9s en polyester durable et r\u00e9sistant aux intemp\u00e9ries, sp\u00e9cialement con\u00e7u pour une utilisation en ext\u00e9rieur. Ils r\u00e9sistent \u00e0 diff\u00e9rentes conditions m\u00e9t\u00e9orologiques et convainquent par leur r\u00e9sistance et leur long\u00e9vit\u00e9 &#8211; id\u00e9al pour une utilisation intensive sur les terrains de football. <\/p>\n<h3><strong>Options d&rsquo;impression personnalis\u00e9es : 1 face ou 2 faces<\/strong><\/h3>\n<p>Vous avez le choix entre une <strong>impression recto <\/strong>ou <strong>recto-verso<\/strong>:<br \/>\n<a href=\"https:\/\/ruckstuhlsport.ch\/wp-content\/uploads\/Rueckseite-Eckfahne-einseitig-bedruckt-scaled-e1729785956565.jpg\" target=\"_blank\" rel=\"noopener\"><img decoding=\"async\" class=\"alignright wp-image-19833 \" src=\"https:\/\/ruckstuhlsport.ch\/wp-content\/uploads\/\/Rueckseite-Eckfahne-einseitig-bedruckt-150x150.jpg\" alt=\"Verso d'un drapeau de corner imprim\u00e9 sur une face\" width=\"203\" height=\"203\"><\/a><\/p>\n<ul>\n<li><strong>Les drapeaux de corner imprim\u00e9s sur 1 c\u00f4t\u00e9<\/strong> sont plus l\u00e9gers et flottent m\u00eame par vent faible. L&rsquo;impression transpara\u00eet l\u00e9g\u00e8rement au verso. <\/li>\n<li><strong>Les drapeaux de corner <\/strong><strong>imprim\u00e9s des deux c\u00f4t\u00e9s<\/strong> offrent une repr\u00e9sentation claire du logo de l&rsquo;association sur les deux c\u00f4t\u00e9s, mais ils sont un peu plus lourds et n\u00e9cessitent plus de vent pour flotter de mani\u00e8re optimale.<\/li>\n<\/ul>\n<p>Les deux options sont disponibles au m\u00eame prix et vous offrent une flexibilit\u00e9 dans le choix du drapeau id\u00e9al pour vous.<\/p>\n<h3><strong>Facilit\u00e9 d&rsquo;utilisation et stabilit\u00e9<\/strong><\/h3>\n<p>Les drapeaux de corner sont faciles \u00e0 installer et s&rsquo;adaptent parfaitement aux poteaux de corner standard. Gr\u00e2ce aux <a href=\"https:\/\/ruckstuhlsport.ch\/fussball\/fussball-platzausruestung\/eckpfosten-eckfahnen\/zubehoer-2\/clip-fuer-eckfahnen-30mm\/\">clips pour m\u00e2t de corner<\/a>, vendus s\u00e9par\u00e9ment, les drapeaux d&rsquo;angle restent fix\u00e9s au m\u00e2t d&rsquo;angle m\u00eame en cas de vent violent ou de c\u00e9l\u00e9bration \u00e9motionnelle d&rsquo;un but. Gr\u00e2ce \u00e0 leur fabrication robuste, ils restent stables et bien visibles m\u00eame par grand vent, ce qui renforce le caract\u00e8re professionnel de votre terrain.  <\/p>\n<h3><strong>Aper\u00e7u des caract\u00e9ristiques du produit<\/strong>:<\/h3>\n<ul>\n<li>Impression personnalis\u00e9e avec le logo de votre association<\/li>\n<li>Mat\u00e9riau en polyester durable et r\u00e9sistant aux intemp\u00e9ries<\/li>\n<li>Choix entre impression sur 1 ou 2 faces<\/li>\n<li>L\u00e9ger et sensible au vent (1 face) ou imprim\u00e9 clairement sur les deux faces (2 faces)<\/li>\n<li>Convient \u00e0 tous les poteaux d&rsquo;angle standardis\u00e9s<\/li>\n<li>Compl\u00e9ment parfait pour tout terrain de football<\/li>\n<\/ul>\n<h3><strong>Optimisez l&rsquo;apparence de votre terrain de sport<\/strong><\/h3>\n<p>Avec nos drapeaux de corner imprim\u00e9s individuellement, vous envoyez un message clair de professionnalisme et d&rsquo;esprit d&rsquo;\u00e9quipe. Pr\u00e9sentez fi\u00e8rement le logo de votre club tout en assurant un \u00e9quipement fonctionnel et attrayant pour votre terrain de sport. <\/p>\n","protected":false},"excerpt":{"rendered":"<ul>\n<li>Drapeau de corner r\u00e9sistant aux UV et robuste<\/li>\n<li>Disponible avec impression sur 1 ou 2 faces<\/li>\n<li>pour les poteaux de corner avec un diam\u00e8tre de 30 \u00e0 50 mm<\/li>\n<li>Lot de 4 pi\u00e8ces<\/li>\n<\/ul>\n<p><strong>Impression recto ou recto-verso<\/strong><br \/>\nChoisissez l&rsquo;option qui correspond le mieux \u00e0 vos besoins :<\/p>\n<ul>\n<li><strong>Drapeaux imprim\u00e9s sur 1 face<\/strong>\n<ul>\n<li>Plus l\u00e9gers et donc plus sensibles au vent : ces drapeaux flottent plus rapidement au vent.<\/li>\n<li>Au verso, l&rsquo;impression est l\u00e9g\u00e8rement translucide. (voir image) <\/li>\n<\/ul>\n<\/li>\n<li><strong>Drapeaux imprim\u00e9s sur 2 faces<\/strong>\n<ul>\n<li>Plus lourd, il a besoin de plus de vent pour flotter.<\/li>\n<li>Le logo est clairement et enti\u00e8rement visible des deux c\u00f4t\u00e9s.<\/li>\n<\/ul>\n<\/li>\n<\/ul>\n<p>Nous proposons les deux options au m\u00eame prix. Choisissez votre option pr\u00e9f\u00e9r\u00e9e dans le champ de s\u00e9lection. <\/p>\n","protected":false},"featured_media":15551,"template":"","meta":{"_crdt_document":"","_uag_custom_page_level_css":"","site-sidebar-layout":"default","site-content-layout":"default","ast-site-content-layout":"default","site-content-style":"default","site-sidebar-style":"default","ast-global-header-display":"","ast-banner-title-visibility":"","ast-main-header-display":"","ast-hfb-above-header-display":"","ast-hfb-below-header-display":"","ast-hfb-mobile-header-display":"","site-post-title":"","ast-breadcrumbs-content":"","ast-featured-img":"","footer-sml-layout":"","ast-disable-related-posts":"","theme-transparent-header-meta":"default","adv-header-id-meta":"","stick-header-meta":"default","header-above-stick-meta":"","header-main-stick-meta":"","header-below-stick-meta":"","astra-migrate-meta-layouts":"set","ast-page-background-enabled":"default","ast-page-background-meta":{"desktop":{"background-color":"","background-image":"","background-repeat":"repeat","background-position":"center center","background-size":"auto","background-attachment":"scroll","background-type":"","background-media":"","overlay-type":"","overlay-color":"","overlay-opacity":"","overlay-gradient":""},"tablet":{"background-color":"","background-image":"","background-repeat":"repeat","background-position":"center center","background-size":"auto","background-attachment":"scroll","background-type":"","background-media":"","overlay-type":"","overlay-color":"","overlay-opacity":"","overlay-gradient":""},"mobile":{"background-color":"","background-image":"","background-repeat":"repeat","background-position":"center center","background-size":"auto","background-attachment":"scroll","background-type":"","background-media":"","overlay-type":"","overlay-color":"","overlay-opacity":"","overlay-gradient":""}},"ast-content-background-meta":{"desktop":{"background-color":"var(--ast-global-color-5)","background-image":"","background-repeat":"repeat","background-position":"center center","background-size":"auto","background-attachment":"scroll","background-type":"","background-media":"","overlay-type":"","overlay-color":"","overlay-opacity":"","overlay-gradient":""},"tablet":{"background-color":"var(--ast-global-color-5)","background-image":"","background-repeat":"repeat","background-position":"center center","background-size":"auto","background-attachment":"scroll","background-type":"","background-media":"","overlay-type":"","overlay-color":"","overlay-opacity":"","overlay-gradient":""},"mobile":{"background-color":"var(--ast-global-color-5)","background-image":"","background-repeat":"repeat","background-position":"center center","background-size":"auto","background-attachment":"scroll","background-type":"","background-media":"","overlay-type":"","overlay-color":"","overlay-opacity":"","overlay-gradient":""}}},"product_brand":[],"product_cat":[1278,932,989,1277],"product_tag":[1279],"class_list":{"0":"post-12607","1":"product","2":"type-product","3":"status-publish","4":"has-post-thumbnail","6":"product_cat-drapeaux-de-corner","7":"product_cat-football","8":"product_cat-equipement-terrain-foot","9":"product_cat-poteaux-de-corner-drapeaux","10":"product_tag-logo-fr","11":"pa_eckstangen-durchmesser-30-mm-fr","12":"pa_eckstangen-durchmesser-40-mm-fr","13":"pa_eckstangen-durchmesser-50-mm-fr","14":"pa_groesse-60-x-40-cm-fr","15":"pa_groesse-45-x-45-cm-fr-2","16":"desktop-align-center","17":"tablet-align-center","18":"mobile-align-center","19":"ast-product-gallery-layout-horizontal","20":"ast-product-single-variable","21":"ast-product-tabs-layout-horizontal","23":"first","24":"onbackorder","25":"taxable","26":"shipping-taxable","27":"purchasable","28":"product-type-variable"},"uagb_featured_image_src":{"full":["https:\/\/ruckstuhlsport.ch\/wp-content\/uploads\/eckfahne-weiss-40x45cm-bedruckt-fcbadragaz.jpg",1000,750,false],"thumbnail":["https:\/\/ruckstuhlsport.ch\/wp-content\/uploads\/eckfahne-weiss-40x45cm-bedruckt-fcbadragaz-150x150.jpg",150,150,true],"medium":["https:\/\/ruckstuhlsport.ch\/wp-content\/uploads\/eckfahne-weiss-40x45cm-bedruckt-fcbadragaz-300x225.jpg",300,225,true],"medium_large":["https:\/\/ruckstuhlsport.ch\/wp-content\/uploads\/eckfahne-weiss-40x45cm-bedruckt-fcbadragaz-768x576.jpg",768,576,true],"large":["https:\/\/ruckstuhlsport.ch\/wp-content\/uploads\/eckfahne-weiss-40x45cm-bedruckt-fcbadragaz.jpg",1000,750,false],"1536x1536":["https:\/\/ruckstuhlsport.ch\/wp-content\/uploads\/eckfahne-weiss-40x45cm-bedruckt-fcbadragaz.jpg",1000,750,false],"2048x2048":["https:\/\/ruckstuhlsport.ch\/wp-content\/uploads\/eckfahne-weiss-40x45cm-bedruckt-fcbadragaz.jpg",1000,750,false],"woocommerce_thumbnail":["https:\/\/ruckstuhlsport.ch\/wp-content\/uploads\/eckfahne-weiss-40x45cm-bedruckt-fcbadragaz-300x225.jpg",300,225,true],"woocommerce_single":["https:\/\/ruckstuhlsport.ch\/wp-content\/uploads\/eckfahne-weiss-40x45cm-bedruckt-fcbadragaz-600x450.jpg",600,450,true],"woocommerce_gallery_thumbnail":["https:\/\/ruckstuhlsport.ch\/wp-content\/uploads\/eckfahne-weiss-40x45cm-bedruckt-fcbadragaz-100x100.jpg",100,100,true],"wc_order_status_icon":["https:\/\/ruckstuhlsport.ch\/wp-content\/uploads\/eckfahne-weiss-40x45cm-bedruckt-fcbadragaz-32x32.jpg",32,32,true],"dgwt-wcas-product-suggestion":["https:\/\/ruckstuhlsport.ch\/wp-content\/uploads\/eckfahne-weiss-40x45cm-bedruckt-fcbadragaz-64x48.jpg",64,48,true]},"uagb_author_info":{"display_name":"admin","author_link":"https:\/\/ruckstuhlsport.ch\/fr\/author\/"},"uagb_comment_info":0,"uagb_excerpt":"Drapeau de corner r\u00e9sistant aux UV et robuste Disponible avec impression sur 1 ou 2 faces pour les poteaux de corner avec un diam\u00e8tre de 30 \u00e0 50 mm Lot de 4 pi\u00e8ces Impression recto ou recto-verso Choisissez l'option qui correspond le mieux \u00e0 vos besoins : Drapeaux imprim\u00e9s sur 1 face Plus l\u00e9gers et\u2026","_links":{"self":[{"href":"https:\/\/ruckstuhlsport.ch\/fr\/wp-json\/wp\/v2\/product\/12607","targetHints":{"allow":["GET"]}}],"collection":[{"href":"https:\/\/ruckstuhlsport.ch\/fr\/wp-json\/wp\/v2\/product"}],"about":[{"href":"https:\/\/ruckstuhlsport.ch\/fr\/wp-json\/wp\/v2\/types\/product"}],"wp:featuredmedia":[{"embeddable":true,"href":"https:\/\/ruckstuhlsport.ch\/fr\/wp-json\/wp\/v2\/media\/15551"}],"wp:attachment":[{"href":"https:\/\/ruckstuhlsport.ch\/fr\/wp-json\/wp\/v2\/media?parent=12607"}],"wp:term":[{"taxonomy":"product_brand","embeddable":true,"href":"https:\/\/ruckstuhlsport.ch\/fr\/wp-json\/wp\/v2\/product_brand?post=12607"},{"taxonomy":"product_cat","embeddable":true,"href":"https:\/\/ruckstuhlsport.ch\/fr\/wp-json\/wp\/v2\/product_cat?post=12607"},{"taxonomy":"product_tag","embeddable":true,"href":"https:\/\/ruckstuhlsport.ch\/fr\/wp-json\/wp\/v2\/product_tag?post=12607"}],"curies":[{"name":"wp","href":"https:\/\/api.w.org\/{rel}","templated":true}]}}