{"id":12614,"date":"2019-11-21T17:56:29","date_gmt":"2019-11-21T16:56:29","guid":{"rendered":"https:\/\/ruckstuhlsport.ch\/non%20class\u00e9\/poteau-de-corner-flex-pro\/"},"modified":"2025-01-17T08:07:36","modified_gmt":"2025-01-17T07:07:36","slug":"poteau-corner-flex-pro","status":"publish","type":"product","link":"https:\/\/ruckstuhlsport.ch\/fr\/football\/equipement-terrain-foot\/poteaux-de-corner-drapeaux\/poteaux-de-corner\/poteau-corner-flex-pro\/","title":{"rendered":"Poteau de corner Flex Pro"},"content":{"rendered":"","protected":false},"excerpt":{"rendered":"<p>Con\u00e7u pour offrir une performance exceptionnelle sur le terrain, le poteau de corner Flex Pro constitue une solution de premier choix pour les terrains de football. Les poteaux de corner sont fabriqu\u00e9s en plastique robuste et disposent d&rsquo;une articulation innovante qui garantit une flexibilit\u00e9 et une s\u00e9curit\u00e9 maximales. <\/p>\n<ul>\n<li>Compatible avec des douilles de sol de 30 mm \u00e0 50 mm de diam\u00e8tre<\/li>\n<li>Installation faciles dans les douilles existantes<\/li>\n<li>Id\u00e9al pour les installations sportives professionnelles<\/li>\n<\/ul>\n<p>Veuillez noter que la livraison se fait sans drapeau de coin. Ceux-ci peuvent \u00eatre achet\u00e9s dans un <a href=\"https:\/\/ruckstuhlsport.ch\/sets\/\">ensemble de drapeaux de corner<\/a> ou <a href=\"https:\/\/ruckstuhlsport.ch\/eckfahnen\/\">individuellement<\/a>. Am\u00e9liorez la fonctionnalit\u00e9 et l&rsquo;esth\u00e9tique de votre terrain avec ces poteaux d&rsquo;angle polyvalents.  <\/p>\n","protected":false},"featured_media":4247,"template":"","meta":{"_crdt_document":"","_uag_custom_page_level_css":"","site-sidebar-layout":"default","site-content-layout":"default","ast-site-content-layout":"default","site-content-style":"default","site-sidebar-style":"default","ast-global-header-display":"","ast-banner-title-visibility":"","ast-main-header-display":"","ast-hfb-above-header-display":"","ast-hfb-below-header-display":"","ast-hfb-mobile-header-display":"","site-post-title":"","ast-breadcrumbs-content":"","ast-featured-img":"","footer-sml-layout":"","ast-disable-related-posts":"","theme-transparent-header-meta":"default","adv-header-id-meta":"","stick-header-meta":"default","header-above-stick-meta":"","header-main-stick-meta":"","header-below-stick-meta":"","astra-migrate-meta-layouts":"default","ast-page-background-enabled":"default","ast-page-background-meta":{"desktop":{"background-color":"","background-image":"","background-repeat":"repeat","background-position":"center center","background-size":"auto","background-attachment":"scroll","background-type":"","background-media":"","overlay-type":"","overlay-color":"","overlay-opacity":"","overlay-gradient":""},"tablet":{"background-color":"","background-image":"","background-repeat":"repeat","background-position":"center center","background-size":"auto","background-attachment":"scroll","background-type":"","background-media":"","overlay-type":"","overlay-color":"","overlay-opacity":"","overlay-gradient":""},"mobile":{"background-color":"","background-image":"","background-repeat":"repeat","background-position":"center center","background-size":"auto","background-attachment":"scroll","background-type":"","background-media":"","overlay-type":"","overlay-color":"","overlay-opacity":"","overlay-gradient":""}},"ast-content-background-meta":{"desktop":{"background-color":"var(--ast-global-color-5)","background-image":"","background-repeat":"repeat","background-position":"center center","background-size":"auto","background-attachment":"scroll","background-type":"","background-media":"","overlay-type":"","overlay-color":"","overlay-opacity":"","overlay-gradient":""},"tablet":{"background-color":"var(--ast-global-color-5)","background-image":"","background-repeat":"repeat","background-position":"center center","background-size":"auto","background-attachment":"scroll","background-type":"","background-media":"","overlay-type":"","overlay-color":"","overlay-opacity":"","overlay-gradient":""},"mobile":{"background-color":"var(--ast-global-color-5)","background-image":"","background-repeat":"repeat","background-position":"center center","background-size":"auto","background-attachment":"scroll","background-type":"","background-media":"","overlay-type":"","overlay-color":"","overlay-opacity":"","overlay-gradient":""}}},"product_brand":[],"product_cat":[1287,932,989,1277],"product_tag":[],"class_list":{"0":"post-12614","1":"product","2":"type-product","3":"status-publish","4":"has-post-thumbnail","6":"product_cat-poteaux-de-corner","7":"product_cat-football","8":"product_cat-equipement-terrain-foot","9":"product_cat-poteaux-de-corner-drapeaux","10":"pa_durchmesser-bodenhuelse-30-mm-fr","11":"pa_durchmesser-bodenhuelse-40-mm-fr","12":"pa_durchmesser-bodenhuelse-50-mm-fr","13":"pa_eckstangen-durchmesser-30-mm-fr","14":"pa_eckstangen-durchmesser-40-mm-fr","15":"pa_eckstangen-durchmesser-50-mm-fr","16":"desktop-align-center","17":"tablet-align-center","18":"mobile-align-center","19":"ast-product-gallery-layout-horizontal","20":"ast-product-single-variable","21":"ast-product-tabs-layout-horizontal","23":"first","24":"onbackorder","25":"taxable","26":"shipping-taxable","27":"purchasable","28":"product-type-variable"},"uagb_featured_image_src":{"full":["https:\/\/ruckstuhlsport.ch\/wp-content\/uploads\/eckstange-flex-pro30-gelb-TEF0052S-e1603871448875.jpg",600,394,false],"thumbnail":["https:\/\/ruckstuhlsport.ch\/wp-content\/uploads\/eckstange-flex-pro30-gelb-TEF0052S-e1603871448875-150x150.jpg",150,150,true],"medium":["https:\/\/ruckstuhlsport.ch\/wp-content\/uploads\/eckstange-flex-pro30-gelb-TEF0052S-e1603871448875-300x197.jpg",300,197,true],"medium_large":["https:\/\/ruckstuhlsport.ch\/wp-content\/uploads\/eckstange-flex-pro30-gelb-TEF0052S-e1603871448875.jpg",600,394,false],"large":["https:\/\/ruckstuhlsport.ch\/wp-content\/uploads\/eckstange-flex-pro30-gelb-TEF0052S-e1603871448875.jpg",600,394,false],"1536x1536":["https:\/\/ruckstuhlsport.ch\/wp-content\/uploads\/eckstange-flex-pro30-gelb-TEF0052S-e1603871448875.jpg",600,394,false],"2048x2048":["https:\/\/ruckstuhlsport.ch\/wp-content\/uploads\/eckstange-flex-pro30-gelb-TEF0052S-e1603871448875.jpg",600,394,false],"woocommerce_thumbnail":["https:\/\/ruckstuhlsport.ch\/wp-content\/uploads\/eckstange-flex-pro30-gelb-TEF0052S-e1603871448875-300x197.jpg",300,197,true],"woocommerce_single":["https:\/\/ruckstuhlsport.ch\/wp-content\/uploads\/eckstange-flex-pro30-gelb-TEF0052S-e1603871448875.jpg",600,394,false],"woocommerce_gallery_thumbnail":["https:\/\/ruckstuhlsport.ch\/wp-content\/uploads\/eckstange-flex-pro30-gelb-TEF0052S-e1603871448875-100x100.jpg",100,100,true],"wc_order_status_icon":["https:\/\/ruckstuhlsport.ch\/wp-content\/uploads\/eckstange-flex-pro30-gelb-TEF0052S-e1603871448875.jpg",32,21,false],"dgwt-wcas-product-suggestion":["https:\/\/ruckstuhlsport.ch\/wp-content\/uploads\/eckstange-flex-pro30-gelb-TEF0052S-e1603871448875-64x42.jpg",64,42,true]},"uagb_author_info":{"display_name":"admin","author_link":"https:\/\/ruckstuhlsport.ch\/fr\/author\/"},"uagb_comment_info":0,"uagb_excerpt":"Con\u00e7u pour offrir une performance exceptionnelle sur le terrain, le poteau de corner Flex Pro constitue une solution de premier choix pour les terrains de football. Les poteaux de corner sont fabriqu\u00e9s en plastique robuste et disposent d'une articulation innovante qui garantit une flexibilit\u00e9 et une s\u00e9curit\u00e9 maximales. Compatible avec des douilles de sol de\u2026","_links":{"self":[{"href":"https:\/\/ruckstuhlsport.ch\/fr\/wp-json\/wp\/v2\/product\/12614","targetHints":{"allow":["GET"]}}],"collection":[{"href":"https:\/\/ruckstuhlsport.ch\/fr\/wp-json\/wp\/v2\/product"}],"about":[{"href":"https:\/\/ruckstuhlsport.ch\/fr\/wp-json\/wp\/v2\/types\/product"}],"wp:featuredmedia":[{"embeddable":true,"href":"https:\/\/ruckstuhlsport.ch\/fr\/wp-json\/wp\/v2\/media\/4247"}],"wp:attachment":[{"href":"https:\/\/ruckstuhlsport.ch\/fr\/wp-json\/wp\/v2\/media?parent=12614"}],"wp:term":[{"taxonomy":"product_brand","embeddable":true,"href":"https:\/\/ruckstuhlsport.ch\/fr\/wp-json\/wp\/v2\/product_brand?post=12614"},{"taxonomy":"product_cat","embeddable":true,"href":"https:\/\/ruckstuhlsport.ch\/fr\/wp-json\/wp\/v2\/product_cat?post=12614"},{"taxonomy":"product_tag","embeddable":true,"href":"https:\/\/ruckstuhlsport.ch\/fr\/wp-json\/wp\/v2\/product_tag?post=12614"}],"curies":[{"name":"wp","href":"https:\/\/api.w.org\/{rel}","templated":true}]}}