{"id":12624,"date":"2019-11-21T17:56:28","date_gmt":"2019-11-21T16:56:28","guid":{"rendered":"https:\/\/ruckstuhlsport.ch\/non%20class\u00e9\/poteau-de-corner-fix\/"},"modified":"2025-01-17T08:07:38","modified_gmt":"2025-01-17T07:07:38","slug":"poteau-corner-fix","status":"publish","type":"product","link":"https:\/\/ruckstuhlsport.ch\/fr\/football\/equipement-terrain-foot\/poteaux-de-corner-drapeaux\/poteaux-de-corner\/poteau-corner-fix\/","title":{"rendered":"Poteau de corner fix"},"content":{"rendered":"","protected":false},"excerpt":{"rendered":"<p>Les poteaux de corner Fix offrent une solution fiable pour le marquage des terrains de jeu. Ils sont con\u00e7us de mani\u00e8re rigide, ce qui garantit une installation stable et durable. Ces poteaux de corner sont con\u00e7us pour des douilles au sol d&rsquo;un diam\u00e8tre de 30 mm \u00e0 50 mm, ce qui offre une grande flexibilit\u00e9 dans le choix du terrain.  <\/p>\n<ul>\n<li>Poteaux de corner rigides pour une stabilit\u00e9 maximale<\/li>\n<li>Compatible avec des douilles de sol de 30 mm \u00e0 50 mm de diam\u00e8tre<\/li>\n<li>Livraison sans douille \u00e0 enfoncer, drapeau d&rsquo;angle et clip &#8211; disponible en <a href=\"https:\/\/ruckstuhlsport.ch\/sets\/\">set de drapeaux de corner <\/a>ou \u00e0 <a href=\"https:\/\/ruckstuhlsport.ch\/eckfahnen\/\">l&rsquo;unit\u00e9<\/a><\/li>\n<\/ul>\n","protected":false},"featured_media":5351,"template":"","meta":{"_crdt_document":"","_uag_custom_page_level_css":"","site-sidebar-layout":"default","site-content-layout":"default","ast-site-content-layout":"default","site-content-style":"default","site-sidebar-style":"default","ast-global-header-display":"","ast-banner-title-visibility":"","ast-main-header-display":"","ast-hfb-above-header-display":"","ast-hfb-below-header-display":"","ast-hfb-mobile-header-display":"","site-post-title":"","ast-breadcrumbs-content":"","ast-featured-img":"","footer-sml-layout":"","ast-disable-related-posts":"","theme-transparent-header-meta":"default","adv-header-id-meta":"","stick-header-meta":"default","header-above-stick-meta":"","header-main-stick-meta":"","header-below-stick-meta":"","astra-migrate-meta-layouts":"default","ast-page-background-enabled":"default","ast-page-background-meta":{"desktop":{"background-color":"","background-image":"","background-repeat":"repeat","background-position":"center center","background-size":"auto","background-attachment":"scroll","background-type":"","background-media":"","overlay-type":"","overlay-color":"","overlay-opacity":"","overlay-gradient":""},"tablet":{"background-color":"","background-image":"","background-repeat":"repeat","background-position":"center center","background-size":"auto","background-attachment":"scroll","background-type":"","background-media":"","overlay-type":"","overlay-color":"","overlay-opacity":"","overlay-gradient":""},"mobile":{"background-color":"","background-image":"","background-repeat":"repeat","background-position":"center center","background-size":"auto","background-attachment":"scroll","background-type":"","background-media":"","overlay-type":"","overlay-color":"","overlay-opacity":"","overlay-gradient":""}},"ast-content-background-meta":{"desktop":{"background-color":"var(--ast-global-color-5)","background-image":"","background-repeat":"repeat","background-position":"center center","background-size":"auto","background-attachment":"scroll","background-type":"","background-media":"","overlay-type":"","overlay-color":"","overlay-opacity":"","overlay-gradient":""},"tablet":{"background-color":"var(--ast-global-color-5)","background-image":"","background-repeat":"repeat","background-position":"center center","background-size":"auto","background-attachment":"scroll","background-type":"","background-media":"","overlay-type":"","overlay-color":"","overlay-opacity":"","overlay-gradient":""},"mobile":{"background-color":"var(--ast-global-color-5)","background-image":"","background-repeat":"repeat","background-position":"center center","background-size":"auto","background-attachment":"scroll","background-type":"","background-media":"","overlay-type":"","overlay-color":"","overlay-opacity":"","overlay-gradient":""}}},"product_brand":[],"product_cat":[1287,932,989,1277],"product_tag":[],"class_list":{"0":"post-12624","1":"product","2":"type-product","3":"status-publish","4":"has-post-thumbnail","6":"product_cat-poteaux-de-corner","7":"product_cat-football","8":"product_cat-equipement-terrain-foot","9":"product_cat-poteaux-de-corner-drapeaux","10":"pa_durchmesser-bodenhuelse-30-mm-fr","11":"pa_durchmesser-bodenhuelse-40-mm-fr","12":"pa_durchmesser-bodenhuelse-50-mm-fr","13":"pa_eckstangen-durchmesser-30-mm-fr","14":"pa_farbe-eckpfosten-blanc","15":"pa_farbe-eckpfosten-jaune","16":"pa_farbe-eckpfosten-jaune-fluo","17":"desktop-align-center","18":"tablet-align-center","19":"mobile-align-center","20":"ast-product-gallery-layout-horizontal","21":"ast-product-gallery-with-no-image","22":"ast-product-single-variable","23":"ast-product-tabs-layout-horizontal","25":"first","26":"instock","27":"taxable","28":"shipping-taxable","29":"purchasable","30":"product-type-variable"},"uagb_featured_image_src":{"full":["https:\/\/ruckstuhlsport.ch\/wp-content\/uploads\/eckfahnen-fix-30mm-1-e1603834055513.jpg",600,394,false],"thumbnail":["https:\/\/ruckstuhlsport.ch\/wp-content\/uploads\/eckfahnen-fix-30mm-1-e1603834055513-150x150.jpg",150,150,true],"medium":["https:\/\/ruckstuhlsport.ch\/wp-content\/uploads\/eckfahnen-fix-30mm-1-e1603834055513-300x197.jpg",300,197,true],"medium_large":["https:\/\/ruckstuhlsport.ch\/wp-content\/uploads\/eckfahnen-fix-30mm-1-e1603834055513.jpg",600,394,false],"large":["https:\/\/ruckstuhlsport.ch\/wp-content\/uploads\/eckfahnen-fix-30mm-1-e1603834055513.jpg",600,394,false],"1536x1536":["https:\/\/ruckstuhlsport.ch\/wp-content\/uploads\/eckfahnen-fix-30mm-1-e1603834055513.jpg",600,394,false],"2048x2048":["https:\/\/ruckstuhlsport.ch\/wp-content\/uploads\/eckfahnen-fix-30mm-1-e1603834055513.jpg",600,394,false],"woocommerce_thumbnail":["https:\/\/ruckstuhlsport.ch\/wp-content\/uploads\/eckfahnen-fix-30mm-1-e1603834055513-300x197.jpg",300,197,true],"woocommerce_single":["https:\/\/ruckstuhlsport.ch\/wp-content\/uploads\/eckfahnen-fix-30mm-1-e1603834055513.jpg",600,394,false],"woocommerce_gallery_thumbnail":["https:\/\/ruckstuhlsport.ch\/wp-content\/uploads\/eckfahnen-fix-30mm-1-e1603834055513-100x100.jpg",100,100,true],"wc_order_status_icon":["https:\/\/ruckstuhlsport.ch\/wp-content\/uploads\/eckfahnen-fix-30mm-1-e1603834055513.jpg",32,21,false],"dgwt-wcas-product-suggestion":["https:\/\/ruckstuhlsport.ch\/wp-content\/uploads\/eckfahnen-fix-30mm-1-e1603834055513-64x42.jpg",64,42,true]},"uagb_author_info":{"display_name":"admin","author_link":"https:\/\/ruckstuhlsport.ch\/fr\/author\/"},"uagb_comment_info":0,"uagb_excerpt":"Les poteaux de corner Fix offrent une solution fiable pour le marquage des terrains de jeu. Ils sont con\u00e7us de mani\u00e8re rigide, ce qui garantit une installation stable et durable. Ces poteaux de corner sont con\u00e7us pour des douilles au sol d'un diam\u00e8tre de 30 mm \u00e0 50 mm, ce qui offre une grande flexibilit\u00e9\u2026","_links":{"self":[{"href":"https:\/\/ruckstuhlsport.ch\/fr\/wp-json\/wp\/v2\/product\/12624","targetHints":{"allow":["GET"]}}],"collection":[{"href":"https:\/\/ruckstuhlsport.ch\/fr\/wp-json\/wp\/v2\/product"}],"about":[{"href":"https:\/\/ruckstuhlsport.ch\/fr\/wp-json\/wp\/v2\/types\/product"}],"wp:featuredmedia":[{"embeddable":true,"href":"https:\/\/ruckstuhlsport.ch\/fr\/wp-json\/wp\/v2\/media\/5351"}],"wp:attachment":[{"href":"https:\/\/ruckstuhlsport.ch\/fr\/wp-json\/wp\/v2\/media?parent=12624"}],"wp:term":[{"taxonomy":"product_brand","embeddable":true,"href":"https:\/\/ruckstuhlsport.ch\/fr\/wp-json\/wp\/v2\/product_brand?post=12624"},{"taxonomy":"product_cat","embeddable":true,"href":"https:\/\/ruckstuhlsport.ch\/fr\/wp-json\/wp\/v2\/product_cat?post=12624"},{"taxonomy":"product_tag","embeddable":true,"href":"https:\/\/ruckstuhlsport.ch\/fr\/wp-json\/wp\/v2\/product_tag?post=12624"}],"curies":[{"name":"wp","href":"https:\/\/api.w.org\/{rel}","templated":true}]}}