{"id":12687,"date":"2019-11-01T16:18:39","date_gmt":"2019-11-01T16:18:39","guid":{"rendered":"https:\/\/ruckstuhlsport.ch\/non class\u00e9\/jeu-de-lignes-de-marquage-de-tennis-ideala-40-50-mm\/"},"modified":"2023-12-30T10:23:44","modified_gmt":"2023-12-30T09:23:44","slug":"jeu-lignes-marquage-tennis-ideala-40-50mm","status":"publish","type":"product","link":"https:\/\/ruckstuhlsport.ch\/fr\/tennis\/equipement-courts-tennis\/lignes-de-marquage-de-tennis\/jeu-lignes-marquage-tennis-ideala-40-50mm\/","title":{"rendered":"Jeu de lignes de marquage de tennis Ideala, 40\/50 mm"},"content":{"rendered":"","protected":false},"excerpt":{"rendered":"<ul>\n<li>ensemble complet<\/li>\n<li>Lignes de service, lignes de fond et lignes m\u00e9diane en 50 mm de large<\/li>\n<li>Lignes lat\u00e9rales en 40 mm de large<\/li>\n<li>avec tubes et ancrages de sol<\/li>\n<li>pr\u00eat \u00e0 l&#8217;emploi et facile \u00e0 poser<\/li>\n<li>Ligne de fond: 10.97 m<\/li>\n<li>Ligne de service: 8.23 m<\/li>\n<li>Ligne m\u00e9diane: 12.80 m<\/li>\n<li>Ligne lat\u00e9rale: 23.77 m<\/li>\n<\/ul>\n","protected":false},"featured_media":6494,"template":"","meta":{"_crdt_document":"","_uag_custom_page_level_css":"","site-sidebar-layout":"default","site-content-layout":"default","ast-site-content-layout":"default","site-content-style":"default","site-sidebar-style":"default","ast-global-header-display":"","ast-banner-title-visibility":"","ast-main-header-display":"","ast-hfb-above-header-display":"","ast-hfb-below-header-display":"","ast-hfb-mobile-header-display":"","site-post-title":"","ast-breadcrumbs-content":"","ast-featured-img":"","footer-sml-layout":"","ast-disable-related-posts":"","theme-transparent-header-meta":"default","adv-header-id-meta":"","stick-header-meta":"default","header-above-stick-meta":"","header-main-stick-meta":"","header-below-stick-meta":"","astra-migrate-meta-layouts":"default","ast-page-background-enabled":"default","ast-page-background-meta":{"desktop":{"background-color":"","background-image":"","background-repeat":"repeat","background-position":"center center","background-size":"auto","background-attachment":"scroll","background-type":"","background-media":"","overlay-type":"","overlay-color":"","overlay-opacity":"","overlay-gradient":""},"tablet":{"background-color":"","background-image":"","background-repeat":"repeat","background-position":"center center","background-size":"auto","background-attachment":"scroll","background-type":"","background-media":"","overlay-type":"","overlay-color":"","overlay-opacity":"","overlay-gradient":""},"mobile":{"background-color":"","background-image":"","background-repeat":"repeat","background-position":"center center","background-size":"auto","background-attachment":"scroll","background-type":"","background-media":"","overlay-type":"","overlay-color":"","overlay-opacity":"","overlay-gradient":""}},"ast-content-background-meta":{"desktop":{"background-color":"var(--ast-global-color-5)","background-image":"","background-repeat":"repeat","background-position":"center center","background-size":"auto","background-attachment":"scroll","background-type":"","background-media":"","overlay-type":"","overlay-color":"","overlay-opacity":"","overlay-gradient":""},"tablet":{"background-color":"var(--ast-global-color-5)","background-image":"","background-repeat":"repeat","background-position":"center center","background-size":"auto","background-attachment":"scroll","background-type":"","background-media":"","overlay-type":"","overlay-color":"","overlay-opacity":"","overlay-gradient":""},"mobile":{"background-color":"var(--ast-global-color-5)","background-image":"","background-repeat":"repeat","background-position":"center center","background-size":"auto","background-attachment":"scroll","background-type":"","background-media":"","overlay-type":"","overlay-color":"","overlay-opacity":"","overlay-gradient":""}}},"product_brand":[],"product_cat":[1303,934],"product_tag":[],"class_list":{"0":"post-12687","1":"product","2":"type-product","3":"status-publish","4":"has-post-thumbnail","6":"product_cat-lignes-de-marquage-de-tennis","7":"product_cat-tennis","8":"product_shipping_class-marchandise-volumineuse","9":"desktop-align-center","10":"tablet-align-center","11":"mobile-align-center","12":"ast-product-gallery-layout-horizontal","13":"ast-product-gallery-with-no-image","14":"ast-product-tabs-layout-horizontal","16":"first","17":"onbackorder","18":"taxable","19":"shipping-taxable","20":"purchasable","21":"product-type-simple"},"uagb_featured_image_src":{"full":["https:\/\/ruckstuhlsport.ch\/wp-content\/uploads\/tennisliniengarnitur-ideala-e1603885044873.jpg",600,501,false],"thumbnail":["https:\/\/ruckstuhlsport.ch\/wp-content\/uploads\/tennisliniengarnitur-ideala-e1603885044873-150x150.jpg",150,150,true],"medium":["https:\/\/ruckstuhlsport.ch\/wp-content\/uploads\/tennisliniengarnitur-ideala-e1603885044873-300x251.jpg",300,251,true],"medium_large":["https:\/\/ruckstuhlsport.ch\/wp-content\/uploads\/tennisliniengarnitur-ideala-e1603885044873.jpg",600,501,false],"large":["https:\/\/ruckstuhlsport.ch\/wp-content\/uploads\/tennisliniengarnitur-ideala-e1603885044873.jpg",600,501,false],"1536x1536":["https:\/\/ruckstuhlsport.ch\/wp-content\/uploads\/tennisliniengarnitur-ideala-e1603885044873.jpg",600,501,false],"2048x2048":["https:\/\/ruckstuhlsport.ch\/wp-content\/uploads\/tennisliniengarnitur-ideala-e1603885044873.jpg",600,501,false],"woocommerce_thumbnail":["https:\/\/ruckstuhlsport.ch\/wp-content\/uploads\/tennisliniengarnitur-ideala-e1603885044873-300x251.jpg",300,251,true],"woocommerce_single":["https:\/\/ruckstuhlsport.ch\/wp-content\/uploads\/tennisliniengarnitur-ideala-e1603885044873.jpg",600,501,false],"woocommerce_gallery_thumbnail":["https:\/\/ruckstuhlsport.ch\/wp-content\/uploads\/tennisliniengarnitur-ideala-e1603885044873-100x100.jpg",100,100,true],"wc_order_status_icon":["https:\/\/ruckstuhlsport.ch\/wp-content\/uploads\/tennisliniengarnitur-ideala-e1603885044873.jpg",32,27,false],"dgwt-wcas-product-suggestion":["https:\/\/ruckstuhlsport.ch\/wp-content\/uploads\/tennisliniengarnitur-ideala-e1603885044873-64x53.jpg",64,53,true]},"uagb_author_info":{"display_name":"admin","author_link":"https:\/\/ruckstuhlsport.ch\/fr\/author\/"},"uagb_comment_info":0,"uagb_excerpt":"ensemble complet Lignes de service, lignes de fond et lignes m\u00e9diane en 50 mm de large Lignes lat\u00e9rales en 40 mm de large avec tubes et ancrages de sol pr\u00eat \u00e0 l'emploi et facile \u00e0 poser Ligne de fond: 10.97 m Ligne de service: 8.23 m Ligne m\u00e9diane: 12.80 m Ligne lat\u00e9rale: 23.77 m","_links":{"self":[{"href":"https:\/\/ruckstuhlsport.ch\/fr\/wp-json\/wp\/v2\/product\/12687","targetHints":{"allow":["GET"]}}],"collection":[{"href":"https:\/\/ruckstuhlsport.ch\/fr\/wp-json\/wp\/v2\/product"}],"about":[{"href":"https:\/\/ruckstuhlsport.ch\/fr\/wp-json\/wp\/v2\/types\/product"}],"wp:featuredmedia":[{"embeddable":true,"href":"https:\/\/ruckstuhlsport.ch\/fr\/wp-json\/wp\/v2\/media\/6494"}],"wp:attachment":[{"href":"https:\/\/ruckstuhlsport.ch\/fr\/wp-json\/wp\/v2\/media?parent=12687"}],"wp:term":[{"taxonomy":"product_brand","embeddable":true,"href":"https:\/\/ruckstuhlsport.ch\/fr\/wp-json\/wp\/v2\/product_brand?post=12687"},{"taxonomy":"product_cat","embeddable":true,"href":"https:\/\/ruckstuhlsport.ch\/fr\/wp-json\/wp\/v2\/product_cat?post=12687"},{"taxonomy":"product_tag","embeddable":true,"href":"https:\/\/ruckstuhlsport.ch\/fr\/wp-json\/wp\/v2\/product_tag?post=12687"}],"curies":[{"name":"wp","href":"https:\/\/api.w.org\/{rel}","templated":true}]}}