{"id":12711,"date":"2019-11-01T16:18:45","date_gmt":"2021-09-05T09:21:34","guid":{"rendered":"https:\/\/ruckstuhlsport.ch\/non%20class\u00e9\/panneau-daffichage-score-tennis-m-score\/"},"modified":"2024-09-12T21:35:24","modified_gmt":"2024-09-12T19:35:24","slug":"pannau-affichage-score-tennis-mscore","status":"publish","type":"product","link":"https:\/\/ruckstuhlsport.ch\/fr\/tennis\/equipement-courts-tennis\/panneau-daffichage-score-tennis\/pannau-affichage-score-tennis-mscore\/","title":{"rendered":"Panneau d&rsquo;affichage score tennis M-Score"},"content":{"rendered":"<p>Le panneau d&rsquo;affichage M-Score est l&rsquo;affichage de r\u00e9sultat le plus moderne pour les courts de tennis et se caract\u00e9rise par sa qualit\u00e9, sa durabilit\u00e9 et ses avantages d&rsquo;utilisation par rapport aux affichages classiques :<\/p>\n<ul>\n<li>facile \u00e0 manier<\/li>\n<li>rotatif afin que le r\u00e9sultat puisse \u00eatre tourn\u00e9 lors du changement de c\u00f4t\u00e9.<\/li>\n<li>Robuste et sans entretien<\/li>\n<li>clairement visible pour les spectateurs<\/li>\n<li>Diverses options de fixation<\/li>\n<li>Peut \u00eatre personnalis\u00e9 avec les logos des sponsors pour un revenu suppl\u00e9mentaire<\/li>\n<\/ul>\n<p>Gr\u00e2ce aux logos des sponsors placables, l&rsquo; <strong>affichage des r\u00e9sultats M-Score<\/strong> est \u00e9galement une plate-forme publicitaire et offre la possibilit\u00e9 de revenus suppl\u00e9mentaires pour le court de tennis gr\u00e2ce \u00e0 des accords de sponsoring.<\/p>\n<p>\u00c9tant donn\u00e9 que chaque court de tennis a ses propres caract\u00e9ristiques, l&rsquo;affichage des scores M-Score offre trois options de montage :<\/p>\n<figure id=\"attachment_3451\" aria-describedby=\"caption-attachment-3451\" style=\"width: 150px\" class=\"wp-caption alignleft\"><a href=\"https:\/\/ruckstuhlsport.ch\/tennis\/platzausruestung\/spielstandanzeigen\/standfuss-fuer-spielstandanzeige-m-score\/\"><img decoding=\"async\" class=\"m-score-3-row wp-image-3451 size-thumbnail\" src=\"http:\/\/ruckstuhlsport.ch\/wp-content\/uploads\/\/standfuss-m-score-TE1995-150x150.jpg\" alt=\"Socle pour le Panneau d'affichage score tennis M-Score\" width=\"150\" height=\"150\" srcset=\"https:\/\/ruckstuhlsport.ch\/wp-content\/uploads\/standfuss-m-score-TE1995-150x150.jpg 150w, https:\/\/ruckstuhlsport.ch\/wp-content\/uploads\/standfuss-m-score-TE1995-300x300.jpg 300w, https:\/\/ruckstuhlsport.ch\/wp-content\/uploads\/standfuss-m-score-TE1995-100x100.jpg 100w, https:\/\/ruckstuhlsport.ch\/wp-content\/uploads\/standfuss-m-score-TE1995-64x64.jpg 64w, https:\/\/ruckstuhlsport.ch\/wp-content\/uploads\/standfuss-m-score-TE1995.jpg 600w\" sizes=\"(max-width: 150px) 100vw, 150px\" \/><\/a><figcaption id=\"caption-attachment-3451\" class=\"wp-caption-text\">Socle pour le Panneau d&rsquo;affichage score tennis M-Score<\/figcaption><\/figure>\n<figure id=\"attachment_3449\" aria-describedby=\"caption-attachment-3449\" style=\"width: 150px\" class=\"wp-caption alignleft\"><a href=\"https:\/\/ruckstuhlsport.ch\/fr\/produit\/tennis\/equipement-courts-tennis\/panneau-daffichage-score-tennis\/support-poteau-mscore\/\"><img decoding=\"async\" class=\"m-score-3-row wp-image-3449 size-thumbnail\" src=\"http:\/\/ruckstuhlsport.ch\/wp-content\/uploads\/\/pfostenhalterung-m-score-TE1992-150x150.jpg\" alt=\"Support pour une fixation murale du Panneau d'affichage score tennis M-Score\" width=\"150\" height=\"150\" srcset=\"https:\/\/ruckstuhlsport.ch\/wp-content\/uploads\/pfostenhalterung-m-score-TE1992-150x150.jpg 150w, https:\/\/ruckstuhlsport.ch\/wp-content\/uploads\/pfostenhalterung-m-score-TE1992-300x300.jpg 300w, https:\/\/ruckstuhlsport.ch\/wp-content\/uploads\/pfostenhalterung-m-score-TE1992-100x100.jpg 100w, https:\/\/ruckstuhlsport.ch\/wp-content\/uploads\/pfostenhalterung-m-score-TE1992-64x64.jpg 64w, https:\/\/ruckstuhlsport.ch\/wp-content\/uploads\/pfostenhalterung-m-score-TE1992.jpg 600w\" sizes=\"(max-width: 150px) 100vw, 150px\" \/><\/a><figcaption id=\"caption-attachment-3449\" class=\"wp-caption-text\">Support pour une fixation murale du Panneau d&rsquo;affichage score tennis M-Score<\/figcaption><\/figure>\n<figure id=\"attachment_3446\" aria-describedby=\"caption-attachment-3446\" style=\"width: 150px\" class=\"wp-caption alignleft\"><a href=\"https:\/\/ruckstuhlsport.ch\/fr\/produit\/tennis\/equipement-courts-tennis\/panneau-daffichage-score-tennis\/support-cloture-panneau-affichage-score-tennis-mscore\/\"><img decoding=\"async\" class=\"m-score-3-row wp-image-3446 size-thumbnail\" src=\"http:\/\/ruckstuhlsport.ch\/wp-content\/uploads\/\/zaunhalterung-m-score-TE1991-150x150.jpg\" alt=\"Support pour une fixation du Panneau d'affichage score tennis M-Score \u00e0 la cl\u00f4ture\" width=\"150\" height=\"150\" srcset=\"https:\/\/ruckstuhlsport.ch\/wp-content\/uploads\/zaunhalterung-m-score-TE1991-150x150.jpg 150w, https:\/\/ruckstuhlsport.ch\/wp-content\/uploads\/zaunhalterung-m-score-TE1991-300x300.jpg 300w, https:\/\/ruckstuhlsport.ch\/wp-content\/uploads\/zaunhalterung-m-score-TE1991-100x100.jpg 100w, https:\/\/ruckstuhlsport.ch\/wp-content\/uploads\/zaunhalterung-m-score-TE1991-64x64.jpg 64w, https:\/\/ruckstuhlsport.ch\/wp-content\/uploads\/zaunhalterung-m-score-TE1991.jpg 600w\" sizes=\"(max-width: 150px) 100vw, 150px\" \/><\/a><figcaption id=\"caption-attachment-3446\" class=\"wp-caption-text\">Support pour une fixation du Panneau d&rsquo;affichage score tennis M-Score \u00e0 la cl\u00f4ture<\/figcaption><\/figure>\n<p>&nbsp;<\/p>\n","protected":false},"excerpt":{"rendered":"<ul>\n<li>design unique et bonne visibilit\u00e9<\/li>\n<li>robuste et sans entretien<\/li>\n<li>Plateforme publicitaire<\/li>\n<\/ul>\n","protected":false},"featured_media":3456,"template":"","meta":{"_crdt_document":"","_uag_custom_page_level_css":"","site-sidebar-layout":"default","site-content-layout":"default","ast-site-content-layout":"default","site-content-style":"default","site-sidebar-style":"default","ast-global-header-display":"","ast-banner-title-visibility":"","ast-main-header-display":"","ast-hfb-above-header-display":"","ast-hfb-below-header-display":"","ast-hfb-mobile-header-display":"","site-post-title":"","ast-breadcrumbs-content":"","ast-featured-img":"","footer-sml-layout":"","ast-disable-related-posts":"","theme-transparent-header-meta":"default","adv-header-id-meta":"","stick-header-meta":"default","header-above-stick-meta":"","header-main-stick-meta":"","header-below-stick-meta":"","astra-migrate-meta-layouts":"default","ast-page-background-enabled":"default","ast-page-background-meta":{"desktop":{"background-color":"","background-image":"","background-repeat":"repeat","background-position":"center center","background-size":"auto","background-attachment":"scroll","background-type":"","background-media":"","overlay-type":"","overlay-color":"","overlay-opacity":"","overlay-gradient":""},"tablet":{"background-color":"","background-image":"","background-repeat":"repeat","background-position":"center center","background-size":"auto","background-attachment":"scroll","background-type":"","background-media":"","overlay-type":"","overlay-color":"","overlay-opacity":"","overlay-gradient":""},"mobile":{"background-color":"","background-image":"","background-repeat":"repeat","background-position":"center center","background-size":"auto","background-attachment":"scroll","background-type":"","background-media":"","overlay-type":"","overlay-color":"","overlay-opacity":"","overlay-gradient":""}},"ast-content-background-meta":{"desktop":{"background-color":"var(--ast-global-color-5)","background-image":"","background-repeat":"repeat","background-position":"center center","background-size":"auto","background-attachment":"scroll","background-type":"","background-media":"","overlay-type":"","overlay-color":"","overlay-opacity":"","overlay-gradient":""},"tablet":{"background-color":"var(--ast-global-color-5)","background-image":"","background-repeat":"repeat","background-position":"center center","background-size":"auto","background-attachment":"scroll","background-type":"","background-media":"","overlay-type":"","overlay-color":"","overlay-opacity":"","overlay-gradient":""},"mobile":{"background-color":"var(--ast-global-color-5)","background-image":"","background-repeat":"repeat","background-position":"center center","background-size":"auto","background-attachment":"scroll","background-type":"","background-media":"","overlay-type":"","overlay-color":"","overlay-opacity":"","overlay-gradient":""}}},"product_brand":[],"product_cat":[934,1296,1305],"product_tag":[],"class_list":{"0":"post-12711","1":"product","2":"type-product","3":"status-publish","4":"has-post-thumbnail","6":"product_cat-tennis","7":"product_cat-equipement-courts-tennis","8":"product_cat-panneau-daffichage-score-tennis","9":"pa_ausfuehrung-1-face-boules-jaunes-1-face-boules-rouges","10":"pa_ausfuehrung-games-boules-jaunes-sets-boules-rouges","11":"desktop-align-center","12":"tablet-align-center","13":"mobile-align-center","14":"ast-product-gallery-layout-horizontal","15":"ast-product-single-variable","16":"ast-product-tabs-layout-horizontal","18":"first","19":"onbackorder","20":"taxable","21":"shipping-taxable","22":"purchasable","23":"product-type-variable"},"uagb_featured_image_src":{"full":["https:\/\/ruckstuhlsport.ch\/wp-content\/uploads\/spielstandsanzeige-m-score-TE1990.jpg",600,600,false],"thumbnail":["https:\/\/ruckstuhlsport.ch\/wp-content\/uploads\/spielstandsanzeige-m-score-TE1990-150x150.jpg",150,150,true],"medium":["https:\/\/ruckstuhlsport.ch\/wp-content\/uploads\/spielstandsanzeige-m-score-TE1990-300x300.jpg",300,300,true],"medium_large":["https:\/\/ruckstuhlsport.ch\/wp-content\/uploads\/spielstandsanzeige-m-score-TE1990.jpg",600,600,false],"large":["https:\/\/ruckstuhlsport.ch\/wp-content\/uploads\/spielstandsanzeige-m-score-TE1990.jpg",600,600,false],"1536x1536":["https:\/\/ruckstuhlsport.ch\/wp-content\/uploads\/spielstandsanzeige-m-score-TE1990.jpg",600,600,false],"2048x2048":["https:\/\/ruckstuhlsport.ch\/wp-content\/uploads\/spielstandsanzeige-m-score-TE1990.jpg",600,600,false],"woocommerce_thumbnail":["https:\/\/ruckstuhlsport.ch\/wp-content\/uploads\/spielstandsanzeige-m-score-TE1990-300x300.jpg",300,300,true],"woocommerce_single":["https:\/\/ruckstuhlsport.ch\/wp-content\/uploads\/spielstandsanzeige-m-score-TE1990-600x600.jpg",600,600,true],"woocommerce_gallery_thumbnail":["https:\/\/ruckstuhlsport.ch\/wp-content\/uploads\/spielstandsanzeige-m-score-TE1990-100x100.jpg",100,100,true],"wc_order_status_icon":["https:\/\/ruckstuhlsport.ch\/wp-content\/uploads\/spielstandsanzeige-m-score-TE1990.jpg",32,32,false],"dgwt-wcas-product-suggestion":["https:\/\/ruckstuhlsport.ch\/wp-content\/uploads\/spielstandsanzeige-m-score-TE1990-64x64.jpg",64,64,true]},"uagb_author_info":{"display_name":"admin","author_link":"https:\/\/ruckstuhlsport.ch\/fr\/author\/"},"uagb_comment_info":0,"uagb_excerpt":"design unique et bonne visibilit\u00e9 robuste et sans entretien Plateforme publicitaire","_links":{"self":[{"href":"https:\/\/ruckstuhlsport.ch\/fr\/wp-json\/wp\/v2\/product\/12711","targetHints":{"allow":["GET"]}}],"collection":[{"href":"https:\/\/ruckstuhlsport.ch\/fr\/wp-json\/wp\/v2\/product"}],"about":[{"href":"https:\/\/ruckstuhlsport.ch\/fr\/wp-json\/wp\/v2\/types\/product"}],"wp:featuredmedia":[{"embeddable":true,"href":"https:\/\/ruckstuhlsport.ch\/fr\/wp-json\/wp\/v2\/media\/3456"}],"wp:attachment":[{"href":"https:\/\/ruckstuhlsport.ch\/fr\/wp-json\/wp\/v2\/media?parent=12711"}],"wp:term":[{"taxonomy":"product_brand","embeddable":true,"href":"https:\/\/ruckstuhlsport.ch\/fr\/wp-json\/wp\/v2\/product_brand?post=12711"},{"taxonomy":"product_cat","embeddable":true,"href":"https:\/\/ruckstuhlsport.ch\/fr\/wp-json\/wp\/v2\/product_cat?post=12711"},{"taxonomy":"product_tag","embeddable":true,"href":"https:\/\/ruckstuhlsport.ch\/fr\/wp-json\/wp\/v2\/product_tag?post=12711"}],"curies":[{"name":"wp","href":"https:\/\/api.w.org\/{rel}","templated":true}]}}