{"id":12721,"date":"2019-11-03T06:49:23","date_gmt":"2021-09-05T09:32:25","guid":{"rendered":"https:\/\/ruckstuhlsport.ch\/non%20class\u00e9\/tableau-de-score-tennis-match-counter\/"},"modified":"2024-05-27T08:54:10","modified_gmt":"2024-05-27T06:54:10","slug":"tableau-score-tennis-match-counter","status":"publish","type":"product","link":"https:\/\/ruckstuhlsport.ch\/fr\/tennis\/equipement-courts-tennis\/panneau-daffichage-score-tennis\/tableau-score-tennis-match-counter\/","title":{"rendered":"Indicateur de score MATCH POINTER"},"content":{"rendered":"<h3>La version am\u00e9lior\u00e9e de l&rsquo;original :<\/h3>\n<p>Le MATCH POINTER se distingue par des plateaux tournants plus faciles \u00e0 prendre en main et un m\u00e9canisme revu pour une utilisation sans effort sur le court de tennis. Le nouveau m\u00e9canisme prot\u00e8ge les plateaux tournants contre le collage d\u00fb aux intemp\u00e9ries. Fabriqu\u00e9 en plastique de haute qualit\u00e9, r\u00e9sistant aux UV et \u00e9quip\u00e9 de ferrures inoxydables.<\/p>\n<p><strong>Principales caract\u00e9ristiques :<\/strong><\/p>\n<ul>\n<li>M\u00e9canisme extr\u00eamement souple<\/li>\n<li>Suspension am\u00e9lior\u00e9e<\/li>\n<li>Vert fonc\u00e9 moderne<\/li>\n<li>Fabriqu\u00e9 en Allemagne<\/li>\n<\/ul>\n<p><strong>Conseils d&rsquo;entretien <\/strong> : Pour que les plateaux tournants du MATCH POINTER restent souples en permanence, un entretien r\u00e9gulier est n\u00e9cessaire. Pour ce faire, utilisez exclusivement le spray de s\u00e9paration et de glissement sp\u00e9cial pour les indicateurs de score MATCH POINTER. D&rsquo;autres produits ou huiles peuvent entra\u00eener un collage et rendre le MATCH POINTER inutilisable.<\/p>\n<p><strong>Tailles disponibles :<\/strong><\/p>\n<ul>\n<li style=\"list-style-type: none;\">\n<ul>\n<li><strong>Taille M (46 x 65 cm) <\/strong> :Cette taille est particuli\u00e8rement appr\u00e9ci\u00e9e et convient parfaitement aux petits clubs de tennis.<\/li>\n<li><strong>Taille L (56 x 80 cm) <\/strong> : convient de mani\u00e8re optimale aux grands clubs et aux tournois.<\/li>\n<\/ul>\n<\/li>\n<\/ul>\n","protected":false},"excerpt":{"rendered":"<ul>\n<li>version am\u00e9lior\u00e9e du fameux indicateur de score<\/li>\n<li>Disponible en 2 tailles :\n<ul>\n<li>Taille M &#8211; 46 x 65 cm<\/li>\n<li>Taille L &#8211; 56 x 80 cm<\/li>\n<\/ul>\n<\/li>\n<\/ul>\n","protected":false},"featured_media":18615,"template":"","meta":{"_crdt_document":"","_uag_custom_page_level_css":"","site-sidebar-layout":"default","site-content-layout":"default","ast-site-content-layout":"default","site-content-style":"default","site-sidebar-style":"default","ast-global-header-display":"","ast-banner-title-visibility":"","ast-main-header-display":"","ast-hfb-above-header-display":"","ast-hfb-below-header-display":"","ast-hfb-mobile-header-display":"","site-post-title":"","ast-breadcrumbs-content":"","ast-featured-img":"","footer-sml-layout":"","ast-disable-related-posts":"","theme-transparent-header-meta":"default","adv-header-id-meta":"","stick-header-meta":"default","header-above-stick-meta":"","header-main-stick-meta":"","header-below-stick-meta":"","astra-migrate-meta-layouts":"set","ast-page-background-enabled":"default","ast-page-background-meta":{"desktop":{"background-color":"","background-image":"","background-repeat":"repeat","background-position":"center center","background-size":"auto","background-attachment":"scroll","background-type":"","background-media":"","overlay-type":"","overlay-color":"","overlay-opacity":"","overlay-gradient":""},"tablet":{"background-color":"","background-image":"","background-repeat":"repeat","background-position":"center center","background-size":"auto","background-attachment":"scroll","background-type":"","background-media":"","overlay-type":"","overlay-color":"","overlay-opacity":"","overlay-gradient":""},"mobile":{"background-color":"","background-image":"","background-repeat":"repeat","background-position":"center center","background-size":"auto","background-attachment":"scroll","background-type":"","background-media":"","overlay-type":"","overlay-color":"","overlay-opacity":"","overlay-gradient":""}},"ast-content-background-meta":{"desktop":{"background-color":"var(--ast-global-color-5)","background-image":"","background-repeat":"repeat","background-position":"center center","background-size":"auto","background-attachment":"scroll","background-type":"","background-media":"","overlay-type":"","overlay-color":"","overlay-opacity":"","overlay-gradient":""},"tablet":{"background-color":"var(--ast-global-color-5)","background-image":"","background-repeat":"repeat","background-position":"center center","background-size":"auto","background-attachment":"scroll","background-type":"","background-media":"","overlay-type":"","overlay-color":"","overlay-opacity":"","overlay-gradient":""},"mobile":{"background-color":"var(--ast-global-color-5)","background-image":"","background-repeat":"repeat","background-position":"center center","background-size":"auto","background-attachment":"scroll","background-type":"","background-media":"","overlay-type":"","overlay-color":"","overlay-opacity":"","overlay-gradient":""}}},"product_brand":[],"product_cat":[934,1296,1305],"product_tag":[],"class_list":{"0":"post-12721","1":"product","2":"type-product","3":"status-publish","4":"has-post-thumbnail","6":"product_cat-tennis","7":"product_cat-equipement-courts-tennis","8":"product_cat-panneau-daffichage-score-tennis","9":"product_shipping_class-defaut","10":"pa_groesse-l-fr","11":"pa_groesse-m-fr","12":"desktop-align-center","13":"tablet-align-center","14":"mobile-align-center","15":"ast-product-gallery-layout-horizontal","16":"ast-product-gallery-with-no-image","17":"ast-product-single-variable","18":"ast-product-tabs-layout-horizontal","20":"first","21":"onbackorder","22":"taxable","23":"shipping-taxable","24":"purchasable","25":"product-type-variable"},"uagb_featured_image_src":{"full":["https:\/\/ruckstuhlsport.ch\/wp-content\/uploads\/Spielstandanzeige_Matchpointer_M_gruen-weiss.webp",1800,1800,false],"thumbnail":["https:\/\/ruckstuhlsport.ch\/wp-content\/uploads\/Spielstandanzeige_Matchpointer_M_gruen-weiss-150x150.webp",150,150,true],"medium":["https:\/\/ruckstuhlsport.ch\/wp-content\/uploads\/Spielstandanzeige_Matchpointer_M_gruen-weiss-300x300.webp",300,300,true],"medium_large":["https:\/\/ruckstuhlsport.ch\/wp-content\/uploads\/Spielstandanzeige_Matchpointer_M_gruen-weiss-768x768.webp",768,768,true],"large":["https:\/\/ruckstuhlsport.ch\/wp-content\/uploads\/Spielstandanzeige_Matchpointer_M_gruen-weiss-1024x1024.webp",1024,1024,true],"1536x1536":["https:\/\/ruckstuhlsport.ch\/wp-content\/uploads\/Spielstandanzeige_Matchpointer_M_gruen-weiss-1536x1536.webp",1536,1536,true],"2048x2048":["https:\/\/ruckstuhlsport.ch\/wp-content\/uploads\/Spielstandanzeige_Matchpointer_M_gruen-weiss.webp",1800,1800,false],"woocommerce_thumbnail":["https:\/\/ruckstuhlsport.ch\/wp-content\/uploads\/Spielstandanzeige_Matchpointer_M_gruen-weiss-300x300.webp",300,300,true],"woocommerce_single":["https:\/\/ruckstuhlsport.ch\/wp-content\/uploads\/Spielstandanzeige_Matchpointer_M_gruen-weiss-600x600.webp",600,600,true],"woocommerce_gallery_thumbnail":["https:\/\/ruckstuhlsport.ch\/wp-content\/uploads\/Spielstandanzeige_Matchpointer_M_gruen-weiss-100x100.webp",100,100,true],"wc_order_status_icon":["https:\/\/ruckstuhlsport.ch\/wp-content\/uploads\/Spielstandanzeige_Matchpointer_M_gruen-weiss-32x32.webp",32,32,true],"dgwt-wcas-product-suggestion":["https:\/\/ruckstuhlsport.ch\/wp-content\/uploads\/Spielstandanzeige_Matchpointer_M_gruen-weiss-64x64.webp",64,64,true]},"uagb_author_info":{"display_name":"admin","author_link":"https:\/\/ruckstuhlsport.ch\/fr\/author\/"},"uagb_comment_info":0,"uagb_excerpt":"version am\u00e9lior\u00e9e du fameux indicateur de score Disponible en 2 tailles : Taille M - 46 x 65 cm Taille L - 56 x 80 cm","_links":{"self":[{"href":"https:\/\/ruckstuhlsport.ch\/fr\/wp-json\/wp\/v2\/product\/12721","targetHints":{"allow":["GET"]}}],"collection":[{"href":"https:\/\/ruckstuhlsport.ch\/fr\/wp-json\/wp\/v2\/product"}],"about":[{"href":"https:\/\/ruckstuhlsport.ch\/fr\/wp-json\/wp\/v2\/types\/product"}],"wp:featuredmedia":[{"embeddable":true,"href":"https:\/\/ruckstuhlsport.ch\/fr\/wp-json\/wp\/v2\/media\/18615"}],"wp:attachment":[{"href":"https:\/\/ruckstuhlsport.ch\/fr\/wp-json\/wp\/v2\/media?parent=12721"}],"wp:term":[{"taxonomy":"product_brand","embeddable":true,"href":"https:\/\/ruckstuhlsport.ch\/fr\/wp-json\/wp\/v2\/product_brand?post=12721"},{"taxonomy":"product_cat","embeddable":true,"href":"https:\/\/ruckstuhlsport.ch\/fr\/wp-json\/wp\/v2\/product_cat?post=12721"},{"taxonomy":"product_tag","embeddable":true,"href":"https:\/\/ruckstuhlsport.ch\/fr\/wp-json\/wp\/v2\/product_tag?post=12721"}],"curies":[{"name":"wp","href":"https:\/\/api.w.org\/{rel}","templated":true}]}}