{"id":12735,"date":"2020-07-31T12:58:48","date_gmt":"2020-07-31T10:58:48","guid":{"rendered":"https:\/\/ruckstuhlsport.ch\/non%20class\u00e9\/chaise-darbitre\/"},"modified":"2023-12-30T10:24:09","modified_gmt":"2023-12-30T09:24:09","slug":"chaise-arbitre-tennis","status":"publish","type":"product","link":"https:\/\/ruckstuhlsport.ch\/fr\/tennis\/equipement-courts-tennis\/chaises-darbitre\/chaise-arbitre-tennis\/","title":{"rendered":"Chaise d&rsquo;arbitre"},"content":{"rendered":"","protected":false},"excerpt":{"rendered":"<ul>\n<li>Chaise d&rsquo;arbitre avec table pliable<\/li>\n<li>enti\u00e8rement en plastique<\/li>\n<li>hauteur: 2 m<\/li>\n<li>Largeur du pied : environ 0,8 m<\/li>\n<li>avec coque de si\u00e8ge en plastique et table pliante<\/li>\n<li>avec pieds en caoutchouc pour prot\u00e9ger le sol<\/li>\n<li>livraison en pi\u00e8ces<\/li>\n<\/ul>\n","protected":false},"featured_media":5832,"template":"","meta":{"_crdt_document":"","_uag_custom_page_level_css":"","site-sidebar-layout":"default","site-content-layout":"default","ast-site-content-layout":"default","site-content-style":"default","site-sidebar-style":"default","ast-global-header-display":"","ast-banner-title-visibility":"","ast-main-header-display":"","ast-hfb-above-header-display":"","ast-hfb-below-header-display":"","ast-hfb-mobile-header-display":"","site-post-title":"","ast-breadcrumbs-content":"","ast-featured-img":"","footer-sml-layout":"","ast-disable-related-posts":"","theme-transparent-header-meta":"default","adv-header-id-meta":"","stick-header-meta":"default","header-above-stick-meta":"","header-main-stick-meta":"","header-below-stick-meta":"","astra-migrate-meta-layouts":"default","ast-page-background-enabled":"default","ast-page-background-meta":{"desktop":{"background-color":"","background-image":"","background-repeat":"repeat","background-position":"center center","background-size":"auto","background-attachment":"scroll","background-type":"","background-media":"","overlay-type":"","overlay-color":"","overlay-opacity":"","overlay-gradient":""},"tablet":{"background-color":"","background-image":"","background-repeat":"repeat","background-position":"center center","background-size":"auto","background-attachment":"scroll","background-type":"","background-media":"","overlay-type":"","overlay-color":"","overlay-opacity":"","overlay-gradient":""},"mobile":{"background-color":"","background-image":"","background-repeat":"repeat","background-position":"center center","background-size":"auto","background-attachment":"scroll","background-type":"","background-media":"","overlay-type":"","overlay-color":"","overlay-opacity":"","overlay-gradient":""}},"ast-content-background-meta":{"desktop":{"background-color":"var(--ast-global-color-5)","background-image":"","background-repeat":"repeat","background-position":"center center","background-size":"auto","background-attachment":"scroll","background-type":"","background-media":"","overlay-type":"","overlay-color":"","overlay-opacity":"","overlay-gradient":""},"tablet":{"background-color":"var(--ast-global-color-5)","background-image":"","background-repeat":"repeat","background-position":"center center","background-size":"auto","background-attachment":"scroll","background-type":"","background-media":"","overlay-type":"","overlay-color":"","overlay-opacity":"","overlay-gradient":""},"mobile":{"background-color":"var(--ast-global-color-5)","background-image":"","background-repeat":"repeat","background-position":"center center","background-size":"auto","background-attachment":"scroll","background-type":"","background-media":"","overlay-type":"","overlay-color":"","overlay-opacity":"","overlay-gradient":""}}},"product_brand":[],"product_cat":[1309,934,1296],"product_tag":[],"class_list":{"0":"post-12735","1":"product","2":"type-product","3":"status-publish","4":"has-post-thumbnail","6":"product_cat-chaises-darbitre","7":"product_cat-tennis","8":"product_cat-equipement-courts-tennis","9":"product_shipping_class-camion-fr","10":"desktop-align-center","11":"tablet-align-center","12":"mobile-align-center","13":"ast-product-gallery-layout-horizontal","14":"ast-product-gallery-with-no-image","15":"ast-product-tabs-layout-horizontal","17":"first","18":"onbackorder","19":"taxable","20":"shipping-taxable","21":"purchasable","22":"product-type-simple"},"uagb_featured_image_src":{"full":["https:\/\/ruckstuhlsport.ch\/wp-content\/uploads\/schiedsrichterstuhl-kunststoff-sitzschale-2m.jpg",800,800,false],"thumbnail":["https:\/\/ruckstuhlsport.ch\/wp-content\/uploads\/schiedsrichterstuhl-kunststoff-sitzschale-2m-150x150.jpg",150,150,true],"medium":["https:\/\/ruckstuhlsport.ch\/wp-content\/uploads\/schiedsrichterstuhl-kunststoff-sitzschale-2m-300x300.jpg",300,300,true],"medium_large":["https:\/\/ruckstuhlsport.ch\/wp-content\/uploads\/schiedsrichterstuhl-kunststoff-sitzschale-2m-768x768.jpg",768,768,true],"large":["https:\/\/ruckstuhlsport.ch\/wp-content\/uploads\/schiedsrichterstuhl-kunststoff-sitzschale-2m.jpg",800,800,false],"1536x1536":["https:\/\/ruckstuhlsport.ch\/wp-content\/uploads\/schiedsrichterstuhl-kunststoff-sitzschale-2m.jpg",800,800,false],"2048x2048":["https:\/\/ruckstuhlsport.ch\/wp-content\/uploads\/schiedsrichterstuhl-kunststoff-sitzschale-2m.jpg",800,800,false],"woocommerce_thumbnail":["https:\/\/ruckstuhlsport.ch\/wp-content\/uploads\/schiedsrichterstuhl-kunststoff-sitzschale-2m-300x300.jpg",300,300,true],"woocommerce_single":["https:\/\/ruckstuhlsport.ch\/wp-content\/uploads\/schiedsrichterstuhl-kunststoff-sitzschale-2m-600x600.jpg",600,600,true],"woocommerce_gallery_thumbnail":["https:\/\/ruckstuhlsport.ch\/wp-content\/uploads\/schiedsrichterstuhl-kunststoff-sitzschale-2m-100x100.jpg",100,100,true],"wc_order_status_icon":["https:\/\/ruckstuhlsport.ch\/wp-content\/uploads\/schiedsrichterstuhl-kunststoff-sitzschale-2m.jpg",32,32,false],"dgwt-wcas-product-suggestion":["https:\/\/ruckstuhlsport.ch\/wp-content\/uploads\/schiedsrichterstuhl-kunststoff-sitzschale-2m-64x64.jpg",64,64,true]},"uagb_author_info":{"display_name":"admin","author_link":"https:\/\/ruckstuhlsport.ch\/fr\/author\/"},"uagb_comment_info":0,"uagb_excerpt":"Chaise d'arbitre avec table pliable enti\u00e8rement en plastique hauteur: 2 m Largeur du pied : environ 0,8 m avec coque de si\u00e8ge en plastique et table pliante avec pieds en caoutchouc pour prot\u00e9ger le sol livraison en pi\u00e8ces","_links":{"self":[{"href":"https:\/\/ruckstuhlsport.ch\/fr\/wp-json\/wp\/v2\/product\/12735","targetHints":{"allow":["GET"]}}],"collection":[{"href":"https:\/\/ruckstuhlsport.ch\/fr\/wp-json\/wp\/v2\/product"}],"about":[{"href":"https:\/\/ruckstuhlsport.ch\/fr\/wp-json\/wp\/v2\/types\/product"}],"wp:featuredmedia":[{"embeddable":true,"href":"https:\/\/ruckstuhlsport.ch\/fr\/wp-json\/wp\/v2\/media\/5832"}],"wp:attachment":[{"href":"https:\/\/ruckstuhlsport.ch\/fr\/wp-json\/wp\/v2\/media?parent=12735"}],"wp:term":[{"taxonomy":"product_brand","embeddable":true,"href":"https:\/\/ruckstuhlsport.ch\/fr\/wp-json\/wp\/v2\/product_brand?post=12735"},{"taxonomy":"product_cat","embeddable":true,"href":"https:\/\/ruckstuhlsport.ch\/fr\/wp-json\/wp\/v2\/product_cat?post=12735"},{"taxonomy":"product_tag","embeddable":true,"href":"https:\/\/ruckstuhlsport.ch\/fr\/wp-json\/wp\/v2\/product_tag?post=12735"}],"curies":[{"name":"wp","href":"https:\/\/api.w.org\/{rel}","templated":true}]}}