{"id":12785,"date":"2019-11-01T16:18:55","date_gmt":"2019-11-01T16:18:55","guid":{"rendered":"https:\/\/ruckstuhlsport.ch\/non%20class\u00e9\/tendeur-m8\/"},"modified":"2023-12-30T10:24:36","modified_gmt":"2023-12-30T09:24:36","slug":"tendeur-m8","status":"publish","type":"product","link":"https:\/\/ruckstuhlsport.ch\/fr\/tennis\/equipement-courts-tennis\/filets-de-separation\/materiel-de-fixation-pour-filet-de-separation\/tendeur-m8\/","title":{"rendered":"Tendeur M8"},"content":{"rendered":"","protected":false},"excerpt":{"rendered":"<ul>\n<li>galvanis\u00e9 avec 2 \u0153illets<\/li>\n<li>r\u00e9glabilit\u00e9 80 mm, L = 260 mm<\/li>\n<\/ul>\n","protected":false},"featured_media":6126,"template":"","meta":{"_crdt_document":"","_uag_custom_page_level_css":"","site-sidebar-layout":"default","site-content-layout":"default","ast-site-content-layout":"default","site-content-style":"default","site-sidebar-style":"default","ast-global-header-display":"","ast-banner-title-visibility":"","ast-main-header-display":"","ast-hfb-above-header-display":"","ast-hfb-below-header-display":"","ast-hfb-mobile-header-display":"","site-post-title":"","ast-breadcrumbs-content":"","ast-featured-img":"","footer-sml-layout":"","ast-disable-related-posts":"","theme-transparent-header-meta":"default","adv-header-id-meta":"","stick-header-meta":"default","header-above-stick-meta":"","header-main-stick-meta":"","header-below-stick-meta":"","astra-migrate-meta-layouts":"default","ast-page-background-enabled":"default","ast-page-background-meta":{"desktop":{"background-color":"","background-image":"","background-repeat":"repeat","background-position":"center center","background-size":"auto","background-attachment":"scroll","background-type":"","background-media":"","overlay-type":"","overlay-color":"","overlay-opacity":"","overlay-gradient":""},"tablet":{"background-color":"","background-image":"","background-repeat":"repeat","background-position":"center center","background-size":"auto","background-attachment":"scroll","background-type":"","background-media":"","overlay-type":"","overlay-color":"","overlay-opacity":"","overlay-gradient":""},"mobile":{"background-color":"","background-image":"","background-repeat":"repeat","background-position":"center center","background-size":"auto","background-attachment":"scroll","background-type":"","background-media":"","overlay-type":"","overlay-color":"","overlay-opacity":"","overlay-gradient":""}},"ast-content-background-meta":{"desktop":{"background-color":"var(--ast-global-color-5)","background-image":"","background-repeat":"repeat","background-position":"center center","background-size":"auto","background-attachment":"scroll","background-type":"","background-media":"","overlay-type":"","overlay-color":"","overlay-opacity":"","overlay-gradient":""},"tablet":{"background-color":"var(--ast-global-color-5)","background-image":"","background-repeat":"repeat","background-position":"center center","background-size":"auto","background-attachment":"scroll","background-type":"","background-media":"","overlay-type":"","overlay-color":"","overlay-opacity":"","overlay-gradient":""},"mobile":{"background-color":"var(--ast-global-color-5)","background-image":"","background-repeat":"repeat","background-position":"center center","background-size":"auto","background-attachment":"scroll","background-type":"","background-media":"","overlay-type":"","overlay-color":"","overlay-opacity":"","overlay-gradient":""}}},"product_brand":[],"product_cat":[1328,932,1354,1379,934,1325],"product_tag":[],"class_list":{"0":"post-12785","1":"product","2":"type-product","3":"status-publish","4":"has-post-thumbnail","6":"product_cat-materiel-de-fixation-pour-filet-de-separation","7":"product_cat-football","8":"product_cat-autour-du-terrain","9":"product_cat-filets-pare-ballons-football","10":"product_cat-tennis","11":"product_cat-filets-de-separation","12":"product_shipping_class-defaut","13":"desktop-align-center","14":"tablet-align-center","15":"mobile-align-center","16":"ast-product-gallery-layout-horizontal","17":"ast-product-gallery-with-no-image","18":"ast-product-tabs-layout-horizontal","20":"first","21":"onbackorder","22":"taxable","23":"shipping-taxable","24":"purchasable","25":"product-type-simple"},"uagb_featured_image_src":{"full":["https:\/\/ruckstuhlsport.ch\/wp-content\/uploads\/spannschloss-m8-e1603831261946.jpg",600,379,false],"thumbnail":["https:\/\/ruckstuhlsport.ch\/wp-content\/uploads\/spannschloss-m8-e1603831261946-150x150.jpg",150,150,true],"medium":["https:\/\/ruckstuhlsport.ch\/wp-content\/uploads\/spannschloss-m8-e1603831261946-300x190.jpg",300,190,true],"medium_large":["https:\/\/ruckstuhlsport.ch\/wp-content\/uploads\/spannschloss-m8-e1603831261946.jpg",600,379,false],"large":["https:\/\/ruckstuhlsport.ch\/wp-content\/uploads\/spannschloss-m8-e1603831261946.jpg",600,379,false],"1536x1536":["https:\/\/ruckstuhlsport.ch\/wp-content\/uploads\/spannschloss-m8-e1603831261946.jpg",600,379,false],"2048x2048":["https:\/\/ruckstuhlsport.ch\/wp-content\/uploads\/spannschloss-m8-e1603831261946.jpg",600,379,false],"woocommerce_thumbnail":["https:\/\/ruckstuhlsport.ch\/wp-content\/uploads\/spannschloss-m8-e1603831261946-300x190.jpg",300,190,true],"woocommerce_single":["https:\/\/ruckstuhlsport.ch\/wp-content\/uploads\/spannschloss-m8-e1603831261946.jpg",600,379,false],"woocommerce_gallery_thumbnail":["https:\/\/ruckstuhlsport.ch\/wp-content\/uploads\/spannschloss-m8-e1603831261946-100x100.jpg",100,100,true],"wc_order_status_icon":["https:\/\/ruckstuhlsport.ch\/wp-content\/uploads\/spannschloss-m8-e1603831261946.jpg",32,20,false],"dgwt-wcas-product-suggestion":["https:\/\/ruckstuhlsport.ch\/wp-content\/uploads\/spannschloss-m8-e1603831261946-64x40.jpg",64,40,true]},"uagb_author_info":{"display_name":"admin","author_link":"https:\/\/ruckstuhlsport.ch\/fr\/author\/"},"uagb_comment_info":0,"uagb_excerpt":"galvanis\u00e9 avec 2 \u0153illets r\u00e9glabilit\u00e9 80 mm, L = 260 mm","_links":{"self":[{"href":"https:\/\/ruckstuhlsport.ch\/fr\/wp-json\/wp\/v2\/product\/12785","targetHints":{"allow":["GET"]}}],"collection":[{"href":"https:\/\/ruckstuhlsport.ch\/fr\/wp-json\/wp\/v2\/product"}],"about":[{"href":"https:\/\/ruckstuhlsport.ch\/fr\/wp-json\/wp\/v2\/types\/product"}],"wp:featuredmedia":[{"embeddable":true,"href":"https:\/\/ruckstuhlsport.ch\/fr\/wp-json\/wp\/v2\/media\/6126"}],"wp:attachment":[{"href":"https:\/\/ruckstuhlsport.ch\/fr\/wp-json\/wp\/v2\/media?parent=12785"}],"wp:term":[{"taxonomy":"product_brand","embeddable":true,"href":"https:\/\/ruckstuhlsport.ch\/fr\/wp-json\/wp\/v2\/product_brand?post=12785"},{"taxonomy":"product_cat","embeddable":true,"href":"https:\/\/ruckstuhlsport.ch\/fr\/wp-json\/wp\/v2\/product_cat?post=12785"},{"taxonomy":"product_tag","embeddable":true,"href":"https:\/\/ruckstuhlsport.ch\/fr\/wp-json\/wp\/v2\/product_tag?post=12785"}],"curies":[{"name":"wp","href":"https:\/\/api.w.org\/{rel}","templated":true}]}}