{"id":12821,"date":"2019-10-30T15:32:27","date_gmt":"2019-10-30T15:32:27","guid":{"rendered":"https:\/\/ruckstuhlsport.ch\/unkategorisiert\/tasses-catch-can-pro\/"},"modified":"2023-12-30T10:24:56","modified_gmt":"2023-12-30T09:24:56","slug":"tasses-catch-can-pro","status":"publish","type":"product","link":"https:\/\/ruckstuhlsport.ch\/fr\/greenkeeping\/greenkeeping-irrigation\/tasses-catch-can-pro\/","title":{"rendered":"Tasses Catch Can Pro"},"content":{"rendered":"","protected":false},"excerpt":{"rendered":"<p>Ne gaspillez pas d&rsquo;eau et v\u00e9rifiez la quantit\u00e9 d&rsquo;eau que les arroseurs appliquent r\u00e9ellement.<\/p>\n<ul>\n<li>Mesures en pouces et en centim\u00e8tres<\/li>\n<li>l\u00e9ger et empilable<\/li>\n<li>carton de 12 pi\u00e8ces<\/li>\n<\/ul>\n","protected":false},"featured_media":2332,"template":"","meta":{"_crdt_document":"","_uag_custom_page_level_css":"","site-sidebar-layout":"default","site-content-layout":"default","ast-site-content-layout":"default","site-content-style":"default","site-sidebar-style":"default","ast-global-header-display":"","ast-banner-title-visibility":"","ast-main-header-display":"","ast-hfb-above-header-display":"","ast-hfb-below-header-display":"","ast-hfb-mobile-header-display":"","site-post-title":"","ast-breadcrumbs-content":"","ast-featured-img":"","footer-sml-layout":"","ast-disable-related-posts":"","theme-transparent-header-meta":"default","adv-header-id-meta":"","stick-header-meta":"default","header-above-stick-meta":"","header-main-stick-meta":"","header-below-stick-meta":"","astra-migrate-meta-layouts":"default","ast-page-background-enabled":"default","ast-page-background-meta":{"desktop":{"background-color":"","background-image":"","background-repeat":"repeat","background-position":"center center","background-size":"auto","background-attachment":"scroll","background-type":"","background-media":"","overlay-type":"","overlay-color":"","overlay-opacity":"","overlay-gradient":""},"tablet":{"background-color":"","background-image":"","background-repeat":"repeat","background-position":"center center","background-size":"auto","background-attachment":"scroll","background-type":"","background-media":"","overlay-type":"","overlay-color":"","overlay-opacity":"","overlay-gradient":""},"mobile":{"background-color":"","background-image":"","background-repeat":"repeat","background-position":"center center","background-size":"auto","background-attachment":"scroll","background-type":"","background-media":"","overlay-type":"","overlay-color":"","overlay-opacity":"","overlay-gradient":""}},"ast-content-background-meta":{"desktop":{"background-color":"var(--ast-global-color-5)","background-image":"","background-repeat":"repeat","background-position":"center center","background-size":"auto","background-attachment":"scroll","background-type":"","background-media":"","overlay-type":"","overlay-color":"","overlay-opacity":"","overlay-gradient":""},"tablet":{"background-color":"var(--ast-global-color-5)","background-image":"","background-repeat":"repeat","background-position":"center center","background-size":"auto","background-attachment":"scroll","background-type":"","background-media":"","overlay-type":"","overlay-color":"","overlay-opacity":"","overlay-gradient":""},"mobile":{"background-color":"var(--ast-global-color-5)","background-image":"","background-repeat":"repeat","background-position":"center center","background-size":"auto","background-attachment":"scroll","background-type":"","background-media":"","overlay-type":"","overlay-color":"","overlay-opacity":"","overlay-gradient":""}}},"product_brand":[],"product_cat":[1199,906,934,1198,1200],"product_tag":[],"class_list":{"0":"post-12821","1":"product","2":"type-product","3":"status-publish","4":"has-post-thumbnail","6":"product_cat-greenkeeping-irrigation","7":"product_cat-greenkeeping","8":"product_cat-tennis","9":"product_cat-tennis-irrigation","10":"product_cat-accessoire-pour-irrigation","11":"product_shipping_class-defaut","12":"desktop-align-center","13":"tablet-align-center","14":"mobile-align-center","15":"ast-product-gallery-layout-horizontal","16":"ast-product-tabs-layout-horizontal","18":"first","19":"onbackorder","20":"taxable","21":"shipping-taxable","22":"purchasable","23":"product-type-simple"},"uagb_featured_image_src":{"full":["https:\/\/ruckstuhlsport.ch\/wp-content\/uploads\/2019\/10\/catch-can-pro-becher-underhill-UCCPK-10-e1603880707450.jpg",600,516,false],"thumbnail":["https:\/\/ruckstuhlsport.ch\/wp-content\/uploads\/2019\/10\/catch-can-pro-becher-underhill-UCCPK-10-e1603880707450-150x150.jpg",150,150,true],"medium":["https:\/\/ruckstuhlsport.ch\/wp-content\/uploads\/2019\/10\/catch-can-pro-becher-underhill-UCCPK-10-e1603880707450-300x258.jpg",300,258,true],"medium_large":["https:\/\/ruckstuhlsport.ch\/wp-content\/uploads\/2019\/10\/catch-can-pro-becher-underhill-UCCPK-10-e1603880707450.jpg",600,516,false],"large":["https:\/\/ruckstuhlsport.ch\/wp-content\/uploads\/2019\/10\/catch-can-pro-becher-underhill-UCCPK-10-e1603880707450.jpg",600,516,false],"1536x1536":["https:\/\/ruckstuhlsport.ch\/wp-content\/uploads\/2019\/10\/catch-can-pro-becher-underhill-UCCPK-10-e1603880707450.jpg",600,516,false],"2048x2048":["https:\/\/ruckstuhlsport.ch\/wp-content\/uploads\/2019\/10\/catch-can-pro-becher-underhill-UCCPK-10-e1603880707450.jpg",600,516,false],"woocommerce_thumbnail":["https:\/\/ruckstuhlsport.ch\/wp-content\/uploads\/2019\/10\/catch-can-pro-becher-underhill-UCCPK-10-e1603880707450-300x258.jpg",300,258,true],"woocommerce_single":["https:\/\/ruckstuhlsport.ch\/wp-content\/uploads\/2019\/10\/catch-can-pro-becher-underhill-UCCPK-10-e1603880707450.jpg",600,516,false],"woocommerce_gallery_thumbnail":["https:\/\/ruckstuhlsport.ch\/wp-content\/uploads\/2019\/10\/catch-can-pro-becher-underhill-UCCPK-10-e1603880707450-100x100.jpg",100,100,true],"wc_order_status_icon":["https:\/\/ruckstuhlsport.ch\/wp-content\/uploads\/2019\/10\/catch-can-pro-becher-underhill-UCCPK-10-e1603880707450.jpg",32,28,false],"dgwt-wcas-product-suggestion":["https:\/\/ruckstuhlsport.ch\/wp-content\/uploads\/2019\/10\/catch-can-pro-becher-underhill-UCCPK-10-e1603880707450-64x55.jpg",64,55,true]},"uagb_author_info":{"display_name":"admin","author_link":"https:\/\/ruckstuhlsport.ch\/fr\/author\/"},"uagb_comment_info":0,"uagb_excerpt":"Ne gaspillez pas d'eau et v\u00e9rifiez la quantit\u00e9 d'eau que les arroseurs appliquent r\u00e9ellement. Mesures en pouces et en centim\u00e8tres l\u00e9ger et empilable carton de 12 pi\u00e8ces","_links":{"self":[{"href":"https:\/\/ruckstuhlsport.ch\/fr\/wp-json\/wp\/v2\/product\/12821","targetHints":{"allow":["GET"]}}],"collection":[{"href":"https:\/\/ruckstuhlsport.ch\/fr\/wp-json\/wp\/v2\/product"}],"about":[{"href":"https:\/\/ruckstuhlsport.ch\/fr\/wp-json\/wp\/v2\/types\/product"}],"wp:featuredmedia":[{"embeddable":true,"href":"https:\/\/ruckstuhlsport.ch\/fr\/wp-json\/wp\/v2\/media\/2332"}],"wp:attachment":[{"href":"https:\/\/ruckstuhlsport.ch\/fr\/wp-json\/wp\/v2\/media?parent=12821"}],"wp:term":[{"taxonomy":"product_brand","embeddable":true,"href":"https:\/\/ruckstuhlsport.ch\/fr\/wp-json\/wp\/v2\/product_brand?post=12821"},{"taxonomy":"product_cat","embeddable":true,"href":"https:\/\/ruckstuhlsport.ch\/fr\/wp-json\/wp\/v2\/product_cat?post=12821"},{"taxonomy":"product_tag","embeddable":true,"href":"https:\/\/ruckstuhlsport.ch\/fr\/wp-json\/wp\/v2\/product_tag?post=12821"}],"curies":[{"name":"wp","href":"https:\/\/api.w.org\/{rel}","templated":true}]}}