{"id":12828,"date":"2019-11-03T06:49:24","date_gmt":"2019-11-03T05:49:24","guid":{"rendered":"https:\/\/ruckstuhlsport.ch\/non%20class\u00e9\/bache-de-tennis-2-x-6-m-avec-impression\/"},"modified":"2023-12-30T10:25:01","modified_gmt":"2023-12-30T09:25:01","slug":"bache-tennis-2x6m-impression","status":"publish","type":"product","link":"https:\/\/ruckstuhlsport.ch\/fr\/tennis\/equipement-courts-tennis\/baches-de-tennis\/bache-tennis-2x6m-impression\/","title":{"rendered":"B\u00e2che de tennis 2 x 6 m, avec impression"},"content":{"rendered":"<p>En plus des b\u00e2ches de tennis aux dimensions standard, vous avez la possibilit\u00e9 de commander des b\u00e2ches de tennis sur mesure. Envoyez-nous simplement votre croquis par e-mail, en utilisant le formulaire de contact dans le produit lui-m\u00eame, ou appelez-nous. Nous serions \u00e9galement ravis de vous conseiller sur place.<\/p>\n<p>Toutes nos b\u00e2ches de tennis sont r\u00e9sistantes aux intemp\u00e9ries et sont fournies avec des bords renforc\u00e9s pour une longue dur\u00e9e de vie en standard. En option, vous pouvez trouver tous les accessoires tels que des mousquetons ou des c\u00e2bles en fils d&rsquo;acier pour fixer les b\u00e2ches dans notre gamme sous accessoires.<\/p>\n<p>Chaque b\u00e2che de tennis peut \u00eatre imprim\u00e9 individuellement avec votre logo ou texte et offre ainsi non seulement un para-vent optimal, mais \u00e9galement la plate-forme publicitaire id\u00e9ale sur le court.<br \/>\nNous serions heureux de vous envoyer des suggestions de conception gratuites apr\u00e8s r\u00e9ception de votre fichier afin de concevoir ensemble votre b\u00e2che souhait\u00e9.<\/p>\n<p>Si vous souhaitez proposer des b\u00e2ches de tennis imprim\u00e9s sur toute la surface ou des plateformes publicitaires pour des \u00e9v\u00e9nements de courte dur\u00e9e, nous vous recommandons nos <a href=\"https:\/\/ruckstuhlsport.ch\/fr\/produit\/football\/autour-du-terrain\/bannieres-publicitaires\/banniere-publicitaire-maille-impression\/\">banni\u00e8res publicitaires en maille<\/a> enti\u00e8rement imprim\u00e9es et \u00e0 des prix tr\u00e8s attractifs. De plus, il n&rsquo;y a aucune restriction en termes de design, car les banni\u00e8res en maille sont r\u00e9alis\u00e9es en impression num\u00e9rique.<\/p>\n","protected":false},"excerpt":{"rendered":"<ul>\n<li>b\u00e2ches de tennis de haute qualit\u00e9 avec bords renforc\u00e9s et \u0153illets en laiton<\/li>\n<li>Stable aux UV et aux intemp\u00e9ries<\/li>\n<li>perm\u00e9able au vent<\/li>\n<li>imprimable individuellement<\/li>\n<\/ul>\n","protected":false},"featured_media":7629,"template":"","meta":{"_crdt_document":"","_uag_custom_page_level_css":"","site-sidebar-layout":"default","site-content-layout":"default","ast-site-content-layout":"default","site-content-style":"default","site-sidebar-style":"default","ast-global-header-display":"","ast-banner-title-visibility":"","ast-main-header-display":"","ast-hfb-above-header-display":"","ast-hfb-below-header-display":"","ast-hfb-mobile-header-display":"","site-post-title":"","ast-breadcrumbs-content":"","ast-featured-img":"","footer-sml-layout":"","ast-disable-related-posts":"","theme-transparent-header-meta":"default","adv-header-id-meta":"","stick-header-meta":"default","header-above-stick-meta":"","header-main-stick-meta":"","header-below-stick-meta":"","astra-migrate-meta-layouts":"default","ast-page-background-enabled":"default","ast-page-background-meta":{"desktop":{"background-color":"","background-image":"","background-repeat":"repeat","background-position":"center center","background-size":"auto","background-attachment":"scroll","background-type":"","background-media":"","overlay-type":"","overlay-color":"","overlay-opacity":"","overlay-gradient":""},"tablet":{"background-color":"","background-image":"","background-repeat":"repeat","background-position":"center center","background-size":"auto","background-attachment":"scroll","background-type":"","background-media":"","overlay-type":"","overlay-color":"","overlay-opacity":"","overlay-gradient":""},"mobile":{"background-color":"","background-image":"","background-repeat":"repeat","background-position":"center center","background-size":"auto","background-attachment":"scroll","background-type":"","background-media":"","overlay-type":"","overlay-color":"","overlay-opacity":"","overlay-gradient":""}},"ast-content-background-meta":{"desktop":{"background-color":"var(--ast-global-color-5)","background-image":"","background-repeat":"repeat","background-position":"center center","background-size":"auto","background-attachment":"scroll","background-type":"","background-media":"","overlay-type":"","overlay-color":"","overlay-opacity":"","overlay-gradient":""},"tablet":{"background-color":"var(--ast-global-color-5)","background-image":"","background-repeat":"repeat","background-position":"center center","background-size":"auto","background-attachment":"scroll","background-type":"","background-media":"","overlay-type":"","overlay-color":"","overlay-opacity":"","overlay-gradient":""},"mobile":{"background-color":"var(--ast-global-color-5)","background-image":"","background-repeat":"repeat","background-position":"center center","background-size":"auto","background-attachment":"scroll","background-type":"","background-media":"","overlay-type":"","overlay-color":"","overlay-opacity":"","overlay-gradient":""}}},"product_brand":[],"product_cat":[1329,934,1296],"product_tag":[],"class_list":{"0":"post-12828","1":"product","2":"type-product","3":"status-publish","4":"has-post-thumbnail","6":"product_cat-baches-de-tennis","7":"product_cat-tennis","8":"product_cat-equipement-courts-tennis","9":"product_shipping_class-defaut","10":"pa_aufdruck-oui","11":"pa_farbe-beige-fr","12":"pa_farbe-bleu","13":"pa_farbe-bleu-fonce","14":"pa_farbe-gris","15":"pa_farbe-jaune","16":"pa_farbe-noir","17":"pa_farbe-orange-fr","18":"pa_farbe-rouge","19":"pa_farbe-vert","20":"pa_farbe-vert-fonce","21":"pa_groesse-2-00-x-6-00-m-fr","22":"desktop-align-center","23":"tablet-align-center","24":"mobile-align-center","25":"ast-product-gallery-layout-horizontal","26":"ast-product-tabs-layout-horizontal","28":"first","29":"instock","30":"taxable","31":"shipping-taxable","32":"product-type-simple"},"uagb_featured_image_src":{"full":["https:\/\/ruckstuhlsport.ch\/wp-content\/uploads\/tennisblende-2x6m-gruen.jpg",600,600,false],"thumbnail":["https:\/\/ruckstuhlsport.ch\/wp-content\/uploads\/tennisblende-2x6m-gruen-150x150.jpg",150,150,true],"medium":["https:\/\/ruckstuhlsport.ch\/wp-content\/uploads\/tennisblende-2x6m-gruen-300x300.jpg",300,300,true],"medium_large":["https:\/\/ruckstuhlsport.ch\/wp-content\/uploads\/tennisblende-2x6m-gruen.jpg",600,600,false],"large":["https:\/\/ruckstuhlsport.ch\/wp-content\/uploads\/tennisblende-2x6m-gruen.jpg",600,600,false],"1536x1536":["https:\/\/ruckstuhlsport.ch\/wp-content\/uploads\/tennisblende-2x6m-gruen.jpg",600,600,false],"2048x2048":["https:\/\/ruckstuhlsport.ch\/wp-content\/uploads\/tennisblende-2x6m-gruen.jpg",600,600,false],"woocommerce_thumbnail":["https:\/\/ruckstuhlsport.ch\/wp-content\/uploads\/tennisblende-2x6m-gruen-300x300.jpg",300,300,true],"woocommerce_single":["https:\/\/ruckstuhlsport.ch\/wp-content\/uploads\/tennisblende-2x6m-gruen.jpg",600,600,false],"woocommerce_gallery_thumbnail":["https:\/\/ruckstuhlsport.ch\/wp-content\/uploads\/tennisblende-2x6m-gruen-100x100.jpg",100,100,true],"wc_order_status_icon":["https:\/\/ruckstuhlsport.ch\/wp-content\/uploads\/tennisblende-2x6m-gruen.jpg",32,32,false],"dgwt-wcas-product-suggestion":["https:\/\/ruckstuhlsport.ch\/wp-content\/uploads\/tennisblende-2x6m-gruen-64x64.jpg",64,64,true]},"uagb_author_info":{"display_name":"admin","author_link":"https:\/\/ruckstuhlsport.ch\/fr\/author\/"},"uagb_comment_info":0,"uagb_excerpt":"b\u00e2ches de tennis de haute qualit\u00e9 avec bords renforc\u00e9s et \u0153illets en laiton Stable aux UV et aux intemp\u00e9ries perm\u00e9able au vent imprimable individuellement","_links":{"self":[{"href":"https:\/\/ruckstuhlsport.ch\/fr\/wp-json\/wp\/v2\/product\/12828","targetHints":{"allow":["GET"]}}],"collection":[{"href":"https:\/\/ruckstuhlsport.ch\/fr\/wp-json\/wp\/v2\/product"}],"about":[{"href":"https:\/\/ruckstuhlsport.ch\/fr\/wp-json\/wp\/v2\/types\/product"}],"wp:featuredmedia":[{"embeddable":true,"href":"https:\/\/ruckstuhlsport.ch\/fr\/wp-json\/wp\/v2\/media\/7629"}],"wp:attachment":[{"href":"https:\/\/ruckstuhlsport.ch\/fr\/wp-json\/wp\/v2\/media?parent=12828"}],"wp:term":[{"taxonomy":"product_brand","embeddable":true,"href":"https:\/\/ruckstuhlsport.ch\/fr\/wp-json\/wp\/v2\/product_brand?post=12828"},{"taxonomy":"product_cat","embeddable":true,"href":"https:\/\/ruckstuhlsport.ch\/fr\/wp-json\/wp\/v2\/product_cat?post=12828"},{"taxonomy":"product_tag","embeddable":true,"href":"https:\/\/ruckstuhlsport.ch\/fr\/wp-json\/wp\/v2\/product_tag?post=12828"}],"curies":[{"name":"wp","href":"https:\/\/api.w.org\/{rel}","templated":true}]}}