{"id":12843,"date":"2019-11-03T06:49:24","date_gmt":"2021-09-08T04:54:24","guid":{"rendered":"https:\/\/ruckstuhlsport.ch\/non%20class\u00e9\/bache-de-tennis-2-x-18-m\/"},"modified":"2023-12-30T10:47:00","modified_gmt":"2023-12-30T09:47:00","slug":"bache-tennis-2x18m","status":"publish","type":"product","link":"https:\/\/ruckstuhlsport.ch\/fr\/tennis\/equipement-courts-tennis\/baches-de-tennis\/bache-tennis-2x18m\/","title":{"rendered":"B\u00e2che de tennis 2 x 18 m"},"content":{"rendered":"<p>Toutes nos b\u00e2ches de tennis sont r\u00e9sistantes aux intemp\u00e9ries et sont fournies en standard avec un bord renforc\u00e9 \u00e0 \u0153illets pour une longue dur\u00e9e de vie.<br \/>\nIl y a un total de 11 couleurs diff\u00e9rentes au choix, qui sont r\u00e9sistantes aux UV et garantissent ainsi une solidit\u00e9 des couleurs \u00e0 long terme.<\/p>\n<p>En option, vous pouvez trouver tous les accessoires tels que des mousquetons ou des c\u00e2bles en fils d&rsquo;acier pour fixer les b\u00e2ches dans notre gamme sous accessoires.<\/p>\n<p>En plus des b\u00e2ches de tennis aux dimensions standard, vous avez la possibilit\u00e9 de commander des b\u00e2ches de tennis sur mesure. Envoyez-nous simplement votre croquis par e-mail, en utilisant le formulaire de contact dans le produit lui-m\u00eame, ou appelez-nous. Nous serions \u00e9galement ravis de vous conseiller sur place.<\/p>\n","protected":false},"excerpt":{"rendered":"<ul>\n<li>b\u00e2ches de tennis de haute qualit\u00e9 avec bords renforc\u00e9s et \u0153illets en laiton<\/li>\n<li>Stable aux UV et aux intemp\u00e9ries<\/li>\n<li>perm\u00e9able au vent<\/li>\n<\/ul>\n","protected":false},"featured_media":8871,"template":"","meta":{"_crdt_document":"","_uag_custom_page_level_css":"","site-sidebar-layout":"default","site-content-layout":"default","ast-site-content-layout":"default","site-content-style":"default","site-sidebar-style":"default","ast-global-header-display":"","ast-banner-title-visibility":"","ast-main-header-display":"","ast-hfb-above-header-display":"","ast-hfb-below-header-display":"","ast-hfb-mobile-header-display":"","site-post-title":"","ast-breadcrumbs-content":"","ast-featured-img":"","footer-sml-layout":"","ast-disable-related-posts":"","theme-transparent-header-meta":"default","adv-header-id-meta":"","stick-header-meta":"default","header-above-stick-meta":"","header-main-stick-meta":"","header-below-stick-meta":"","astra-migrate-meta-layouts":"default","ast-page-background-enabled":"default","ast-page-background-meta":{"desktop":{"background-color":"","background-image":"","background-repeat":"repeat","background-position":"center center","background-size":"auto","background-attachment":"scroll","background-type":"","background-media":"","overlay-type":"","overlay-color":"","overlay-opacity":"","overlay-gradient":""},"tablet":{"background-color":"","background-image":"","background-repeat":"repeat","background-position":"center center","background-size":"auto","background-attachment":"scroll","background-type":"","background-media":"","overlay-type":"","overlay-color":"","overlay-opacity":"","overlay-gradient":""},"mobile":{"background-color":"","background-image":"","background-repeat":"repeat","background-position":"center center","background-size":"auto","background-attachment":"scroll","background-type":"","background-media":"","overlay-type":"","overlay-color":"","overlay-opacity":"","overlay-gradient":""}},"ast-content-background-meta":{"desktop":{"background-color":"var(--ast-global-color-5)","background-image":"","background-repeat":"repeat","background-position":"center center","background-size":"auto","background-attachment":"scroll","background-type":"","background-media":"","overlay-type":"","overlay-color":"","overlay-opacity":"","overlay-gradient":""},"tablet":{"background-color":"var(--ast-global-color-5)","background-image":"","background-repeat":"repeat","background-position":"center center","background-size":"auto","background-attachment":"scroll","background-type":"","background-media":"","overlay-type":"","overlay-color":"","overlay-opacity":"","overlay-gradient":""},"mobile":{"background-color":"var(--ast-global-color-5)","background-image":"","background-repeat":"repeat","background-position":"center center","background-size":"auto","background-attachment":"scroll","background-type":"","background-media":"","overlay-type":"","overlay-color":"","overlay-opacity":"","overlay-gradient":""}}},"product_brand":[],"product_cat":[934,1296,1329],"product_tag":[],"class_list":{"0":"post-12843","1":"product","2":"type-product","3":"status-publish","4":"has-post-thumbnail","6":"product_cat-tennis","7":"product_cat-equipement-courts-tennis","8":"product_cat-baches-de-tennis","9":"product_shipping_class-defaut","10":"pa_aufdruck-non","11":"pa_farbe-beige-fr","12":"pa_farbe-blanc","13":"pa_farbe-bleu","14":"pa_farbe-bleu-fonce","15":"pa_farbe-gris","16":"pa_farbe-jaune","17":"pa_farbe-noir","18":"pa_farbe-orange-fr","19":"pa_farbe-rouge","20":"pa_farbe-vert","21":"pa_farbe-vert-fonce","22":"pa_groesse-2-00-x-18-00-m-fr","23":"desktop-align-center","24":"tablet-align-center","25":"mobile-align-center","26":"ast-product-gallery-layout-horizontal","27":"ast-product-gallery-with-no-image","28":"ast-product-single-variable","29":"ast-product-tabs-layout-horizontal","31":"first","32":"onbackorder","33":"taxable","34":"shipping-taxable","35":"purchasable","36":"product-type-variable"},"uagb_featured_image_src":{"full":["https:\/\/ruckstuhlsport.ch\/wp-content\/uploads\/tennisblende-detail-dunkelgruen-1.jpg",800,800,false],"thumbnail":["https:\/\/ruckstuhlsport.ch\/wp-content\/uploads\/tennisblende-detail-dunkelgruen-1-150x150.jpg",150,150,true],"medium":["https:\/\/ruckstuhlsport.ch\/wp-content\/uploads\/tennisblende-detail-dunkelgruen-1-300x300.jpg",300,300,true],"medium_large":["https:\/\/ruckstuhlsport.ch\/wp-content\/uploads\/tennisblende-detail-dunkelgruen-1-768x768.jpg",768,768,true],"large":["https:\/\/ruckstuhlsport.ch\/wp-content\/uploads\/tennisblende-detail-dunkelgruen-1.jpg",800,800,false],"1536x1536":["https:\/\/ruckstuhlsport.ch\/wp-content\/uploads\/tennisblende-detail-dunkelgruen-1.jpg",800,800,false],"2048x2048":["https:\/\/ruckstuhlsport.ch\/wp-content\/uploads\/tennisblende-detail-dunkelgruen-1.jpg",800,800,false],"woocommerce_thumbnail":["https:\/\/ruckstuhlsport.ch\/wp-content\/uploads\/tennisblende-detail-dunkelgruen-1-300x300.jpg",300,300,true],"woocommerce_single":["https:\/\/ruckstuhlsport.ch\/wp-content\/uploads\/tennisblende-detail-dunkelgruen-1-600x600.jpg",600,600,true],"woocommerce_gallery_thumbnail":["https:\/\/ruckstuhlsport.ch\/wp-content\/uploads\/tennisblende-detail-dunkelgruen-1-100x100.jpg",100,100,true],"wc_order_status_icon":["https:\/\/ruckstuhlsport.ch\/wp-content\/uploads\/tennisblende-detail-dunkelgruen-1.jpg",32,32,false],"dgwt-wcas-product-suggestion":["https:\/\/ruckstuhlsport.ch\/wp-content\/uploads\/tennisblende-detail-dunkelgruen-1-64x64.jpg",64,64,true]},"uagb_author_info":{"display_name":"admin","author_link":"https:\/\/ruckstuhlsport.ch\/fr\/author\/"},"uagb_comment_info":0,"uagb_excerpt":"b\u00e2ches de tennis de haute qualit\u00e9 avec bords renforc\u00e9s et \u0153illets en laiton Stable aux UV et aux intemp\u00e9ries perm\u00e9able au vent","_links":{"self":[{"href":"https:\/\/ruckstuhlsport.ch\/fr\/wp-json\/wp\/v2\/product\/12843","targetHints":{"allow":["GET"]}}],"collection":[{"href":"https:\/\/ruckstuhlsport.ch\/fr\/wp-json\/wp\/v2\/product"}],"about":[{"href":"https:\/\/ruckstuhlsport.ch\/fr\/wp-json\/wp\/v2\/types\/product"}],"wp:featuredmedia":[{"embeddable":true,"href":"https:\/\/ruckstuhlsport.ch\/fr\/wp-json\/wp\/v2\/media\/8871"}],"wp:attachment":[{"href":"https:\/\/ruckstuhlsport.ch\/fr\/wp-json\/wp\/v2\/media?parent=12843"}],"wp:term":[{"taxonomy":"product_brand","embeddable":true,"href":"https:\/\/ruckstuhlsport.ch\/fr\/wp-json\/wp\/v2\/product_brand?post=12843"},{"taxonomy":"product_cat","embeddable":true,"href":"https:\/\/ruckstuhlsport.ch\/fr\/wp-json\/wp\/v2\/product_cat?post=12843"},{"taxonomy":"product_tag","embeddable":true,"href":"https:\/\/ruckstuhlsport.ch\/fr\/wp-json\/wp\/v2\/product_tag?post=12843"}],"curies":[{"name":"wp","href":"https:\/\/api.w.org\/{rel}","templated":true}]}}