{"id":12855,"date":"2019-11-03T06:49:18","date_gmt":"2019-11-03T06:49:18","guid":{"rendered":"https:\/\/ruckstuhlsport.ch\/unkategorisiert\/banniere-publicitaire-en-pvc-avec-impression\/"},"modified":"2023-12-30T10:25:06","modified_gmt":"2023-12-30T09:25:06","slug":"banniere-publicitaire-pvc-impression","status":"publish","type":"product","link":"https:\/\/ruckstuhlsport.ch\/fr\/football\/autour-du-terrain\/bannieres-publicitaires\/banniere-publicitaire-pvc-impression\/","title":{"rendered":"Banni\u00e8re publicitaire en PVC, avec impression"},"content":{"rendered":"","protected":false},"excerpt":{"rendered":"<ul>\n<li>b\u00e2che PVC<\/li>\n<li>peut \u00eatre imprim\u00e9 individuellement<\/li>\n<li>Renforc\u00e9 et \u0153illet tout autour<\/li>\n<\/ul>\n","protected":false},"featured_media":10885,"template":"","meta":{"_crdt_document":"","_uag_custom_page_level_css":"","site-sidebar-layout":"default","site-content-layout":"default","ast-site-content-layout":"default","site-content-style":"default","site-sidebar-style":"default","ast-global-header-display":"","ast-banner-title-visibility":"","ast-main-header-display":"","ast-hfb-above-header-display":"","ast-hfb-below-header-display":"","ast-hfb-mobile-header-display":"","site-post-title":"","ast-breadcrumbs-content":"","ast-featured-img":"","footer-sml-layout":"","ast-disable-related-posts":"","theme-transparent-header-meta":"default","adv-header-id-meta":"","stick-header-meta":"default","header-above-stick-meta":"","header-main-stick-meta":"","header-below-stick-meta":"","astra-migrate-meta-layouts":"default","ast-page-background-enabled":"default","ast-page-background-meta":{"desktop":{"background-color":"","background-image":"","background-repeat":"repeat","background-position":"center center","background-size":"auto","background-attachment":"scroll","background-type":"","background-media":"","overlay-type":"","overlay-color":"","overlay-opacity":"","overlay-gradient":""},"tablet":{"background-color":"","background-image":"","background-repeat":"repeat","background-position":"center center","background-size":"auto","background-attachment":"scroll","background-type":"","background-media":"","overlay-type":"","overlay-color":"","overlay-opacity":"","overlay-gradient":""},"mobile":{"background-color":"","background-image":"","background-repeat":"repeat","background-position":"center center","background-size":"auto","background-attachment":"scroll","background-type":"","background-media":"","overlay-type":"","overlay-color":"","overlay-opacity":"","overlay-gradient":""}},"ast-content-background-meta":{"desktop":{"background-color":"var(--ast-global-color-5)","background-image":"","background-repeat":"repeat","background-position":"center center","background-size":"auto","background-attachment":"scroll","background-type":"","background-media":"","overlay-type":"","overlay-color":"","overlay-opacity":"","overlay-gradient":""},"tablet":{"background-color":"var(--ast-global-color-5)","background-image":"","background-repeat":"repeat","background-position":"center center","background-size":"auto","background-attachment":"scroll","background-type":"","background-media":"","overlay-type":"","overlay-color":"","overlay-opacity":"","overlay-gradient":""},"mobile":{"background-color":"var(--ast-global-color-5)","background-image":"","background-repeat":"repeat","background-position":"center center","background-size":"auto","background-attachment":"scroll","background-type":"","background-media":"","overlay-type":"","overlay-color":"","overlay-opacity":"","overlay-gradient":""}}},"product_brand":[],"product_cat":[1353,932,934,1296,1329],"product_tag":[],"class_list":{"0":"post-12855","1":"product","2":"type-product","3":"status-publish","4":"has-post-thumbnail","6":"product_cat-bannieres-publicitaires","7":"product_cat-football","8":"product_cat-tennis","9":"product_cat-equipement-courts-tennis","10":"product_cat-baches-de-tennis","11":"product_shipping_class-defaut","12":"desktop-align-center","13":"tablet-align-center","14":"mobile-align-center","15":"ast-product-gallery-layout-horizontal","16":"ast-product-gallery-with-no-image","17":"ast-product-tabs-layout-horizontal","19":"first","20":"onbackorder","21":"taxable","22":"shipping-taxable","23":"product-type-simple"},"uagb_featured_image_src":{"full":["https:\/\/ruckstuhlsport.ch\/wp-content\/uploads\/werbebanner-pvc-bedruckt-2-1.jpg",800,370,false],"thumbnail":["https:\/\/ruckstuhlsport.ch\/wp-content\/uploads\/werbebanner-pvc-bedruckt-2-1-150x150.jpg",150,150,true],"medium":["https:\/\/ruckstuhlsport.ch\/wp-content\/uploads\/werbebanner-pvc-bedruckt-2-1-300x139.jpg",300,139,true],"medium_large":["https:\/\/ruckstuhlsport.ch\/wp-content\/uploads\/werbebanner-pvc-bedruckt-2-1-768x355.jpg",768,355,true],"large":["https:\/\/ruckstuhlsport.ch\/wp-content\/uploads\/werbebanner-pvc-bedruckt-2-1.jpg",800,370,false],"1536x1536":["https:\/\/ruckstuhlsport.ch\/wp-content\/uploads\/werbebanner-pvc-bedruckt-2-1.jpg",800,370,false],"2048x2048":["https:\/\/ruckstuhlsport.ch\/wp-content\/uploads\/werbebanner-pvc-bedruckt-2-1.jpg",800,370,false],"woocommerce_thumbnail":["https:\/\/ruckstuhlsport.ch\/wp-content\/uploads\/werbebanner-pvc-bedruckt-2-1-300x139.jpg",300,139,true],"woocommerce_single":["https:\/\/ruckstuhlsport.ch\/wp-content\/uploads\/werbebanner-pvc-bedruckt-2-1-600x278.jpg",600,278,true],"woocommerce_gallery_thumbnail":["https:\/\/ruckstuhlsport.ch\/wp-content\/uploads\/werbebanner-pvc-bedruckt-2-1-100x100.jpg",100,100,true],"wc_order_status_icon":["https:\/\/ruckstuhlsport.ch\/wp-content\/uploads\/werbebanner-pvc-bedruckt-2-1.jpg",32,15,false],"dgwt-wcas-product-suggestion":["https:\/\/ruckstuhlsport.ch\/wp-content\/uploads\/werbebanner-pvc-bedruckt-2-1-64x30.jpg",64,30,true]},"uagb_author_info":{"display_name":"admin","author_link":"https:\/\/ruckstuhlsport.ch\/fr\/author\/"},"uagb_comment_info":0,"uagb_excerpt":"b\u00e2che PVC peut \u00eatre imprim\u00e9 individuellement Renforc\u00e9 et \u0153illet tout autour","_links":{"self":[{"href":"https:\/\/ruckstuhlsport.ch\/fr\/wp-json\/wp\/v2\/product\/12855","targetHints":{"allow":["GET"]}}],"collection":[{"href":"https:\/\/ruckstuhlsport.ch\/fr\/wp-json\/wp\/v2\/product"}],"about":[{"href":"https:\/\/ruckstuhlsport.ch\/fr\/wp-json\/wp\/v2\/types\/product"}],"wp:featuredmedia":[{"embeddable":true,"href":"https:\/\/ruckstuhlsport.ch\/fr\/wp-json\/wp\/v2\/media\/10885"}],"wp:attachment":[{"href":"https:\/\/ruckstuhlsport.ch\/fr\/wp-json\/wp\/v2\/media?parent=12855"}],"wp:term":[{"taxonomy":"product_brand","embeddable":true,"href":"https:\/\/ruckstuhlsport.ch\/fr\/wp-json\/wp\/v2\/product_brand?post=12855"},{"taxonomy":"product_cat","embeddable":true,"href":"https:\/\/ruckstuhlsport.ch\/fr\/wp-json\/wp\/v2\/product_cat?post=12855"},{"taxonomy":"product_tag","embeddable":true,"href":"https:\/\/ruckstuhlsport.ch\/fr\/wp-json\/wp\/v2\/product_tag?post=12855"}],"curies":[{"name":"wp","href":"https:\/\/api.w.org\/{rel}","templated":true}]}}