{"id":12893,"date":"2020-03-17T18:13:34","date_gmt":"2020-03-17T17:13:34","guid":{"rendered":"https:\/\/ruckstuhlsport.ch\/non%20class\u00e9\/matelas-de-protection-murale\/"},"modified":"2023-12-30T10:25:18","modified_gmt":"2023-12-30T09:25:18","slug":"matelas-protection-murale","status":"publish","type":"product","link":"https:\/\/ruckstuhlsport.ch\/fr\/football\/autour-du-terrain\/matelas-de-protection\/matelas-protection-murale\/","title":{"rendered":"Matelas de prot\u00e9ction murale"},"content":{"rendered":"","protected":false},"excerpt":{"rendered":"<ul>\n<li>est fait sur commande<\/li>\n<li>\u00c9paisseur du mat\u00e9riau 5 cm<\/li>\n<li>diff\u00e9rentes couleurs disponible<\/li>\n<li>Peut \u00eatre personnalis\u00e9 avec le logo de votre club ou de votre entreprise<\/li>\n<\/ul>\n","protected":false},"featured_media":5443,"template":"","meta":{"_crdt_document":"","_uag_custom_page_level_css":"","site-sidebar-layout":"default","site-content-layout":"default","ast-site-content-layout":"default","site-content-style":"default","site-sidebar-style":"default","ast-global-header-display":"","ast-banner-title-visibility":"","ast-main-header-display":"","ast-hfb-above-header-display":"","ast-hfb-below-header-display":"","ast-hfb-mobile-header-display":"","site-post-title":"","ast-breadcrumbs-content":"","ast-featured-img":"","footer-sml-layout":"","ast-disable-related-posts":"","theme-transparent-header-meta":"default","adv-header-id-meta":"","stick-header-meta":"default","header-above-stick-meta":"","header-main-stick-meta":"","header-below-stick-meta":"","astra-migrate-meta-layouts":"default","ast-page-background-enabled":"default","ast-page-background-meta":{"desktop":{"background-color":"","background-image":"","background-repeat":"repeat","background-position":"center center","background-size":"auto","background-attachment":"scroll","background-type":"","background-media":"","overlay-type":"","overlay-color":"","overlay-opacity":"","overlay-gradient":""},"tablet":{"background-color":"","background-image":"","background-repeat":"repeat","background-position":"center center","background-size":"auto","background-attachment":"scroll","background-type":"","background-media":"","overlay-type":"","overlay-color":"","overlay-opacity":"","overlay-gradient":""},"mobile":{"background-color":"","background-image":"","background-repeat":"repeat","background-position":"center center","background-size":"auto","background-attachment":"scroll","background-type":"","background-media":"","overlay-type":"","overlay-color":"","overlay-opacity":"","overlay-gradient":""}},"ast-content-background-meta":{"desktop":{"background-color":"var(--ast-global-color-5)","background-image":"","background-repeat":"repeat","background-position":"center center","background-size":"auto","background-attachment":"scroll","background-type":"","background-media":"","overlay-type":"","overlay-color":"","overlay-opacity":"","overlay-gradient":""},"tablet":{"background-color":"var(--ast-global-color-5)","background-image":"","background-repeat":"repeat","background-position":"center center","background-size":"auto","background-attachment":"scroll","background-type":"","background-media":"","overlay-type":"","overlay-color":"","overlay-opacity":"","overlay-gradient":""},"mobile":{"background-color":"var(--ast-global-color-5)","background-image":"","background-repeat":"repeat","background-position":"center center","background-size":"auto","background-attachment":"scroll","background-type":"","background-media":"","overlay-type":"","overlay-color":"","overlay-opacity":"","overlay-gradient":""}}},"product_brand":[],"product_cat":[1364,932,1354],"product_tag":[],"class_list":{"0":"post-12893","1":"product","2":"type-product","3":"status-publish","4":"has-post-thumbnail","6":"product_cat-matelas-de-protection","7":"product_cat-football","8":"product_cat-autour-du-terrain","9":"pa_farbe-bleu","10":"pa_farbe-jaune","11":"pa_farbe-rose","12":"pa_farbe-rouge","13":"pa_farbe-vert","14":"pa_groesse-1-80-x-1-20-m","15":"pa_groesse-120-x-90-cm-fr","16":"pa_groesse-150-x-90-cm-fr","17":"pa_groesse-180-x-60-cm-fr","18":"pa_groesse-180-x-90-cm-fr","19":"pa_groesse-90-x-90-cm-fr","20":"desktop-align-center","21":"tablet-align-center","22":"mobile-align-center","23":"ast-product-gallery-layout-horizontal","24":"ast-product-gallery-with-no-image","25":"ast-product-tabs-layout-horizontal","27":"first","28":"onbackorder","29":"taxable","30":"shipping-taxable","31":"product-type-simple"},"uagb_featured_image_src":{"full":["https:\/\/ruckstuhlsport.ch\/wp-content\/uploads\/schutzmatten--e1603833788790.jpg",600,418,false],"thumbnail":["https:\/\/ruckstuhlsport.ch\/wp-content\/uploads\/schutzmatten--e1603833788790-150x150.jpg",150,150,true],"medium":["https:\/\/ruckstuhlsport.ch\/wp-content\/uploads\/schutzmatten--e1603833788790-300x209.jpg",300,209,true],"medium_large":["https:\/\/ruckstuhlsport.ch\/wp-content\/uploads\/schutzmatten--e1603833788790.jpg",600,418,false],"large":["https:\/\/ruckstuhlsport.ch\/wp-content\/uploads\/schutzmatten--e1603833788790.jpg",600,418,false],"1536x1536":["https:\/\/ruckstuhlsport.ch\/wp-content\/uploads\/schutzmatten--e1603833788790.jpg",600,418,false],"2048x2048":["https:\/\/ruckstuhlsport.ch\/wp-content\/uploads\/schutzmatten--e1603833788790.jpg",600,418,false],"woocommerce_thumbnail":["https:\/\/ruckstuhlsport.ch\/wp-content\/uploads\/schutzmatten--e1603833788790-300x209.jpg",300,209,true],"woocommerce_single":["https:\/\/ruckstuhlsport.ch\/wp-content\/uploads\/schutzmatten--e1603833788790.jpg",600,418,false],"woocommerce_gallery_thumbnail":["https:\/\/ruckstuhlsport.ch\/wp-content\/uploads\/schutzmatten--e1603833788790-100x100.jpg",100,100,true],"wc_order_status_icon":["https:\/\/ruckstuhlsport.ch\/wp-content\/uploads\/schutzmatten--e1603833788790.jpg",32,22,false],"dgwt-wcas-product-suggestion":["https:\/\/ruckstuhlsport.ch\/wp-content\/uploads\/schutzmatten--e1603833788790-64x45.jpg",64,45,true]},"uagb_author_info":{"display_name":"admin","author_link":"https:\/\/ruckstuhlsport.ch\/fr\/author\/"},"uagb_comment_info":0,"uagb_excerpt":"est fait sur commande \u00c9paisseur du mat\u00e9riau 5 cm diff\u00e9rentes couleurs disponible Peut \u00eatre personnalis\u00e9 avec le logo de votre club ou de votre entreprise","_links":{"self":[{"href":"https:\/\/ruckstuhlsport.ch\/fr\/wp-json\/wp\/v2\/product\/12893","targetHints":{"allow":["GET"]}}],"collection":[{"href":"https:\/\/ruckstuhlsport.ch\/fr\/wp-json\/wp\/v2\/product"}],"about":[{"href":"https:\/\/ruckstuhlsport.ch\/fr\/wp-json\/wp\/v2\/types\/product"}],"wp:featuredmedia":[{"embeddable":true,"href":"https:\/\/ruckstuhlsport.ch\/fr\/wp-json\/wp\/v2\/media\/5443"}],"wp:attachment":[{"href":"https:\/\/ruckstuhlsport.ch\/fr\/wp-json\/wp\/v2\/media?parent=12893"}],"wp:term":[{"taxonomy":"product_brand","embeddable":true,"href":"https:\/\/ruckstuhlsport.ch\/fr\/wp-json\/wp\/v2\/product_brand?post=12893"},{"taxonomy":"product_cat","embeddable":true,"href":"https:\/\/ruckstuhlsport.ch\/fr\/wp-json\/wp\/v2\/product_cat?post=12893"},{"taxonomy":"product_tag","embeddable":true,"href":"https:\/\/ruckstuhlsport.ch\/fr\/wp-json\/wp\/v2\/product_tag?post=12893"}],"curies":[{"name":"wp","href":"https:\/\/api.w.org\/{rel}","templated":true}]}}