{"id":12894,"date":"2020-03-17T16:52:00","date_gmt":"2020-03-17T15:52:00","guid":{"rendered":"https:\/\/ruckstuhlsport.ch\/non%20class\u00e9\/matelas-de-protection-pour-poteau\/"},"modified":"2024-11-07T08:44:14","modified_gmt":"2024-11-07T07:44:14","slug":"matelas-protection-poteau","status":"publish","type":"product","link":"https:\/\/ruckstuhlsport.ch\/fr\/football\/autour-du-terrain\/matelas-de-protection\/matelas-protection-poteau\/","title":{"rendered":"Matelas de prot\u00e9ction pour poteau"},"content":{"rendered":"","protected":false},"excerpt":{"rendered":"<ul>\n<li>est fait sur commande<\/li>\n<li>une b\u00e2che de haute qualit\u00e9 est utilis\u00e9e comme coque ext\u00e9rieure<\/li>\n<li>remplissages personnalisables en fonction de l&rsquo;application<\/li>\n<li>disponible en diff\u00e9rentes couleurs<\/li>\n<li>Peut \u00eatre personnalis\u00e9 avec le logo de votre club ou de votre entreprise<\/li>\n<\/ul>\n[wpforms id=\"19863\"]\n","protected":false},"featured_media":5445,"template":"","meta":{"_crdt_document":"","_uag_custom_page_level_css":"","site-sidebar-layout":"default","site-content-layout":"default","ast-site-content-layout":"default","site-content-style":"default","site-sidebar-style":"default","ast-global-header-display":"","ast-banner-title-visibility":"","ast-main-header-display":"","ast-hfb-above-header-display":"","ast-hfb-below-header-display":"","ast-hfb-mobile-header-display":"","site-post-title":"","ast-breadcrumbs-content":"","ast-featured-img":"","footer-sml-layout":"","ast-disable-related-posts":"","theme-transparent-header-meta":"default","adv-header-id-meta":"","stick-header-meta":"default","header-above-stick-meta":"","header-main-stick-meta":"","header-below-stick-meta":"","astra-migrate-meta-layouts":"set","ast-page-background-enabled":"default","ast-page-background-meta":{"desktop":{"background-color":"","background-image":"","background-repeat":"repeat","background-position":"center center","background-size":"auto","background-attachment":"scroll","background-type":"","background-media":"","overlay-type":"","overlay-color":"","overlay-opacity":"","overlay-gradient":""},"tablet":{"background-color":"","background-image":"","background-repeat":"repeat","background-position":"center center","background-size":"auto","background-attachment":"scroll","background-type":"","background-media":"","overlay-type":"","overlay-color":"","overlay-opacity":"","overlay-gradient":""},"mobile":{"background-color":"","background-image":"","background-repeat":"repeat","background-position":"center center","background-size":"auto","background-attachment":"scroll","background-type":"","background-media":"","overlay-type":"","overlay-color":"","overlay-opacity":"","overlay-gradient":""}},"ast-content-background-meta":{"desktop":{"background-color":"var(--ast-global-color-5)","background-image":"","background-repeat":"repeat","background-position":"center center","background-size":"auto","background-attachment":"scroll","background-type":"","background-media":"","overlay-type":"","overlay-color":"","overlay-opacity":"","overlay-gradient":""},"tablet":{"background-color":"var(--ast-global-color-5)","background-image":"","background-repeat":"repeat","background-position":"center center","background-size":"auto","background-attachment":"scroll","background-type":"","background-media":"","overlay-type":"","overlay-color":"","overlay-opacity":"","overlay-gradient":""},"mobile":{"background-color":"var(--ast-global-color-5)","background-image":"","background-repeat":"repeat","background-position":"center center","background-size":"auto","background-attachment":"scroll","background-type":"","background-media":"","overlay-type":"","overlay-color":"","overlay-opacity":"","overlay-gradient":""}}},"product_brand":[],"product_cat":[1364,932,1354],"product_tag":[],"class_list":{"0":"post-12894","1":"product","2":"type-product","3":"status-publish","4":"has-post-thumbnail","6":"product_cat-matelas-de-protection","7":"product_cat-football","8":"product_cat-autour-du-terrain","9":"pa_farbe-blanc-fr","10":"pa_farbe-bleu-fr","11":"pa_farbe-bleu-fonce-fr","12":"pa_farbe-gris-fr","13":"pa_farbe-jaune-fr","14":"pa_farbe-noir-fr","15":"pa_farbe-orange-fr","16":"pa_farbe-rose-fr","17":"pa_farbe-rouge-fr","18":"pa_farbe-vert-fr","19":"pa_hoehe-1-m-fr","20":"pa_hoehe-1-5-m-fr","21":"pa_pfostengroesse-100-x-100-mm-fr","22":"pa_pfostengroesse-60-x-60-mm-fr","23":"pa_pfostengroesse-81-x-150-mm-fr","24":"pa_pfostengroesse-81-x-81-mm-fr","25":"pa_pfostengroesse-o-100-mm","26":"pa_pfostengroesse-o-80-mm","27":"desktop-align-center","28":"tablet-align-center","29":"mobile-align-center","30":"ast-product-gallery-layout-horizontal","31":"ast-product-tabs-layout-horizontal","33":"first","34":"onbackorder","35":"taxable","36":"shipping-taxable","37":"product-type-simple"},"uagb_featured_image_src":{"full":["https:\/\/ruckstuhlsport.ch\/wp-content\/uploads\/pfostenschutz-eckig-e1603833769844.jpg",600,519,false],"thumbnail":["https:\/\/ruckstuhlsport.ch\/wp-content\/uploads\/pfostenschutz-eckig-e1603833769844-150x150.jpg",150,150,true],"medium":["https:\/\/ruckstuhlsport.ch\/wp-content\/uploads\/pfostenschutz-eckig-e1603833769844-300x260.jpg",300,260,true],"medium_large":["https:\/\/ruckstuhlsport.ch\/wp-content\/uploads\/pfostenschutz-eckig-e1603833769844.jpg",600,519,false],"large":["https:\/\/ruckstuhlsport.ch\/wp-content\/uploads\/pfostenschutz-eckig-e1603833769844.jpg",600,519,false],"1536x1536":["https:\/\/ruckstuhlsport.ch\/wp-content\/uploads\/pfostenschutz-eckig-e1603833769844.jpg",600,519,false],"2048x2048":["https:\/\/ruckstuhlsport.ch\/wp-content\/uploads\/pfostenschutz-eckig-e1603833769844.jpg",600,519,false],"woocommerce_thumbnail":["https:\/\/ruckstuhlsport.ch\/wp-content\/uploads\/pfostenschutz-eckig-e1603833769844-300x260.jpg",300,260,true],"woocommerce_single":["https:\/\/ruckstuhlsport.ch\/wp-content\/uploads\/pfostenschutz-eckig-e1603833769844.jpg",600,519,false],"woocommerce_gallery_thumbnail":["https:\/\/ruckstuhlsport.ch\/wp-content\/uploads\/pfostenschutz-eckig-e1603833769844-100x100.jpg",100,100,true],"wc_order_status_icon":["https:\/\/ruckstuhlsport.ch\/wp-content\/uploads\/pfostenschutz-eckig-e1603833769844.jpg",32,28,false],"dgwt-wcas-product-suggestion":["https:\/\/ruckstuhlsport.ch\/wp-content\/uploads\/pfostenschutz-eckig-e1603833769844-64x55.jpg",64,55,true]},"uagb_author_info":{"display_name":"admin","author_link":"https:\/\/ruckstuhlsport.ch\/fr\/author\/"},"uagb_comment_info":0,"uagb_excerpt":"est fait sur commande une b\u00e2che de haute qualit\u00e9 est utilis\u00e9e comme coque ext\u00e9rieure remplissages personnalisables en fonction de l'application disponible en diff\u00e9rentes couleurs Peut \u00eatre personnalis\u00e9 avec le logo de votre club ou de votre entreprise [wpforms id=\"19863\"]","_links":{"self":[{"href":"https:\/\/ruckstuhlsport.ch\/fr\/wp-json\/wp\/v2\/product\/12894","targetHints":{"allow":["GET"]}}],"collection":[{"href":"https:\/\/ruckstuhlsport.ch\/fr\/wp-json\/wp\/v2\/product"}],"about":[{"href":"https:\/\/ruckstuhlsport.ch\/fr\/wp-json\/wp\/v2\/types\/product"}],"wp:featuredmedia":[{"embeddable":true,"href":"https:\/\/ruckstuhlsport.ch\/fr\/wp-json\/wp\/v2\/media\/5445"}],"wp:attachment":[{"href":"https:\/\/ruckstuhlsport.ch\/fr\/wp-json\/wp\/v2\/media?parent=12894"}],"wp:term":[{"taxonomy":"product_brand","embeddable":true,"href":"https:\/\/ruckstuhlsport.ch\/fr\/wp-json\/wp\/v2\/product_brand?post=12894"},{"taxonomy":"product_cat","embeddable":true,"href":"https:\/\/ruckstuhlsport.ch\/fr\/wp-json\/wp\/v2\/product_cat?post=12894"},{"taxonomy":"product_tag","embeddable":true,"href":"https:\/\/ruckstuhlsport.ch\/fr\/wp-json\/wp\/v2\/product_tag?post=12894"}],"curies":[{"name":"wp","href":"https:\/\/api.w.org\/{rel}","templated":true}]}}