{"id":12895,"date":"2020-09-30T11:30:27","date_gmt":"2021-09-08T14:42:46","guid":{"rendered":"https:\/\/ruckstuhlsport.ch\/non%20class\u00e9\/abri-banc-joueurs-football-m1\/"},"modified":"2023-12-30T10:41:11","modified_gmt":"2023-12-30T09:41:11","slug":"abri-banc-joueurs-football-m1","status":"publish","type":"product","link":"https:\/\/ruckstuhlsport.ch\/fr\/football\/autour-du-terrain\/abri-banc-de-joueurs\/abri-banc-joueurs-football-m1\/","title":{"rendered":"Abri banc joueurs football M1"},"content":{"rendered":"","protected":false},"excerpt":{"rendered":"<p>La solution optimale pour les bancs de touche sur les terrains de football est le banc de touche M1 en profil\u00e9s sp\u00e9ciaux en aluminium, con\u00e7u avec une multitude de fonctions pour le confort et la fonctionnalit\u00e9.<\/p>\n<ul>\n<li>Construit \u00e0 partir d&rsquo;un profil\u00e9 sp\u00e9cial en aluminium<\/li>\n<li>Plaques de polycarbonate transparentes de 3 mm d&rsquo;\u00e9paisseur (r\u00e9sistantes aux chocs et aux UV)<\/li>\n<li>Syst\u00e8me de verrouillage unique, emp\u00eache l&rsquo;accumulation d&rsquo;eau<\/li>\n<li>Sortie d&rsquo;air pour un confort suppl\u00e9mentaire<\/li>\n<li>Quatre trous de fixation pour le montage au sol<\/li>\n<li>En standard, banc en meranti certifi\u00e9 FSC en bois dur avec dossier inclin\u00e9 pour plus de confort<\/li>\n<li>livr\u00e9 en kit (non mont\u00e9)<\/li>\n<li><strong>livraison gratuite dans toute la Suisse<\/strong><\/li>\n<\/ul>\n<p><strong><span style=\"text-decoration: underline;\">Options<\/span>:<\/strong><\/p>\n<p>Les options suivantes sont disponibles pour le banc de remplacement M1.<br \/>\nNous vous soumettons volontiers une offre avec ces options <a href=\"mailto:sport@ruckstuhlsport.ch\">sur demande :<\/a><\/p>\n<ul>\n<li>Structure en aluminium aux couleurs du club<\/li>\n<li>Coques de si\u00e8ges en plastique<\/li>\n<li>banc durable en plastique recycl\u00e9<\/li>\n<li>\u00c9paisseur des plaques de polycarbonate au choix (4 mm, 5 mm ou 6 mm)<\/li>\n<li>Crochets pour v\u00eatements<\/li>\n<li>panneaux personnalis\u00e9s \u00ab\u00a0Home\u00a0\u00bb et \u00ab\u00a0Guest\u00a0\u00bb<\/li>\n<\/ul>\n<p>&nbsp;<\/p>\n","protected":false},"featured_media":6573,"template":"","meta":{"_crdt_document":"","_uag_custom_page_level_css":"","site-sidebar-layout":"default","site-content-layout":"","ast-site-content-layout":"default","site-content-style":"default","site-sidebar-style":"default","ast-global-header-display":"","ast-banner-title-visibility":"","ast-main-header-display":"","ast-hfb-above-header-display":"","ast-hfb-below-header-display":"","ast-hfb-mobile-header-display":"","site-post-title":"","ast-breadcrumbs-content":"","ast-featured-img":"","footer-sml-layout":"","ast-disable-related-posts":"","theme-transparent-header-meta":"default","adv-header-id-meta":"","stick-header-meta":"default","header-above-stick-meta":"","header-main-stick-meta":"","header-below-stick-meta":"","astra-migrate-meta-layouts":"default","ast-page-background-enabled":"default","ast-page-background-meta":{"desktop":{"background-color":"","background-image":"","background-repeat":"repeat","background-position":"center center","background-size":"auto","background-attachment":"scroll","background-type":"","background-media":"","overlay-type":"","overlay-color":"","overlay-opacity":"","overlay-gradient":""},"tablet":{"background-color":"","background-image":"","background-repeat":"repeat","background-position":"center center","background-size":"auto","background-attachment":"scroll","background-type":"","background-media":"","overlay-type":"","overlay-color":"","overlay-opacity":"","overlay-gradient":""},"mobile":{"background-color":"","background-image":"","background-repeat":"repeat","background-position":"center center","background-size":"auto","background-attachment":"scroll","background-type":"","background-media":"","overlay-type":"","overlay-color":"","overlay-opacity":"","overlay-gradient":""}},"ast-content-background-meta":{"desktop":{"background-color":"var(--ast-global-color-5)","background-image":"","background-repeat":"repeat","background-position":"center center","background-size":"auto","background-attachment":"scroll","background-type":"","background-media":"","overlay-type":"","overlay-color":"","overlay-opacity":"","overlay-gradient":""},"tablet":{"background-color":"var(--ast-global-color-5)","background-image":"","background-repeat":"repeat","background-position":"center center","background-size":"auto","background-attachment":"scroll","background-type":"","background-media":"","overlay-type":"","overlay-color":"","overlay-opacity":"","overlay-gradient":""},"mobile":{"background-color":"var(--ast-global-color-5)","background-image":"","background-repeat":"repeat","background-position":"center center","background-size":"auto","background-attachment":"scroll","background-type":"","background-media":"","overlay-type":"","overlay-color":"","overlay-opacity":"","overlay-gradient":""}}},"product_brand":[],"product_cat":[932,1354,1378],"product_tag":[],"class_list":{"0":"post-12895","1":"product","2":"type-product","3":"status-publish","4":"has-post-thumbnail","6":"product_cat-football","7":"product_cat-autour-du-terrain","8":"product_cat-abri-banc-de-joueurs","9":"product_shipping_class-camion-fr","10":"pa_groesse-2-m-fr","11":"pa_groesse-3-m-fr","12":"pa_groesse-4-m-fr","13":"pa_groesse-5-m-fr","14":"pa_groesse-6-m-fr","15":"desktop-align-center","16":"tablet-align-center","17":"mobile-align-center","18":"ast-product-gallery-layout-horizontal","19":"ast-product-single-variable","20":"ast-product-tabs-layout-horizontal","22":"first","23":"onbackorder","24":"taxable","25":"shipping-taxable","26":"purchasable","27":"product-type-variable"},"uagb_featured_image_src":{"full":["https:\/\/ruckstuhlsport.ch\/wp-content\/uploads\/spielerbank-M1-Holzbank-e1603746161940.jpg",600,474,false],"thumbnail":["https:\/\/ruckstuhlsport.ch\/wp-content\/uploads\/spielerbank-M1-Holzbank-e1603746161940-150x150.jpg",150,150,true],"medium":["https:\/\/ruckstuhlsport.ch\/wp-content\/uploads\/spielerbank-M1-Holzbank-e1603746161940-300x237.jpg",300,237,true],"medium_large":["https:\/\/ruckstuhlsport.ch\/wp-content\/uploads\/spielerbank-M1-Holzbank-e1603746161940.jpg",600,474,false],"large":["https:\/\/ruckstuhlsport.ch\/wp-content\/uploads\/spielerbank-M1-Holzbank-e1603746161940.jpg",600,474,false],"1536x1536":["https:\/\/ruckstuhlsport.ch\/wp-content\/uploads\/spielerbank-M1-Holzbank-e1603746161940.jpg",600,474,false],"2048x2048":["https:\/\/ruckstuhlsport.ch\/wp-content\/uploads\/spielerbank-M1-Holzbank-e1603746161940.jpg",600,474,false],"woocommerce_thumbnail":["https:\/\/ruckstuhlsport.ch\/wp-content\/uploads\/spielerbank-M1-Holzbank-e1603746161940-300x237.jpg",300,237,true],"woocommerce_single":["https:\/\/ruckstuhlsport.ch\/wp-content\/uploads\/spielerbank-M1-Holzbank-e1603746161940.jpg",600,474,false],"woocommerce_gallery_thumbnail":["https:\/\/ruckstuhlsport.ch\/wp-content\/uploads\/spielerbank-M1-Holzbank-e1603746161940-100x100.jpg",100,100,true],"wc_order_status_icon":["https:\/\/ruckstuhlsport.ch\/wp-content\/uploads\/spielerbank-M1-Holzbank-e1603746161940.jpg",32,25,false],"dgwt-wcas-product-suggestion":["https:\/\/ruckstuhlsport.ch\/wp-content\/uploads\/spielerbank-M1-Holzbank-e1603746161940-64x51.jpg",64,51,true]},"uagb_author_info":{"display_name":"admin","author_link":"https:\/\/ruckstuhlsport.ch\/fr\/author\/"},"uagb_comment_info":0,"uagb_excerpt":"La solution optimale pour les bancs de touche sur les terrains de football est le banc de touche M1 en profil\u00e9s sp\u00e9ciaux en aluminium, con\u00e7u avec une multitude de fonctions pour le confort et la fonctionnalit\u00e9. Construit \u00e0 partir d'un profil\u00e9 sp\u00e9cial en aluminium Plaques de polycarbonate transparentes de 3 mm d'\u00e9paisseur (r\u00e9sistantes aux chocs\u2026","_links":{"self":[{"href":"https:\/\/ruckstuhlsport.ch\/fr\/wp-json\/wp\/v2\/product\/12895","targetHints":{"allow":["GET"]}}],"collection":[{"href":"https:\/\/ruckstuhlsport.ch\/fr\/wp-json\/wp\/v2\/product"}],"about":[{"href":"https:\/\/ruckstuhlsport.ch\/fr\/wp-json\/wp\/v2\/types\/product"}],"wp:featuredmedia":[{"embeddable":true,"href":"https:\/\/ruckstuhlsport.ch\/fr\/wp-json\/wp\/v2\/media\/6573"}],"wp:attachment":[{"href":"https:\/\/ruckstuhlsport.ch\/fr\/wp-json\/wp\/v2\/media?parent=12895"}],"wp:term":[{"taxonomy":"product_brand","embeddable":true,"href":"https:\/\/ruckstuhlsport.ch\/fr\/wp-json\/wp\/v2\/product_brand?post=12895"},{"taxonomy":"product_cat","embeddable":true,"href":"https:\/\/ruckstuhlsport.ch\/fr\/wp-json\/wp\/v2\/product_cat?post=12895"},{"taxonomy":"product_tag","embeddable":true,"href":"https:\/\/ruckstuhlsport.ch\/fr\/wp-json\/wp\/v2\/product_tag?post=12895"}],"curies":[{"name":"wp","href":"https:\/\/api.w.org\/{rel}","templated":true}]}}