{"id":12920,"date":"2020-09-17T12:26:55","date_gmt":"2021-09-08T15:38:45","guid":{"rendered":"https:\/\/ruckstuhlsport.ch\/non%20class\u00e9\/vitrine-daffichage-linea\/"},"modified":"2023-12-30T10:41:19","modified_gmt":"2023-12-30T09:41:19","slug":"vitrine-affichage-linea","status":"publish","type":"product","link":"https:\/\/ruckstuhlsport.ch\/fr\/tennis\/equipment-installations-sportives-fr\/vitrines-daffichage\/vitrine-affichage-linea\/","title":{"rendered":"Vitrine d&rsquo;affichage Linea"},"content":{"rendered":"","protected":false},"excerpt":{"rendered":"<ul>\n<li>pour l&rsquo;ext\u00e9rieur<\/li>\n<li>Verre de s\u00e9curit\u00e9 ESG<\/li>\n<li>Porte battange avec ouverture DIN gauche, serrure de s\u00e9curit\u00e9 avec 2 cl\u00e9s<\/li>\n<li>Paroi arri\u00e8re magn\u00e9tique et blanche, 10 magnets inclus <\/li>\n<li>Kit de fixation pour montage mural inclus <\/li>\n<li>en option avec 2 poteaux de 2.5 m de hauteur<\/li>\n<li>Profondeur du bo\u00eetier : 48 mm<\/li>\n<li>Dimensions:\n<ul>\n<li>4x DIN A6: 50.1 x 76 x 4.8 cm<\/li>\n<li>8x DIN A4: 92 x 76 x 4.8 cm<\/li>\n<li>16x DIN A4: 127 x 100 x 4.8 cm<\/li>\n<\/ul>\n<\/li>\n<\/ul>\n","protected":false},"featured_media":6239,"template":"","meta":{"_crdt_document":"","_uag_custom_page_level_css":"","site-sidebar-layout":"default","site-content-layout":"default","ast-site-content-layout":"default","site-content-style":"default","site-sidebar-style":"default","ast-global-header-display":"","ast-banner-title-visibility":"","ast-main-header-display":"","ast-hfb-above-header-display":"","ast-hfb-below-header-display":"","ast-hfb-mobile-header-display":"","site-post-title":"","ast-breadcrumbs-content":"","ast-featured-img":"","footer-sml-layout":"","ast-disable-related-posts":"","theme-transparent-header-meta":"default","adv-header-id-meta":"","stick-header-meta":"default","header-above-stick-meta":"","header-main-stick-meta":"","header-below-stick-meta":"","astra-migrate-meta-layouts":"default","ast-page-background-enabled":"default","ast-page-background-meta":{"desktop":{"background-color":"","background-image":"","background-repeat":"repeat","background-position":"center center","background-size":"auto","background-attachment":"scroll","background-type":"","background-media":"","overlay-type":"","overlay-color":"","overlay-opacity":"","overlay-gradient":""},"tablet":{"background-color":"","background-image":"","background-repeat":"repeat","background-position":"center center","background-size":"auto","background-attachment":"scroll","background-type":"","background-media":"","overlay-type":"","overlay-color":"","overlay-opacity":"","overlay-gradient":""},"mobile":{"background-color":"","background-image":"","background-repeat":"repeat","background-position":"center center","background-size":"auto","background-attachment":"scroll","background-type":"","background-media":"","overlay-type":"","overlay-color":"","overlay-opacity":"","overlay-gradient":""}},"ast-content-background-meta":{"desktop":{"background-color":"var(--ast-global-color-5)","background-image":"","background-repeat":"repeat","background-position":"center center","background-size":"auto","background-attachment":"scroll","background-type":"","background-media":"","overlay-type":"","overlay-color":"","overlay-opacity":"","overlay-gradient":""},"tablet":{"background-color":"var(--ast-global-color-5)","background-image":"","background-repeat":"repeat","background-position":"center center","background-size":"auto","background-attachment":"scroll","background-type":"","background-media":"","overlay-type":"","overlay-color":"","overlay-opacity":"","overlay-gradient":""},"mobile":{"background-color":"var(--ast-global-color-5)","background-image":"","background-repeat":"repeat","background-position":"center center","background-size":"auto","background-attachment":"scroll","background-type":"","background-media":"","overlay-type":"","overlay-color":"","overlay-opacity":"","overlay-gradient":""}}},"product_brand":[],"product_cat":[932,1045,962,934,1046,1390],"product_tag":[],"class_list":{"0":"post-12920","1":"product","2":"type-product","3":"status-publish","4":"has-post-thumbnail","6":"product_cat-football","7":"product_cat-equipment-installations-foot","8":"product_cat-vitrines","9":"product_cat-tennis","10":"product_cat-equipment-installations-sportives-fr","11":"product_cat-vitrines-daffichage","12":"product_shipping_class-marchandise-volumineuse","13":"pa_groesse-16x-din-a4-fr","14":"pa_groesse-4x-din-a6-fr","15":"pa_groesse-8x-din-a4-fr","16":"pa_mit-led-non","17":"pa_mit-led-oui","18":"pa_mit-standfuessen-non","19":"pa_mit-standfuessen-oui","20":"desktop-align-center","21":"tablet-align-center","22":"mobile-align-center","23":"ast-product-gallery-layout-horizontal","24":"ast-product-single-variable","25":"ast-product-tabs-layout-horizontal","27":"first","28":"onbackorder","29":"taxable","30":"shipping-taxable","31":"purchasable","32":"product-type-variable"},"uagb_featured_image_src":{"full":["https:\/\/ruckstuhlsport.ch\/wp-content\/uploads\/schaukasten-linea.jpg",600,600,false],"thumbnail":["https:\/\/ruckstuhlsport.ch\/wp-content\/uploads\/schaukasten-linea-150x150.jpg",150,150,true],"medium":["https:\/\/ruckstuhlsport.ch\/wp-content\/uploads\/schaukasten-linea-300x300.jpg",300,300,true],"medium_large":["https:\/\/ruckstuhlsport.ch\/wp-content\/uploads\/schaukasten-linea.jpg",600,600,false],"large":["https:\/\/ruckstuhlsport.ch\/wp-content\/uploads\/schaukasten-linea.jpg",600,600,false],"1536x1536":["https:\/\/ruckstuhlsport.ch\/wp-content\/uploads\/schaukasten-linea.jpg",600,600,false],"2048x2048":["https:\/\/ruckstuhlsport.ch\/wp-content\/uploads\/schaukasten-linea.jpg",600,600,false],"woocommerce_thumbnail":["https:\/\/ruckstuhlsport.ch\/wp-content\/uploads\/schaukasten-linea-300x300.jpg",300,300,true],"woocommerce_single":["https:\/\/ruckstuhlsport.ch\/wp-content\/uploads\/schaukasten-linea.jpg",600,600,false],"woocommerce_gallery_thumbnail":["https:\/\/ruckstuhlsport.ch\/wp-content\/uploads\/schaukasten-linea-100x100.jpg",100,100,true],"wc_order_status_icon":["https:\/\/ruckstuhlsport.ch\/wp-content\/uploads\/schaukasten-linea.jpg",32,32,false],"dgwt-wcas-product-suggestion":["https:\/\/ruckstuhlsport.ch\/wp-content\/uploads\/schaukasten-linea-64x64.jpg",64,64,true]},"uagb_author_info":{"display_name":"admin","author_link":"https:\/\/ruckstuhlsport.ch\/fr\/author\/"},"uagb_comment_info":0,"uagb_excerpt":"pour l'ext\u00e9rieur Verre de s\u00e9curit\u00e9 ESG Porte battange avec ouverture DIN gauche, serrure de s\u00e9curit\u00e9 avec 2 cl\u00e9s Paroi arri\u00e8re magn\u00e9tique et blanche, 10 magnets inclus Kit de fixation pour montage mural inclus en option avec 2 poteaux de 2.5 m de hauteur Profondeur du bo\u00eetier : 48 mm Dimensions: 4x DIN A6: 50.1 x\u2026","_links":{"self":[{"href":"https:\/\/ruckstuhlsport.ch\/fr\/wp-json\/wp\/v2\/product\/12920","targetHints":{"allow":["GET"]}}],"collection":[{"href":"https:\/\/ruckstuhlsport.ch\/fr\/wp-json\/wp\/v2\/product"}],"about":[{"href":"https:\/\/ruckstuhlsport.ch\/fr\/wp-json\/wp\/v2\/types\/product"}],"wp:featuredmedia":[{"embeddable":true,"href":"https:\/\/ruckstuhlsport.ch\/fr\/wp-json\/wp\/v2\/media\/6239"}],"wp:attachment":[{"href":"https:\/\/ruckstuhlsport.ch\/fr\/wp-json\/wp\/v2\/media?parent=12920"}],"wp:term":[{"taxonomy":"product_brand","embeddable":true,"href":"https:\/\/ruckstuhlsport.ch\/fr\/wp-json\/wp\/v2\/product_brand?post=12920"},{"taxonomy":"product_cat","embeddable":true,"href":"https:\/\/ruckstuhlsport.ch\/fr\/wp-json\/wp\/v2\/product_cat?post=12920"},{"taxonomy":"product_tag","embeddable":true,"href":"https:\/\/ruckstuhlsport.ch\/fr\/wp-json\/wp\/v2\/product_tag?post=12920"}],"curies":[{"name":"wp","href":"https:\/\/api.w.org\/{rel}","templated":true}]}}