{"id":12940,"date":"2019-10-30T15:32:43","date_gmt":"2019-10-30T15:32:43","guid":{"rendered":"https:\/\/ruckstuhlsport.ch\/non%20class\u00e9\/buse-deau-coolpro\/"},"modified":"2023-12-30T10:25:41","modified_gmt":"2023-12-30T09:25:41","slug":"buse-eau-coolpro","status":"publish","type":"product","link":"https:\/\/ruckstuhlsport.ch\/fr\/greenkeeping\/greenkeeping-irrigation\/buse-eau-coolpro\/","title":{"rendered":"Buse d\u2019eau CoolPro"},"content":{"rendered":"","protected":false},"excerpt":{"rendered":"<p>La buse d&rsquo;eau CoolPro \u2122 ne pulv\u00e9rise que suffisamment d&rsquo;eau pour refroidir la pelouse \u00e0 une temp\u00e9rature id\u00e9ale.<\/p>\n<ul>\n<li>Jet de 7,62 m avec seulement 15-22 L\/min<\/li>\n<li>avec filetage int\u00e9rieur 3\/4&Prime; (19 mm)<\/li>\n<li>manche ergonomique<\/li>\n<li>buse robuste en m\u00e9tal<\/li>\n<\/ul>\n","protected":false},"featured_media":2554,"template":"","meta":{"_crdt_document":"","_uag_custom_page_level_css":"","site-sidebar-layout":"default","site-content-layout":"default","ast-site-content-layout":"default","site-content-style":"default","site-sidebar-style":"default","ast-global-header-display":"","ast-banner-title-visibility":"","ast-main-header-display":"","ast-hfb-above-header-display":"","ast-hfb-below-header-display":"","ast-hfb-mobile-header-display":"","site-post-title":"","ast-breadcrumbs-content":"","ast-featured-img":"","footer-sml-layout":"","ast-disable-related-posts":"","theme-transparent-header-meta":"default","adv-header-id-meta":"","stick-header-meta":"default","header-above-stick-meta":"","header-main-stick-meta":"","header-below-stick-meta":"","astra-migrate-meta-layouts":"default","ast-page-background-enabled":"default","ast-page-background-meta":{"desktop":{"background-color":"","background-image":"","background-repeat":"repeat","background-position":"center center","background-size":"auto","background-attachment":"scroll","background-type":"","background-media":"","overlay-type":"","overlay-color":"","overlay-opacity":"","overlay-gradient":""},"tablet":{"background-color":"","background-image":"","background-repeat":"repeat","background-position":"center center","background-size":"auto","background-attachment":"scroll","background-type":"","background-media":"","overlay-type":"","overlay-color":"","overlay-opacity":"","overlay-gradient":""},"mobile":{"background-color":"","background-image":"","background-repeat":"repeat","background-position":"center center","background-size":"auto","background-attachment":"scroll","background-type":"","background-media":"","overlay-type":"","overlay-color":"","overlay-opacity":"","overlay-gradient":""}},"ast-content-background-meta":{"desktop":{"background-color":"var(--ast-global-color-5)","background-image":"","background-repeat":"repeat","background-position":"center center","background-size":"auto","background-attachment":"scroll","background-type":"","background-media":"","overlay-type":"","overlay-color":"","overlay-opacity":"","overlay-gradient":""},"tablet":{"background-color":"var(--ast-global-color-5)","background-image":"","background-repeat":"repeat","background-position":"center center","background-size":"auto","background-attachment":"scroll","background-type":"","background-media":"","overlay-type":"","overlay-color":"","overlay-opacity":"","overlay-gradient":""},"mobile":{"background-color":"var(--ast-global-color-5)","background-image":"","background-repeat":"repeat","background-position":"center center","background-size":"auto","background-attachment":"scroll","background-type":"","background-media":"","overlay-type":"","overlay-color":"","overlay-opacity":"","overlay-gradient":""}}},"product_brand":[],"product_cat":[1199,906],"product_tag":[],"class_list":{"0":"post-12940","1":"product","2":"type-product","3":"status-publish","4":"has-post-thumbnail","6":"product_cat-greenkeeping-irrigation","7":"product_cat-greenkeeping","8":"product_shipping_class-defaut","9":"desktop-align-center","10":"tablet-align-center","11":"mobile-align-center","12":"ast-product-gallery-layout-horizontal","13":"ast-product-tabs-layout-horizontal","15":"first","16":"onbackorder","17":"taxable","18":"shipping-taxable","19":"purchasable","20":"product-type-simple"},"uagb_featured_image_src":{"full":["https:\/\/ruckstuhlsport.ch\/wp-content\/uploads\/duese-coolpro-underhill-UHNCO75-e1603878186128.jpg",600,187,false],"thumbnail":["https:\/\/ruckstuhlsport.ch\/wp-content\/uploads\/duese-coolpro-underhill-UHNCO75-e1603878186128-150x150.jpg",150,150,true],"medium":["https:\/\/ruckstuhlsport.ch\/wp-content\/uploads\/duese-coolpro-underhill-UHNCO75-e1603878186128-300x94.jpg",300,94,true],"medium_large":["https:\/\/ruckstuhlsport.ch\/wp-content\/uploads\/duese-coolpro-underhill-UHNCO75-e1603878186128.jpg",600,187,false],"large":["https:\/\/ruckstuhlsport.ch\/wp-content\/uploads\/duese-coolpro-underhill-UHNCO75-e1603878186128.jpg",600,187,false],"1536x1536":["https:\/\/ruckstuhlsport.ch\/wp-content\/uploads\/duese-coolpro-underhill-UHNCO75-e1603878186128.jpg",600,187,false],"2048x2048":["https:\/\/ruckstuhlsport.ch\/wp-content\/uploads\/duese-coolpro-underhill-UHNCO75-e1603878186128.jpg",600,187,false],"woocommerce_thumbnail":["https:\/\/ruckstuhlsport.ch\/wp-content\/uploads\/duese-coolpro-underhill-UHNCO75-e1603878186128-300x94.jpg",300,94,true],"woocommerce_single":["https:\/\/ruckstuhlsport.ch\/wp-content\/uploads\/duese-coolpro-underhill-UHNCO75-e1603878186128.jpg",600,187,false],"woocommerce_gallery_thumbnail":["https:\/\/ruckstuhlsport.ch\/wp-content\/uploads\/duese-coolpro-underhill-UHNCO75-e1603878186128-100x100.jpg",100,100,true],"wc_order_status_icon":["https:\/\/ruckstuhlsport.ch\/wp-content\/uploads\/duese-coolpro-underhill-UHNCO75-e1603878186128.jpg",32,10,false],"dgwt-wcas-product-suggestion":["https:\/\/ruckstuhlsport.ch\/wp-content\/uploads\/duese-coolpro-underhill-UHNCO75-e1603878186128-64x20.jpg",64,20,true]},"uagb_author_info":{"display_name":"admin","author_link":"https:\/\/ruckstuhlsport.ch\/fr\/author\/"},"uagb_comment_info":0,"uagb_excerpt":"La buse d'eau CoolPro \u2122 ne pulv\u00e9rise que suffisamment d'eau pour refroidir la pelouse \u00e0 une temp\u00e9rature id\u00e9ale. Jet de 7,62 m avec seulement 15-22 L\/min avec filetage int\u00e9rieur 3\/4\" (19 mm) manche ergonomique buse robuste en m\u00e9tal","_links":{"self":[{"href":"https:\/\/ruckstuhlsport.ch\/fr\/wp-json\/wp\/v2\/product\/12940","targetHints":{"allow":["GET"]}}],"collection":[{"href":"https:\/\/ruckstuhlsport.ch\/fr\/wp-json\/wp\/v2\/product"}],"about":[{"href":"https:\/\/ruckstuhlsport.ch\/fr\/wp-json\/wp\/v2\/types\/product"}],"wp:featuredmedia":[{"embeddable":true,"href":"https:\/\/ruckstuhlsport.ch\/fr\/wp-json\/wp\/v2\/media\/2554"}],"wp:attachment":[{"href":"https:\/\/ruckstuhlsport.ch\/fr\/wp-json\/wp\/v2\/media?parent=12940"}],"wp:term":[{"taxonomy":"product_brand","embeddable":true,"href":"https:\/\/ruckstuhlsport.ch\/fr\/wp-json\/wp\/v2\/product_brand?post=12940"},{"taxonomy":"product_cat","embeddable":true,"href":"https:\/\/ruckstuhlsport.ch\/fr\/wp-json\/wp\/v2\/product_cat?post=12940"},{"taxonomy":"product_tag","embeddable":true,"href":"https:\/\/ruckstuhlsport.ch\/fr\/wp-json\/wp\/v2\/product_tag?post=12940"}],"curies":[{"name":"wp","href":"https:\/\/api.w.org\/{rel}","templated":true}]}}