{"id":12962,"date":"2019-11-01T16:18:41","date_gmt":"2019-11-01T16:18:41","guid":{"rendered":"https:\/\/ruckstuhlsport.ch\/non%20class\u00e9\/lignes-de-delimitation-beach-volley-8-x-16m\/"},"modified":"2023-12-30T10:25:51","modified_gmt":"2023-12-30T09:25:51","slug":"lignes-delimitation-beach-volley-8x16m","status":"publish","type":"product","link":"https:\/\/ruckstuhlsport.ch\/fr\/beach-volley\/lignes-de-delimitaion-beach-volley\/lignes-delimitation-beach-volley-8x16m\/","title":{"rendered":"Lignes de d\u00e9limitation beach-volley, 8 x 16m"},"content":{"rendered":"","protected":false},"excerpt":{"rendered":"<ul>\n<li>avec enrouleur et ancrages au sol<\/li>\n<li>Largeur de bande 50 mm<\/li>\n<li>Dimensions du champ: 8 x 16 m<\/li>\n<li><span class=\"a-list-item\">avec ancrage au sol extra long pour un maintien particuli\u00e8rement s\u00fbr dans le sable<\/span><\/li>\n<li>r\u00e9sistant aux intemp\u00e9ries et aux UV<\/li>\n<\/ul>\n","protected":false},"featured_media":4518,"template":"","meta":{"_crdt_document":"","_uag_custom_page_level_css":"","site-sidebar-layout":"default","site-content-layout":"default","ast-site-content-layout":"default","site-content-style":"default","site-sidebar-style":"default","ast-global-header-display":"","ast-banner-title-visibility":"","ast-main-header-display":"","ast-hfb-above-header-display":"","ast-hfb-below-header-display":"","ast-hfb-mobile-header-display":"","site-post-title":"","ast-breadcrumbs-content":"","ast-featured-img":"","footer-sml-layout":"","ast-disable-related-posts":"","theme-transparent-header-meta":"default","adv-header-id-meta":"","stick-header-meta":"default","header-above-stick-meta":"","header-main-stick-meta":"","header-below-stick-meta":"","astra-migrate-meta-layouts":"default","ast-page-background-enabled":"default","ast-page-background-meta":{"desktop":{"background-color":"","background-image":"","background-repeat":"repeat","background-position":"center center","background-size":"auto","background-attachment":"scroll","background-type":"","background-media":"","overlay-type":"","overlay-color":"","overlay-opacity":"","overlay-gradient":""},"tablet":{"background-color":"","background-image":"","background-repeat":"repeat","background-position":"center center","background-size":"auto","background-attachment":"scroll","background-type":"","background-media":"","overlay-type":"","overlay-color":"","overlay-opacity":"","overlay-gradient":""},"mobile":{"background-color":"","background-image":"","background-repeat":"repeat","background-position":"center center","background-size":"auto","background-attachment":"scroll","background-type":"","background-media":"","overlay-type":"","overlay-color":"","overlay-opacity":"","overlay-gradient":""}},"ast-content-background-meta":{"desktop":{"background-color":"var(--ast-global-color-5)","background-image":"","background-repeat":"repeat","background-position":"center center","background-size":"auto","background-attachment":"scroll","background-type":"","background-media":"","overlay-type":"","overlay-color":"","overlay-opacity":"","overlay-gradient":""},"tablet":{"background-color":"var(--ast-global-color-5)","background-image":"","background-repeat":"repeat","background-position":"center center","background-size":"auto","background-attachment":"scroll","background-type":"","background-media":"","overlay-type":"","overlay-color":"","overlay-opacity":"","overlay-gradient":""},"mobile":{"background-color":"var(--ast-global-color-5)","background-image":"","background-repeat":"repeat","background-position":"center center","background-size":"auto","background-attachment":"scroll","background-type":"","background-media":"","overlay-type":"","overlay-color":"","overlay-opacity":"","overlay-gradient":""}}},"product_brand":[],"product_cat":[957,955],"product_tag":[],"class_list":{"0":"post-12962","1":"product","2":"type-product","3":"status-publish","4":"has-post-thumbnail","6":"product_cat-lignes-de-delimitaion-beach-volley","7":"product_cat-beach-volley","8":"product_shipping_class-defaut","9":"pa_farbe-bleu","10":"desktop-align-center","11":"tablet-align-center","12":"mobile-align-center","13":"ast-product-gallery-layout-horizontal","14":"ast-product-gallery-with-no-image","15":"ast-product-tabs-layout-horizontal","17":"first","18":"onbackorder","19":"taxable","20":"shipping-taxable","21":"purchasable","22":"product-type-simple"},"uagb_featured_image_src":{"full":["https:\/\/ruckstuhlsport.ch\/wp-content\/uploads\/markierungslinien-feld-8-x-16-m-mit-haspel-und-erdankern-TEBV7228-5.jpg",600,600,false],"thumbnail":["https:\/\/ruckstuhlsport.ch\/wp-content\/uploads\/markierungslinien-feld-8-x-16-m-mit-haspel-und-erdankern-TEBV7228-5-150x150.jpg",150,150,true],"medium":["https:\/\/ruckstuhlsport.ch\/wp-content\/uploads\/markierungslinien-feld-8-x-16-m-mit-haspel-und-erdankern-TEBV7228-5-300x300.jpg",300,300,true],"medium_large":["https:\/\/ruckstuhlsport.ch\/wp-content\/uploads\/markierungslinien-feld-8-x-16-m-mit-haspel-und-erdankern-TEBV7228-5.jpg",600,600,false],"large":["https:\/\/ruckstuhlsport.ch\/wp-content\/uploads\/markierungslinien-feld-8-x-16-m-mit-haspel-und-erdankern-TEBV7228-5.jpg",600,600,false],"1536x1536":["https:\/\/ruckstuhlsport.ch\/wp-content\/uploads\/markierungslinien-feld-8-x-16-m-mit-haspel-und-erdankern-TEBV7228-5.jpg",600,600,false],"2048x2048":["https:\/\/ruckstuhlsport.ch\/wp-content\/uploads\/markierungslinien-feld-8-x-16-m-mit-haspel-und-erdankern-TEBV7228-5.jpg",600,600,false],"woocommerce_thumbnail":["https:\/\/ruckstuhlsport.ch\/wp-content\/uploads\/markierungslinien-feld-8-x-16-m-mit-haspel-und-erdankern-TEBV7228-5-300x300.jpg",300,300,true],"woocommerce_single":["https:\/\/ruckstuhlsport.ch\/wp-content\/uploads\/markierungslinien-feld-8-x-16-m-mit-haspel-und-erdankern-TEBV7228-5.jpg",600,600,false],"woocommerce_gallery_thumbnail":["https:\/\/ruckstuhlsport.ch\/wp-content\/uploads\/markierungslinien-feld-8-x-16-m-mit-haspel-und-erdankern-TEBV7228-5-100x100.jpg",100,100,true],"wc_order_status_icon":["https:\/\/ruckstuhlsport.ch\/wp-content\/uploads\/markierungslinien-feld-8-x-16-m-mit-haspel-und-erdankern-TEBV7228-5.jpg",32,32,false],"dgwt-wcas-product-suggestion":["https:\/\/ruckstuhlsport.ch\/wp-content\/uploads\/markierungslinien-feld-8-x-16-m-mit-haspel-und-erdankern-TEBV7228-5-64x64.jpg",64,64,true]},"uagb_author_info":{"display_name":"admin","author_link":"https:\/\/ruckstuhlsport.ch\/fr\/author\/"},"uagb_comment_info":0,"uagb_excerpt":"avec enrouleur et ancrages au sol Largeur de bande 50 mm Dimensions du champ: 8 x 16 m avec ancrage au sol extra long pour un maintien particuli\u00e8rement s\u00fbr dans le sable r\u00e9sistant aux intemp\u00e9ries et aux UV","_links":{"self":[{"href":"https:\/\/ruckstuhlsport.ch\/fr\/wp-json\/wp\/v2\/product\/12962","targetHints":{"allow":["GET"]}}],"collection":[{"href":"https:\/\/ruckstuhlsport.ch\/fr\/wp-json\/wp\/v2\/product"}],"about":[{"href":"https:\/\/ruckstuhlsport.ch\/fr\/wp-json\/wp\/v2\/types\/product"}],"wp:featuredmedia":[{"embeddable":true,"href":"https:\/\/ruckstuhlsport.ch\/fr\/wp-json\/wp\/v2\/media\/4518"}],"wp:attachment":[{"href":"https:\/\/ruckstuhlsport.ch\/fr\/wp-json\/wp\/v2\/media?parent=12962"}],"wp:term":[{"taxonomy":"product_brand","embeddable":true,"href":"https:\/\/ruckstuhlsport.ch\/fr\/wp-json\/wp\/v2\/product_brand?post=12962"},{"taxonomy":"product_cat","embeddable":true,"href":"https:\/\/ruckstuhlsport.ch\/fr\/wp-json\/wp\/v2\/product_cat?post=12962"},{"taxonomy":"product_tag","embeddable":true,"href":"https:\/\/ruckstuhlsport.ch\/fr\/wp-json\/wp\/v2\/product_tag?post=12962"}],"curies":[{"name":"wp","href":"https:\/\/api.w.org\/{rel}","templated":true}]}}