{"id":12978,"date":"2020-07-16T12:37:06","date_gmt":"2021-09-09T07:47:12","guid":{"rendered":"https:\/\/ruckstuhlsport.ch\/unkategorisiert\/filet-de-tournoi-volleyball-champ-pp-o-3-0-mm\/"},"modified":"2024-07-31T17:13:44","modified_gmt":"2024-07-31T15:13:44","slug":"filet-tournoi-volleyball-champ-pp-3mm","status":"publish","type":"product","link":"https:\/\/ruckstuhlsport.ch\/fr\/volleyball-fr\/filets-de-volleyball\/filet-tournoi-volleyball-champ-pp-3mm\/","title":{"rendered":"Filet de tournoi volleyball Champ, PP \u00f8 3.0 mm"},"content":{"rendered":"","protected":false},"excerpt":{"rendered":"<ul>\n<li>Dimensions: 9.50 x 1.00 m<\/li>\n<li>Mailles: 100 mm<\/li>\n<li>Mat\u00e9riau : polypropyl\u00e8ne (PP)<\/li>\n<li>\u00c9paisseur du mat\u00e9riau : environ 3 mm<\/li>\n<li>Qualit\u00e9: sans n\u0153uds<\/li>\n<li>Bordure en haut: en polyester blanc 70mm de large<\/li>\n<li>Bordure en bas: en polyester blanc 50mm de large<\/li>\n<li>Corde de tension : Corde Kevlar 5 mm, longueur 11.7 m<\/li>\n<li>Suspension filet: suspension 6 points avec 6 Cordes de tension lat\u00e9rales et attaches rapides<\/li>\n<li>avec barres de cadrage en polyester fibre de verre cousues sur les c\u00f4t\u00e9s<\/li>\n<\/ul>\n<p>Le <strong>mod\u00e8le Champ<\/strong> est \u00e9galement \u00e9quip\u00e9 d&rsquo;un arr\u00eat de corde, d&rsquo;un anneau en D inviolable et d&rsquo;un attache rapide<\/p>\n","protected":false},"featured_media":5621,"template":"","meta":{"_crdt_document":"","_uag_custom_page_level_css":"","site-sidebar-layout":"default","site-content-layout":"default","ast-site-content-layout":"default","site-content-style":"default","site-sidebar-style":"default","ast-global-header-display":"","ast-banner-title-visibility":"","ast-main-header-display":"","ast-hfb-above-header-display":"","ast-hfb-below-header-display":"","ast-hfb-mobile-header-display":"","site-post-title":"","ast-breadcrumbs-content":"","ast-featured-img":"","footer-sml-layout":"","ast-disable-related-posts":"","theme-transparent-header-meta":"default","adv-header-id-meta":"","stick-header-meta":"default","header-above-stick-meta":"","header-main-stick-meta":"","header-below-stick-meta":"","astra-migrate-meta-layouts":"default","ast-page-background-enabled":"default","ast-page-background-meta":{"desktop":{"background-color":"","background-image":"","background-repeat":"repeat","background-position":"center center","background-size":"auto","background-attachment":"scroll","background-type":"","background-media":"","overlay-type":"","overlay-color":"","overlay-opacity":"","overlay-gradient":""},"tablet":{"background-color":"","background-image":"","background-repeat":"repeat","background-position":"center center","background-size":"auto","background-attachment":"scroll","background-type":"","background-media":"","overlay-type":"","overlay-color":"","overlay-opacity":"","overlay-gradient":""},"mobile":{"background-color":"","background-image":"","background-repeat":"repeat","background-position":"center center","background-size":"auto","background-attachment":"scroll","background-type":"","background-media":"","overlay-type":"","overlay-color":"","overlay-opacity":"","overlay-gradient":""}},"ast-content-background-meta":{"desktop":{"background-color":"var(--ast-global-color-5)","background-image":"","background-repeat":"repeat","background-position":"center center","background-size":"auto","background-attachment":"scroll","background-type":"","background-media":"","overlay-type":"","overlay-color":"","overlay-opacity":"","overlay-gradient":""},"tablet":{"background-color":"var(--ast-global-color-5)","background-image":"","background-repeat":"repeat","background-position":"center center","background-size":"auto","background-attachment":"scroll","background-type":"","background-media":"","overlay-type":"","overlay-color":"","overlay-opacity":"","overlay-gradient":""},"mobile":{"background-color":"var(--ast-global-color-5)","background-image":"","background-repeat":"repeat","background-position":"center center","background-size":"auto","background-attachment":"scroll","background-type":"","background-media":"","overlay-type":"","overlay-color":"","overlay-opacity":"","overlay-gradient":""}}},"product_brand":[],"product_cat":[1410,1411],"product_tag":[],"class_list":{"0":"post-12978","1":"product","2":"type-product","3":"status-publish","4":"has-post-thumbnail","6":"product_cat-volleyball-fr","7":"product_cat-filets-de-volleyball","8":"product_shipping_class-defaut","9":"pa_groesse-9-5-x-1-0-m-fr","10":"pa_material-polypropylene-pp","11":"pa_materialstaerke-3-0-mm","12":"pa_netzaufhaengung-6-points","13":"pa_spannseil-corde-kevlar-o-5-mm","14":"desktop-align-center","15":"tablet-align-center","16":"mobile-align-center","17":"ast-product-gallery-layout-horizontal","18":"ast-product-tabs-layout-horizontal","20":"first","21":"onbackorder","22":"taxable","23":"shipping-taxable","24":"purchasable","25":"product-type-simple"},"uagb_featured_image_src":{"full":["https:\/\/ruckstuhlsport.ch\/wp-content\/uploads\/volleyball-turniernetz-PP-kevlar-6-fach-netzaufhaengung.jpg",600,600,false],"thumbnail":["https:\/\/ruckstuhlsport.ch\/wp-content\/uploads\/volleyball-turniernetz-PP-kevlar-6-fach-netzaufhaengung-150x150.jpg",150,150,true],"medium":["https:\/\/ruckstuhlsport.ch\/wp-content\/uploads\/volleyball-turniernetz-PP-kevlar-6-fach-netzaufhaengung-300x300.jpg",300,300,true],"medium_large":["https:\/\/ruckstuhlsport.ch\/wp-content\/uploads\/volleyball-turniernetz-PP-kevlar-6-fach-netzaufhaengung.jpg",600,600,false],"large":["https:\/\/ruckstuhlsport.ch\/wp-content\/uploads\/volleyball-turniernetz-PP-kevlar-6-fach-netzaufhaengung.jpg",600,600,false],"1536x1536":["https:\/\/ruckstuhlsport.ch\/wp-content\/uploads\/volleyball-turniernetz-PP-kevlar-6-fach-netzaufhaengung.jpg",600,600,false],"2048x2048":["https:\/\/ruckstuhlsport.ch\/wp-content\/uploads\/volleyball-turniernetz-PP-kevlar-6-fach-netzaufhaengung.jpg",600,600,false],"woocommerce_thumbnail":["https:\/\/ruckstuhlsport.ch\/wp-content\/uploads\/volleyball-turniernetz-PP-kevlar-6-fach-netzaufhaengung-300x300.jpg",300,300,true],"woocommerce_single":["https:\/\/ruckstuhlsport.ch\/wp-content\/uploads\/volleyball-turniernetz-PP-kevlar-6-fach-netzaufhaengung.jpg",600,600,false],"woocommerce_gallery_thumbnail":["https:\/\/ruckstuhlsport.ch\/wp-content\/uploads\/volleyball-turniernetz-PP-kevlar-6-fach-netzaufhaengung-100x100.jpg",100,100,true],"wc_order_status_icon":["https:\/\/ruckstuhlsport.ch\/wp-content\/uploads\/volleyball-turniernetz-PP-kevlar-6-fach-netzaufhaengung.jpg",32,32,false],"dgwt-wcas-product-suggestion":["https:\/\/ruckstuhlsport.ch\/wp-content\/uploads\/volleyball-turniernetz-PP-kevlar-6-fach-netzaufhaengung-64x64.jpg",64,64,true]},"uagb_author_info":{"display_name":"admin","author_link":"https:\/\/ruckstuhlsport.ch\/fr\/author\/"},"uagb_comment_info":0,"uagb_excerpt":"Dimensions: 9.50 x 1.00 m Mailles: 100 mm Mat\u00e9riau : polypropyl\u00e8ne (PP) \u00c9paisseur du mat\u00e9riau : environ 3 mm Qualit\u00e9: sans n\u0153uds Bordure en haut: en polyester blanc 70mm de large Bordure en bas: en polyester blanc 50mm de large Corde de tension : Corde Kevlar 5 mm, longueur 11.7 m Suspension filet: suspension 6\u2026","_links":{"self":[{"href":"https:\/\/ruckstuhlsport.ch\/fr\/wp-json\/wp\/v2\/product\/12978","targetHints":{"allow":["GET"]}}],"collection":[{"href":"https:\/\/ruckstuhlsport.ch\/fr\/wp-json\/wp\/v2\/product"}],"about":[{"href":"https:\/\/ruckstuhlsport.ch\/fr\/wp-json\/wp\/v2\/types\/product"}],"wp:featuredmedia":[{"embeddable":true,"href":"https:\/\/ruckstuhlsport.ch\/fr\/wp-json\/wp\/v2\/media\/5621"}],"wp:attachment":[{"href":"https:\/\/ruckstuhlsport.ch\/fr\/wp-json\/wp\/v2\/media?parent=12978"}],"wp:term":[{"taxonomy":"product_brand","embeddable":true,"href":"https:\/\/ruckstuhlsport.ch\/fr\/wp-json\/wp\/v2\/product_brand?post=12978"},{"taxonomy":"product_cat","embeddable":true,"href":"https:\/\/ruckstuhlsport.ch\/fr\/wp-json\/wp\/v2\/product_cat?post=12978"},{"taxonomy":"product_tag","embeddable":true,"href":"https:\/\/ruckstuhlsport.ch\/fr\/wp-json\/wp\/v2\/product_tag?post=12978"}],"curies":[{"name":"wp","href":"https:\/\/api.w.org\/{rel}","templated":true}]}}