{"id":13010,"date":"2019-10-30T15:39:11","date_gmt":"2021-09-09T08:27:13","guid":{"rendered":"https:\/\/ruckstuhlsport.ch\/non%20class\u00e9\/piquets-de-marquage-rond\/"},"modified":"2023-12-30T10:41:34","modified_gmt":"2023-12-30T09:41:34","slug":"piquets-marquage-rond","status":"publish","type":"product","link":"https:\/\/ruckstuhlsport.ch\/fr\/greenkeeping\/barrieres-marquage\/piquets-marquage-rond\/","title":{"rendered":"Piquets de marquage rond"},"content":{"rendered":"","protected":false},"excerpt":{"rendered":"<p>Ces poteaux marqueurs ont un capouchon color\u00e9 de 10 cm de haut.<\/p>\n<ul>\n<li>hauteur 15.9 cm<\/li>\n<li>diam\u00e8tre 3.8 cm<\/li>\n<li>pointe 14.6 cm<\/li>\n<li>Set de 25 pi\u00e8ces comprenant un seau pour le transport <\/li>\n<\/ul>\n","protected":false},"featured_media":2578,"template":"","meta":{"_crdt_document":"","_uag_custom_page_level_css":"","site-sidebar-layout":"default","site-content-layout":"default","ast-site-content-layout":"default","site-content-style":"default","site-sidebar-style":"default","ast-global-header-display":"","ast-banner-title-visibility":"","ast-main-header-display":"","ast-hfb-above-header-display":"","ast-hfb-below-header-display":"","ast-hfb-mobile-header-display":"","site-post-title":"","ast-breadcrumbs-content":"","ast-featured-img":"","footer-sml-layout":"","ast-disable-related-posts":"","theme-transparent-header-meta":"default","adv-header-id-meta":"","stick-header-meta":"default","header-above-stick-meta":"","header-main-stick-meta":"","header-below-stick-meta":"","astra-migrate-meta-layouts":"default","ast-page-background-enabled":"default","ast-page-background-meta":{"desktop":{"background-color":"","background-image":"","background-repeat":"repeat","background-position":"center center","background-size":"auto","background-attachment":"scroll","background-type":"","background-media":"","overlay-type":"","overlay-color":"","overlay-opacity":"","overlay-gradient":""},"tablet":{"background-color":"","background-image":"","background-repeat":"repeat","background-position":"center center","background-size":"auto","background-attachment":"scroll","background-type":"","background-media":"","overlay-type":"","overlay-color":"","overlay-opacity":"","overlay-gradient":""},"mobile":{"background-color":"","background-image":"","background-repeat":"repeat","background-position":"center center","background-size":"auto","background-attachment":"scroll","background-type":"","background-media":"","overlay-type":"","overlay-color":"","overlay-opacity":"","overlay-gradient":""}},"ast-content-background-meta":{"desktop":{"background-color":"var(--ast-global-color-5)","background-image":"","background-repeat":"repeat","background-position":"center center","background-size":"auto","background-attachment":"scroll","background-type":"","background-media":"","overlay-type":"","overlay-color":"","overlay-opacity":"","overlay-gradient":""},"tablet":{"background-color":"var(--ast-global-color-5)","background-image":"","background-repeat":"repeat","background-position":"center center","background-size":"auto","background-attachment":"scroll","background-type":"","background-media":"","overlay-type":"","overlay-color":"","overlay-opacity":"","overlay-gradient":""},"mobile":{"background-color":"var(--ast-global-color-5)","background-image":"","background-repeat":"repeat","background-position":"center center","background-size":"auto","background-attachment":"scroll","background-type":"","background-media":"","overlay-type":"","overlay-color":"","overlay-opacity":"","overlay-gradient":""}}},"product_brand":[],"product_cat":[906,907],"product_tag":[],"class_list":{"0":"post-13010","1":"product","2":"type-product","3":"status-publish","4":"has-post-thumbnail","6":"product_cat-greenkeeping","7":"product_cat-barrieres-marquage","8":"product_shipping_class-defaut","9":"pa_farbe-bleu","10":"pa_farbe-jaune","11":"pa_farbe-orange-fr","12":"pa_farbe-rouge","13":"pa_farbe-vert","14":"desktop-align-center","15":"tablet-align-center","16":"mobile-align-center","17":"ast-product-gallery-layout-horizontal","18":"ast-product-single-variable","19":"ast-product-tabs-layout-horizontal","21":"first","22":"onbackorder","23":"taxable","24":"shipping-taxable","25":"purchasable","26":"product-type-variable"},"uagb_featured_image_src":{"full":["https:\/\/ruckstuhlsport.ch\/wp-content\/uploads\/markierpfosten-mit-spikes-klein.jpg",600,600,false],"thumbnail":["https:\/\/ruckstuhlsport.ch\/wp-content\/uploads\/markierpfosten-mit-spikes-klein-150x150.jpg",150,150,true],"medium":["https:\/\/ruckstuhlsport.ch\/wp-content\/uploads\/markierpfosten-mit-spikes-klein-300x300.jpg",300,300,true],"medium_large":["https:\/\/ruckstuhlsport.ch\/wp-content\/uploads\/markierpfosten-mit-spikes-klein.jpg",600,600,false],"large":["https:\/\/ruckstuhlsport.ch\/wp-content\/uploads\/markierpfosten-mit-spikes-klein.jpg",600,600,false],"1536x1536":["https:\/\/ruckstuhlsport.ch\/wp-content\/uploads\/markierpfosten-mit-spikes-klein.jpg",600,600,false],"2048x2048":["https:\/\/ruckstuhlsport.ch\/wp-content\/uploads\/markierpfosten-mit-spikes-klein.jpg",600,600,false],"woocommerce_thumbnail":["https:\/\/ruckstuhlsport.ch\/wp-content\/uploads\/markierpfosten-mit-spikes-klein-300x300.jpg",300,300,true],"woocommerce_single":["https:\/\/ruckstuhlsport.ch\/wp-content\/uploads\/markierpfosten-mit-spikes-klein-600x600.jpg",600,600,true],"woocommerce_gallery_thumbnail":["https:\/\/ruckstuhlsport.ch\/wp-content\/uploads\/markierpfosten-mit-spikes-klein-100x100.jpg",100,100,true],"wc_order_status_icon":["https:\/\/ruckstuhlsport.ch\/wp-content\/uploads\/markierpfosten-mit-spikes-klein.jpg",32,32,false],"dgwt-wcas-product-suggestion":["https:\/\/ruckstuhlsport.ch\/wp-content\/uploads\/markierpfosten-mit-spikes-klein-64x64.jpg",64,64,true]},"uagb_author_info":{"display_name":"admin","author_link":"https:\/\/ruckstuhlsport.ch\/fr\/author\/"},"uagb_comment_info":0,"uagb_excerpt":"Ces poteaux marqueurs ont un capouchon color\u00e9 de 10 cm de haut. hauteur 15.9 cm diam\u00e8tre 3.8 cm pointe 14.6 cm Set de 25 pi\u00e8ces comprenant un seau pour le transport","_links":{"self":[{"href":"https:\/\/ruckstuhlsport.ch\/fr\/wp-json\/wp\/v2\/product\/13010","targetHints":{"allow":["GET"]}}],"collection":[{"href":"https:\/\/ruckstuhlsport.ch\/fr\/wp-json\/wp\/v2\/product"}],"about":[{"href":"https:\/\/ruckstuhlsport.ch\/fr\/wp-json\/wp\/v2\/types\/product"}],"wp:featuredmedia":[{"embeddable":true,"href":"https:\/\/ruckstuhlsport.ch\/fr\/wp-json\/wp\/v2\/media\/2578"}],"wp:attachment":[{"href":"https:\/\/ruckstuhlsport.ch\/fr\/wp-json\/wp\/v2\/media?parent=13010"}],"wp:term":[{"taxonomy":"product_brand","embeddable":true,"href":"https:\/\/ruckstuhlsport.ch\/fr\/wp-json\/wp\/v2\/product_brand?post=13010"},{"taxonomy":"product_cat","embeddable":true,"href":"https:\/\/ruckstuhlsport.ch\/fr\/wp-json\/wp\/v2\/product_cat?post=13010"},{"taxonomy":"product_tag","embeddable":true,"href":"https:\/\/ruckstuhlsport.ch\/fr\/wp-json\/wp\/v2\/product_tag?post=13010"}],"curies":[{"name":"wp","href":"https:\/\/api.w.org\/{rel}","templated":true}]}}