{"id":13072,"date":"2019-10-30T15:32:38","date_gmt":"2019-10-30T15:32:38","guid":{"rendered":"https:\/\/ruckstuhlsport.ch\/unkategorisiert\/epissure-de-corde-metal\/"},"modified":"2023-12-30T10:26:26","modified_gmt":"2023-12-30T09:26:26","slug":"epissure-corde-metal","status":"publish","type":"product","link":"https:\/\/ruckstuhlsport.ch\/fr\/greenkeeping\/barrieres-marquage\/epissure-corde-metal\/","title":{"rendered":"\u00c9pissure de corde, m\u00e9tal"},"content":{"rendered":"","protected":false},"excerpt":{"rendered":"<ul>\n<li>Fixez la corde autour d&rsquo;un poteau sans faire de n\u0153ud<\/li>\n<li>est retir\u00e9 de la corde apr\u00e8s utilisation et peut donc \u00eatre utilis\u00e9 encore et encore<\/li>\n<\/ul>\n","protected":false},"featured_media":2478,"template":"","meta":{"_crdt_document":"","_uag_custom_page_level_css":"","site-sidebar-layout":"default","site-content-layout":"default","ast-site-content-layout":"default","site-content-style":"default","site-sidebar-style":"default","ast-global-header-display":"","ast-banner-title-visibility":"","ast-main-header-display":"","ast-hfb-above-header-display":"","ast-hfb-below-header-display":"","ast-hfb-mobile-header-display":"","site-post-title":"","ast-breadcrumbs-content":"","ast-featured-img":"","footer-sml-layout":"","ast-disable-related-posts":"","theme-transparent-header-meta":"default","adv-header-id-meta":"","stick-header-meta":"default","header-above-stick-meta":"","header-main-stick-meta":"","header-below-stick-meta":"","astra-migrate-meta-layouts":"default","ast-page-background-enabled":"default","ast-page-background-meta":{"desktop":{"background-color":"","background-image":"","background-repeat":"repeat","background-position":"center center","background-size":"auto","background-attachment":"scroll","background-type":"","background-media":"","overlay-type":"","overlay-color":"","overlay-opacity":"","overlay-gradient":""},"tablet":{"background-color":"","background-image":"","background-repeat":"repeat","background-position":"center center","background-size":"auto","background-attachment":"scroll","background-type":"","background-media":"","overlay-type":"","overlay-color":"","overlay-opacity":"","overlay-gradient":""},"mobile":{"background-color":"","background-image":"","background-repeat":"repeat","background-position":"center center","background-size":"auto","background-attachment":"scroll","background-type":"","background-media":"","overlay-type":"","overlay-color":"","overlay-opacity":"","overlay-gradient":""}},"ast-content-background-meta":{"desktop":{"background-color":"var(--ast-global-color-5)","background-image":"","background-repeat":"repeat","background-position":"center center","background-size":"auto","background-attachment":"scroll","background-type":"","background-media":"","overlay-type":"","overlay-color":"","overlay-opacity":"","overlay-gradient":""},"tablet":{"background-color":"var(--ast-global-color-5)","background-image":"","background-repeat":"repeat","background-position":"center center","background-size":"auto","background-attachment":"scroll","background-type":"","background-media":"","overlay-type":"","overlay-color":"","overlay-opacity":"","overlay-gradient":""},"mobile":{"background-color":"var(--ast-global-color-5)","background-image":"","background-repeat":"repeat","background-position":"center center","background-size":"auto","background-attachment":"scroll","background-type":"","background-media":"","overlay-type":"","overlay-color":"","overlay-opacity":"","overlay-gradient":""}}},"product_brand":[],"product_cat":[907,906],"product_tag":[],"class_list":{"0":"post-13072","1":"product","2":"type-product","3":"status-publish","4":"has-post-thumbnail","6":"product_cat-barrieres-marquage","7":"product_cat-greenkeeping","8":"product_shipping_class-defaut","9":"desktop-align-center","10":"tablet-align-center","11":"mobile-align-center","12":"ast-product-gallery-layout-horizontal","13":"ast-product-gallery-with-no-image","14":"ast-product-tabs-layout-horizontal","16":"first","17":"onbackorder","18":"taxable","19":"shipping-taxable","20":"purchasable","21":"product-type-simple"},"uagb_featured_image_src":{"full":["https:\/\/ruckstuhlsport.ch\/wp-content\/uploads\/Seilspleiss-Metall-RS5037-e1603879031289.jpg",698,519,false],"thumbnail":["https:\/\/ruckstuhlsport.ch\/wp-content\/uploads\/Seilspleiss-Metall-RS5037-e1603879031289-150x150.jpg",150,150,true],"medium":["https:\/\/ruckstuhlsport.ch\/wp-content\/uploads\/Seilspleiss-Metall-RS5037-e1603879031289-300x223.jpg",300,223,true],"medium_large":["https:\/\/ruckstuhlsport.ch\/wp-content\/uploads\/Seilspleiss-Metall-RS5037-e1603879031289.jpg",698,519,false],"large":["https:\/\/ruckstuhlsport.ch\/wp-content\/uploads\/Seilspleiss-Metall-RS5037-e1603879031289.jpg",698,519,false],"1536x1536":["https:\/\/ruckstuhlsport.ch\/wp-content\/uploads\/Seilspleiss-Metall-RS5037-e1603879031289.jpg",698,519,false],"2048x2048":["https:\/\/ruckstuhlsport.ch\/wp-content\/uploads\/Seilspleiss-Metall-RS5037-e1603879031289.jpg",698,519,false],"woocommerce_thumbnail":["https:\/\/ruckstuhlsport.ch\/wp-content\/uploads\/Seilspleiss-Metall-RS5037-e1603879031289-300x223.jpg",300,223,true],"woocommerce_single":["https:\/\/ruckstuhlsport.ch\/wp-content\/uploads\/Seilspleiss-Metall-RS5037-e1603879031289-600x446.jpg",600,446,true],"woocommerce_gallery_thumbnail":["https:\/\/ruckstuhlsport.ch\/wp-content\/uploads\/Seilspleiss-Metall-RS5037-e1603879031289-100x100.jpg",100,100,true],"wc_order_status_icon":["https:\/\/ruckstuhlsport.ch\/wp-content\/uploads\/Seilspleiss-Metall-RS5037-e1603879031289.jpg",32,24,false],"dgwt-wcas-product-suggestion":["https:\/\/ruckstuhlsport.ch\/wp-content\/uploads\/Seilspleiss-Metall-RS5037-e1603879031289-64x48.jpg",64,48,true]},"uagb_author_info":{"display_name":"admin","author_link":"https:\/\/ruckstuhlsport.ch\/fr\/author\/"},"uagb_comment_info":0,"uagb_excerpt":"Fixez la corde autour d'un poteau sans faire de n\u0153ud est retir\u00e9 de la corde apr\u00e8s utilisation et peut donc \u00eatre utilis\u00e9 encore et encore","_links":{"self":[{"href":"https:\/\/ruckstuhlsport.ch\/fr\/wp-json\/wp\/v2\/product\/13072","targetHints":{"allow":["GET"]}}],"collection":[{"href":"https:\/\/ruckstuhlsport.ch\/fr\/wp-json\/wp\/v2\/product"}],"about":[{"href":"https:\/\/ruckstuhlsport.ch\/fr\/wp-json\/wp\/v2\/types\/product"}],"wp:featuredmedia":[{"embeddable":true,"href":"https:\/\/ruckstuhlsport.ch\/fr\/wp-json\/wp\/v2\/media\/2478"}],"wp:attachment":[{"href":"https:\/\/ruckstuhlsport.ch\/fr\/wp-json\/wp\/v2\/media?parent=13072"}],"wp:term":[{"taxonomy":"product_brand","embeddable":true,"href":"https:\/\/ruckstuhlsport.ch\/fr\/wp-json\/wp\/v2\/product_brand?post=13072"},{"taxonomy":"product_cat","embeddable":true,"href":"https:\/\/ruckstuhlsport.ch\/fr\/wp-json\/wp\/v2\/product_cat?post=13072"},{"taxonomy":"product_tag","embeddable":true,"href":"https:\/\/ruckstuhlsport.ch\/fr\/wp-json\/wp\/v2\/product_tag?post=13072"}],"curies":[{"name":"wp","href":"https:\/\/api.w.org\/{rel}","templated":true}]}}