{"id":13115,"date":"2019-10-30T15:39:11","date_gmt":"2021-09-09T16:04:24","guid":{"rendered":"https:\/\/ruckstuhlsport.ch\/non%20class\u00e9\/debroussailleuse-a-main\/"},"modified":"2023-12-30T10:41:59","modified_gmt":"2023-12-30T09:41:59","slug":"debroussailleuse-main","status":"publish","type":"product","link":"https:\/\/ruckstuhlsport.ch\/fr\/greenkeeping\/outils-dentretien\/debroussailleuse-main\/","title":{"rendered":"D\u00e9broussailleuse \u00e0 main"},"content":{"rendered":"","protected":false},"excerpt":{"rendered":"<ul>\n<li>d\u00e9coupe facile des t\u00eates d&rsquo;arrosage et des marquages de distance<\/li>\n<li>avec manche en acier tremp\u00e9 pour toutes les tailles de t\u00eate<\/li>\n<li>t\u00eate et manche disponible \u00e9galement comme pi\u00e8ces d\u00e9tach\u00e9es<\/li>\n<\/ul>\n","protected":false},"featured_media":2710,"template":"","meta":{"_crdt_document":"","_uag_custom_page_level_css":"","site-sidebar-layout":"default","site-content-layout":"default","ast-site-content-layout":"default","site-content-style":"default","site-sidebar-style":"default","ast-global-header-display":"","ast-banner-title-visibility":"","ast-main-header-display":"","ast-hfb-above-header-display":"","ast-hfb-below-header-display":"","ast-hfb-mobile-header-display":"","site-post-title":"","ast-breadcrumbs-content":"","ast-featured-img":"","footer-sml-layout":"","ast-disable-related-posts":"","theme-transparent-header-meta":"default","adv-header-id-meta":"","stick-header-meta":"default","header-above-stick-meta":"","header-main-stick-meta":"","header-below-stick-meta":"","astra-migrate-meta-layouts":"default","ast-page-background-enabled":"default","ast-page-background-meta":{"desktop":{"background-color":"","background-image":"","background-repeat":"repeat","background-position":"center center","background-size":"auto","background-attachment":"scroll","background-type":"","background-media":"","overlay-type":"","overlay-color":"","overlay-opacity":"","overlay-gradient":""},"tablet":{"background-color":"","background-image":"","background-repeat":"repeat","background-position":"center center","background-size":"auto","background-attachment":"scroll","background-type":"","background-media":"","overlay-type":"","overlay-color":"","overlay-opacity":"","overlay-gradient":""},"mobile":{"background-color":"","background-image":"","background-repeat":"repeat","background-position":"center center","background-size":"auto","background-attachment":"scroll","background-type":"","background-media":"","overlay-type":"","overlay-color":"","overlay-opacity":"","overlay-gradient":""}},"ast-content-background-meta":{"desktop":{"background-color":"var(--ast-global-color-5)","background-image":"","background-repeat":"repeat","background-position":"center center","background-size":"auto","background-attachment":"scroll","background-type":"","background-media":"","overlay-type":"","overlay-color":"","overlay-opacity":"","overlay-gradient":""},"tablet":{"background-color":"var(--ast-global-color-5)","background-image":"","background-repeat":"repeat","background-position":"center center","background-size":"auto","background-attachment":"scroll","background-type":"","background-media":"","overlay-type":"","overlay-color":"","overlay-opacity":"","overlay-gradient":""},"mobile":{"background-color":"var(--ast-global-color-5)","background-image":"","background-repeat":"repeat","background-position":"center center","background-size":"auto","background-attachment":"scroll","background-type":"","background-media":"","overlay-type":"","overlay-color":"","overlay-opacity":"","overlay-gradient":""}}},"product_brand":[],"product_cat":[906,1232],"product_tag":[],"class_list":{"0":"post-13115","1":"product","2":"type-product","3":"status-publish","4":"has-post-thumbnail","6":"product_cat-greenkeeping","7":"product_cat-outils-dentretien","8":"product_shipping_class-defaut","9":"pa_kopfgroesse-12-7-cm-fr","10":"pa_kopfgroesse-15-2-cm-fr","11":"pa_kopfgroesse-17-8-cm-fr","12":"pa_kopfgroesse-20-3-cm-fr","13":"pa_kopfgroesse-22-9-cm-fr","14":"pa_kopfgroesse-25-4-cm-fr","15":"pa_kopfgroesse-27-9-cm-fr","16":"desktop-align-center","17":"tablet-align-center","18":"mobile-align-center","19":"ast-product-gallery-layout-horizontal","20":"ast-product-gallery-with-no-image","21":"ast-product-single-variable","22":"ast-product-tabs-layout-horizontal","24":"first","25":"onbackorder","26":"taxable","27":"shipping-taxable","28":"purchasable","29":"product-type-variable"},"uagb_featured_image_src":{"full":["https:\/\/ruckstuhlsport.ch\/wp-content\/uploads\/trimmer-e1603876216314.jpg",600,576,false],"thumbnail":["https:\/\/ruckstuhlsport.ch\/wp-content\/uploads\/trimmer-e1603876216314-150x150.jpg",150,150,true],"medium":["https:\/\/ruckstuhlsport.ch\/wp-content\/uploads\/trimmer-e1603876216314-300x288.jpg",300,288,true],"medium_large":["https:\/\/ruckstuhlsport.ch\/wp-content\/uploads\/trimmer-e1603876216314.jpg",600,576,false],"large":["https:\/\/ruckstuhlsport.ch\/wp-content\/uploads\/trimmer-e1603876216314.jpg",600,576,false],"1536x1536":["https:\/\/ruckstuhlsport.ch\/wp-content\/uploads\/trimmer-e1603876216314.jpg",600,576,false],"2048x2048":["https:\/\/ruckstuhlsport.ch\/wp-content\/uploads\/trimmer-e1603876216314.jpg",600,576,false],"woocommerce_thumbnail":["https:\/\/ruckstuhlsport.ch\/wp-content\/uploads\/trimmer-e1603876216314-300x288.jpg",300,288,true],"woocommerce_single":["https:\/\/ruckstuhlsport.ch\/wp-content\/uploads\/trimmer-e1603876216314.jpg",600,576,false],"woocommerce_gallery_thumbnail":["https:\/\/ruckstuhlsport.ch\/wp-content\/uploads\/trimmer-e1603876216314-100x100.jpg",100,100,true],"wc_order_status_icon":["https:\/\/ruckstuhlsport.ch\/wp-content\/uploads\/trimmer-e1603876216314.jpg",32,32,false],"dgwt-wcas-product-suggestion":["https:\/\/ruckstuhlsport.ch\/wp-content\/uploads\/trimmer-e1603876216314-64x61.jpg",64,61,true]},"uagb_author_info":{"display_name":"admin","author_link":"https:\/\/ruckstuhlsport.ch\/fr\/author\/"},"uagb_comment_info":0,"uagb_excerpt":"d\u00e9coupe facile des t\u00eates d'arrosage et des marquages de distance avec manche en acier tremp\u00e9 pour toutes les tailles de t\u00eate t\u00eate et manche disponible \u00e9galement comme pi\u00e8ces d\u00e9tach\u00e9es","_links":{"self":[{"href":"https:\/\/ruckstuhlsport.ch\/fr\/wp-json\/wp\/v2\/product\/13115","targetHints":{"allow":["GET"]}}],"collection":[{"href":"https:\/\/ruckstuhlsport.ch\/fr\/wp-json\/wp\/v2\/product"}],"about":[{"href":"https:\/\/ruckstuhlsport.ch\/fr\/wp-json\/wp\/v2\/types\/product"}],"wp:featuredmedia":[{"embeddable":true,"href":"https:\/\/ruckstuhlsport.ch\/fr\/wp-json\/wp\/v2\/media\/2710"}],"wp:attachment":[{"href":"https:\/\/ruckstuhlsport.ch\/fr\/wp-json\/wp\/v2\/media?parent=13115"}],"wp:term":[{"taxonomy":"product_brand","embeddable":true,"href":"https:\/\/ruckstuhlsport.ch\/fr\/wp-json\/wp\/v2\/product_brand?post=13115"},{"taxonomy":"product_cat","embeddable":true,"href":"https:\/\/ruckstuhlsport.ch\/fr\/wp-json\/wp\/v2\/product_cat?post=13115"},{"taxonomy":"product_tag","embeddable":true,"href":"https:\/\/ruckstuhlsport.ch\/fr\/wp-json\/wp\/v2\/product_tag?post=13115"}],"curies":[{"name":"wp","href":"https:\/\/api.w.org\/{rel}","templated":true}]}}