{"id":13134,"date":"2019-10-30T15:39:16","date_gmt":"2021-09-09T16:07:49","guid":{"rendered":"https:\/\/ruckstuhlsport.ch\/non%20class\u00e9\/corde-a-rosee-o-27-mm\/"},"modified":"2023-12-30T10:42:04","modified_gmt":"2023-12-30T09:42:04","slug":"corde-rosee-27mm","status":"publish","type":"product","link":"https:\/\/ruckstuhlsport.ch\/fr\/greenkeeping\/outils-dentretien\/corde-rosee-27mm\/","title":{"rendered":"Corde \u00e0 ros\u00e9e \u00f8 27 mm"},"content":{"rendered":"","protected":false},"excerpt":{"rendered":"<p>Pour \u00e9liminer la ros\u00e9e, les excr\u00e9ments de vers ou des sections de gazon de la pelouse. Corde lest\u00e9e qui s&rsquo;adapte parfaitement au sol.<\/p>\n<ul>\n<li>700g\/m<\/li>\n<li>disponible en 50 m ou 70 m de longueur<\/li>\n<\/ul>\n","protected":false},"featured_media":2657,"template":"","meta":{"_crdt_document":"","_uag_custom_page_level_css":"","site-sidebar-layout":"default","site-content-layout":"default","ast-site-content-layout":"default","site-content-style":"default","site-sidebar-style":"default","ast-global-header-display":"","ast-banner-title-visibility":"","ast-main-header-display":"","ast-hfb-above-header-display":"","ast-hfb-below-header-display":"","ast-hfb-mobile-header-display":"","site-post-title":"","ast-breadcrumbs-content":"","ast-featured-img":"","footer-sml-layout":"","ast-disable-related-posts":"","theme-transparent-header-meta":"default","adv-header-id-meta":"","stick-header-meta":"default","header-above-stick-meta":"","header-main-stick-meta":"","header-below-stick-meta":"","astra-migrate-meta-layouts":"default","ast-page-background-enabled":"default","ast-page-background-meta":{"desktop":{"background-color":"","background-image":"","background-repeat":"repeat","background-position":"center center","background-size":"auto","background-attachment":"scroll","background-type":"","background-media":"","overlay-type":"","overlay-color":"","overlay-opacity":"","overlay-gradient":""},"tablet":{"background-color":"","background-image":"","background-repeat":"repeat","background-position":"center center","background-size":"auto","background-attachment":"scroll","background-type":"","background-media":"","overlay-type":"","overlay-color":"","overlay-opacity":"","overlay-gradient":""},"mobile":{"background-color":"","background-image":"","background-repeat":"repeat","background-position":"center center","background-size":"auto","background-attachment":"scroll","background-type":"","background-media":"","overlay-type":"","overlay-color":"","overlay-opacity":"","overlay-gradient":""}},"ast-content-background-meta":{"desktop":{"background-color":"var(--ast-global-color-5)","background-image":"","background-repeat":"repeat","background-position":"center center","background-size":"auto","background-attachment":"scroll","background-type":"","background-media":"","overlay-type":"","overlay-color":"","overlay-opacity":"","overlay-gradient":""},"tablet":{"background-color":"var(--ast-global-color-5)","background-image":"","background-repeat":"repeat","background-position":"center center","background-size":"auto","background-attachment":"scroll","background-type":"","background-media":"","overlay-type":"","overlay-color":"","overlay-opacity":"","overlay-gradient":""},"mobile":{"background-color":"var(--ast-global-color-5)","background-image":"","background-repeat":"repeat","background-position":"center center","background-size":"auto","background-attachment":"scroll","background-type":"","background-media":"","overlay-type":"","overlay-color":"","overlay-opacity":"","overlay-gradient":""}}},"product_brand":[],"product_cat":[906,1232],"product_tag":[],"class_list":{"0":"post-13134","1":"product","2":"type-product","3":"status-publish","4":"has-post-thumbnail","6":"product_cat-greenkeeping","7":"product_cat-outils-dentretien","8":"product_shipping_class-marchandise-volumineuse","9":"pa_laenge-50-m-fr","10":"pa_laenge-70-m-fr","11":"desktop-align-center","12":"tablet-align-center","13":"mobile-align-center","14":"ast-product-gallery-layout-horizontal","15":"ast-product-gallery-with-no-image","16":"ast-product-single-variable","17":"ast-product-tabs-layout-horizontal","19":"first","20":"onbackorder","21":"taxable","22":"shipping-taxable","23":"purchasable","24":"product-type-variable"},"uagb_featured_image_src":{"full":["https:\/\/ruckstuhlsport.ch\/wp-content\/uploads\/tauleine-27mm-RS-e1603876914813.jpg",600,184,false],"thumbnail":["https:\/\/ruckstuhlsport.ch\/wp-content\/uploads\/tauleine-27mm-RS-e1603876914813-150x150.jpg",150,150,true],"medium":["https:\/\/ruckstuhlsport.ch\/wp-content\/uploads\/tauleine-27mm-RS-e1603876914813-300x92.jpg",300,92,true],"medium_large":["https:\/\/ruckstuhlsport.ch\/wp-content\/uploads\/tauleine-27mm-RS-e1603876914813.jpg",600,184,false],"large":["https:\/\/ruckstuhlsport.ch\/wp-content\/uploads\/tauleine-27mm-RS-e1603876914813.jpg",600,184,false],"1536x1536":["https:\/\/ruckstuhlsport.ch\/wp-content\/uploads\/tauleine-27mm-RS-e1603876914813.jpg",600,184,false],"2048x2048":["https:\/\/ruckstuhlsport.ch\/wp-content\/uploads\/tauleine-27mm-RS-e1603876914813.jpg",600,184,false],"woocommerce_thumbnail":["https:\/\/ruckstuhlsport.ch\/wp-content\/uploads\/tauleine-27mm-RS-e1603876914813-300x92.jpg",300,92,true],"woocommerce_single":["https:\/\/ruckstuhlsport.ch\/wp-content\/uploads\/tauleine-27mm-RS-e1603876914813.jpg",600,184,false],"woocommerce_gallery_thumbnail":["https:\/\/ruckstuhlsport.ch\/wp-content\/uploads\/tauleine-27mm-RS-e1603876914813-100x100.jpg",100,100,true],"wc_order_status_icon":["https:\/\/ruckstuhlsport.ch\/wp-content\/uploads\/tauleine-27mm-RS-e1603876914813.jpg",32,10,false],"dgwt-wcas-product-suggestion":["https:\/\/ruckstuhlsport.ch\/wp-content\/uploads\/tauleine-27mm-RS-e1603876914813-64x20.jpg",64,20,true]},"uagb_author_info":{"display_name":"admin","author_link":"https:\/\/ruckstuhlsport.ch\/fr\/author\/"},"uagb_comment_info":0,"uagb_excerpt":"Pour \u00e9liminer la ros\u00e9e, les excr\u00e9ments de vers ou des sections de gazon de la pelouse. Corde lest\u00e9e qui s'adapte parfaitement au sol. 700g\/m disponible en 50 m ou 70 m de longueur","_links":{"self":[{"href":"https:\/\/ruckstuhlsport.ch\/fr\/wp-json\/wp\/v2\/product\/13134","targetHints":{"allow":["GET"]}}],"collection":[{"href":"https:\/\/ruckstuhlsport.ch\/fr\/wp-json\/wp\/v2\/product"}],"about":[{"href":"https:\/\/ruckstuhlsport.ch\/fr\/wp-json\/wp\/v2\/types\/product"}],"wp:featuredmedia":[{"embeddable":true,"href":"https:\/\/ruckstuhlsport.ch\/fr\/wp-json\/wp\/v2\/media\/2657"}],"wp:attachment":[{"href":"https:\/\/ruckstuhlsport.ch\/fr\/wp-json\/wp\/v2\/media?parent=13134"}],"wp:term":[{"taxonomy":"product_brand","embeddable":true,"href":"https:\/\/ruckstuhlsport.ch\/fr\/wp-json\/wp\/v2\/product_brand?post=13134"},{"taxonomy":"product_cat","embeddable":true,"href":"https:\/\/ruckstuhlsport.ch\/fr\/wp-json\/wp\/v2\/product_cat?post=13134"},{"taxonomy":"product_tag","embeddable":true,"href":"https:\/\/ruckstuhlsport.ch\/fr\/wp-json\/wp\/v2\/product_tag?post=13134"}],"curies":[{"name":"wp","href":"https:\/\/api.w.org\/{rel}","templated":true}]}}