{"id":13137,"date":"2019-10-30T15:39:16","date_gmt":"2021-09-09T16:11:03","guid":{"rendered":"https:\/\/ruckstuhlsport.ch\/non%20class\u00e9\/rouleau-a-pointes-magnum\/"},"modified":"2023-12-30T10:42:05","modified_gmt":"2023-12-30T09:42:05","slug":"rouleau-pointes-magnum","status":"publish","type":"product","link":"https:\/\/ruckstuhlsport.ch\/fr\/greenkeeping\/outils-dentretien\/rouleau-pointes-magnum\/","title":{"rendered":"Rouleau \u00e0 pointes Magnum"},"content":{"rendered":"","protected":false},"excerpt":{"rendered":"<p>Sert pour la pr\u00e9paration au r\u00e9ensemencement et \u00e0 l&rsquo;a\u00e9ration de la pelouse<\/p>\n<ul>\n<li>Rouleau en plastique avec pointes fines de 1.1 cm<\/li>\n<li>avec une manche incurv\u00e9 de fa\u00e7on ergonomique de 146 cm de long<\/li>\n<\/ul>\n","protected":false},"featured_media":2659,"template":"","meta":{"_crdt_document":"","_uag_custom_page_level_css":"","site-sidebar-layout":"default","site-content-layout":"default","ast-site-content-layout":"default","site-content-style":"default","site-sidebar-style":"default","ast-global-header-display":"","ast-banner-title-visibility":"","ast-main-header-display":"","ast-hfb-above-header-display":"","ast-hfb-below-header-display":"","ast-hfb-mobile-header-display":"","site-post-title":"","ast-breadcrumbs-content":"","ast-featured-img":"","footer-sml-layout":"","ast-disable-related-posts":"","theme-transparent-header-meta":"default","adv-header-id-meta":"","stick-header-meta":"default","header-above-stick-meta":"","header-main-stick-meta":"","header-below-stick-meta":"","astra-migrate-meta-layouts":"default","ast-page-background-enabled":"default","ast-page-background-meta":{"desktop":{"background-color":"","background-image":"","background-repeat":"repeat","background-position":"center center","background-size":"auto","background-attachment":"scroll","background-type":"","background-media":"","overlay-type":"","overlay-color":"","overlay-opacity":"","overlay-gradient":""},"tablet":{"background-color":"","background-image":"","background-repeat":"repeat","background-position":"center center","background-size":"auto","background-attachment":"scroll","background-type":"","background-media":"","overlay-type":"","overlay-color":"","overlay-opacity":"","overlay-gradient":""},"mobile":{"background-color":"","background-image":"","background-repeat":"repeat","background-position":"center center","background-size":"auto","background-attachment":"scroll","background-type":"","background-media":"","overlay-type":"","overlay-color":"","overlay-opacity":"","overlay-gradient":""}},"ast-content-background-meta":{"desktop":{"background-color":"var(--ast-global-color-5)","background-image":"","background-repeat":"repeat","background-position":"center center","background-size":"auto","background-attachment":"scroll","background-type":"","background-media":"","overlay-type":"","overlay-color":"","overlay-opacity":"","overlay-gradient":""},"tablet":{"background-color":"var(--ast-global-color-5)","background-image":"","background-repeat":"repeat","background-position":"center center","background-size":"auto","background-attachment":"scroll","background-type":"","background-media":"","overlay-type":"","overlay-color":"","overlay-opacity":"","overlay-gradient":""},"mobile":{"background-color":"var(--ast-global-color-5)","background-image":"","background-repeat":"repeat","background-position":"center center","background-size":"auto","background-attachment":"scroll","background-type":"","background-media":"","overlay-type":"","overlay-color":"","overlay-opacity":"","overlay-gradient":""}}},"product_brand":[],"product_cat":[906,1232],"product_tag":[],"class_list":{"0":"post-13137","1":"product","2":"type-product","3":"status-publish","4":"has-post-thumbnail","6":"product_cat-greenkeeping","7":"product_cat-outils-dentretien","8":"product_shipping_class-marchandise-volumineuse","9":"pa_kopfgroesse-20-cm-fr","10":"pa_kopfgroesse-41-cm-fr","11":"desktop-align-center","12":"tablet-align-center","13":"mobile-align-center","14":"ast-product-gallery-layout-horizontal","15":"ast-product-single-variable","16":"ast-product-tabs-layout-horizontal","18":"first","19":"onbackorder","20":"taxable","21":"shipping-taxable","22":"purchasable","23":"product-type-variable"},"uagb_featured_image_src":{"full":["https:\/\/ruckstuhlsport.ch\/wp-content\/uploads\/spike-roller-2-e1603876894146.jpg",600,225,false],"thumbnail":["https:\/\/ruckstuhlsport.ch\/wp-content\/uploads\/spike-roller-2-e1603876894146-150x150.jpg",150,150,true],"medium":["https:\/\/ruckstuhlsport.ch\/wp-content\/uploads\/spike-roller-2-e1603876894146-300x113.jpg",300,113,true],"medium_large":["https:\/\/ruckstuhlsport.ch\/wp-content\/uploads\/spike-roller-2-e1603876894146.jpg",600,225,false],"large":["https:\/\/ruckstuhlsport.ch\/wp-content\/uploads\/spike-roller-2-e1603876894146.jpg",600,225,false],"1536x1536":["https:\/\/ruckstuhlsport.ch\/wp-content\/uploads\/spike-roller-2-e1603876894146.jpg",600,225,false],"2048x2048":["https:\/\/ruckstuhlsport.ch\/wp-content\/uploads\/spike-roller-2-e1603876894146.jpg",600,225,false],"woocommerce_thumbnail":["https:\/\/ruckstuhlsport.ch\/wp-content\/uploads\/spike-roller-2-e1603876894146-300x113.jpg",300,113,true],"woocommerce_single":["https:\/\/ruckstuhlsport.ch\/wp-content\/uploads\/spike-roller-2-e1603876894146.jpg",600,225,false],"woocommerce_gallery_thumbnail":["https:\/\/ruckstuhlsport.ch\/wp-content\/uploads\/spike-roller-2-e1603876894146-100x100.jpg",100,100,true],"wc_order_status_icon":["https:\/\/ruckstuhlsport.ch\/wp-content\/uploads\/spike-roller-2-e1603876894146.jpg",32,12,false],"dgwt-wcas-product-suggestion":["https:\/\/ruckstuhlsport.ch\/wp-content\/uploads\/spike-roller-2-e1603876894146-64x24.jpg",64,24,true]},"uagb_author_info":{"display_name":"admin","author_link":"https:\/\/ruckstuhlsport.ch\/fr\/author\/"},"uagb_comment_info":0,"uagb_excerpt":"Sert pour la pr\u00e9paration au r\u00e9ensemencement et \u00e0 l'a\u00e9ration de la pelouse Rouleau en plastique avec pointes fines de 1.1 cm avec une manche incurv\u00e9 de fa\u00e7on ergonomique de 146 cm de long","_links":{"self":[{"href":"https:\/\/ruckstuhlsport.ch\/fr\/wp-json\/wp\/v2\/product\/13137","targetHints":{"allow":["GET"]}}],"collection":[{"href":"https:\/\/ruckstuhlsport.ch\/fr\/wp-json\/wp\/v2\/product"}],"about":[{"href":"https:\/\/ruckstuhlsport.ch\/fr\/wp-json\/wp\/v2\/types\/product"}],"wp:featuredmedia":[{"embeddable":true,"href":"https:\/\/ruckstuhlsport.ch\/fr\/wp-json\/wp\/v2\/media\/2659"}],"wp:attachment":[{"href":"https:\/\/ruckstuhlsport.ch\/fr\/wp-json\/wp\/v2\/media?parent=13137"}],"wp:term":[{"taxonomy":"product_brand","embeddable":true,"href":"https:\/\/ruckstuhlsport.ch\/fr\/wp-json\/wp\/v2\/product_brand?post=13137"},{"taxonomy":"product_cat","embeddable":true,"href":"https:\/\/ruckstuhlsport.ch\/fr\/wp-json\/wp\/v2\/product_cat?post=13137"},{"taxonomy":"product_tag","embeddable":true,"href":"https:\/\/ruckstuhlsport.ch\/fr\/wp-json\/wp\/v2\/product_tag?post=13137"}],"curies":[{"name":"wp","href":"https:\/\/api.w.org\/{rel}","templated":true}]}}