{"id":13165,"date":"2019-10-30T15:32:28","date_gmt":"2019-10-30T15:32:28","guid":{"rendered":"https:\/\/ruckstuhlsport.ch\/non%20class\u00e9\/epandeur-dengrais-duo\/"},"modified":"2023-12-30T10:26:58","modified_gmt":"2023-12-30T09:26:58","slug":"epandeur-engrais-duo","status":"publish","type":"product","link":"https:\/\/ruckstuhlsport.ch\/fr\/greenkeeping\/outils-dentretien\/epandeur-engrais-duo\/","title":{"rendered":"\u00c9pandeur d&rsquo;engrais DUO"},"content":{"rendered":"","protected":false},"excerpt":{"rendered":"<p>Ceci est la derni\u00e8re version de l&rsquo;\u00e9pandeur d&rsquo;engrais brevet\u00e9 de KSAB L&rsquo;\u00e9pandeur a une nouvelle poign\u00e9e ergonomique avec laquelle vous pouvez changer la poign\u00e9e et l&rsquo;ajuster \u00e0 votre taille. Une poign\u00e9e suppl\u00e9mentaire facilite le levage de l&rsquo;\u00e9pandeur d&rsquo;engrais pour le transport. Gr\u00e2ce au double disque brevet\u00e9, l&rsquo;\u00e9pandeur DUO a le mod\u00e8le d&rsquo;\u00e9pandage le mieux document\u00e9 de tous les \u00e9pandeurs d&rsquo;engrais. Un changement de l&rsquo;engrais au sable peut \u00eatre fait en seulement 5 minutes avec un tournevis.<\/p>\n<ul>\n<li>convient aux engrais granul\u00e9s, aux graines de gazon et au sable<\/li>\n<li>Bac pour environ 40 litres<\/li>\n<li>les deux plaques d&rsquo;\u00e9jection fonctionnent s\u00e9par\u00e9ment<\/li>\n<li>facile \u00e0 calibrer<\/li>\n<li>Fabriqu\u00e9 enti\u00e8rement en acier chrom\u00e9 et pi\u00e8ces en plastique<\/li>\n<li>avec prot\u00e9ction contre la pluie<\/li>\n<\/ul>\n","protected":false},"featured_media":2369,"template":"","meta":{"_crdt_document":"","_uag_custom_page_level_css":"","site-sidebar-layout":"default","site-content-layout":"default","ast-site-content-layout":"default","site-content-style":"default","site-sidebar-style":"default","ast-global-header-display":"","ast-banner-title-visibility":"","ast-main-header-display":"","ast-hfb-above-header-display":"","ast-hfb-below-header-display":"","ast-hfb-mobile-header-display":"","site-post-title":"","ast-breadcrumbs-content":"","ast-featured-img":"","footer-sml-layout":"","ast-disable-related-posts":"","theme-transparent-header-meta":"default","adv-header-id-meta":"","stick-header-meta":"default","header-above-stick-meta":"","header-main-stick-meta":"","header-below-stick-meta":"","astra-migrate-meta-layouts":"default","ast-page-background-enabled":"default","ast-page-background-meta":{"desktop":{"background-color":"","background-image":"","background-repeat":"repeat","background-position":"center center","background-size":"auto","background-attachment":"scroll","background-type":"","background-media":"","overlay-type":"","overlay-color":"","overlay-opacity":"","overlay-gradient":""},"tablet":{"background-color":"","background-image":"","background-repeat":"repeat","background-position":"center center","background-size":"auto","background-attachment":"scroll","background-type":"","background-media":"","overlay-type":"","overlay-color":"","overlay-opacity":"","overlay-gradient":""},"mobile":{"background-color":"","background-image":"","background-repeat":"repeat","background-position":"center center","background-size":"auto","background-attachment":"scroll","background-type":"","background-media":"","overlay-type":"","overlay-color":"","overlay-opacity":"","overlay-gradient":""}},"ast-content-background-meta":{"desktop":{"background-color":"var(--ast-global-color-5)","background-image":"","background-repeat":"repeat","background-position":"center center","background-size":"auto","background-attachment":"scroll","background-type":"","background-media":"","overlay-type":"","overlay-color":"","overlay-opacity":"","overlay-gradient":""},"tablet":{"background-color":"var(--ast-global-color-5)","background-image":"","background-repeat":"repeat","background-position":"center center","background-size":"auto","background-attachment":"scroll","background-type":"","background-media":"","overlay-type":"","overlay-color":"","overlay-opacity":"","overlay-gradient":""},"mobile":{"background-color":"var(--ast-global-color-5)","background-image":"","background-repeat":"repeat","background-position":"center center","background-size":"auto","background-attachment":"scroll","background-type":"","background-media":"","overlay-type":"","overlay-color":"","overlay-opacity":"","overlay-gradient":""}}},"product_brand":[],"product_cat":[1232,906],"product_tag":[],"class_list":{"0":"post-13165","1":"product","2":"type-product","3":"status-publish","4":"has-post-thumbnail","6":"product_cat-outils-dentretien","7":"product_cat-greenkeeping","8":"product_shipping_class-marchandise-volumineuse","9":"desktop-align-center","10":"tablet-align-center","11":"mobile-align-center","12":"ast-product-gallery-layout-horizontal","13":"ast-product-gallery-with-no-image","14":"ast-product-tabs-layout-horizontal","16":"first","17":"onbackorder","18":"taxable","19":"shipping-taxable","20":"purchasable","21":"product-type-simple"},"uagb_featured_image_src":{"full":["https:\/\/ruckstuhlsport.ch\/wp-content\/uploads\/2019\/10\/d\u00fcngerstreuer-duo-seed-RS.jpg",600,600,false],"thumbnail":["https:\/\/ruckstuhlsport.ch\/wp-content\/uploads\/2019\/10\/d\u00fcngerstreuer-duo-seed-RS-150x150.jpg",150,150,true],"medium":["https:\/\/ruckstuhlsport.ch\/wp-content\/uploads\/2019\/10\/d\u00fcngerstreuer-duo-seed-RS-300x300.jpg",300,300,true],"medium_large":["https:\/\/ruckstuhlsport.ch\/wp-content\/uploads\/2019\/10\/d\u00fcngerstreuer-duo-seed-RS.jpg",600,600,false],"large":["https:\/\/ruckstuhlsport.ch\/wp-content\/uploads\/2019\/10\/d\u00fcngerstreuer-duo-seed-RS.jpg",600,600,false],"1536x1536":["https:\/\/ruckstuhlsport.ch\/wp-content\/uploads\/2019\/10\/d\u00fcngerstreuer-duo-seed-RS.jpg",600,600,false],"2048x2048":["https:\/\/ruckstuhlsport.ch\/wp-content\/uploads\/2019\/10\/d\u00fcngerstreuer-duo-seed-RS.jpg",600,600,false],"woocommerce_thumbnail":["https:\/\/ruckstuhlsport.ch\/wp-content\/uploads\/2019\/10\/d\u00fcngerstreuer-duo-seed-RS-300x300.jpg",300,300,true],"woocommerce_single":["https:\/\/ruckstuhlsport.ch\/wp-content\/uploads\/2019\/10\/d\u00fcngerstreuer-duo-seed-RS-600x600.jpg",600,600,true],"woocommerce_gallery_thumbnail":["https:\/\/ruckstuhlsport.ch\/wp-content\/uploads\/2019\/10\/d\u00fcngerstreuer-duo-seed-RS-100x100.jpg",100,100,true],"wc_order_status_icon":["https:\/\/ruckstuhlsport.ch\/wp-content\/uploads\/2019\/10\/d\u00fcngerstreuer-duo-seed-RS.jpg",32,32,false],"dgwt-wcas-product-suggestion":["https:\/\/ruckstuhlsport.ch\/wp-content\/uploads\/2019\/10\/d\u00fcngerstreuer-duo-seed-RS-64x64.jpg",64,64,true]},"uagb_author_info":{"display_name":"admin","author_link":"https:\/\/ruckstuhlsport.ch\/fr\/author\/"},"uagb_comment_info":0,"uagb_excerpt":"Ceci est la derni\u00e8re version de l'\u00e9pandeur d'engrais brevet\u00e9 de KSAB L'\u00e9pandeur a une nouvelle poign\u00e9e ergonomique avec laquelle vous pouvez changer la poign\u00e9e et l'ajuster \u00e0 votre taille. Une poign\u00e9e suppl\u00e9mentaire facilite le levage de l'\u00e9pandeur d'engrais pour le transport. Gr\u00e2ce au double disque brevet\u00e9, l'\u00e9pandeur DUO a le mod\u00e8le d'\u00e9pandage le mieux document\u00e9\u2026","_links":{"self":[{"href":"https:\/\/ruckstuhlsport.ch\/fr\/wp-json\/wp\/v2\/product\/13165","targetHints":{"allow":["GET"]}}],"collection":[{"href":"https:\/\/ruckstuhlsport.ch\/fr\/wp-json\/wp\/v2\/product"}],"about":[{"href":"https:\/\/ruckstuhlsport.ch\/fr\/wp-json\/wp\/v2\/types\/product"}],"wp:featuredmedia":[{"embeddable":true,"href":"https:\/\/ruckstuhlsport.ch\/fr\/wp-json\/wp\/v2\/media\/2369"}],"wp:attachment":[{"href":"https:\/\/ruckstuhlsport.ch\/fr\/wp-json\/wp\/v2\/media?parent=13165"}],"wp:term":[{"taxonomy":"product_brand","embeddable":true,"href":"https:\/\/ruckstuhlsport.ch\/fr\/wp-json\/wp\/v2\/product_brand?post=13165"},{"taxonomy":"product_cat","embeddable":true,"href":"https:\/\/ruckstuhlsport.ch\/fr\/wp-json\/wp\/v2\/product_cat?post=13165"},{"taxonomy":"product_tag","embeddable":true,"href":"https:\/\/ruckstuhlsport.ch\/fr\/wp-json\/wp\/v2\/product_tag?post=13165"}],"curies":[{"name":"wp","href":"https:\/\/api.w.org\/{rel}","templated":true}]}}