{"id":13166,"date":"2019-10-30T15:32:39","date_gmt":"2019-10-30T15:32:39","guid":{"rendered":"https:\/\/ruckstuhlsport.ch\/non%20class\u00e9\/rouleau-aerateur-star-spiker\/"},"modified":"2024-08-21T18:33:54","modified_gmt":"2024-08-21T16:33:54","slug":"rouleau-aerateur-star-spiker","status":"publish","type":"product","link":"https:\/\/ruckstuhlsport.ch\/fr\/greenkeeping\/outils-dentretien\/rouleau-aerateur-star-spiker\/","title":{"rendered":"Rouleau a\u00e9rateur Star Spiker"},"content":{"rendered":"","protected":false},"excerpt":{"rendered":"<p>rouleau l\u00e9ger en acier inoxydable avec 18 pointes en forme d&rsquo;\u00e9toiles id\u00e9al pour le r\u00e9ensemencement ou l&rsquo;a\u00e9reation du gazon<\/p>\n<ul>\n<li>largeur de travail 31 cm<\/li>\n<li>manche courb\u00e9e ergonomique de 137 cm de long<\/li>\n<\/ul>\n","protected":false},"featured_media":2726,"template":"","meta":{"_crdt_document":"","_uag_custom_page_level_css":"","site-sidebar-layout":"default","site-content-layout":"default","ast-site-content-layout":"default","site-content-style":"default","site-sidebar-style":"default","ast-global-header-display":"","ast-banner-title-visibility":"","ast-main-header-display":"","ast-hfb-above-header-display":"","ast-hfb-below-header-display":"","ast-hfb-mobile-header-display":"","site-post-title":"","ast-breadcrumbs-content":"","ast-featured-img":"","footer-sml-layout":"","ast-disable-related-posts":"","theme-transparent-header-meta":"default","adv-header-id-meta":"","stick-header-meta":"default","header-above-stick-meta":"","header-main-stick-meta":"","header-below-stick-meta":"","astra-migrate-meta-layouts":"default","ast-page-background-enabled":"default","ast-page-background-meta":{"desktop":{"background-color":"","background-image":"","background-repeat":"repeat","background-position":"center center","background-size":"auto","background-attachment":"scroll","background-type":"","background-media":"","overlay-type":"","overlay-color":"","overlay-opacity":"","overlay-gradient":""},"tablet":{"background-color":"","background-image":"","background-repeat":"repeat","background-position":"center center","background-size":"auto","background-attachment":"scroll","background-type":"","background-media":"","overlay-type":"","overlay-color":"","overlay-opacity":"","overlay-gradient":""},"mobile":{"background-color":"","background-image":"","background-repeat":"repeat","background-position":"center center","background-size":"auto","background-attachment":"scroll","background-type":"","background-media":"","overlay-type":"","overlay-color":"","overlay-opacity":"","overlay-gradient":""}},"ast-content-background-meta":{"desktop":{"background-color":"var(--ast-global-color-5)","background-image":"","background-repeat":"repeat","background-position":"center center","background-size":"auto","background-attachment":"scroll","background-type":"","background-media":"","overlay-type":"","overlay-color":"","overlay-opacity":"","overlay-gradient":""},"tablet":{"background-color":"var(--ast-global-color-5)","background-image":"","background-repeat":"repeat","background-position":"center center","background-size":"auto","background-attachment":"scroll","background-type":"","background-media":"","overlay-type":"","overlay-color":"","overlay-opacity":"","overlay-gradient":""},"mobile":{"background-color":"var(--ast-global-color-5)","background-image":"","background-repeat":"repeat","background-position":"center center","background-size":"auto","background-attachment":"scroll","background-type":"","background-media":"","overlay-type":"","overlay-color":"","overlay-opacity":"","overlay-gradient":""}}},"product_brand":[],"product_cat":[1232,906],"product_tag":[],"class_list":{"0":"post-13166","1":"product","2":"type-product","3":"status-publish","4":"has-post-thumbnail","6":"product_cat-outils-dentretien","7":"product_cat-greenkeeping","8":"product_shipping_class-marchandise-volumineuse","9":"desktop-align-center","10":"tablet-align-center","11":"mobile-align-center","12":"ast-product-gallery-layout-horizontal","13":"ast-product-tabs-layout-horizontal","15":"first","16":"onbackorder","17":"taxable","18":"shipping-taxable","19":"purchasable","20":"product-type-simple"},"uagb_featured_image_src":{"full":["https:\/\/ruckstuhlsport.ch\/wp-content\/uploads\/star-spike-accuform-RS53256-e1603875364269.jpg",600,315,false],"thumbnail":["https:\/\/ruckstuhlsport.ch\/wp-content\/uploads\/star-spike-accuform-RS53256-e1603875364269-150x150.jpg",150,150,true],"medium":["https:\/\/ruckstuhlsport.ch\/wp-content\/uploads\/star-spike-accuform-RS53256-e1603875364269-300x158.jpg",300,158,true],"medium_large":["https:\/\/ruckstuhlsport.ch\/wp-content\/uploads\/star-spike-accuform-RS53256-e1603875364269.jpg",600,315,false],"large":["https:\/\/ruckstuhlsport.ch\/wp-content\/uploads\/star-spike-accuform-RS53256-e1603875364269.jpg",600,315,false],"1536x1536":["https:\/\/ruckstuhlsport.ch\/wp-content\/uploads\/star-spike-accuform-RS53256-e1603875364269.jpg",600,315,false],"2048x2048":["https:\/\/ruckstuhlsport.ch\/wp-content\/uploads\/star-spike-accuform-RS53256-e1603875364269.jpg",600,315,false],"woocommerce_thumbnail":["https:\/\/ruckstuhlsport.ch\/wp-content\/uploads\/star-spike-accuform-RS53256-e1603875364269-300x158.jpg",300,158,true],"woocommerce_single":["https:\/\/ruckstuhlsport.ch\/wp-content\/uploads\/star-spike-accuform-RS53256-e1603875364269.jpg",600,315,false],"woocommerce_gallery_thumbnail":["https:\/\/ruckstuhlsport.ch\/wp-content\/uploads\/star-spike-accuform-RS53256-e1603875364269-100x100.jpg",100,100,true],"wc_order_status_icon":["https:\/\/ruckstuhlsport.ch\/wp-content\/uploads\/star-spike-accuform-RS53256-e1603875364269.jpg",32,17,false],"dgwt-wcas-product-suggestion":["https:\/\/ruckstuhlsport.ch\/wp-content\/uploads\/star-spike-accuform-RS53256-e1603875364269-64x34.jpg",64,34,true]},"uagb_author_info":{"display_name":"admin","author_link":"https:\/\/ruckstuhlsport.ch\/fr\/author\/"},"uagb_comment_info":0,"uagb_excerpt":"rouleau l\u00e9ger en acier inoxydable avec 18 pointes en forme d'\u00e9toiles id\u00e9al pour le r\u00e9ensemencement ou l'a\u00e9reation du gazon largeur de travail 31 cm manche courb\u00e9e ergonomique de 137 cm de long","_links":{"self":[{"href":"https:\/\/ruckstuhlsport.ch\/fr\/wp-json\/wp\/v2\/product\/13166","targetHints":{"allow":["GET"]}}],"collection":[{"href":"https:\/\/ruckstuhlsport.ch\/fr\/wp-json\/wp\/v2\/product"}],"about":[{"href":"https:\/\/ruckstuhlsport.ch\/fr\/wp-json\/wp\/v2\/types\/product"}],"wp:featuredmedia":[{"embeddable":true,"href":"https:\/\/ruckstuhlsport.ch\/fr\/wp-json\/wp\/v2\/media\/2726"}],"wp:attachment":[{"href":"https:\/\/ruckstuhlsport.ch\/fr\/wp-json\/wp\/v2\/media?parent=13166"}],"wp:term":[{"taxonomy":"product_brand","embeddable":true,"href":"https:\/\/ruckstuhlsport.ch\/fr\/wp-json\/wp\/v2\/product_brand?post=13166"},{"taxonomy":"product_cat","embeddable":true,"href":"https:\/\/ruckstuhlsport.ch\/fr\/wp-json\/wp\/v2\/product_cat?post=13166"},{"taxonomy":"product_tag","embeddable":true,"href":"https:\/\/ruckstuhlsport.ch\/fr\/wp-json\/wp\/v2\/product_tag?post=13166"}],"curies":[{"name":"wp","href":"https:\/\/api.w.org\/{rel}","templated":true}]}}